{"id":68292290,"date":"2023-09-11T15:17:49","date_gmt":"2023-09-11T13:17:49","guid":{"rendered":"https:\/\/kraftwerk-shop.cc\/?post_type=product&#038;p=68292290"},"modified":"2026-02-15T01:01:47","modified_gmt":"2026-02-15T00:01:47","slug":"mbrp-s5253blk-vyfukovy-system-ford-f-150","status":"publish","type":"product","link":"https:\/\/kraftwerk-shop.cc\/cs\/produkt\/mbrp-s5253blk-abgasanlage-ford-f-150\/","title":{"rendered":"V\u00fdfukov\u00fd syst\u00e9m MBRP Street Profile Ford F-150 2.7 &amp; 3.5 EcoBoost"},"content":{"rendered":"<h1>Sportovn\u00ed v\u00fdfuk MBRP S5253BLK Cat-Back Street Profile pro Ford F-150 2.7 a 3.5 EcoBoost<\/h1>\n<p>&nbsp;<\/p>\n<p>Sportovn\u00ed v\u00fdfuk MBRP uvoln\u00ed pln\u00fd potenci\u00e1l v\u00fdkonu a to\u010div\u00e9ho momentu va\u0161eho vozidla a zajist\u00ed, \u017ee va\u0161e RAM bude na silnici rychlej\u0161\u00ed, plynulej\u0161\u00ed a hlasit\u011bj\u0161\u00ed.<\/p>\n<p>Ka\u017ed\u00fd v\u00fdfukov\u00fd syst\u00e9m MBRP je vylad\u011bn a navr\u017een tak, aby va\u0161emu vozidlu poskytoval \u0161pi\u010dkov\u00fd v\u00fdkon. Vyrobeno z odoln\u00e9 hlin\u00edkov\u00e9 oceli. Ka\u017ed\u00e1 \u010d\u00e1st potrub\u00ed je rovnom\u011brn\u011b ohnut\u00e1, aby se zv\u00fd\u0161il pr\u016ftok v\u00fdfukov\u00fdch plyn\u016f. Zadn\u00ed tlumi\u010d je navr\u017een tak, aby va\u0161emu vozidlu poskytl optim\u00e1ln\u00ed zvuk a minimalizoval protitlak.<\/p>\n<p>Instalace v\u00fdfukov\u00e9ho syst\u00e9mu MBRP je jednoduch\u00e1 a nevy\u017eaduje \u017e\u00e1dn\u00e9 sva\u0159ov\u00e1n\u00ed ani vrt\u00e1n\u00ed do vozidla. Ka\u017ed\u00fd syst\u00e9m vyu\u017e\u00edv\u00e1 st\u00e1vaj\u00edc\u00ed mont\u00e1\u017en\u00ed body.<\/p>\n<p>\u0158ada Street nab\u00edz\u00ed agresivn\u00ed zvuk p\u0159i pln\u00e9m zat\u00ed\u017een\u00ed a p\u0159\u00edjemn\u00fd, siln\u00fd zvuk americk\u00e9ho vozu p\u0159i \u010d\u00e1ste\u010dn\u00e9m zat\u00ed\u017een\u00ed.<\/p>\n<p>&nbsp;<\/p>\n<p>&nbsp;<\/p>\n<p>V\u00fdfukov\u00fd syst\u00e9m MBRP S5253BLK Street Profile 3\u2033 Cat-Back je vhodn\u00fd pro n\u00e1sleduj\u00edc\u00ed modely:<\/p>\n<table width=\"449\">\n<tbody>\n<tr>\n<td width=\"115\"><strong>Zna\u010dka<\/strong><\/td>\n<td width=\"145\"><strong>Model<\/strong><\/td>\n<td width=\"106\"><strong>Motor<\/strong><\/td>\n<td width=\"83\"><strong>Rok v\u00fdstavby<\/strong><\/td>\n<\/tr>\n<tr>\n<td>Ford<\/td>\n<td>F-150 King Ranch<\/td>\n<td>2.7 a 3.5 EcoBoost<\/td>\n<td>2016\u20132020<\/td>\n<\/tr>\n<tr>\n<td>Ford<\/td>\n<td>F-150 Lariat<\/td>\n<td>2.7 a 3.5 EcoBoost<\/td>\n<td>2016\u20132020<\/td>\n<\/tr>\n<tr>\n<td>Ford<\/td>\n<td>F-150 Platinum<\/td>\n<td>2.7 a 3.5 EcoBoost<\/td>\n<td>2016\u20132020<\/td>\n<\/tr>\n<tr>\n<td>Ford<\/td>\n<td>F-150 Police Responder<\/td>\n<td>2.7 a 3.5 EcoBoost<\/td>\n<td>2018\u20132020<\/td>\n<\/tr>\n<tr>\n<td>Ford<\/td>\n<td>F-150 SSV<\/td>\n<td>2.7 a 3.5 EcoBoost<\/td>\n<td>2016\u20132020<\/td>\n<\/tr>\n<tr>\n<td>Ford<\/td>\n<td>F-150 XL<\/td>\n<td>2.7 a 3.5 EcoBoost<\/td>\n<td>2016\u20132020<\/td>\n<\/tr>\n<tr>\n<td>Ford<\/td>\n<td>F-150 XLT<\/td>\n<td>2.7 a 3.5 EcoBoost<\/td>\n<td>2016\u20132020<\/td>\n<\/tr>\n<tr>\n<td>Ford<\/td>\n<td>F-150 Limited<\/td>\n<td>2.7 a 3.5 EcoBoost<\/td>\n<td>2016 - 2018<\/td>\n<\/tr>\n<tr>\n<td>Ford<\/td>\n<td>F-150<\/td>\n<td>2.7 a 3.5 EcoBoost<\/td>\n<td>2015<\/td>\n<\/tr>\n<\/tbody>\n<\/table>\n<p>&nbsp;<\/p>","protected":false},"excerpt":{"rendered":"<p>Hlin\u00edkov\u00e1 ocel<br \/>\n2015\u20132020<\/p>","protected":false},"featured_media":68292292,"comment_status":"open","ping_status":"closed","template":"","meta":{"_acf_changed":false},"product_brand":[17169],"product_cat":[3024,5309,20048],"product_tag":[87,249,250,251,252,419,420,2066,2373,4526,88,4097,1035,1036,546,1037,2210,189,3873,1039,1042,2786,4632,917,2934,532,529,20273,1040,2208,2931,6924,1044,4781,5306,547,1034,1038,2215],"class_list":{"0":"post-68292290","1":"product","2":"type-product","3":"status-publish","4":"has-post-thumbnail","6":"product_brand-mbrp","7":"product_cat-nicht-nach-eu","8":"product_cat-f-150-27-ecoboost-abgasanlage","9":"product_cat-f-150-35-ecoboost-catback","10":"product_tag-2-7","11":"product_tag-249","12":"product_tag-250","13":"product_tag-251","14":"product_tag-252","15":"product_tag-419","16":"product_tag-420","17":"product_tag-2066","18":"product_tag-2373","19":"product_tag-4526","20":"product_tag-3-5","21":"product_tag-6-2-ss","22":"product_tag-abgasanlage","23":"product_tag-abgassystem","24":"product_tag-auspuff","25":"product_tag-auspuffsystem","26":"product_tag-catback","27":"product_tag-chevrolet","28":"product_tag-ecoboost","29":"product_tag-endschalldaempfer","30":"product_tag-endtopf","31":"product_tag-exhaust","32":"product_tag-f-150","33":"product_tag-ford","34":"product_tag-harder","35":"product_tag-kat","36":"product_tag-katalysator","37":"product_tag-keintuev","38":"product_tag-laut","39":"product_tag-lauter","40":"product_tag-mbrp","41":"product_tag-mbrp10","42":"product_tag-mittelschalldaempfer","43":"product_tag-raptor","44":"product_tag-s5253blk","45":"product_tag-sportauspuff","46":"product_tag-sportauspuffanlage","47":"product_tag-sportendschalldaempfer","48":"product_tag-street","49":"product_shipping_class-paket-xl","51":"first","52":"onbackorder","53":"taxable","54":"shipping-taxable","55":"purchasable","56":"product-type-simple"},"bundled_by":[],"bundle_stock_status":"onbackorder","bundle_stock_quantity":0,"bundle_virtual":false,"bundle_layout":"","bundle_add_to_cart_form_location":"","bundle_editable_in_cart":false,"bundle_sold_individually_context":"","bundle_item_grouping":"","bundle_min_size":"","bundle_max_size":"","bundle_price":[],"bundled_items":[],"bundle_sell_ids":[],"exclude_global_add_ons":[],"addons":[],"acf":[],"_links":{"self":[{"href":"https:\/\/kraftwerk-shop.cc\/cs\/wp-json\/wp\/v2\/product\/68292290","targetHints":{"allow":["GET"]}}],"collection":[{"href":"https:\/\/kraftwerk-shop.cc\/cs\/wp-json\/wp\/v2\/product"}],"about":[{"href":"https:\/\/kraftwerk-shop.cc\/cs\/wp-json\/wp\/v2\/types\/product"}],"replies":[{"embeddable":true,"href":"https:\/\/kraftwerk-shop.cc\/cs\/wp-json\/wp\/v2\/comments?post=68292290"}],"version-history":[{"count":0,"href":"https:\/\/kraftwerk-shop.cc\/cs\/wp-json\/wp\/v2\/product\/68292290\/revisions"}],"wp:featuredmedia":[{"embeddable":true,"href":"https:\/\/kraftwerk-shop.cc\/cs\/wp-json\/wp\/v2\/media\/68292292"}],"wp:attachment":[{"href":"https:\/\/kraftwerk-shop.cc\/cs\/wp-json\/wp\/v2\/media?parent=68292290"}],"wp:term":[{"taxonomy":"product_brand","embeddable":true,"href":"https:\/\/kraftwerk-shop.cc\/cs\/wp-json\/wp\/v2\/product_brand?post=68292290"},{"taxonomy":"product_cat","embeddable":true,"href":"https:\/\/kraftwerk-shop.cc\/cs\/wp-json\/wp\/v2\/product_cat?post=68292290"},{"taxonomy":"product_tag","embeddable":true,"href":"https:\/\/kraftwerk-shop.cc\/cs\/wp-json\/wp\/v2\/product_tag?post=68292290"}],"curies":[{"name":"wp","href":"https:\/\/api.w.org\/{rel}","templated":true}]}}