{"id":68292446,"date":"2023-09-18T13:39:02","date_gmt":"2023-09-18T11:39:02","guid":{"rendered":"https:\/\/kraftwerk-shop.cc\/?post_type=product&#038;p=68292446"},"modified":"2026-03-23T12:16:29","modified_gmt":"2026-03-23T11:16:29","slug":"jl-3016p-oil-catch-can-ford-f150","status":"publish","type":"product","link":"https:\/\/kraftwerk-shop.cc\/cs\/produkt\/jl-3016p-oil-catch-can-ford-f150\/","title":{"rendered":"J&amp;L Oil Catch Can Ford F-150 2.7, 3.5 a 5.0 - strana spolujezdce"},"content":{"rendered":"<h1>J&amp;L 3016P-B Oil Catch Can pro Ford F-150 - strana spolujezdce<\/h1>\n<ul>\n<li>Objem 90 ml<\/li>\n<li>Pevn\u00e1 konstrukce z polotovaru<\/li>\n<li>Rychlospojky PCV ve stylu OEM<\/li>\n<li>V\u00edcestup\u0148ov\u00fd filtra\u010dn\u00ed syst\u00e9m, kter\u00fd zachycuje nejjemn\u011bj\u0161\u00ed v\u00fdpary a zachycuje je ve snadno vyj\u00edmateln\u00e9m z\u00e1sobn\u00edku, zat\u00edmco \u010dist\u00fd vzduch proch\u00e1z\u00ed do sac\u00edho traktu.<\/li>\n<\/ul>\n<p>&nbsp;<\/p>\n<p><strong>Jak syst\u00e9m funguje?<\/strong><\/p>\n<p>Kdy\u017e je tlak v klikov\u00e9 sk\u0159\u00edni odv\u00e1d\u011bn p\u0159es sac\u00ed potrub\u00ed, dost\u00e1v\u00e1 se do sac\u00edho potrub\u00ed a sb\u011brn\u00e9ho potrub\u00ed velk\u00e9 mno\u017estv\u00ed oleje ve form\u011b v\u00fdpar\u016f a dokonce \u0159ed\u00ed benz\u00edn, co\u017e zp\u016fsobuje pokles oktanov\u00e9ho \u010d\u00edsla.<br \/>\nK tomu doch\u00e1z\u00ed u v\u0161ech motor\u016f a je\u0161t\u011b v\u00fdrazn\u011bji u vozidel s nucen\u00fdm p\u0159epl\u0148ov\u00e1n\u00edm (turbodmychadla a turbodmychadla), proto\u017ee se zvy\u0161uje tlak v klikov\u00e9 sk\u0159\u00edni.<br \/>\nProti tomu byl vyvinut odlu\u010dova\u010d oleje s vlastn\u00ed konstrukc\u00ed.<br \/>\nJe vyroben z masivn\u00edho hlin\u00edkov\u00e9ho polotovaru a p\u0159edstavuje pevn\u00fd d\u00edl. M\u00e1 vroubkovanou z\u00e1kladnu n\u00e1dr\u017ee, kter\u00e1 usnad\u0148uje vypou\u0161t\u011bn\u00ed pou\u017eit\u00e9ho oleje, a t\u011bsnic\u00ed O-krou\u017eek, kter\u00fd zabra\u0148uje \u00fanik\u016fm.<\/p>\n<p>Filtrace se skl\u00e1d\u00e1 ze s\u00edta z nerezov\u00e9 oceli s jemn\u00fdmi oky, kter\u00e9 zachycuje jemn\u00e9 olejov\u00e9 p\u00e1ry a uvol\u0148uje je, jakmile jsou dostate\u010dn\u011b t\u011b\u017ek\u00e9 na to, aby spadly dol\u016f.<br \/>\nPot\u00e9 proch\u00e1zej\u00ed p\u0159es 1\/2\u2033 siln\u00fd 1\/16\u2033 hlin\u00edkov\u00fd vo\u0161tinov\u00fd filtr, kde se zv\u011bt\u0161uj\u00ed a nakonec spadnou do n\u00e1doby.<br \/>\nPokud se olej dostane p\u0159es filtr, je p\u0159\u00edli\u0161 t\u011b\u017ek\u00fd na to, aby se dostal do sac\u00edho traktu.<br \/>\nSb\u011brn\u00e1 n\u00e1dobka pojme 90 ml kapaliny. Mo\u017en\u00e1 to nezn\u00ed jako mnoho, ale tolik oleje byste v syst\u00e9mu PCV nem\u011bli naj\u00edt.<\/p>\n<p>&nbsp;<\/p>\n<p><strong>Vhodn\u00e9 pro:<br \/>\n<\/strong><\/p>\n<table width=\"498\">\n<tbody>\n<tr>\n<td width=\"94\">Ford<\/td>\n<td width=\"158\">F-150<\/td>\n<td width=\"134\">5.0<\/td>\n<td width=\"112\">2011 - 2023<\/td>\n<\/tr>\n<tr>\n<td width=\"94\">Ford<\/td>\n<td width=\"158\">F-150<\/td>\n<td width=\"134\">P\u0159epl\u0148ov\u00e1n\u00ed 5.0 Roush\/Whipple<\/td>\n<td width=\"112\">2011\u20132023<\/td>\n<\/tr>\n<tr>\n<td width=\"94\">Ford<\/td>\n<td width=\"158\">F-150<\/td>\n<td width=\"134\">3.5 EcoBoost<\/td>\n<td width=\"112\">2011\u20132023<\/td>\n<\/tr>\n<tr>\n<td width=\"94\">Ford<\/td>\n<td width=\"158\">F-150 Raptor<\/td>\n<td width=\"134\">3.5 EcoBoost<\/td>\n<td width=\"112\">2017\u20132023<\/td>\n<\/tr>\n<tr>\n<td width=\"94\">Ford<\/td>\n<td width=\"158\">F-150 Expedition<\/td>\n<td width=\"134\">3.5 EcoBoost<\/td>\n<td width=\"112\">2018\u20132021<\/td>\n<\/tr>\n<tr>\n<td width=\"94\">Ford<\/td>\n<td width=\"158\">F-150<\/td>\n<td width=\"134\">2.7 EcoBoost<\/td>\n<td width=\"112\">2015\u20132023<\/td>\n<\/tr>\n<\/tbody>\n<\/table>\n<p>&nbsp;<\/p>\n<p><strong>Rozsah dod\u00e1vky:<\/strong><\/p>\n<ul>\n<li>Oil Catch Can (\u010dern\u00e1) na stran\u011b spolujezdce<\/li>\n<li>Dr\u017e\u00e1k<\/li>\n<li>Hadice<\/li>\n<li>P\u0159ipojen\u00ed<\/li>\n<li>N\u00e1vod k obsluze&lt;<iframe loading=\"lazy\" title=\"J&amp;L 3016P Olejov\u00e1 z\u00e1chytn\u00e1 n\u00e1doba (odlu\u010dova\u010d oleje) Ford F-150 2011- 2023\" src=\"https:\/\/www.youtube.com\/embed\/qh0IRLAp-Uk\" width=\"882\" height=\"496\" frameborder=\"0\" allowfullscreen=\"allowfullscreen\"><\/iframe>\/li&gt;<\/li>\n<\/ul>","protected":false},"excerpt":{"rendered":"<p>J&amp;L 3016P-B Oil Catch Can pro Ford F-150 - strana spolujezdce Kapacita 90 ml Pevn\u00e1 p\u0159edlit\u00e1 konstrukce Rychlospojky PCV ve stylu OEM V\u00edcestup\u0148ov\u00e9 p\u0159ipojen\u00ed<\/p>","protected":false},"featured_media":68292449,"comment_status":"open","ping_status":"closed","template":"","meta":{"_acf_changed":false},"product_brand":[17171],"product_cat":[6294,6295,6571,6296],"product_tag":[87,88,6289,6288,4030,3954,3873,4632,917,6290,2934,3245,903,1093,2444,36,84,82,85,3243,406,83,3242,4781,3244,246,194,376],"class_list":{"0":"post-68292446","1":"product","2":"type-product","3":"status-publish","4":"has-post-thumbnail","6":"product_brand-jl","7":"product_cat-f-150-27-ecoboost-oil-catch-can","8":"product_cat-f-150-35-ecoboost-oil-catch-can","9":"product_cat-f-150-35-ecoboost-raptor-oil-catch-can","10":"product_cat-f-150-50-2015-oil-catch-can","11":"product_tag-2-7","12":"product_tag-3-5","13":"product_tag-3016p","14":"product_tag-3016p-b","15":"product_tag-5-0","16":"product_tag-bullitt","17":"product_tag-ecoboost","18":"product_tag-f-150","19":"product_tag-ford","20":"product_tag-ford-f-150","21":"product_tag-harder","22":"product_tag-jl-oil-separator-co","23":"product_tag-jl","24":"product_tag-jlt","25":"product_tag-jlt-performance","26":"product_tag-kraftwerk","27":"product_tag-kurbelgehaeuseentlueftung","28":"product_tag-oil-catch-can","29":"product_tag-oil-catch-tank","30":"product_tag-oil-separator","31":"product_tag-oel","32":"product_tag-oelabscheider","33":"product_tag-osc","34":"product_tag-raptor","35":"product_tag-separator","36":"product_tag-supercharger","37":"product_tag-v8","38":"product_tag-whipple","40":"first","41":"instock","42":"taxable","43":"shipping-taxable","44":"purchasable","45":"product-type-simple"},"bundled_by":[],"bundle_stock_status":"instock","bundle_stock_quantity":1,"bundle_virtual":false,"bundle_layout":"","bundle_add_to_cart_form_location":"","bundle_editable_in_cart":false,"bundle_sold_individually_context":"","bundle_item_grouping":"","bundle_min_size":"","bundle_max_size":"","bundle_price":[],"bundled_items":[],"bundle_sell_ids":[],"exclude_global_add_ons":[],"addons":[],"acf":[],"_links":{"self":[{"href":"https:\/\/kraftwerk-shop.cc\/cs\/wp-json\/wp\/v2\/product\/68292446","targetHints":{"allow":["GET"]}}],"collection":[{"href":"https:\/\/kraftwerk-shop.cc\/cs\/wp-json\/wp\/v2\/product"}],"about":[{"href":"https:\/\/kraftwerk-shop.cc\/cs\/wp-json\/wp\/v2\/types\/product"}],"replies":[{"embeddable":true,"href":"https:\/\/kraftwerk-shop.cc\/cs\/wp-json\/wp\/v2\/comments?post=68292446"}],"version-history":[{"count":0,"href":"https:\/\/kraftwerk-shop.cc\/cs\/wp-json\/wp\/v2\/product\/68292446\/revisions"}],"wp:featuredmedia":[{"embeddable":true,"href":"https:\/\/kraftwerk-shop.cc\/cs\/wp-json\/wp\/v2\/media\/68292449"}],"wp:attachment":[{"href":"https:\/\/kraftwerk-shop.cc\/cs\/wp-json\/wp\/v2\/media?parent=68292446"}],"wp:term":[{"taxonomy":"product_brand","embeddable":true,"href":"https:\/\/kraftwerk-shop.cc\/cs\/wp-json\/wp\/v2\/product_brand?post=68292446"},{"taxonomy":"product_cat","embeddable":true,"href":"https:\/\/kraftwerk-shop.cc\/cs\/wp-json\/wp\/v2\/product_cat?post=68292446"},{"taxonomy":"product_tag","embeddable":true,"href":"https:\/\/kraftwerk-shop.cc\/cs\/wp-json\/wp\/v2\/product_tag?post=68292446"}],"curies":[{"name":"wp","href":"https:\/\/api.w.org\/{rel}","templated":true}]}}