{"id":68292460,"date":"2023-09-18T15:28:08","date_gmt":"2023-09-18T13:28:08","guid":{"rendered":"https:\/\/kraftwerk-shop.cc\/?post_type=product&#038;p=68292460"},"modified":"2026-02-15T01:02:16","modified_gmt":"2026-02-15T00:02:16","slug":"jl-3028p-ford-f150-powerboost","status":"publish","type":"product","link":"https:\/\/kraftwerk-shop.cc\/cs\/produkt\/jl-3028p-ford-f150-powerboost\/","title":{"rendered":"J&amp;L Oil Catch Can Ford F-150 3.5 PowerBoost \/ Expedition 3.5 EcoBoost - strana spolujezdce"},"content":{"rendered":"<h1>J&amp;L 3028P-B Oil Catch Can pro Ford F-150 3.5 PowerBoost \/ Expedition 3.5L EcoBoost - strana spolujezdce<\/h1>\n<ul>\n<li>Objem 90 ml<\/li>\n<li>Pevn\u00e1 konstrukce z polotovaru<\/li>\n<li>Rychlospojky PCV ve stylu OEM<\/li>\n<li>V\u00edcestup\u0148ov\u00fd filtra\u010dn\u00ed syst\u00e9m, kter\u00fd zachycuje nejjemn\u011bj\u0161\u00ed v\u00fdpary a zachycuje je ve snadno vyj\u00edmateln\u00e9m z\u00e1sobn\u00edku, zat\u00edmco \u010dist\u00fd vzduch proch\u00e1z\u00ed do sac\u00edho traktu.<\/li>\n<\/ul>\n<p>&nbsp;<\/p>\n<p><strong>Jak syst\u00e9m funguje?<\/strong><\/p>\n<p>Kdy\u017e je tlak v klikov\u00e9 sk\u0159\u00edni odv\u00e1d\u011bn p\u0159es sac\u00ed potrub\u00ed, dost\u00e1v\u00e1 se do sac\u00edho potrub\u00ed a sb\u011brn\u00e9ho potrub\u00ed velk\u00e9 mno\u017estv\u00ed oleje ve form\u011b v\u00fdpar\u016f a dokonce \u0159ed\u00ed benz\u00edn, co\u017e zp\u016fsobuje pokles oktanov\u00e9ho \u010d\u00edsla.<br \/>\nK tomu doch\u00e1z\u00ed u v\u0161ech motor\u016f a je\u0161t\u011b v\u00fdrazn\u011bji u vozidel s nucen\u00fdm p\u0159epl\u0148ov\u00e1n\u00edm (turbodmychadla a turbodmychadla), proto\u017ee se zvy\u0161uje tlak v klikov\u00e9 sk\u0159\u00edni.<br \/>\nProti tomu byl vyvinut odlu\u010dova\u010d oleje s vlastn\u00ed konstrukc\u00ed.<br \/>\nJe vyroben z masivn\u00edho hlin\u00edkov\u00e9ho polotovaru a p\u0159edstavuje pevn\u00fd d\u00edl. M\u00e1 vroubkovanou z\u00e1kladnu n\u00e1dr\u017ee, kter\u00e1 usnad\u0148uje vypou\u0161t\u011bn\u00ed pou\u017eit\u00e9ho oleje, a t\u011bsnic\u00ed O-krou\u017eek, kter\u00fd zabra\u0148uje \u00fanik\u016fm.<\/p>\n<p>Filtrace se skl\u00e1d\u00e1 ze s\u00edta z nerezov\u00e9 oceli s jemn\u00fdmi oky, kter\u00e9 zachycuje jemn\u00e9 olejov\u00e9 p\u00e1ry a uvol\u0148uje je, jakmile jsou dostate\u010dn\u011b t\u011b\u017ek\u00e9 na to, aby spadly dol\u016f.<br \/>\nPot\u00e9 proch\u00e1zej\u00ed p\u0159es 1\/2\u2033 siln\u00fd 1\/16\u2033 hlin\u00edkov\u00fd vo\u0161tinov\u00fd filtr, kde se zv\u011bt\u0161uj\u00ed a nakonec spadnou do n\u00e1doby.<br \/>\nPokud se olej dostane p\u0159es filtr, je p\u0159\u00edli\u0161 t\u011b\u017ek\u00fd na to, aby se dostal do sac\u00edho traktu.<br \/>\nSb\u011brn\u00e1 n\u00e1dobka pojme 90 ml kapaliny. Mo\u017en\u00e1 to nezn\u00ed jako mnoho, ale tolik oleje byste v syst\u00e9mu PCV nem\u011bli naj\u00edt.<\/p>\n<p>&nbsp;<\/p>\n<p><strong>Vhodn\u00e9 pro:<br \/>\n<\/strong><\/p>\n<table width=\"498\">\n<tbody>\n<tr>\n<td width=\"94\">Ford<\/td>\n<td width=\"158\">F-150<\/td>\n<td width=\"134\">3.5 PowerBoost<\/td>\n<td width=\"112\">2021 - 2023<\/td>\n<\/tr>\n<tr>\n<td width=\"94\">Ford<\/td>\n<td width=\"158\">F-150 Expedition<\/td>\n<td width=\"134\">3.5 EcoBoost<\/td>\n<td width=\"112\">2022 \u2013 2023<\/td>\n<\/tr>\n<\/tbody>\n<\/table>\n<p>&nbsp;<\/p>\n<p><strong>Rozsah dod\u00e1vky:<\/strong><\/p>\n<ul>\n<li>Oil Catch Can (\u010dern\u00e1) na stran\u011b spolujezdce<\/li>\n<li>Dr\u017e\u00e1k<\/li>\n<li>Hadice<\/li>\n<li>P\u0159ipojen\u00ed<\/li>\n<li>N\u00e1vod k obsluze<\/li>\n<\/ul>","protected":false},"excerpt":{"rendered":"<p>J&amp;L 3028P-B Oil Catch Can f\u00fcr Ford F-150 3.5 PowerBoost \/ Expedition 3.5L EcoBoost &#8211; Beifahrerseite 90 ml Kapazit\u00e4t Solide<\/p>","protected":false},"featured_media":68292462,"comment_status":"open","ping_status":"closed","template":"","meta":{"_acf_changed":false},"product_brand":[17171],"product_cat":[6295],"product_tag":[88,6291,6292,3873,4851,4632,917,6290,2934,3245,903,1093,2444,36,84,82,85,3243,406,83,3242,6293,4781,4675,3244,246],"class_list":{"0":"post-68292460","1":"product","2":"type-product","3":"status-publish","4":"has-post-thumbnail","6":"product_brand-jl","7":"product_cat-f-150-35-ecoboost-oil-catch-can","8":"product_tag-3-5","9":"product_tag-3028p","10":"product_tag-3028p-b","11":"product_tag-ecoboost","12":"product_tag-expedition","13":"product_tag-f-150","14":"product_tag-ford","15":"product_tag-ford-f-150","16":"product_tag-harder","17":"product_tag-jl-oil-separator-co","18":"product_tag-jl","19":"product_tag-jlt","20":"product_tag-jlt-performance","21":"product_tag-kraftwerk","22":"product_tag-kurbelgehaeuseentlueftung","23":"product_tag-oil-catch-can","24":"product_tag-oil-catch-tank","25":"product_tag-oil-separator","26":"product_tag-oel","27":"product_tag-oelabscheider","28":"product_tag-osc","29":"product_tag-powerboost","30":"product_tag-raptor","31":"product_tag-roush","32":"product_tag-separator","33":"product_tag-supercharger","35":"first","36":"instock","37":"taxable","38":"shipping-taxable","39":"purchasable","40":"product-type-simple"},"bundled_by":[],"bundle_stock_status":"instock","bundle_stock_quantity":1,"bundle_virtual":false,"bundle_layout":"","bundle_add_to_cart_form_location":"","bundle_editable_in_cart":false,"bundle_sold_individually_context":"","bundle_item_grouping":"","bundle_min_size":"","bundle_max_size":"","bundle_price":[],"bundled_items":[],"bundle_sell_ids":[],"exclude_global_add_ons":[],"addons":[],"acf":[],"_links":{"self":[{"href":"https:\/\/kraftwerk-shop.cc\/cs\/wp-json\/wp\/v2\/product\/68292460","targetHints":{"allow":["GET"]}}],"collection":[{"href":"https:\/\/kraftwerk-shop.cc\/cs\/wp-json\/wp\/v2\/product"}],"about":[{"href":"https:\/\/kraftwerk-shop.cc\/cs\/wp-json\/wp\/v2\/types\/product"}],"replies":[{"embeddable":true,"href":"https:\/\/kraftwerk-shop.cc\/cs\/wp-json\/wp\/v2\/comments?post=68292460"}],"version-history":[{"count":0,"href":"https:\/\/kraftwerk-shop.cc\/cs\/wp-json\/wp\/v2\/product\/68292460\/revisions"}],"wp:featuredmedia":[{"embeddable":true,"href":"https:\/\/kraftwerk-shop.cc\/cs\/wp-json\/wp\/v2\/media\/68292462"}],"wp:attachment":[{"href":"https:\/\/kraftwerk-shop.cc\/cs\/wp-json\/wp\/v2\/media?parent=68292460"}],"wp:term":[{"taxonomy":"product_brand","embeddable":true,"href":"https:\/\/kraftwerk-shop.cc\/cs\/wp-json\/wp\/v2\/product_brand?post=68292460"},{"taxonomy":"product_cat","embeddable":true,"href":"https:\/\/kraftwerk-shop.cc\/cs\/wp-json\/wp\/v2\/product_cat?post=68292460"},{"taxonomy":"product_tag","embeddable":true,"href":"https:\/\/kraftwerk-shop.cc\/cs\/wp-json\/wp\/v2\/product_tag?post=68292460"}],"curies":[{"name":"wp","href":"https:\/\/api.w.org\/{rel}","templated":true}]}}