{"id":68292507,"date":"2023-09-19T12:49:43","date_gmt":"2023-09-19T10:49:43","guid":{"rendered":"https:\/\/kraftwerk-shop.cc\/?post_type=product&#038;p=68292507"},"modified":"2026-02-15T01:02:16","modified_gmt":"2026-02-15T00:02:16","slug":"mbrp-s72533cf-vyfuk-ford-mustang-s650","status":"publish","type":"product","link":"https:\/\/kraftwerk-shop.cc\/cs\/produkt\/mbrp-s72533cf-auspuff-ford-mustang-s650\/","title":{"rendered":"MBRP Cat-Back Race Profile Ford Mustang S650 GT 5.0"},"content":{"rendered":"<h1>MBRP S72533CF Cat-Back Race v\u00fdfukov\u00fd syst\u00e9m pro Ford Mustang S650 GT 5.0<\/h1>\n<p>&nbsp;<\/p>\n<p>Sportovn\u00ed v\u00fdfuk MBRP uvoln\u00ed pln\u00fd potenci\u00e1l v\u00fdkonu a to\u010div\u00e9ho momentu va\u0161eho vozidla a zajist\u00ed, \u017ee va\u0161e RAM bude na silnici rychlej\u0161\u00ed, plynulej\u0161\u00ed a hlasit\u011bj\u0161\u00ed.<\/p>\n<p>Ka\u017ed\u00fd v\u00fdfukov\u00fd syst\u00e9m MBRP je vylad\u011bn a navr\u017een tak, aby va\u0161emu vozidlu poskytoval \u0161pi\u010dkov\u00fd v\u00fdkon. Vyrobeno z odoln\u00e9 hlin\u00edkov\u00e9 oceli. Ka\u017ed\u00e1 \u010d\u00e1st potrub\u00ed je rovnom\u011brn\u011b ohnut\u00e1, aby se zv\u00fd\u0161il pr\u016ftok v\u00fdfukov\u00fdch plyn\u016f. Zadn\u00ed tlumi\u010d je navr\u017een tak, aby va\u0161emu vozidlu poskytl optim\u00e1ln\u00ed zvuk a minimalizoval protitlak.<\/p>\n<p>Instalace v\u00fdfukov\u00e9ho syst\u00e9mu MBRP je jednoduch\u00e1 a nevy\u017eaduje \u017e\u00e1dn\u00e9 sva\u0159ov\u00e1n\u00ed ani vrt\u00e1n\u00ed do vozidla. Ka\u017ed\u00fd syst\u00e9m vyu\u017e\u00edv\u00e1 st\u00e1vaj\u00edc\u00ed mont\u00e1\u017en\u00ed body.<\/p>\n<p>&nbsp;<\/p>\n<p>&nbsp;<\/p>\n<p>V\u00fdfukov\u00fd syst\u00e9m MBRP S51053CF Race Profile 3\u2033 cat-back z nerezov\u00e9 oceli T304 s v\u00fdfukov\u00fdmi koncovkami s karbonov\u00fdm lemem je vhodn\u00fd pro n\u00e1sleduj\u00edc\u00ed modely:<\/p>\n<table width=\"449\">\n<tbody>\n<tr>\n<td width=\"115\"><strong>Zna\u010dka<\/strong><\/td>\n<td width=\"145\"><strong>Model<\/strong><\/td>\n<td width=\"106\"><strong>Motor<\/strong><\/td>\n<td width=\"83\"><strong>Rok v\u00fdstavby<\/strong><\/td>\n<\/tr>\n<tr>\n<td>Ford<\/td>\n<td>Mustang S650 GT (<strong>\u017e\u00e1dn\u00fd kabriolet<\/strong>)<\/td>\n<td>5.0<\/td>\n<td>2024\u20132026<\/td>\n<\/tr>\n<\/tbody>\n<\/table>\n<p>&nbsp;<\/p>","protected":false},"excerpt":{"rendered":"<p>Nerezov\u00e1 ocel T304, karbonov\u00e9 v\u00fdfukov\u00e9 potrub\u00ed<\/p>\n<p>2024\u20132026<\/p>","protected":false},"featured_media":68292509,"comment_status":"open","ping_status":"closed","template":"","meta":{"_acf_changed":false},"product_brand":[17169],"product_cat":[3024,4033],"product_tag":[6297,4024,4023,1035,1036,546,1037,1047,2210,662,1039,1042,2786,917,784,3962,2934,532,529,20273,2211,2931,6924,3872,6300,6299,6302,547,1034,1038,2215,233],"class_list":{"0":"post-68292507","1":"product","2":"type-product","3":"status-publish","4":"has-post-thumbnail","6":"product_brand-mbrp","7":"product_cat-nicht-nach-eu","8":"product_cat-mustang-50-gt-abgasanlage","9":"product_tag-6297","10":"product_tag-3zoll","11":"product_tag-4023","12":"product_tag-abgasanlage","13":"product_tag-abgassystem","14":"product_tag-auspuff","15":"product_tag-auspuffsystem","16":"product_tag-cat-back","17":"product_tag-catback","18":"product_tag-edelstahl","19":"product_tag-endschalldaempfer","20":"product_tag-endtopf","21":"product_tag-exhaust","22":"product_tag-ford","23":"product_tag-gt","24":"product_tag-gt-5-0","25":"product_tag-harder","26":"product_tag-kat","27":"product_tag-katalysator","28":"product_tag-keintuev","29":"product_tag-klang","30":"product_tag-mbrp","31":"product_tag-mbrp10","32":"product_tag-mustang","33":"product_tag-s650","34":"product_tag-s7253","35":"product_tag-s72533cf","36":"product_tag-sportauspuff","37":"product_tag-sportauspuffanlage","38":"product_tag-sportendschalldaempfer","39":"product_tag-street","40":"product_tag-tuning","41":"product_shipping_class-spedition-1","43":"first","44":"onbackorder","45":"taxable","46":"shipping-taxable","47":"purchasable","48":"product-type-simple"},"bundled_by":[],"bundle_stock_status":"onbackorder","bundle_stock_quantity":0,"bundle_virtual":false,"bundle_layout":"","bundle_add_to_cart_form_location":"","bundle_editable_in_cart":false,"bundle_sold_individually_context":"","bundle_item_grouping":"","bundle_min_size":"","bundle_max_size":"","bundle_price":[],"bundled_items":[],"bundle_sell_ids":[],"exclude_global_add_ons":[],"addons":[],"acf":[],"_links":{"self":[{"href":"https:\/\/kraftwerk-shop.cc\/cs\/wp-json\/wp\/v2\/product\/68292507","targetHints":{"allow":["GET"]}}],"collection":[{"href":"https:\/\/kraftwerk-shop.cc\/cs\/wp-json\/wp\/v2\/product"}],"about":[{"href":"https:\/\/kraftwerk-shop.cc\/cs\/wp-json\/wp\/v2\/types\/product"}],"replies":[{"embeddable":true,"href":"https:\/\/kraftwerk-shop.cc\/cs\/wp-json\/wp\/v2\/comments?post=68292507"}],"version-history":[{"count":0,"href":"https:\/\/kraftwerk-shop.cc\/cs\/wp-json\/wp\/v2\/product\/68292507\/revisions"}],"wp:featuredmedia":[{"embeddable":true,"href":"https:\/\/kraftwerk-shop.cc\/cs\/wp-json\/wp\/v2\/media\/68292509"}],"wp:attachment":[{"href":"https:\/\/kraftwerk-shop.cc\/cs\/wp-json\/wp\/v2\/media?parent=68292507"}],"wp:term":[{"taxonomy":"product_brand","embeddable":true,"href":"https:\/\/kraftwerk-shop.cc\/cs\/wp-json\/wp\/v2\/product_brand?post=68292507"},{"taxonomy":"product_cat","embeddable":true,"href":"https:\/\/kraftwerk-shop.cc\/cs\/wp-json\/wp\/v2\/product_cat?post=68292507"},{"taxonomy":"product_tag","embeddable":true,"href":"https:\/\/kraftwerk-shop.cc\/cs\/wp-json\/wp\/v2\/product_tag?post=68292507"}],"curies":[{"name":"wp","href":"https:\/\/api.w.org\/{rel}","templated":true}]}}