{"id":68292747,"date":"2023-09-24T00:10:52","date_gmt":"2023-09-23T22:10:52","guid":{"rendered":"https:\/\/kraftwerk-shop.cc\/?post_type=product&#038;p=68292747"},"modified":"2026-02-15T01:06:34","modified_gmt":"2026-02-15T00:06:34","slug":"vackova-hridel-mopar-61-srt8-5037379ad","status":"publish","type":"product","link":"https:\/\/kraftwerk-shop.cc\/cs\/produkt\/mopar-nockenwelle-61-srt8-5037379ad\/","title":{"rendered":"Va\u010dkov\u00fd h\u0159\u00eddel Mopar pro 6.1 SRT-8, origin\u00e1ln\u00ed d\u00edl (5037379AD)"},"content":{"rendered":"<h1>Origin\u00e1ln\u00ed va\u010dkov\u00e1 h\u0159\u00eddel Mopar 5037379AD pro motory Chrysler 300C, Dodge Challenger, Charger, Magnum a Jeep 6.1 SRT-8<\/h1>\n<p>&nbsp;<\/p>\n<p>Jedn\u00e1 se o origin\u00e1ln\u00ed n\u00e1hradn\u00ed d\u00edl, nikoli o va\u010dkov\u00fd h\u0159\u00eddel pro zv\u00fd\u0161en\u00ed v\u00fdkonu.<\/p>\n<p><strong>\u010c\u00edslo d\u00edlu Mopar:<\/strong> <span class=\"list-value sku-display\">5037379AD<\/span><br \/>\n<strong>Nahrazeno:<\/strong> <span class=\"list-value\">5037379AB, 5037379AC<\/span><\/p>\n<p>&nbsp;<\/p>\n<p><strong>Vhodn\u00e9 pro:<\/strong><\/p>\n<table width=\"614\">\n<tbody>\n<tr>\n<td width=\"64\"><strong>Rok v\u00fdstavby<\/strong><\/td>\n<td width=\"83\"><strong>Zna\u010dka<\/strong><\/td>\n<td width=\"146\"><strong>Model<\/strong><\/td>\n<td width=\"186\"><strong>Verze<\/strong><\/td>\n<td width=\"135\"><strong>Motor<\/strong><\/td>\n<\/tr>\n<tr>\n<td width=\"64\">2010<\/td>\n<td width=\"83\">Chrysler<\/td>\n<td width=\"146\">300<\/td>\n<td width=\"186\">C SRT8<\/td>\n<td width=\"135\">6.1L<\/td>\n<\/tr>\n<tr>\n<td width=\"64\">2010<\/td>\n<td width=\"83\">Dodge<\/td>\n<td width=\"146\">Challenger<\/td>\n<td width=\"186\">SRT8<\/td>\n<td width=\"135\">6.1L<\/td>\n<\/tr>\n<tr>\n<td width=\"64\">2010<\/td>\n<td width=\"83\">Dodge<\/td>\n<td width=\"146\">Charger<\/td>\n<td width=\"186\">SRT8<\/td>\n<td width=\"135\">6.1L<\/td>\n<\/tr>\n<tr>\n<td width=\"64\">2010<\/td>\n<td width=\"83\">Jeep<\/td>\n<td width=\"146\">Grand Cherokee<\/td>\n<td width=\"186\">SRT8<\/td>\n<td width=\"135\">6.1L<\/td>\n<\/tr>\n<tr>\n<td width=\"64\">2009<\/td>\n<td width=\"83\">Chrysler<\/td>\n<td width=\"146\">300<\/td>\n<td width=\"186\">C SRT8<\/td>\n<td width=\"135\">6.1L<\/td>\n<\/tr>\n<tr>\n<td width=\"64\">2009<\/td>\n<td width=\"83\">Dodge<\/td>\n<td width=\"146\">Challenger<\/td>\n<td width=\"186\">SRT8<\/td>\n<td width=\"135\">6.1L<\/td>\n<\/tr>\n<tr>\n<td width=\"64\">2009<\/td>\n<td width=\"83\">Dodge<\/td>\n<td width=\"146\">Charger<\/td>\n<td width=\"186\">SRT8<\/td>\n<td width=\"135\">6.1L<\/td>\n<\/tr>\n<tr>\n<td width=\"64\">2009<\/td>\n<td width=\"83\">Jeep<\/td>\n<td width=\"146\">Grand Cherokee<\/td>\n<td width=\"186\">SRT8<\/td>\n<td width=\"135\">6.1L<\/td>\n<\/tr>\n<tr>\n<td width=\"64\">2008<\/td>\n<td width=\"83\">Chrysler<\/td>\n<td width=\"146\">300<\/td>\n<td width=\"186\">C SRT8<\/td>\n<td width=\"135\">6.1L<\/td>\n<\/tr>\n<tr>\n<td width=\"64\">2008<\/td>\n<td width=\"83\">Dodge<\/td>\n<td width=\"146\">Challenger<\/td>\n<td width=\"186\">SRT8<\/td>\n<td width=\"135\">6.1L<\/td>\n<\/tr>\n<tr>\n<td width=\"64\">2008<\/td>\n<td width=\"83\">Dodge<\/td>\n<td width=\"146\">Charger<\/td>\n<td width=\"186\">SRT8<\/td>\n<td width=\"135\">6.1L<\/td>\n<\/tr>\n<tr>\n<td width=\"64\">2008<\/td>\n<td width=\"83\">Dodge<\/td>\n<td width=\"146\">Magnum<\/td>\n<td width=\"186\">SRT8<\/td>\n<td width=\"135\">6.1L<\/td>\n<\/tr>\n<tr>\n<td width=\"64\">2008<\/td>\n<td width=\"83\">Jeep<\/td>\n<td width=\"146\">Grand Cherokee<\/td>\n<td width=\"186\">SRT8<\/td>\n<td width=\"135\">6.1L<\/td>\n<\/tr>\n<tr>\n<td width=\"64\">2007<\/td>\n<td width=\"83\">Chrysler<\/td>\n<td width=\"146\">300<\/td>\n<td width=\"186\">C SRT8<\/td>\n<td width=\"135\">6.1L<\/td>\n<\/tr>\n<tr>\n<td width=\"64\">2007<\/td>\n<td width=\"83\">Dodge<\/td>\n<td width=\"146\">Charger<\/td>\n<td width=\"186\">SRT8<\/td>\n<td width=\"135\">6.1L<\/td>\n<\/tr>\n<tr>\n<td width=\"64\">2007<\/td>\n<td width=\"83\">Dodge<\/td>\n<td width=\"146\">Magnum<\/td>\n<td width=\"186\">SRT8<\/td>\n<td width=\"135\">6.1L<\/td>\n<\/tr>\n<tr>\n<td width=\"64\">2007<\/td>\n<td width=\"83\">Jeep<\/td>\n<td width=\"146\">Grand Cherokee<\/td>\n<td width=\"186\">SRT8<\/td>\n<td width=\"135\">6.1L<\/td>\n<\/tr>\n<tr>\n<td width=\"64\">2006<\/td>\n<td width=\"83\">Dodge<\/td>\n<td width=\"146\">Charger<\/td>\n<td width=\"186\">SRT8<\/td>\n<td width=\"135\">6.1L<\/td>\n<\/tr>\n<tr>\n<td width=\"64\">2006<\/td>\n<td width=\"83\">Dodge<\/td>\n<td width=\"146\">Magnum<\/td>\n<td width=\"186\">SRT8<\/td>\n<td width=\"135\">6.1L<\/td>\n<\/tr>\n<tr>\n<td width=\"64\">2006<\/td>\n<td width=\"83\">Jeep<\/td>\n<td width=\"146\">Grand Cherokee<\/td>\n<td width=\"186\">SRT8<\/td>\n<td width=\"135\">6.1L<\/td>\n<\/tr>\n<\/tbody>\n<\/table>","protected":false},"excerpt":{"rendered":"<p>Origin\u00e1ln\u00ed d\u00edl Mopar<\/p>","protected":false},"featured_media":68292749,"comment_status":"open","ping_status":"closed","template":"","meta":{"_acf_changed":false},"product_brand":[16270],"product_cat":[6683,6688,6693,6697,6702],"product_tag":[18364,18365,18363,52,6343,6344,6345,92,365,54,53,821,48,536,49,3853,3854,56,50,4425,36,55,31,8813,9424,16271,16273,16275,16272,16274,7221,336,96,1056,164],"class_list":{"0":"post-68292747","1":"product","2":"type-product","3":"status-publish","4":"has-post-thumbnail","6":"product_brand-mopar","7":"product_cat-300c-61-nockenwelle-ventiltrieb","8":"product_cat-challenger-61-nockenwelle-ventiltrieb","9":"product_cat-charger-61-nockenwelle-ventiltrieb","10":"product_cat-magnum-61-nockenwelle-ventiltrieb","11":"product_cat-grand-cherokee-61-nockenwelle-ventiltrieb","12":"product_tag-05037379ab","13":"product_tag-05037379ac","14":"product_tag-05037379ad","15":"product_tag-300c","16":"product_tag-5037379ab","17":"product_tag-5037379ac","18":"product_tag-5037379ad","19":"product_tag-6-1","20":"product_tag-cam","21":"product_tag-challenger","22":"product_tag-charger","23":"product_tag-chopstix","24":"product_tag-chrysler","25":"product_tag-chrysler-300c","26":"product_tag-dodge","27":"product_tag-dodge-challenger","28":"product_tag-dodge-charger","29":"product_tag-grand-cherokee","30":"product_tag-jeep","31":"product_tag-jeep-grand-cherokee","32":"product_tag-kraftwerk","33":"product_tag-magnum","34":"product_tag-mopar","35":"product_tag-mopar-autoteile","36":"product_tag-mopar-ersatzteile","37":"product_tag-mopar-ersatzteile-kaufen","38":"product_tag-mopar-performance-teile","39":"product_tag-mopar-teile-katalog","40":"product_tag-mopar-teile-online","41":"product_tag-mopar-tuningteile","42":"product_tag-mopar10","43":"product_tag-nockenwelle","44":"product_tag-srt","45":"product_tag-srt-8","46":"product_tag-srt8","48":"first","49":"instock","50":"taxable","51":"shipping-taxable","52":"purchasable","53":"product-type-simple"},"bundled_by":[],"bundle_stock_status":"instock","bundle_stock_quantity":4,"bundle_virtual":false,"bundle_layout":"","bundle_add_to_cart_form_location":"","bundle_editable_in_cart":false,"bundle_sold_individually_context":"","bundle_item_grouping":"","bundle_min_size":"","bundle_max_size":"","bundle_price":[],"bundled_items":[],"bundle_sell_ids":[],"exclude_global_add_ons":[],"addons":[],"acf":[],"_links":{"self":[{"href":"https:\/\/kraftwerk-shop.cc\/cs\/wp-json\/wp\/v2\/product\/68292747","targetHints":{"allow":["GET"]}}],"collection":[{"href":"https:\/\/kraftwerk-shop.cc\/cs\/wp-json\/wp\/v2\/product"}],"about":[{"href":"https:\/\/kraftwerk-shop.cc\/cs\/wp-json\/wp\/v2\/types\/product"}],"replies":[{"embeddable":true,"href":"https:\/\/kraftwerk-shop.cc\/cs\/wp-json\/wp\/v2\/comments?post=68292747"}],"version-history":[{"count":0,"href":"https:\/\/kraftwerk-shop.cc\/cs\/wp-json\/wp\/v2\/product\/68292747\/revisions"}],"wp:featuredmedia":[{"embeddable":true,"href":"https:\/\/kraftwerk-shop.cc\/cs\/wp-json\/wp\/v2\/media\/68292749"}],"wp:attachment":[{"href":"https:\/\/kraftwerk-shop.cc\/cs\/wp-json\/wp\/v2\/media?parent=68292747"}],"wp:term":[{"taxonomy":"product_brand","embeddable":true,"href":"https:\/\/kraftwerk-shop.cc\/cs\/wp-json\/wp\/v2\/product_brand?post=68292747"},{"taxonomy":"product_cat","embeddable":true,"href":"https:\/\/kraftwerk-shop.cc\/cs\/wp-json\/wp\/v2\/product_cat?post=68292747"},{"taxonomy":"product_tag","embeddable":true,"href":"https:\/\/kraftwerk-shop.cc\/cs\/wp-json\/wp\/v2\/product_tag?post=68292747"}],"curies":[{"name":"wp","href":"https:\/\/api.w.org\/{rel}","templated":true}]}}