{"id":68292777,"date":"2023-09-24T16:48:55","date_gmt":"2023-09-24T14:48:55","guid":{"rendered":"https:\/\/kraftwerk-shop.cc\/?post_type=product&#038;p=68292777"},"modified":"2026-02-15T01:06:43","modified_gmt":"2026-02-15T00:06:43","slug":"mishimoto-hadice-chladice-silikonova-challenger-charger-hellcat","status":"publish","type":"product","link":"https:\/\/kraftwerk-shop.cc\/cs\/produkt\/mishimoto-kuehlerschlauch-silikon-challenger-charger-hellcat\/","title":{"rendered":"Sada silikonov\u00fdch hadic chladi\u010de Mishimoto pro Challenger a Charger Hellcat"},"content":{"rendered":"<h1>Sada silikonov\u00fdch hadic chladi\u010de Mishimoto pro Dodge Challenger a Charger 6.2 Hellcat<\/h1>\n<p>&nbsp;<\/p>\n<p>Hadice chladi\u010de Mishimoto jsou vyrobeny z kombinace vysoce kvalitn\u00edho silikonu a tepeln\u011b odoln\u00fdch vlo\u017een\u00fdch vl\u00e1ken jako vysoce kvalitn\u00ed n\u00e1hradn\u00ed sada za va\u0161e gumov\u00e9 hadice OEM.<br \/>\nSilikonov\u00e9 hadice Mishimoto jsou k dispozici v \u010dern\u00e9, modr\u00e9 nebo \u010derven\u00e9 barv\u011b, maj\u00ed origin\u00e1ln\u00ed tvar a nab\u00edzej\u00ed zv\u00fd\u0161enou toleranci tlaku.<\/p>\n<p>&nbsp;<\/p>\n<ul>\n<li>P\u0159\u00edm\u00e1 mont\u00e1\u017e pro Dodge Challenger a Charger Hellcat<\/li>\n<li>Vyrobeno z p\u011bti vrstev silikonu s vlo\u017een\u00fdmi tepeln\u011b odoln\u00fdmi vl\u00e1kny.<\/li>\n<li>Lep\u0161\u00ed odolnost v\u016f\u010di teplu a tlaku<\/li>\n<li>V\u010detn\u011b horn\u00ed a doln\u00ed hadice chladi\u010de<\/li>\n<li>Obsahuje vysoce kvalitn\u00ed hadicov\u00e9 svorky pro snadnou instalaci<\/li>\n<\/ul>\n<p>&nbsp;<\/p>","protected":false},"excerpt":{"rendered":"<p>Sada hadic chladi\u010de Mishimoto ze silikonu pro Dodge Challenger a Charger 6.2 Hellcat Hadice chladi\u010de Mishimoto jsou vyrobeny z kombinace vysoce kvalitn\u00edch materi\u00e1l\u016f.<\/p>","protected":false},"featured_media":68292794,"comment_status":"open","ping_status":"closed","template":"","meta":{"_acf_changed":false},"product_brand":[18924],"product_cat":[2550,2535],"product_tag":[101,54,53,49,3853,100,405,6349,6350,2374,274,561,562,6348],"class_list":{"0":"post-68292777","1":"product","2":"type-product","3":"status-publish","4":"has-post-thumbnail","6":"product_brand-mishimoto","7":"product_cat-challenger-hellcat-kuehlung","8":"product_cat-charger-hellcat-kuehlung","9":"product_tag-6-2","10":"product_tag-challenger","11":"product_tag-charger","12":"product_tag-dodge","13":"product_tag-dodge-challenger","14":"product_tag-hellcat","15":"product_tag-kuehler","16":"product_tag-kuehlerschlauch","17":"product_tag-kuehlerschlaeuche","18":"product_tag-kuehlsystem","19":"product_tag-mishimoto","20":"product_tag-silikon","21":"product_tag-silikonschlauch","22":"product_tag-silikonschlaeuche","23":"product_shipping_class-deutschlandohne","25":"first","26":"onbackorder","27":"taxable","28":"shipping-taxable","29":"purchasable","30":"product-type-variable"},"bundled_by":[],"bundle_stock_status":"onbackorder","bundle_stock_quantity":0,"bundle_virtual":false,"bundle_layout":"","bundle_add_to_cart_form_location":"","bundle_editable_in_cart":false,"bundle_sold_individually_context":"","bundle_item_grouping":"","bundle_min_size":"","bundle_max_size":"","bundle_price":[],"bundled_items":[],"bundle_sell_ids":[],"exclude_global_add_ons":[],"addons":[],"acf":[],"_links":{"self":[{"href":"https:\/\/kraftwerk-shop.cc\/cs\/wp-json\/wp\/v2\/product\/68292777","targetHints":{"allow":["GET"]}}],"collection":[{"href":"https:\/\/kraftwerk-shop.cc\/cs\/wp-json\/wp\/v2\/product"}],"about":[{"href":"https:\/\/kraftwerk-shop.cc\/cs\/wp-json\/wp\/v2\/types\/product"}],"replies":[{"embeddable":true,"href":"https:\/\/kraftwerk-shop.cc\/cs\/wp-json\/wp\/v2\/comments?post=68292777"}],"version-history":[{"count":0,"href":"https:\/\/kraftwerk-shop.cc\/cs\/wp-json\/wp\/v2\/product\/68292777\/revisions"}],"wp:featuredmedia":[{"embeddable":true,"href":"https:\/\/kraftwerk-shop.cc\/cs\/wp-json\/wp\/v2\/media\/68292794"}],"wp:attachment":[{"href":"https:\/\/kraftwerk-shop.cc\/cs\/wp-json\/wp\/v2\/media?parent=68292777"}],"wp:term":[{"taxonomy":"product_brand","embeddable":true,"href":"https:\/\/kraftwerk-shop.cc\/cs\/wp-json\/wp\/v2\/product_brand?post=68292777"},{"taxonomy":"product_cat","embeddable":true,"href":"https:\/\/kraftwerk-shop.cc\/cs\/wp-json\/wp\/v2\/product_cat?post=68292777"},{"taxonomy":"product_tag","embeddable":true,"href":"https:\/\/kraftwerk-shop.cc\/cs\/wp-json\/wp\/v2\/product_tag?post=68292777"}],"curies":[{"name":"wp","href":"https:\/\/api.w.org\/{rel}","templated":true}]}}