{"id":68292803,"date":"2023-09-24T15:50:54","date_gmt":"2023-09-24T13:50:54","guid":{"rendered":"https:\/\/kraftwerk-shop.cc\/?post_type=product&#038;p=68292803"},"modified":"2026-02-15T01:06:44","modified_gmt":"2026-02-15T00:06:44","slug":"mishimoto-hadice-chladice-300c-challenger-charger-57","status":"publish","type":"product","link":"https:\/\/kraftwerk-shop.cc\/cs\/produkt\/mishimoto-kuehlerschlauch-300c-challenger-charger-57\/","title":{"rendered":"Sada silikonov\u00fdch hadic chladi\u010de Mishimoto pro 300C, Challenger a Charger 5.7"},"content":{"rendered":"<h1>Sada silikonov\u00fdch hadic chladi\u010de Mishimoto pro Chrysler 300C, Dodge Challenger a Charger 5.7<\/h1>\n<p>&nbsp;<\/p>\n<p>Hadice chladi\u010de Mishimoto jsou vyrobeny z kombinace vysoce kvalitn\u00edho silikonu a tepeln\u011b odoln\u00fdch vlo\u017een\u00fdch vl\u00e1ken jako vysoce kvalitn\u00ed n\u00e1hradn\u00ed sada za va\u0161e gumov\u00e9 hadice OEM.<br \/>\nSilikonov\u00e9 hadice Mishimoto jsou k dispozici v \u010dern\u00e9, modr\u00e9 nebo \u010derven\u00e9 barv\u011b, maj\u00ed origin\u00e1ln\u00ed tvar a nab\u00edzej\u00ed zv\u00fd\u0161enou toleranci tlaku.<\/p>\n<p>&nbsp;<\/p>\n<ul>\n<li>P\u0159\u00edm\u00e1 mont\u00e1\u017e pro Chrysler 300C, Dodge Challenger a Charger 5.7<\/li>\n<li>Vyrobeno z p\u011bti vrstev silikonu s vlo\u017een\u00fdmi tepeln\u011b odoln\u00fdmi vl\u00e1kny.<\/li>\n<li>Lep\u0161\u00ed odolnost v\u016f\u010di teplu a tlaku<\/li>\n<li>V\u010detn\u011b horn\u00ed a doln\u00ed hadice chladi\u010de<\/li>\n<li>Obsahuje vysoce kvalitn\u00ed hadicov\u00e9 svorky pro snadnou instalaci<\/li>\n<\/ul>\n<p>&nbsp;<\/p>\n<p><strong>Vhodn\u00e9 pro:<\/strong><\/p>\n<table width=\"674\">\n<tbody>\n<tr>\n<td width=\"64\"><strong>Rok v\u00fdstavby<\/strong><\/td>\n<td width=\"83\"><strong>Zna\u010dka<\/strong><\/td>\n<td width=\"146\"><strong>Model<\/strong><\/td>\n<td width=\"246\"><strong>Verze<\/strong><\/td>\n<td width=\"135\"><strong>Motor<\/strong><\/td>\n<\/tr>\n<tr>\n<td width=\"64\">2023<\/td>\n<td width=\"83\">Chrysler<\/td>\n<td width=\"146\">300<\/td>\n<td width=\"246\">S<\/td>\n<td width=\"135\">5.7L<\/td>\n<\/tr>\n<tr>\n<td width=\"64\">2023<\/td>\n<td width=\"83\">Dodge<\/td>\n<td width=\"146\">Challenger<\/td>\n<td width=\"246\">R\/T<\/td>\n<td width=\"135\">5.7L<\/td>\n<\/tr>\n<tr>\n<td width=\"64\">2023<\/td>\n<td width=\"83\">Dodge<\/td>\n<td width=\"146\">Charger<\/td>\n<td width=\"246\">Pursuit, R\/T<\/td>\n<td width=\"135\">5.7L<\/td>\n<\/tr>\n<tr>\n<td width=\"64\">2022<\/td>\n<td width=\"83\">Chrysler<\/td>\n<td width=\"146\">300<\/td>\n<td width=\"246\">S<\/td>\n<td width=\"135\">5.7L<\/td>\n<\/tr>\n<tr>\n<td width=\"64\">2022<\/td>\n<td width=\"83\">Dodge<\/td>\n<td width=\"146\">Challenger<\/td>\n<td width=\"246\">R\/T<\/td>\n<td width=\"135\">5.7L<\/td>\n<\/tr>\n<tr>\n<td width=\"64\">2022<\/td>\n<td width=\"83\">Dodge<\/td>\n<td width=\"146\">Charger<\/td>\n<td width=\"246\">R\/T<\/td>\n<td width=\"135\">5.7L<\/td>\n<\/tr>\n<tr>\n<td width=\"64\">2021<\/td>\n<td width=\"83\">Chrysler<\/td>\n<td width=\"146\">300<\/td>\n<td width=\"246\">S<\/td>\n<td width=\"135\">5.7L<\/td>\n<\/tr>\n<tr>\n<td width=\"64\">2021<\/td>\n<td width=\"83\">Dodge<\/td>\n<td width=\"146\">Challenger<\/td>\n<td width=\"246\">R\/T<\/td>\n<td width=\"135\">5.7L<\/td>\n<\/tr>\n<tr>\n<td width=\"64\">2021<\/td>\n<td width=\"83\">Dodge<\/td>\n<td width=\"146\">Charger<\/td>\n<td width=\"246\">R\/T<\/td>\n<td width=\"135\">5.7L<\/td>\n<\/tr>\n<tr>\n<td width=\"64\">2020<\/td>\n<td width=\"83\">Chrysler<\/td>\n<td width=\"146\">300<\/td>\n<td width=\"246\">C, S<\/td>\n<td width=\"135\">5.7L<\/td>\n<\/tr>\n<tr>\n<td width=\"64\">2020<\/td>\n<td width=\"83\">Dodge<\/td>\n<td width=\"146\">Challenger<\/td>\n<td width=\"246\">R\/T<\/td>\n<td width=\"135\">5.7L<\/td>\n<\/tr>\n<tr>\n<td width=\"64\">2020<\/td>\n<td width=\"83\">Dodge<\/td>\n<td width=\"146\">Charger<\/td>\n<td width=\"246\">Pursuit, R\/T<\/td>\n<td width=\"135\">5.7L<\/td>\n<\/tr>\n<tr>\n<td width=\"64\">2019<\/td>\n<td width=\"83\">Chrysler<\/td>\n<td width=\"146\">300<\/td>\n<td width=\"246\">C, S<\/td>\n<td width=\"135\">5.7L<\/td>\n<\/tr>\n<tr>\n<td width=\"64\">2019<\/td>\n<td width=\"83\">Dodge<\/td>\n<td width=\"146\">Challenger<\/td>\n<td width=\"246\">R\/T<\/td>\n<td width=\"135\">5.7L<\/td>\n<\/tr>\n<tr>\n<td width=\"64\">2019<\/td>\n<td width=\"83\">Dodge<\/td>\n<td width=\"146\">Charger<\/td>\n<td width=\"246\">Pursuit, R\/T<\/td>\n<td width=\"135\">5.7L<\/td>\n<\/tr>\n<tr>\n<td width=\"64\">2018<\/td>\n<td width=\"83\">Chrysler<\/td>\n<td width=\"146\">300<\/td>\n<td width=\"246\">C, S<\/td>\n<td width=\"135\">5.7L<\/td>\n<\/tr>\n<tr>\n<td width=\"64\">2018<\/td>\n<td width=\"83\">Dodge<\/td>\n<td width=\"146\">Challenger<\/td>\n<td width=\"246\">R\/T, T\/A<\/td>\n<td width=\"135\">5.7L<\/td>\n<\/tr>\n<tr>\n<td width=\"64\">2018<\/td>\n<td width=\"83\">Dodge<\/td>\n<td width=\"146\">Charger<\/td>\n<td width=\"246\">Daytona, Pursuit, R\/T<\/td>\n<td width=\"135\">5.7L<\/td>\n<\/tr>\n<tr>\n<td width=\"64\">2017<\/td>\n<td width=\"83\">Chrysler<\/td>\n<td width=\"146\">300<\/td>\n<td width=\"246\">C, C Platinum, S<\/td>\n<td width=\"135\">5.7L<\/td>\n<\/tr>\n<tr>\n<td width=\"64\">2017<\/td>\n<td width=\"83\">Dodge<\/td>\n<td width=\"146\">Challenger<\/td>\n<td width=\"246\">R\/T, T\/A<\/td>\n<td width=\"135\">5.7L<\/td>\n<\/tr>\n<tr>\n<td width=\"64\">2017<\/td>\n<td width=\"83\">Dodge<\/td>\n<td width=\"146\">Charger<\/td>\n<td width=\"246\">Daytona, Pursuit, R\/T<\/td>\n<td width=\"135\">5.7L<\/td>\n<\/tr>\n<tr>\n<td width=\"64\">2016<\/td>\n<td width=\"83\">Chrysler<\/td>\n<td width=\"146\">300<\/td>\n<td width=\"246\">C, C Platinum, S<\/td>\n<td width=\"135\">5.7L<\/td>\n<\/tr>\n<tr>\n<td width=\"64\">2016<\/td>\n<td width=\"83\">Dodge<\/td>\n<td width=\"146\">Challenger<\/td>\n<td width=\"246\">R\/T, R\/T Plus, R\/T Plus Shaker, R\/T Shaker<\/td>\n<td width=\"135\">5.7L<\/td>\n<\/tr>\n<tr>\n<td width=\"64\">2016<\/td>\n<td width=\"83\">Dodge<\/td>\n<td width=\"146\">Charger<\/td>\n<td width=\"246\">Pursuit, R\/T, R\/T Road &amp; Track<\/td>\n<td width=\"135\">5.7L<\/td>\n<\/tr>\n<tr>\n<td width=\"64\">2015<\/td>\n<td width=\"83\">Chrysler<\/td>\n<td width=\"146\">300<\/td>\n<td width=\"246\">C, C Platinum, S<\/td>\n<td width=\"135\">5.7L<\/td>\n<\/tr>\n<tr>\n<td width=\"64\">2015<\/td>\n<td width=\"83\">Dodge<\/td>\n<td width=\"146\">Challenger<\/td>\n<td width=\"246\">R\/T, R\/T Plus<\/td>\n<td width=\"135\">5.7L<\/td>\n<\/tr>\n<tr>\n<td width=\"64\">2015<\/td>\n<td width=\"83\">Dodge<\/td>\n<td width=\"146\">Charger<\/td>\n<td width=\"246\">Pursuit, R\/T, R\/T Road &amp; Track<\/td>\n<td width=\"135\">5.7L<\/td>\n<\/tr>\n<tr>\n<td width=\"64\">2014<\/td>\n<td width=\"83\">Chrysler<\/td>\n<td width=\"146\">300<\/td>\n<td width=\"246\">C, C Luxury, S<\/td>\n<td width=\"135\">5.7L<\/td>\n<\/tr>\n<tr>\n<td width=\"64\">2014<\/td>\n<td width=\"83\">Dodge<\/td>\n<td width=\"146\">Challenger<\/td>\n<td width=\"246\">R\/T<\/td>\n<td width=\"135\">5.7L<\/td>\n<\/tr>\n<tr>\n<td width=\"64\">2014<\/td>\n<td width=\"83\">Dodge<\/td>\n<td width=\"146\">Charger<\/td>\n<td width=\"246\">Pursuit, R\/T<\/td>\n<td width=\"135\">5.7L<\/td>\n<\/tr>\n<tr>\n<td width=\"64\">2013<\/td>\n<td width=\"83\">Chrysler<\/td>\n<td width=\"146\">300<\/td>\n<td width=\"246\">C, C Luxury, S<\/td>\n<td width=\"135\">5.7L<\/td>\n<\/tr>\n<tr>\n<td width=\"64\">2013<\/td>\n<td width=\"83\">Dodge<\/td>\n<td width=\"146\">Challenger<\/td>\n<td width=\"246\">R\/T<\/td>\n<td width=\"135\">5.7L<\/td>\n<\/tr>\n<tr>\n<td width=\"64\">2013<\/td>\n<td width=\"83\">Dodge<\/td>\n<td width=\"146\">Charger<\/td>\n<td width=\"246\">Pursuit, R\/T, SE<\/td>\n<td width=\"135\">5.7L<\/td>\n<\/tr>\n<tr>\n<td width=\"64\">2012<\/td>\n<td width=\"83\">Chrysler<\/td>\n<td width=\"146\">300<\/td>\n<td width=\"246\">C, C Luxury, S<\/td>\n<td width=\"135\">5.7L<\/td>\n<\/tr>\n<tr>\n<td width=\"64\">2012<\/td>\n<td width=\"83\">Dodge<\/td>\n<td width=\"146\">Challenger<\/td>\n<td width=\"246\">R\/T, R\/T Classic<\/td>\n<td width=\"135\">5.7L<\/td>\n<\/tr>\n<tr>\n<td width=\"64\">2012<\/td>\n<td width=\"83\">Dodge<\/td>\n<td width=\"146\">Charger<\/td>\n<td width=\"246\">Pursuit, R\/T, SE<\/td>\n<td width=\"135\">5.7L<\/td>\n<\/tr>\n<tr>\n<td width=\"64\">2011<\/td>\n<td width=\"83\">Chrysler<\/td>\n<td width=\"146\">300<\/td>\n<td width=\"246\">C<\/td>\n<td width=\"135\">5.7L<\/td>\n<\/tr>\n<tr>\n<td width=\"64\">2011<\/td>\n<td width=\"83\">Dodge<\/td>\n<td width=\"146\">Challenger<\/td>\n<td width=\"246\">R\/T<\/td>\n<td width=\"135\">5.7L<\/td>\n<\/tr>\n<tr>\n<td width=\"64\">2011<\/td>\n<td width=\"83\">Dodge<\/td>\n<td width=\"146\">Charger<\/td>\n<td width=\"246\">Pursuit, R\/T, SE<\/td>\n<td width=\"135\">5.7L<\/td>\n<\/tr>\n<tr>\n<td width=\"64\">2010<\/td>\n<td width=\"83\">Chrysler<\/td>\n<td width=\"146\">300<\/td>\n<td width=\"246\">C, S<\/td>\n<td width=\"135\">5.7L<\/td>\n<\/tr>\n<tr>\n<td width=\"64\">2010<\/td>\n<td width=\"83\">Dodge<\/td>\n<td width=\"146\">Challenger<\/td>\n<td width=\"246\">R\/T<\/td>\n<td width=\"135\">5.7L<\/td>\n<\/tr>\n<tr>\n<td width=\"64\">2010<\/td>\n<td width=\"83\">Dodge<\/td>\n<td width=\"146\">Charger<\/td>\n<td width=\"246\">Pursuit, R\/T, SE<\/td>\n<td width=\"135\">5.7L<\/td>\n<\/tr>\n<tr>\n<td width=\"64\">2009<\/td>\n<td width=\"83\">Chrysler<\/td>\n<td width=\"146\">300<\/td>\n<td width=\"246\">C<\/td>\n<td width=\"135\">5.7L<\/td>\n<\/tr>\n<tr>\n<td width=\"64\">2009<\/td>\n<td width=\"83\">Dodge<\/td>\n<td width=\"146\">Challenger<\/td>\n<td width=\"246\">R\/T<\/td>\n<td width=\"135\">5.7L<\/td>\n<\/tr>\n<tr>\n<td width=\"64\">2009<\/td>\n<td width=\"83\">Dodge<\/td>\n<td width=\"146\">Charger<\/td>\n<td width=\"246\">Pursuit, R\/T, SE<\/td>\n<td width=\"135\">5.7L<\/td>\n<\/tr>\n<\/tbody>\n<\/table>","protected":false},"excerpt":{"rendered":"<p>2009\u20132023<\/p>","protected":false},"featured_media":68292824,"comment_status":"open","ping_status":"closed","template":"","meta":{"_acf_changed":false},"product_brand":[18924],"product_cat":[2549,4981,2530,2537,5160],"product_tag":[52,91,54,53,6351,49,3853,405,6349,6350,2374,274,561,562,6348],"class_list":{"0":"post-68292803","1":"product","2":"type-product","3":"status-publish","4":"has-post-thumbnail","6":"product_brand-mishimoto","7":"product_cat-300c-57-2005-2010-kuehlung","8":"product_cat-300c-57-2011-2023-kuehlung","9":"product_cat-challenger-57-kuehlung","10":"product_cat-charger-57-kuehlung","11":"product_cat-charger-57-2011-2023-kuehlung","12":"product_tag-300c","13":"product_tag-5-7","14":"product_tag-challenger","15":"product_tag-charger","16":"product_tag-chryser","17":"product_tag-dodge","18":"product_tag-dodge-challenger","19":"product_tag-kuehler","20":"product_tag-kuehlerschlauch","21":"product_tag-kuehlerschlaeuche","22":"product_tag-kuehlsystem","23":"product_tag-mishimoto","24":"product_tag-silikon","25":"product_tag-silikonschlauch","26":"product_tag-silikonschlaeuche","27":"product_shipping_class-deutschlandohne","29":"first","30":"onbackorder","31":"taxable","32":"shipping-taxable","33":"purchasable","34":"product-type-variable"},"bundled_by":[],"bundle_stock_status":"onbackorder","bundle_stock_quantity":0,"bundle_virtual":false,"bundle_layout":"","bundle_add_to_cart_form_location":"","bundle_editable_in_cart":false,"bundle_sold_individually_context":"","bundle_item_grouping":"","bundle_min_size":"","bundle_max_size":"","bundle_price":[],"bundled_items":[],"bundle_sell_ids":[],"exclude_global_add_ons":[],"addons":[],"acf":[],"_links":{"self":[{"href":"https:\/\/kraftwerk-shop.cc\/cs\/wp-json\/wp\/v2\/product\/68292803","targetHints":{"allow":["GET"]}}],"collection":[{"href":"https:\/\/kraftwerk-shop.cc\/cs\/wp-json\/wp\/v2\/product"}],"about":[{"href":"https:\/\/kraftwerk-shop.cc\/cs\/wp-json\/wp\/v2\/types\/product"}],"replies":[{"embeddable":true,"href":"https:\/\/kraftwerk-shop.cc\/cs\/wp-json\/wp\/v2\/comments?post=68292803"}],"version-history":[{"count":0,"href":"https:\/\/kraftwerk-shop.cc\/cs\/wp-json\/wp\/v2\/product\/68292803\/revisions"}],"wp:featuredmedia":[{"embeddable":true,"href":"https:\/\/kraftwerk-shop.cc\/cs\/wp-json\/wp\/v2\/media\/68292824"}],"wp:attachment":[{"href":"https:\/\/kraftwerk-shop.cc\/cs\/wp-json\/wp\/v2\/media?parent=68292803"}],"wp:term":[{"taxonomy":"product_brand","embeddable":true,"href":"https:\/\/kraftwerk-shop.cc\/cs\/wp-json\/wp\/v2\/product_brand?post=68292803"},{"taxonomy":"product_cat","embeddable":true,"href":"https:\/\/kraftwerk-shop.cc\/cs\/wp-json\/wp\/v2\/product_cat?post=68292803"},{"taxonomy":"product_tag","embeddable":true,"href":"https:\/\/kraftwerk-shop.cc\/cs\/wp-json\/wp\/v2\/product_tag?post=68292803"}],"curies":[{"name":"wp","href":"https:\/\/api.w.org\/{rel}","templated":true}]}}