{"id":68292892,"date":"2023-09-26T13:40:53","date_gmt":"2023-09-26T11:40:53","guid":{"rendered":"https:\/\/kraftwerk-shop.cc\/?post_type=product&#038;p=68292892"},"modified":"2026-02-15T01:06:46","modified_gmt":"2026-02-15T00:06:46","slug":"borla-140745-vyfukovy-system-ford-mustang","status":"publish","type":"product","link":"https:\/\/kraftwerk-shop.cc\/cs\/produkt\/borla-140745-auspuffanlage-ford-mustang\/","title":{"rendered":"V\u00fdfukov\u00fd syst\u00e9m BORLA S-Type pro Ford Mustang Bullitt \/ GT 5.0"},"content":{"rendered":"<h1>BORLA S-Type High Performance v\u00fdfukov\u00fd syst\u00e9m pro Ford Mustang Bullitt \/ GT 5.0 model 2018 - 2023<\/h1>\n<p>Hlubok\u00fd, siln\u00fd zvuk je hlasit\u011bj\u0161\u00ed ne\u017e u standardn\u00edho v\u00fdfukov\u00e9ho syst\u00e9mu Fordu Mustang a zd\u016fraz\u0148uje charakter jeho motoru.<br \/>\nA\u010dkoli to nen\u00ed povoleno, zvuk nen\u00ed tak hlasit\u00fd, aby mohl zp\u016fsobit probl\u00e9my.<\/p>\n<p><strong>V\u00fdfukov\u00fd syst\u00e9m S-Type je prost\u0159edn\u00ed ze t\u0159\u00ed zvukov\u00fdch variant Borla.<\/strong><\/p>\n<p>P\u0159i v\u00fdvoji tohoto v\u00fdfukov\u00e9ho syst\u00e9mu byl na prvn\u00edm m\u00edst\u011b plynodynamick\u00fd a aerodynamick\u00fd design, n\u00e1sledovan\u00fd zvukovou technikou.<br \/>\nD\u00edky tomuto propracovan\u00e9mu p\u0159\u00edstupu, kter\u00fd se v pr\u016fmyslu uplat\u0148uje jen z\u0159\u00eddka, nejsou v\u00fdkon a to\u010div\u00fd moment ob\u011btov\u00e1ny zvuku, ale jsou vz\u00e1jemn\u011b slad\u011bny.<\/p>\n<p>To je zvl\u00e1\u0161tn\u00ed \u00fasp\u011bch spole\u010dnosti Borla. Ne v\u017edy je na prvn\u00ed pohled rozpoznateln\u00fd - ale pr\u00e1v\u011b to je velk\u00fd rozd\u00edl mezi pr\u016fm\u011brnost\u00ed a technickou brilantnost\u00ed.<\/p>\n<p>U mnoha jin\u00fdch v\u00fdfukov\u00fdch syst\u00e9m\u016f jsou n\u00e1klady na v\u00fdvoj n\u00edzk\u00e9 a pozornost je v\u011bnov\u00e1na pouze zvuku. V\u00fdsledkem je, \u017ee tyto syst\u00e9my \u010dasto zn\u011bj\u00ed dob\u0159e, ale maj\u00ed za n\u00e1sledek ztr\u00e1tu v\u00fdkonu, a proto si ve skute\u010dnosti nezaslou\u017e\u00ed ozna\u010den\u00ed \"sportovn\u00ed v\u00fdfuk\".<\/p>\n<p>Toho byste si m\u011bli b\u00fdt v\u011bdomi. S t\u011bmito znalostmi se m\u016f\u017eete informovan\u011b rozhodnout pro nebo proti konkr\u00e9tn\u00edmu sportovn\u00edmu v\u00fdfukov\u00e9mu syst\u00e9mu.<\/p>\n<p>Sportovn\u00ed v\u00fdfukov\u00e9 syst\u00e9my Borla jsou vyr\u00e1b\u011bny z vysoce legovan\u00e9 nerezov\u00e9 oceli \u0159ady T304 podle americk\u00e9 normy AISI.<\/p>\n<p>&nbsp;<\/p>\n<p>V\u00fdfukov\u00fd syst\u00e9m Borla 140745 S-Type cat-back je vhodn\u00fd pro n\u00e1sleduj\u00edc\u00ed modely BEZ aktivn\u00ed klapky v\u00fdfuku:<\/p>\n<table width=\"449\">\n<tbody>\n<tr>\n<td width=\"115\"><strong>Zna\u010dka<\/strong><\/td>\n<td width=\"145\"><strong>Model<\/strong><\/td>\n<td width=\"106\">Motor<\/td>\n<td width=\"83\"><strong>Rok v\u00fdstavby<\/strong><\/td>\n<\/tr>\n<tr>\n<td>Ford<\/td>\n<td>Mustang GT (bez kabrioletu)<\/td>\n<td>5.0<\/td>\n<td>2018\u20132023<\/td>\n<\/tr>\n<tr>\n<td>Ford<\/td>\n<td>Mustang Bullitt (bez kabrioletu)<\/td>\n<td>5.0<\/td>\n<td>2019\u20132020<\/td>\n<\/tr>\n<\/tbody>\n<\/table>\n<p>&nbsp;<\/p>\n<p><iframe loading=\"lazy\" title=\"Sportovn\u00ed v\u00fdfuk Borla #140745 Touring \/ #140746 ATAK Ford Mustang GT 5.0\" src=\"https:\/\/www.youtube.com\/embed\/T8prJJXXhE0\" width=\"882\" height=\"496\" frameborder=\"0\" allowfullscreen=\"allowfullscreen\"><\/iframe><\/p>","protected":false},"excerpt":{"rendered":"<p>2018\u20132023<\/p>","protected":false},"featured_media":68293065,"comment_status":"open","ping_status":"closed","template":"","meta":{"_acf_changed":false},"product_brand":[17170],"product_cat":[3024,4033],"product_tag":[6358,252,419,420,2066,2373,4526,4024,4030,1035,1036,546,1037,1032,2443,3954,1047,2210,662,1039,1042,2786,917,784,3962,4029,2934,532,529,20273,2211,1044,3872,1181,1033,1045,1041,547,1034,1038,6356],"class_list":{"0":"post-68292892","1":"product","2":"type-product","3":"status-publish","4":"has-post-thumbnail","6":"product_brand-borla","7":"product_cat-nicht-nach-eu","8":"product_cat-mustang-50-gt-abgasanlage","9":"product_tag-6358","10":"product_tag-252","11":"product_tag-419","12":"product_tag-420","13":"product_tag-2066","14":"product_tag-2373","15":"product_tag-4526","16":"product_tag-3zoll","17":"product_tag-5-0","18":"product_tag-abgasanlage","19":"product_tag-abgassystem","20":"product_tag-auspuff","21":"product_tag-auspuffsystem","22":"product_tag-borla","23":"product_tag-borla-exhaust","24":"product_tag-bullitt","25":"product_tag-cat-back","26":"product_tag-catback","27":"product_tag-edelstahl","28":"product_tag-endschalldaempfer","29":"product_tag-endtopf","30":"product_tag-exhaust","31":"product_tag-ford","32":"product_tag-gt","33":"product_tag-gt-5-0","34":"product_tag-gt5-0","35":"product_tag-harder","36":"product_tag-kat","37":"product_tag-katalysator","38":"product_tag-keintuev","39":"product_tag-klang","40":"product_tag-mittelschalldaempfer","41":"product_tag-mustang","42":"product_tag-race","43":"product_tag-s-type","44":"product_tag-sound","45":"product_tag-sport","46":"product_tag-sportauspuff","47":"product_tag-sportauspuffanlage","48":"product_tag-sportendschalldaempfer","49":"product_tag-stype","50":"product_shipping_class-spedition-1","52":"first","53":"onbackorder","54":"taxable","55":"shipping-taxable","56":"purchasable","57":"product-type-simple"},"bundled_by":[],"bundle_stock_status":"onbackorder","bundle_stock_quantity":0,"bundle_virtual":false,"bundle_layout":"","bundle_add_to_cart_form_location":"","bundle_editable_in_cart":false,"bundle_sold_individually_context":"","bundle_item_grouping":"","bundle_min_size":"","bundle_max_size":"","bundle_price":[],"bundled_items":[],"bundle_sell_ids":[],"exclude_global_add_ons":[],"addons":[],"acf":[],"_links":{"self":[{"href":"https:\/\/kraftwerk-shop.cc\/cs\/wp-json\/wp\/v2\/product\/68292892","targetHints":{"allow":["GET"]}}],"collection":[{"href":"https:\/\/kraftwerk-shop.cc\/cs\/wp-json\/wp\/v2\/product"}],"about":[{"href":"https:\/\/kraftwerk-shop.cc\/cs\/wp-json\/wp\/v2\/types\/product"}],"replies":[{"embeddable":true,"href":"https:\/\/kraftwerk-shop.cc\/cs\/wp-json\/wp\/v2\/comments?post=68292892"}],"version-history":[{"count":0,"href":"https:\/\/kraftwerk-shop.cc\/cs\/wp-json\/wp\/v2\/product\/68292892\/revisions"}],"wp:featuredmedia":[{"embeddable":true,"href":"https:\/\/kraftwerk-shop.cc\/cs\/wp-json\/wp\/v2\/media\/68293065"}],"wp:attachment":[{"href":"https:\/\/kraftwerk-shop.cc\/cs\/wp-json\/wp\/v2\/media?parent=68292892"}],"wp:term":[{"taxonomy":"product_brand","embeddable":true,"href":"https:\/\/kraftwerk-shop.cc\/cs\/wp-json\/wp\/v2\/product_brand?post=68292892"},{"taxonomy":"product_cat","embeddable":true,"href":"https:\/\/kraftwerk-shop.cc\/cs\/wp-json\/wp\/v2\/product_cat?post=68292892"},{"taxonomy":"product_tag","embeddable":true,"href":"https:\/\/kraftwerk-shop.cc\/cs\/wp-json\/wp\/v2\/product_tag?post=68292892"}],"curies":[{"name":"wp","href":"https:\/\/api.w.org\/{rel}","templated":true}]}}