{"id":68293130,"date":"2023-09-30T17:35:56","date_gmt":"2023-09-30T15:35:56","guid":{"rendered":"https:\/\/kraftwerk-shop.cc\/?post_type=product&#038;p=68293130"},"modified":"2026-02-15T01:07:53","modified_gmt":"2026-02-15T00:07:53","slug":"jba-sberne-vyfukove-potrubi-srt-hellcat","status":"publish","type":"product","link":"https:\/\/kraftwerk-shop.cc\/cs\/produkt\/jba-shorty-kruemmer-srt-hellcat\/","title":{"rendered":"Rozd\u011blova\u010d JBA Shorty pro SRT a Hellcat"},"content":{"rendered":"<h1>Rozvodn\u00e9 potrub\u00ed JBA 1-7\/8 Shorty pro Chrysler 300C SRT, Dodge Challenger a Charger SRT a Hellcat<\/h1>\n<p>&nbsp;<\/p>\n<p>Rozd\u011blova\u010de JBA Shorty jsou jedn\u00edm z nejlep\u0161\u00edch v\u00fdkonnostn\u00edch vylep\u0161en\u00ed pro va\u0161e vozidlo.<br \/>\nRozvody JBA Shorty jsou v\u00fdrazn\u011b m\u00e9n\u011b omezuj\u00edc\u00ed ne\u017e standardn\u00ed rozvody ve va\u0161em vozidle a zvy\u0161uj\u00ed v\u00fdkon a \u00fa\u010dinnost motoru.<br \/>\nP\u016fvodn\u00ed kr\u00e1tk\u00fd rozvod od spole\u010dnosti JBA je dal\u0161\u00edm v\u00fdvojem star\u00e9ho dlouh\u00e9ho trubkov\u00e9ho rozvodu.<br \/>\nNov\u00e9 kr\u00e1tk\u00e9 rozvody poskytuj\u00ed vysok\u00fd n\u00e1r\u016fst v\u00fdkonu, kter\u00e9ho ostatn\u00ed v\u00fdrobci dosahuj\u00ed pouze s dlouh\u00fdmi trubkov\u00fdmi rozvody.<br \/>\nJsou vyrobeny z robustn\u00ed nerezov\u00e9 oceli a vydr\u017e\u00ed z\u00e1t\u011b\u017e p\u0159i z\u00e1vod\u011bn\u00ed i ka\u017edodenn\u00ed j\u00edzd\u011b.<\/p>\n<p>D\u00edky vysok\u00e9 nosnosti a inovativn\u00edm technologi\u00edm, jako je nap\u0159\u00edklad rozd\u011blova\u010d JBA Firecone, jsou rozd\u011blova\u010de JBA Shorty schopny vyvinout v\u011bt\u0161\u00ed v\u00fdkon ne\u017e jak\u00fdkoli jin\u00fd rozd\u011blova\u010d Shorty na trhu.<\/p>\n<p>Ka\u017ed\u00fd syst\u00e9m obsahuje vysoce kvalitn\u00ed upev\u0148ovac\u00ed materi\u00e1ly a podrobn\u00e9 pokyny pro profesion\u00e1ln\u00ed instalaci bez \u00fanik\u016f.<\/p>\n<p>&nbsp;<\/p>\n<ul>\n<li style=\"list-style-type: none;\">\n<ul>\n<li>Oh\u00fdban\u00e9 prim\u00e1rn\u00ed trubky z nerezov\u00e9 oceli 1 5\/8\u2033<br \/>\n- nejlep\u0161\u00ed pr\u016ftok, trvanlivost, lep\u0161\u00ed odezva<\/li>\n<li>Inovativn\u00ed sb\u011bra\u010d JBA Firecone<br \/>\n- Z\u00e1vodn\u00ed osv\u011bd\u010den\u00e1 technologie pro maxim\u00e1ln\u00ed zv\u00fd\u0161en\u00ed v\u00fdkonu<\/li>\n<li>P\u0159ipojen\u00ed v tov\u00e1rn\u00edm stylu<br \/>\n- Snadn\u011bj\u0161\u00ed instalace<\/li>\n<li>Extra siln\u00e9 sb\u011brn\u00e9 kopule<br \/>\n- \u017d\u00e1dn\u00e9 deformace jako u rozd\u011blova\u010d\u016f hor\u0161\u00ed kvality, \u017e\u00e1dn\u00e9 net\u011bsnosti.<\/li>\n<li>Odznak JBA<br \/>\n- skute\u010dn\u00e1 kvalita JBA<\/li>\n<li>Obr\u00e1b\u011bn\u00e9 p\u0159\u00edruby o tlou\u0161\u0165ce 3\/8\u2033<br \/>\n- odol\u00e1v\u00e1 deformac\u00edm, zabra\u0148uje \u00fanik\u016fm a usnad\u0148uje instalaci.<\/li>\n<li>Nadm\u011brn\u00e9 v\u00fdfukov\u00e9 otvory<br \/>\n- Zv\u00fd\u0161en\u00fd pr\u016ftok, mo\u017enost nastaven\u00ed otev\u0159en\u00ed hlavy v\u00e1lc\u016f<\/li>\n<li>K dispozici s volitelnou povrchovou \u00fapravou<br \/>\n- Le\u0161t\u011bn\u00e1 kovokeramika, zv\u00fd\u0161en\u00e1 ochrana proti korozi, tepeln\u00e1 bari\u00e9ra pro ni\u017e\u0161\u00ed teploty pod kapotou.<\/li>\n<\/ul>\n<\/li>\n<\/ul>\n<p>&nbsp;<\/p>\n<p><strong>Vhodn\u00e9 pro:<\/strong><\/p>\n<table width=\"437\">\n<tbody>\n<tr>\n<td width=\"83\"><strong>Zna\u010dka<\/strong><\/td>\n<td width=\"122\"><strong>Model<\/strong><\/td>\n<td width=\"136\"><strong>Motor<\/strong><\/td>\n<td width=\"96\"><strong>Rok v\u00fdstavby<\/strong><\/td>\n<\/tr>\n<tr>\n<td width=\"83\">Chrysler<\/td>\n<td width=\"122\">300C<\/td>\n<td>6.4<\/td>\n<td width=\"96\">2012\u20132023<\/td>\n<\/tr>\n<tr>\n<td width=\"83\">Dodge<\/td>\n<td width=\"122\">Challenger<\/td>\n<td width=\"136\">6.2 Hellcat<\/td>\n<td width=\"96\">2015\u20132023<\/td>\n<\/tr>\n<tr>\n<td width=\"83\">Dodge<\/td>\n<td width=\"122\">Challenger<\/td>\n<td>6.4<\/td>\n<td width=\"96\">2011\u20132023<\/td>\n<\/tr>\n<tr>\n<td width=\"83\">Dodge<\/td>\n<td width=\"122\">Charger<\/td>\n<td width=\"136\">6.2 Hellcat<\/td>\n<td width=\"96\">2015\u20132023<\/td>\n<\/tr>\n<tr>\n<td width=\"83\">Dodge<\/td>\n<td width=\"122\">Charger<\/td>\n<td>6.4<\/td>\n<td width=\"96\">2011\u20132023<\/td>\n<\/tr>\n<\/tbody>\n<\/table>\n<p>&nbsp;<\/p>","protected":false},"excerpt":{"rendered":"<p>2011\u20132023<\/p>","protected":false},"featured_media":68292772,"comment_status":"open","ping_status":"closed","template":"","meta":{"_acf_changed":false},"product_brand":[17175],"product_cat":[6583,6594,6521,6597,6559],"product_tag":[6347,3624,52,217,101,93,1035,546,3626,54,53,48,536,49,3853,3854,692,543,549,100,126,3625,3630,532,20273,550,34,186,3369,3368,3340,3055,547,96],"class_list":{"0":"post-68293130","1":"product","2":"type-product","3":"status-publish","4":"has-post-thumbnail","6":"product_brand-jba","7":"product_cat-300c-64-abgaskruemmer-katalysatoren","8":"product_cat-challenger-hellcat-abgaskruemmer-katalysatoren","9":"product_cat-challenger-64-abgaskruemmer-katalysatoren","10":"product_cat-charger-hellcat-abgaskruemmer-katalysatoren","11":"product_cat-charger-64-abgaskruemmer-katalysatoren","12":"product_tag-1968s","13":"product_tag-1968sjs","14":"product_tag-300c","15":"product_tag-217","16":"product_tag-6-2","17":"product_tag-6-4","18":"product_tag-abgasanlage","19":"product_tag-auspuff","20":"product_tag-cat4ward","21":"product_tag-challenger","22":"product_tag-charger","23":"product_tag-chrysler","24":"product_tag-chrysler-300c","25":"product_tag-dodge","26":"product_tag-dodge-challenger","27":"product_tag-dodge-charger","28":"product_tag-ersatzteil","29":"product_tag-faecherkruemmer","30":"product_tag-header","31":"product_tag-hellcat","32":"product_tag-hemi","33":"product_tag-jba","34":"product_tag-jbaperformance","35":"product_tag-kat","36":"product_tag-keintuev","37":"product_tag-kruemmer","38":"product_tag-original","39":"product_tag-performance","40":"product_tag-short-tube","41":"product_tag-shorties","42":"product_tag-shorty","43":"product_tag-sportabgasanlage","44":"product_tag-sportauspuff","45":"product_tag-srt","46":"product_shipping_class-paket-l","48":"first","49":"onbackorder","50":"taxable","51":"shipping-taxable","52":"purchasable","53":"product-type-variable"},"bundled_by":[],"bundle_stock_status":"onbackorder","bundle_stock_quantity":0,"bundle_virtual":false,"bundle_layout":"","bundle_add_to_cart_form_location":"","bundle_editable_in_cart":false,"bundle_sold_individually_context":"","bundle_item_grouping":"","bundle_min_size":"","bundle_max_size":"","bundle_price":[],"bundled_items":[],"bundle_sell_ids":[],"exclude_global_add_ons":[],"addons":[],"acf":[],"_links":{"self":[{"href":"https:\/\/kraftwerk-shop.cc\/cs\/wp-json\/wp\/v2\/product\/68293130","targetHints":{"allow":["GET"]}}],"collection":[{"href":"https:\/\/kraftwerk-shop.cc\/cs\/wp-json\/wp\/v2\/product"}],"about":[{"href":"https:\/\/kraftwerk-shop.cc\/cs\/wp-json\/wp\/v2\/types\/product"}],"replies":[{"embeddable":true,"href":"https:\/\/kraftwerk-shop.cc\/cs\/wp-json\/wp\/v2\/comments?post=68293130"}],"version-history":[{"count":0,"href":"https:\/\/kraftwerk-shop.cc\/cs\/wp-json\/wp\/v2\/product\/68293130\/revisions"}],"wp:featuredmedia":[{"embeddable":true,"href":"https:\/\/kraftwerk-shop.cc\/cs\/wp-json\/wp\/v2\/media\/68292772"}],"wp:attachment":[{"href":"https:\/\/kraftwerk-shop.cc\/cs\/wp-json\/wp\/v2\/media?parent=68293130"}],"wp:term":[{"taxonomy":"product_brand","embeddable":true,"href":"https:\/\/kraftwerk-shop.cc\/cs\/wp-json\/wp\/v2\/product_brand?post=68293130"},{"taxonomy":"product_cat","embeddable":true,"href":"https:\/\/kraftwerk-shop.cc\/cs\/wp-json\/wp\/v2\/product_cat?post=68293130"},{"taxonomy":"product_tag","embeddable":true,"href":"https:\/\/kraftwerk-shop.cc\/cs\/wp-json\/wp\/v2\/product_tag?post=68293130"}],"curies":[{"name":"wp","href":"https:\/\/api.w.org\/{rel}","templated":true}]}}