{"id":68293174,"date":"2023-10-01T16:02:30","date_gmt":"2023-10-01T14:02:30","guid":{"rendered":"https:\/\/kraftwerk-shop.cc\/?post_type=product&#038;p=68293174"},"modified":"2026-03-13T14:21:27","modified_gmt":"2026-03-13T13:21:27","slug":"bmr-vyztuha-vzper-dodge-challenger-charger-predni","status":"publish","type":"product","link":"https:\/\/kraftwerk-shop.cc\/cs\/produkt\/bmr-domstrebe-dodge-challenger-charger-vorne\/","title":{"rendered":"Vzp\u011bry BMR Dodge Challenger &amp; Charger (p\u0159edn\u00ed)"},"content":{"rendered":"<h1>Vzp\u011bra vzp\u011br BMR STB110 (p\u0159edn\u00ed) pro Dodge Challenger a Charger<\/h1>\n<p>&nbsp;<\/p>\n<p>Podvozek voz\u016f Dodge Challenger a Charger se v\u00fdrazn\u011b krout\u00ed, a to i p\u0159i n\u00edzk\u00e9m zat\u00ed\u017een\u00ed.<br \/>\nVzp\u011bry BMR jsou vyrobeny z odoln\u00fdch trubek a laserem \u0159ezan\u00fdch ocelov\u00fdch pl\u00e1t\u016f, kter\u00e9 zpev\u0148uj\u00ed r\u00e1m a podvozek.<br \/>\nTato dvoubodov\u00e1 konstrukce pevn\u011b spojuje vzp\u011bry p\u0159edn\u00edho zav\u011b\u0161en\u00ed a zaji\u0161\u0165uje v\u011bt\u0161\u00ed stabilitu cel\u00e9 p\u0159edn\u00ed \u010d\u00e1sti karoserie a zav\u011b\u0161en\u00ed.<br \/>\nVzp\u011bra vzp\u011bry BMR STB110 je p\u0159i\u0161roubov\u00e1na k modelu 100%. To znamen\u00e1, \u017ee ji lze snadno namontovat pomoc\u00ed jednoduch\u00e9ho ru\u010dn\u00edho n\u00e1\u0159ad\u00ed a nen\u00ed nutn\u00e9 ji sva\u0159ovat.<\/p>\n<p>&nbsp;<\/p>\n<ul>\n<li>Pln\u011b sva\u0159eno metodou MIG<\/li>\n<li>V\u010detn\u011b v\u0161ech pot\u0159ebn\u00fdch dr\u017e\u00e1k\u016f a hardwaru<\/li>\n<li>Vyvinuto pro pouli\u010dn\u00ed v\u00fdkony, z\u00e1vody drag race a manipula\u010dn\u00ed aplikace<\/li>\n<li>Osv\u011bd\u010den\u00e1, vynikaj\u00edc\u00ed trvanlivost a kvalita<\/li>\n<li>Vyrobeno s d\u016frazem na nejlep\u0161\u00ed materi\u00e1ly a kvalitu<\/li>\n<li>K dispozici v \u010derven\u00e9 a \u010dern\u00e9 barv\u011b<\/li>\n<\/ul>\n<p>&nbsp;<\/p>\n<p><strong>Vhodn\u00e9 pro:<\/strong><\/p>\n<p>2008 - 2023 Dodge Challenger<br \/>\n2015 - 2023 Dodge Charger<\/p>\n<p>&nbsp;<\/p>\n<p><strong>Pozn\u00e1mky:<\/strong><\/p>\n<ul>\n<li>Nehod\u00ed se pro vozidla Hellcat, Shaker, T\/A a V6.<\/li>\n<li>Vhodn\u00e9 pouze pro vozidla 5.7 R\/T s odstran\u011bn\u00fdm krytem motoru<\/li>\n<li>U n\u011bkter\u00fdch model\u016f Challenger a Charger 2021\/ 2022\/ 2023 se objevuj\u00ed probl\u00e9my se vzd\u00e1lenost\u00ed mezi veden\u00edm EVAP vedouc\u00edm do sac\u00edho traktu a STB110. Po instalaci se ujist\u011bte, \u017ee je v uveden\u00e9 oblasti dostatek m\u00edsta.<\/li>\n<li>Nehod\u00ed se pro dodate\u010dn\u011b instalovan\u00e9 kompresorov\u00e9 syst\u00e9my<\/li>\n<\/ul>","protected":false},"excerpt":{"rendered":"<p>2008\u20132023<\/p>","protected":false},"featured_media":68293179,"comment_status":"open","ping_status":"closed","template":"","meta":{"_acf_changed":false},"product_brand":[],"product_cat":[1676,1700,5156,1635],"product_tag":[169,91,101,93,3760,54,53,49,3853,6366,743,100,126,222,783,6360,151,787,782,6364,96,767,769,3891,6365,3850,6361,841],"class_list":{"0":"post-68293174","1":"product","2":"type-product","3":"status-publish","4":"has-post-thumbnail","6":"product_cat-challenger-57-fahrwerk","7":"product_cat-challenger-64-fahrwerk","8":"product_cat-charger-57-2011-2023-fahrwerk","9":"product_cat-charger-64-fahrwerk","10":"product_tag-3-6","11":"product_tag-5-7","12":"product_tag-6-2","13":"product_tag-6-4","14":"product_tag-bmr","15":"product_tag-challenger","16":"product_tag-charger","17":"product_tag-dodge","18":"product_tag-dodge-challenger","19":"product_tag-domstrebe","20":"product_tag-fahrwerk","21":"product_tag-hellcat","22":"product_tag-hemi","23":"product_tag-kit","24":"product_tag-r-t","25":"product_tag-rahmen","26":"product_tag-redeye","27":"product_tag-rt","28":"product_tag-scat-pack","29":"product_tag-sfc110","30":"product_tag-srt","31":"product_tag-stabi","32":"product_tag-stabilisator","33":"product_tag-stabilisatoren","34":"product_tag-stb110","35":"product_tag-versteifung","36":"product_tag-vertaerkung","37":"product_tag-vorne","38":"product_shipping_class-paket-l","40":"first","41":"instock","42":"taxable","43":"shipping-taxable","44":"purchasable","45":"product-type-variable"},"bundled_by":[],"bundle_stock_status":"instock","bundle_stock_quantity":3,"bundle_virtual":false,"bundle_layout":"","bundle_add_to_cart_form_location":"","bundle_editable_in_cart":false,"bundle_sold_individually_context":"","bundle_item_grouping":"","bundle_min_size":"","bundle_max_size":"","bundle_price":[],"bundled_items":[],"bundle_sell_ids":[],"exclude_global_add_ons":[],"addons":[],"acf":[],"_links":{"self":[{"href":"https:\/\/kraftwerk-shop.cc\/cs\/wp-json\/wp\/v2\/product\/68293174","targetHints":{"allow":["GET"]}}],"collection":[{"href":"https:\/\/kraftwerk-shop.cc\/cs\/wp-json\/wp\/v2\/product"}],"about":[{"href":"https:\/\/kraftwerk-shop.cc\/cs\/wp-json\/wp\/v2\/types\/product"}],"replies":[{"embeddable":true,"href":"https:\/\/kraftwerk-shop.cc\/cs\/wp-json\/wp\/v2\/comments?post=68293174"}],"version-history":[{"count":0,"href":"https:\/\/kraftwerk-shop.cc\/cs\/wp-json\/wp\/v2\/product\/68293174\/revisions"}],"wp:featuredmedia":[{"embeddable":true,"href":"https:\/\/kraftwerk-shop.cc\/cs\/wp-json\/wp\/v2\/media\/68293179"}],"wp:attachment":[{"href":"https:\/\/kraftwerk-shop.cc\/cs\/wp-json\/wp\/v2\/media?parent=68293174"}],"wp:term":[{"taxonomy":"product_brand","embeddable":true,"href":"https:\/\/kraftwerk-shop.cc\/cs\/wp-json\/wp\/v2\/product_brand?post=68293174"},{"taxonomy":"product_cat","embeddable":true,"href":"https:\/\/kraftwerk-shop.cc\/cs\/wp-json\/wp\/v2\/product_cat?post=68293174"},{"taxonomy":"product_tag","embeddable":true,"href":"https:\/\/kraftwerk-shop.cc\/cs\/wp-json\/wp\/v2\/product_tag?post=68293174"}],"curies":[{"name":"wp","href":"https:\/\/api.w.org\/{rel}","templated":true}]}}