{"id":68293192,"date":"2023-10-01T17:18:11","date_gmt":"2023-10-01T15:18:11","guid":{"rendered":"https:\/\/kraftwerk-shop.cc\/?post_type=product&#038;p=68293192"},"modified":"2026-04-14T00:13:37","modified_gmt":"2026-04-13T22:13:37","slug":"bmr-vyztuha-vzper-dodge-challenger-charger-zadni","status":"publish","type":"product","link":"https:\/\/kraftwerk-shop.cc\/cs\/produkt\/bmr-domstrebe-dodge-challenger-charger-hinten\/","title":{"rendered":"Vzp\u011bra vzp\u011br BMR Dodge Challenger &amp; Charger (zadn\u00ed)"},"content":{"rendered":"<h1>BMR STB112 v\u00fdztuha vzp\u011br (zadn\u00ed) pro Dodge Challenger a Charger<\/h1>\n<p>&nbsp;<\/p>\n<p>Podvozek voz\u016f Dodge Challenger a Charger se v\u00fdrazn\u011b krout\u00ed, a to i p\u0159i n\u00edzk\u00e9m zat\u00ed\u017een\u00ed.<br \/>\nVzp\u011bry BMR jsou vyrobeny z odoln\u00fdch trubek a laserem \u0159ezan\u00fdch ocelov\u00fdch pl\u00e1t\u016f, kter\u00e9 zpev\u0148uj\u00ed r\u00e1m a podvozek.<br \/>\nTato dvoubodov\u00e1 konstrukce pevn\u011b spojuje vzp\u011bry p\u0159edn\u00edho zav\u011b\u0161en\u00ed a zaji\u0161\u0165uje v\u011bt\u0161\u00ed stabilitu cel\u00e9 p\u0159edn\u00ed \u010d\u00e1sti karoserie a zav\u011b\u0161en\u00ed.<br \/>\nVzp\u011bra vzp\u011bry BMR STB112 je p\u0159i\u0161roubov\u00e1na k modelu 100%. To znamen\u00e1, \u017ee ji lze snadno namontovat pomoc\u00ed jednoduch\u00e9ho ru\u010dn\u00edho n\u00e1\u0159ad\u00ed a nen\u00ed nutn\u00e9 \u017e\u00e1dn\u00e9 sva\u0159ov\u00e1n\u00ed.<\/p>\n<p>&nbsp;<\/p>\n<ul>\n<li>Pln\u011b sva\u0159eno metodou MIG<\/li>\n<li>V\u010detn\u011b v\u0161ech pot\u0159ebn\u00fdch dr\u017e\u00e1k\u016f a hardwaru<\/li>\n<li>Vyvinuto pro pouli\u010dn\u00ed v\u00fdkony, z\u00e1vody drag race a manipula\u010dn\u00ed aplikace<\/li>\n<li>Osv\u011bd\u010den\u00e1, vynikaj\u00edc\u00ed trvanlivost a kvalita<\/li>\n<li>Vyrobeno s d\u016frazem na nejlep\u0161\u00ed materi\u00e1ly a kvalitu<\/li>\n<li>K dispozici v \u010derven\u00e9 a \u010dern\u00e9 barv\u011b<\/li>\n<\/ul>\n<p>&nbsp;<\/p>\n<p><strong>Vhodn\u00e9 pro:<\/strong><\/p>\n<table width=\"332\">\n<tbody>\n<tr>\n<td width=\"83\"><strong>Zna\u010dka<\/strong><\/td>\n<td width=\"83\"><strong>Model\u00a0<\/strong><\/td>\n<td width=\"83\"><strong>Motor<\/strong><\/td>\n<td width=\"83\"><strong>Rok v\u00fdstavby<\/strong><\/td>\n<\/tr>\n<tr>\n<td>Dodge<\/td>\n<td>Charger<\/td>\n<td>3.5<\/td>\n<td>2005\u20132010<\/td>\n<\/tr>\n<tr>\n<td>Dodge<\/td>\n<td>Charger<\/td>\n<td>3.6<\/td>\n<td>2011\u20132023<\/td>\n<\/tr>\n<tr>\n<td>Dodge<\/td>\n<td>Charger<\/td>\n<td>5.7<\/td>\n<td>2005\u20132023<\/td>\n<\/tr>\n<tr>\n<td>Dodge<\/td>\n<td>Charger<\/td>\n<td>6.1<\/td>\n<td>2005\u20132010<\/td>\n<\/tr>\n<tr>\n<td width=\"83\">Dodge<\/td>\n<td>Charger<\/td>\n<td>6.2 Hellcat<\/td>\n<td width=\"83\">2015\u20132023<\/td>\n<\/tr>\n<tr>\n<td width=\"83\">Dodge<\/td>\n<td>Charger<\/td>\n<td>6.4<\/td>\n<td width=\"83\">2011\u20132023<\/td>\n<\/tr>\n<tr>\n<td>Dodge<\/td>\n<td>Challenger<\/td>\n<td>3.5<\/td>\n<td>2008\u20132010<\/td>\n<\/tr>\n<tr>\n<td>Dodge<\/td>\n<td>Challenger<\/td>\n<td>3.6<\/td>\n<td>2011\u20132023<\/td>\n<\/tr>\n<tr>\n<td>Dodge<\/td>\n<td>Challenger<\/td>\n<td>5.7<\/td>\n<td>2008\u20132023<\/td>\n<\/tr>\n<tr>\n<td>Dodge<\/td>\n<td>Challenger<\/td>\n<td>6.1<\/td>\n<td>2008\u20132010<\/td>\n<\/tr>\n<tr>\n<td width=\"83\">Dodge<\/td>\n<td width=\"83\">Challenger<\/td>\n<td width=\"83\">6.2 Hellcat<\/td>\n<td width=\"83\">2015\u20132023<\/td>\n<\/tr>\n<tr>\n<td width=\"83\">Dodge<\/td>\n<td width=\"83\">Challenger<\/td>\n<td>6.4<\/td>\n<td width=\"83\">2011\u20132023<\/td>\n<\/tr>\n<\/tbody>\n<\/table>","protected":false},"excerpt":{"rendered":"<p>2006\u20132023<\/p>","protected":false},"featured_media":68293198,"comment_status":"open","ping_status":"closed","template":"","meta":{"_acf_changed":false},"product_brand":[],"product_cat":[2574,1668,1676,1684,1692,1700,1595,1603,1611,5156,1619,1627,1635],"product_tag":[169,91,101,93,3760,54,53,49,3853,6366,743,100,126,798,222,783,6360,151,787,782,6364,96,767,769,3891,6359,3850,6361],"class_list":{"0":"post-68293192","1":"product","2":"type-product","3":"status-publish","4":"has-post-thumbnail","6":"product_cat-challenger-35-fahrwerk","7":"product_cat-challenger-36-fahrwerk","8":"product_cat-challenger-57-fahrwerk","9":"product_cat-challenger-61-fahrwerk","10":"product_cat-challenger-hellcat-fahrwerk","11":"product_cat-challenger-64-fahrwerk","12":"product_cat-charger-35-fahrwerk","13":"product_cat-charger-36-fahrwerk","14":"product_cat-charger-57-fahrwerk","15":"product_cat-charger-57-2011-2023-fahrwerk","16":"product_cat-charger-61-fahrwerk","17":"product_cat-charger-hellcat-fahrwerk","18":"product_cat-charger-64-fahrwerk","19":"product_tag-3-6","20":"product_tag-5-7","21":"product_tag-6-2","22":"product_tag-6-4","23":"product_tag-bmr","24":"product_tag-challenger","25":"product_tag-charger","26":"product_tag-dodge","27":"product_tag-dodge-challenger","28":"product_tag-domstrebe","29":"product_tag-fahrwerk","30":"product_tag-hellcat","31":"product_tag-hemi","32":"product_tag-hinten","33":"product_tag-kit","34":"product_tag-r-t","35":"product_tag-rahmen","36":"product_tag-redeye","37":"product_tag-rt","38":"product_tag-scat-pack","39":"product_tag-sfc110","40":"product_tag-srt","41":"product_tag-stabi","42":"product_tag-stabilisator","43":"product_tag-stabilisatoren","44":"product_tag-stb112","45":"product_tag-versteifung","46":"product_tag-vertaerkung","47":"product_shipping_class-paket-l","49":"first","50":"instock","51":"taxable","52":"shipping-taxable","53":"purchasable","54":"product-type-variable"},"bundled_by":[],"bundle_stock_status":"instock","bundle_stock_quantity":1,"bundle_virtual":false,"bundle_layout":"","bundle_add_to_cart_form_location":"","bundle_editable_in_cart":false,"bundle_sold_individually_context":"","bundle_item_grouping":"","bundle_min_size":"","bundle_max_size":"","bundle_price":[],"bundled_items":[],"bundle_sell_ids":[],"exclude_global_add_ons":[],"addons":[],"acf":[],"_links":{"self":[{"href":"https:\/\/kraftwerk-shop.cc\/cs\/wp-json\/wp\/v2\/product\/68293192","targetHints":{"allow":["GET"]}}],"collection":[{"href":"https:\/\/kraftwerk-shop.cc\/cs\/wp-json\/wp\/v2\/product"}],"about":[{"href":"https:\/\/kraftwerk-shop.cc\/cs\/wp-json\/wp\/v2\/types\/product"}],"replies":[{"embeddable":true,"href":"https:\/\/kraftwerk-shop.cc\/cs\/wp-json\/wp\/v2\/comments?post=68293192"}],"version-history":[{"count":0,"href":"https:\/\/kraftwerk-shop.cc\/cs\/wp-json\/wp\/v2\/product\/68293192\/revisions"}],"wp:featuredmedia":[{"embeddable":true,"href":"https:\/\/kraftwerk-shop.cc\/cs\/wp-json\/wp\/v2\/media\/68293198"}],"wp:attachment":[{"href":"https:\/\/kraftwerk-shop.cc\/cs\/wp-json\/wp\/v2\/media?parent=68293192"}],"wp:term":[{"taxonomy":"product_brand","embeddable":true,"href":"https:\/\/kraftwerk-shop.cc\/cs\/wp-json\/wp\/v2\/product_brand?post=68293192"},{"taxonomy":"product_cat","embeddable":true,"href":"https:\/\/kraftwerk-shop.cc\/cs\/wp-json\/wp\/v2\/product_cat?post=68293192"},{"taxonomy":"product_tag","embeddable":true,"href":"https:\/\/kraftwerk-shop.cc\/cs\/wp-json\/wp\/v2\/product_tag?post=68293192"}],"curies":[{"name":"wp","href":"https:\/\/api.w.org\/{rel}","templated":true}]}}