{"id":68293281,"date":"2023-10-05T13:35:48","date_gmt":"2023-10-05T11:35:48","guid":{"rendered":"https:\/\/kraftwerk-shop.cc\/?post_type=product&#038;p=68293281"},"modified":"2026-02-15T01:06:48","modified_gmt":"2026-02-15T00:06:48","slug":"magnaflow-19099-vyfuk-ford-mustang","status":"publish","type":"product","link":"https:\/\/kraftwerk-shop.cc\/cs\/produkt\/magnaflow-19099-auspuff-ford-mustang\/","title":{"rendered":"V\u00fdfukov\u00fd syst\u00e9m MagnaFlow Competition Cat-Back Ford Mustang V6 3.7"},"content":{"rendered":"<h1>V\u00fdfukov\u00fd syst\u00e9m MagnaFlow Competition cat-back pro Ford Mustang V6 3.7<\/h1>\n<p>Z\u00e1vazek spole\u010dnosti MagnaFlow vyv\u00edjet a vyr\u00e1b\u011bt nejlep\u0161\u00ed sportovn\u00ed v\u00fdfukov\u00e9 syst\u00e9my zaji\u0161\u0165uje vynikaj\u00edc\u00ed zvuk a z\u00e1\u017eitek z j\u00edzdy. Vyrobeno z vysoce kvalitn\u00edch materi\u00e1l\u016f, navr\u017eeno pro optim\u00e1ln\u00ed mont\u00e1\u017e a v\u00fdkon.<\/p>\n<p>Zv\u00fdrazn\u011bte charakter sv\u00e9ho vozidla jako z\u00e1vodn\u00edho vozu v\u00fdb\u011brem v\u00fdfukov\u00e9ho syst\u00e9mu, kter\u00fd je inspirov\u00e1n sv\u011btem motorsportu a poskytuje stejn\u011b p\u016fsobiv\u00fd zvuk na silnici i na z\u00e1vodn\u00ed dr\u00e1ze.<\/p>\n<p>V\u00fdfukov\u00fd syst\u00e9m z nerezov\u00e9 oceli \u0159ady Competition nab\u00edz\u00ed maxim\u00e1ln\u00ed v\u00fdkon a agresivn\u00ed zvuk v\u00fdfuku pro va\u0161e vozidlo.<\/p>\n<p><img decoding=\"async\" class=\"size-full wp-image-68293284\" src=\"https:\/\/kraftwerk-shop.cc\/wp-content\/uploads\/2023\/10\/19099_magnaflow_sound_Mustang_V6.jpg\" alt=\"Magnaflow #19099 Ford Mustang V6 3.7 Zvuk\" width=\"300\" height=\"141\" srcset=\"https:\/\/kraftwerk-shop.cc\/wp-content\/uploads\/2023\/10\/19099_magnaflow_sound_Mustang_V6.jpg 300w, https:\/\/kraftwerk-shop.cc\/wp-content\/uploads\/2023\/10\/19099_magnaflow_sound_Mustang_V6-150x71.jpg 150w, https:\/\/kraftwerk-shop.cc\/wp-content\/uploads\/2023\/10\/19099_magnaflow_sound_Mustang_V6-18x8.jpg 18w\" sizes=\"(max-width: 300px) 100vw, 300px\" \/><\/p>\n<p>S\u00e9rie MagnaFlow #19099 Competition je vhodn\u00e1 pro n\u00e1sleduj\u00edc\u00ed modely:<\/p>\n<table width=\"449\">\n<tbody>\n<tr>\n<td width=\"115\"><strong>Zna\u010dka<\/strong><\/td>\n<td width=\"145\"><strong>Model<\/strong><\/td>\n<td width=\"106\"><strong>Motor<\/strong><\/td>\n<td width=\"83\"><strong>Rok v\u00fdstavby<\/strong><\/td>\n<\/tr>\n<tr>\n<td>Ford<\/td>\n<td>Mustang<\/td>\n<td>V6 3.7<\/td>\n<td>2015\u20132017<\/td>\n<\/tr>\n<\/tbody>\n<\/table>\n<p><iframe loading=\"lazy\" title=\"Magnaflow Competition pro Ford Mustang\" src=\"https:\/\/www.youtube.com\/embed\/6Q5i_1vCguo\" width=\"882\" height=\"496\" frameborder=\"0\" allowfullscreen=\"allowfullscreen\"><\/iframe><\/p>\n<p>&nbsp;<\/p>","protected":false},"excerpt":{"rendered":"<p>2015\u20132017<\/p>","protected":false},"featured_media":68293288,"comment_status":"open","ping_status":"closed","template":"","meta":{"_acf_changed":false},"product_brand":[18925],"product_cat":[4032,3024],"product_tag":[6367,249,250,251,508,1035,1036,546,1037,2220,1047,2210,2065,662,1043,1039,1042,917,2934,532,529,20273,2062,1044,3872,1045,547,1034,1038,233,198],"class_list":{"0":"post-68293281","1":"product","2":"type-product","3":"status-publish","4":"has-post-thumbnail","6":"product_brand-magnaflow","7":"product_cat-mustang-37-abgasanlage","8":"product_cat-nicht-nach-eu","9":"product_tag-6367","10":"product_tag-249","11":"product_tag-250","12":"product_tag-251","13":"product_tag-3-7","14":"product_tag-abgasanlage","15":"product_tag-abgassystem","16":"product_tag-auspuff","17":"product_tag-auspuffsystem","18":"product_tag-base","19":"product_tag-cat-back","20":"product_tag-catback","21":"product_tag-competition","22":"product_tag-edelstahl","23":"product_tag-endrohr","24":"product_tag-endschalldaempfer","25":"product_tag-endtopf","26":"product_tag-ford","27":"product_tag-harder","28":"product_tag-kat","29":"product_tag-katalysator","30":"product_tag-keintuev","31":"product_tag-magnaflow","32":"product_tag-mittelschalldaempfer","33":"product_tag-mustang","34":"product_tag-sound","35":"product_tag-sportauspuff","36":"product_tag-sportauspuffanlage","37":"product_tag-sportendschalldaempfer","38":"product_tag-tuning","39":"product_tag-v6","40":"product_shipping_class-spedition-1","42":"first","43":"onbackorder","44":"taxable","45":"shipping-taxable","46":"purchasable","47":"product-type-simple"},"bundled_by":[],"bundle_stock_status":"onbackorder","bundle_stock_quantity":0,"bundle_virtual":false,"bundle_layout":"","bundle_add_to_cart_form_location":"","bundle_editable_in_cart":false,"bundle_sold_individually_context":"","bundle_item_grouping":"","bundle_min_size":"","bundle_max_size":"","bundle_price":[],"bundled_items":[],"bundle_sell_ids":[],"exclude_global_add_ons":[],"addons":[],"acf":[],"_links":{"self":[{"href":"https:\/\/kraftwerk-shop.cc\/cs\/wp-json\/wp\/v2\/product\/68293281","targetHints":{"allow":["GET"]}}],"collection":[{"href":"https:\/\/kraftwerk-shop.cc\/cs\/wp-json\/wp\/v2\/product"}],"about":[{"href":"https:\/\/kraftwerk-shop.cc\/cs\/wp-json\/wp\/v2\/types\/product"}],"replies":[{"embeddable":true,"href":"https:\/\/kraftwerk-shop.cc\/cs\/wp-json\/wp\/v2\/comments?post=68293281"}],"version-history":[{"count":0,"href":"https:\/\/kraftwerk-shop.cc\/cs\/wp-json\/wp\/v2\/product\/68293281\/revisions"}],"wp:featuredmedia":[{"embeddable":true,"href":"https:\/\/kraftwerk-shop.cc\/cs\/wp-json\/wp\/v2\/media\/68293288"}],"wp:attachment":[{"href":"https:\/\/kraftwerk-shop.cc\/cs\/wp-json\/wp\/v2\/media?parent=68293281"}],"wp:term":[{"taxonomy":"product_brand","embeddable":true,"href":"https:\/\/kraftwerk-shop.cc\/cs\/wp-json\/wp\/v2\/product_brand?post=68293281"},{"taxonomy":"product_cat","embeddable":true,"href":"https:\/\/kraftwerk-shop.cc\/cs\/wp-json\/wp\/v2\/product_cat?post=68293281"},{"taxonomy":"product_tag","embeddable":true,"href":"https:\/\/kraftwerk-shop.cc\/cs\/wp-json\/wp\/v2\/product_tag?post=68293281"}],"curies":[{"name":"wp","href":"https:\/\/api.w.org\/{rel}","templated":true}]}}