{"id":68293642,"date":"2023-10-25T13:55:50","date_gmt":"2023-10-25T11:55:50","guid":{"rendered":"https:\/\/kraftwerk-shop.cc\/?post_type=product&#038;p=68293642"},"modified":"2026-02-15T01:06:58","modified_gmt":"2026-02-15T00:06:58","slug":"mishimoto-chladic-mustang-ecoboost","status":"publish","type":"product","link":"https:\/\/kraftwerk-shop.cc\/cs\/produkt\/mishimoto-kuehler-mustang-ecoboost\/","title":{"rendered":"Hlin\u00edkov\u00fd chladi\u010d Mishimoto Ford Mustang 2.3 EcoBoost"},"content":{"rendered":"<h1>Mishimoto MMRAD-MUS4-15 Hlin\u00edkov\u00fd chladi\u010d pro Ford Mustang 2.3 EcoBoost S-550<\/h1>\n<p>Hlin\u00edkov\u00fd chladi\u010d Mishimoto pro Ford Mustang je navr\u017een tak, aby p\u0159ekonal tov\u00e1rn\u00ed chladi\u010d a vydr\u017eel po celou dobu \u017eivotnosti vozu p\u0159i pln\u00e9m plynu a ka\u017edodenn\u00ed j\u00edzd\u011b.<br \/>\nP\u0159estavte sv\u016fj Mustang z k\u0159ehk\u00fdch plastov\u00fdch koncov\u00fdch n\u00e1dr\u017e\u00ed chladi\u010de na robustn\u00ed, pln\u011b sva\u0159ovanou hlin\u00edkovou konstrukci.<br \/>\nU\u017e nikdy se nemus\u00edte ob\u00e1vat praskl\u00e9ho plastu nebo net\u011bsn\u00edc\u00edch hadic, kter\u00e9 v\u00e1s nechaj\u00ed uv\u00edzl\u00e9 na kraji silnice nebo p\u0159ed\u010dasn\u011b ukon\u010d\u00ed v\u00e1\u0161 z\u00e1vodn\u00ed den.<br \/>\nChladi\u010d Mishimoto je vyroben v\u00fdhradn\u011b z hlin\u00edku a jeho povrchov\u00e1 plocha se zv\u011bt\u0161ila o 50 % a objem chladic\u00ed kapaliny se zv\u00fd\u0161il o 72,5% litr\u016f.<br \/>\nJe navr\u017een tak, aby odolal i t\u011bm nejn\u00e1ro\u010dn\u011bj\u0161\u00edm podm\u00ednk\u00e1m.<br \/>\nVstupy a v\u00fdstupy vyroben\u00e9 na CNC stroj\u00edch zaji\u0161\u0165uj\u00ed bezpe\u010dn\u00e9 upevn\u011bn\u00ed hadic bez \u00faniku.<br \/>\nJako ka\u017ed\u00fd chladi\u010d Mishimoto je i tento chladi\u010d p\u0159\u00edm\u00fdm \u0159e\u0161en\u00edm, tak\u017ee jeho instalace je stejn\u011b snadn\u00e1 jako demont\u00e1\u017e tov\u00e1rn\u00edho d\u00edlu.<\/p>\n<p>&nbsp;<\/p>\n<p><strong>Vlastnosti:<\/strong><\/p>\n<ul>\n<li>P\u0159\u00edm\u00e1 mont\u00e1\u017e pro Ford Mustang 2.3 EcoBoost<\/li>\n<li>Celohlin\u00edkov\u00e1 konstrukce s odoln\u00fdmi, TIG sva\u0159ovan\u00fdmi chladic\u00edmi boxy<\/li>\n<\/ul>\n<p>&nbsp;<\/p>\n<p><strong>Vhodn\u00e9 pro:<\/strong><\/p>\n<table width=\"558\">\n<tbody>\n<tr>\n<td width=\"83\"><strong>Zna\u010dka<\/strong><\/td>\n<td width=\"96\"><strong>Model<\/strong><\/td>\n<td width=\"73\"><strong>Motor<\/strong><\/td>\n<td width=\"306\"><strong>Rok v\u00fdstavby<\/strong><\/td>\n<\/tr>\n<tr>\n<td>Ford<\/td>\n<td>Mustang S-550<\/td>\n<td>2.3 EcoBoost<\/td>\n<td>2015\u20132021<\/td>\n<\/tr>\n<tr>\n<td>Ford<\/td>\n<td>Mustang S-550<\/td>\n<td>2.3 EcoBoost Performance Package<\/td>\n<td>2015\u20132021<\/td>\n<\/tr>\n<\/tbody>\n<\/table>\n<p>&nbsp;<\/p>\n<p><iframe loading=\"lazy\" title=\"Mishimoto MMRAD-MUS4-15 pro Ford Mustang 2.3 EcoBoost\" src=\"https:\/\/www.youtube.com\/embed\/4baEikDwU2k\" width=\"882\" height=\"496\" frameborder=\"0\" allowfullscreen=\"allowfullscreen\"><\/iframe><\/p>","protected":false},"excerpt":{"rendered":"<p>Mishimoto MMRAD-MUS4-15 hlin\u00edkov\u00fd chladi\u010d pro S-550 Ford Mustang 2.3 EcoBoost Hlin\u00edkov\u00fd chladi\u010d Mishimoto pro Ford Mustang je navr\u017een tak, aby umo\u017e\u0148oval<\/p>","protected":false},"featured_media":68293647,"comment_status":"open","ping_status":"closed","template":"","meta":{"_acf_changed":false},"product_brand":[18924],"product_cat":[6380],"product_tag":[4020,4533,3873,204,917,2934,405,664,269,274,6396,4534,3872,3958,216],"class_list":{"0":"post-68293642","1":"product","2":"type-product","3":"status-publish","4":"has-post-thumbnail","6":"product_brand-mishimoto","7":"product_cat-mustang-23-ecoboost-kuehlung","8":"product_tag-2-3","9":"product_tag-aluminiumkuehler","10":"product_tag-ecoboost","11":"product_tag-ersatz","12":"product_tag-ford","13":"product_tag-harder","14":"product_tag-kuehler","15":"product_tag-kuehlung","16":"product_tag-kuehlwasser","17":"product_tag-mishimoto","18":"product_tag-mmrad-mus4-15","19":"product_tag-motorkuehler","20":"product_tag-mustang","21":"product_tag-shelby","22":"product_tag-upgrade","23":"product_shipping_class-paket-l","25":"first","26":"onbackorder","27":"taxable","28":"shipping-taxable","29":"purchasable","30":"product-type-simple"},"bundled_by":[],"bundle_stock_status":"onbackorder","bundle_stock_quantity":0,"bundle_virtual":false,"bundle_layout":"","bundle_add_to_cart_form_location":"","bundle_editable_in_cart":false,"bundle_sold_individually_context":"","bundle_item_grouping":"","bundle_min_size":"","bundle_max_size":"","bundle_price":[],"bundled_items":[],"bundle_sell_ids":[],"exclude_global_add_ons":[],"addons":[],"acf":[],"_links":{"self":[{"href":"https:\/\/kraftwerk-shop.cc\/cs\/wp-json\/wp\/v2\/product\/68293642","targetHints":{"allow":["GET"]}}],"collection":[{"href":"https:\/\/kraftwerk-shop.cc\/cs\/wp-json\/wp\/v2\/product"}],"about":[{"href":"https:\/\/kraftwerk-shop.cc\/cs\/wp-json\/wp\/v2\/types\/product"}],"replies":[{"embeddable":true,"href":"https:\/\/kraftwerk-shop.cc\/cs\/wp-json\/wp\/v2\/comments?post=68293642"}],"version-history":[{"count":0,"href":"https:\/\/kraftwerk-shop.cc\/cs\/wp-json\/wp\/v2\/product\/68293642\/revisions"}],"wp:featuredmedia":[{"embeddable":true,"href":"https:\/\/kraftwerk-shop.cc\/cs\/wp-json\/wp\/v2\/media\/68293647"}],"wp:attachment":[{"href":"https:\/\/kraftwerk-shop.cc\/cs\/wp-json\/wp\/v2\/media?parent=68293642"}],"wp:term":[{"taxonomy":"product_brand","embeddable":true,"href":"https:\/\/kraftwerk-shop.cc\/cs\/wp-json\/wp\/v2\/product_brand?post=68293642"},{"taxonomy":"product_cat","embeddable":true,"href":"https:\/\/kraftwerk-shop.cc\/cs\/wp-json\/wp\/v2\/product_cat?post=68293642"},{"taxonomy":"product_tag","embeddable":true,"href":"https:\/\/kraftwerk-shop.cc\/cs\/wp-json\/wp\/v2\/product_tag?post=68293642"}],"curies":[{"name":"wp","href":"https:\/\/api.w.org\/{rel}","templated":true}]}}