{"id":68293696,"date":"2023-10-27T23:06:28","date_gmt":"2023-10-27T21:06:28","guid":{"rendered":"https:\/\/kraftwerk-shop.cc\/?post_type=product&#038;p=68293696"},"modified":"2026-04-17T14:08:54","modified_gmt":"2026-04-17T12:08:54","slug":"kompletni-sada-pro-odstraneni-mds-ram-57","status":"publish","type":"product","link":"https:\/\/kraftwerk-shop.cc\/cs\/produkt\/mds-entfernung-ram-57-komplettkit\/","title":{"rendered":"Odstran\u011bn\u00ed MDS RAM 5.7 Hemi (kompletn\u00ed sada)"},"content":{"rendered":"<h1>P\u0159estavbov\u00e1 sada pro mechanick\u00e9 odstran\u011bn\u00ed deaktivace v\u00e1lc\u016f pro RAM 5.7<\/h1>\n<p>&nbsp;<\/p>\n<p>Bohu\u017eel opot\u0159ebovan\u00e9 va\u010dkov\u00e9 h\u0159\u00eddele a vadn\u00e9 hydraulick\u00e9 kohouty MDS nejsou u motoru RAM 5.7 neobvykl\u00e9.<\/p>\n<p>Pomoc\u00ed t\u00e9to sady lze deaktivaci v\u00e1lc\u016f zcela odstranit.<br \/>\nVhodn\u00e9 pro opravy a prevenci.<\/p>\n<p>V \u0159\u00eddic\u00ed jednotce motoru je pak nav\u00edc nutn\u00e9 deaktivovat funkci vyp\u00edn\u00e1n\u00ed v\u00e1lc\u016f.<br \/>\nToto programov\u00e1n\u00ed m\u016f\u017eeme tak\u00e9 prov\u00e1d\u011bt. Kontaktujte n\u00e1s pros\u00edm.<\/p>\n<p>Konverzn\u00ed sadu pro odstran\u011bn\u00ed MDS nab\u00edz\u00edme ve 2 verz\u00edch: standardn\u00ed verzi a verzi Premium.<br \/>\nNa\u0161e p\u0159estavbov\u00e9 sady umo\u017e\u0148uj\u00ed jednoduchou a efektivn\u00ed demont\u00e1\u017e syst\u00e9mu MDS pro RAM 5.7 Hemi.<\/p>\n<p><strong><br \/>\nSada 1:<\/strong><\/p>\n<ul>\n<li>origin\u00e1ln\u00ed va\u010dkov\u00fd h\u0159\u00eddel Mopar RAM 5.7 bez prvk\u016f MDS<\/li>\n<li>origin\u00e1ln\u00ed \u0161roub va\u010dkov\u00e9ho h\u0159\u00eddele Mopar<\/li>\n<li>origin\u00e1ln\u00ed hydraulick\u00e9 kohouty Mopar Hellcat (16 kus\u016f)<\/li>\n<li>origin\u00e1ln\u00ed z\u00e1slepka Mopar MDS (4 kusy)<\/li>\n<li>origin\u00e1ln\u00ed sada rozvodov\u00e9ho \u0159et\u011bzu Mopar<\/li>\n<\/ul>\n<p>&nbsp;<\/p>\n<p><strong>Sada 2:<\/strong><\/p>\n<ul>\n<li>origin\u00e1ln\u00ed va\u010dkov\u00fd h\u0159\u00eddel Mopar RAM 5.7 bez prvk\u016f MDS<\/li>\n<li>origin\u00e1ln\u00ed \u0161roub va\u010dkov\u00e9ho h\u0159\u00eddele Mopar<\/li>\n<li>origin\u00e1ln\u00ed hydraulick\u00e9 kohouty Mopar Hellcat (16 kus\u016f)<\/li>\n<li>origin\u00e1ln\u00ed z\u00e1slepka Mopar MDS (4 kusy)<\/li>\n<li>origin\u00e1ln\u00ed sada rozvodov\u00e9ho \u0159et\u011bzu Mopar<\/li>\n<li>P\u016fvodn\u00ed p\u0159edn\u00ed olejov\u00e9 t\u011bsn\u011bn\u00ed Mopar<\/li>\n<li>Origin\u00e1ln\u00ed t\u011bsn\u011bn\u00ed p\u0159edn\u00edho krytu Mopar<\/li>\n<li>Origin\u00e1ln\u00ed t\u011bsn\u011bn\u00ed hlavy v\u00e1lc\u016f Mopar<\/li>\n<li>\u0160rouby hlavy v\u00e1lc\u016f Premium<\/li>\n<\/ul>\n<p>&nbsp;<\/p>\n<p><strong>Vhodn\u00e9 pro:<\/strong><\/p>\n<table width=\"437\">\n<tbody>\n<tr>\n<td width=\"122\"><strong>Zna\u010dka<\/strong><\/td>\n<td width=\"136\"><strong>Model<\/strong><\/td>\n<td width=\"96\"><strong>Motor<\/strong><\/td>\n<td width=\"83\"><strong>Rok v\u00fdstavby<\/strong><\/td>\n<\/tr>\n<tr>\n<td>RAM<\/td>\n<td>1500<\/td>\n<td>5.7<\/td>\n<td>2009\u20132018<\/td>\n<\/tr>\n<tr>\n<td>RAM<\/td>\n<td>1500 Classic<\/td>\n<td>5.7<\/td>\n<td>2019\u20132023<\/td>\n<\/tr>\n<tr>\n<td>RAM<\/td>\n<td>1500<\/td>\n<td>5.7<\/td>\n<td>2019\u20132023<\/td>\n<\/tr>\n<\/tbody>\n<\/table>\n<p>&nbsp;<\/p>","protected":false},"excerpt":{"rendered":"<p>Umbausatz zum mechanischen Entfernen der Zylinderabschaltung f\u00fcr RAM 5.7 &nbsp; Eingelaufene Nockenwellen und defekte MDS-Hydrost\u00f6\u00dfel sind beim RAM 5.7 leider<\/p>","protected":false},"featured_media":68293702,"comment_status":"open","ping_status":"closed","template":"","meta":{"_acf_changed":false},"product_brand":[],"product_cat":[6748,6753],"product_tag":[91,331,1158,1052,49,4965,477,476,2475,119,2342,100,126,335,222,2476,2477,333,328,2478,336,86,3507,180,818,356,329],"class_list":{"0":"post-68293696","1":"product","2":"type-product","3":"status-publish","4":"has-post-thumbnail","6":"product_cat-1500-57-2009-2018-classic-nockenwelle-ventiltrieb","7":"product_cat-1500-57-dt-nockenwelle-ventiltrieb","8":"product_tag-5-7","9":"product_tag-deaktivieren","10":"product_tag-deaktivierung","11":"product_tag-delete","12":"product_tag-dodge","13":"product_tag-dodge-ram","14":"product_tag-ds","15":"product_tag-dt","16":"product_tag-eingelaufen","17":"product_tag-entfernen","18":"product_tag-entfernung","19":"product_tag-hellcat","20":"product_tag-hemi","21":"product_tag-hydrostoessel","22":"product_tag-kit","23":"product_tag-komplett","24":"product_tag-komplettkit","25":"product_tag-lifter","26":"product_tag-mds","27":"product_tag-mdskit","28":"product_tag-nockenwelle","29":"product_tag-ram","30":"product_tag-ram1500","31":"product_tag-umbau","32":"product_tag-umbausatz","33":"product_tag-vvt","34":"product_tag-zylinderabschaltung","35":"product_shipping_class-deutschlandohne","37":"first","38":"instock","39":"taxable","40":"shipping-taxable","41":"purchasable","42":"product-type-variable"},"bundled_by":[],"bundle_stock_status":"instock","bundle_stock_quantity":4,"bundle_virtual":false,"bundle_layout":"","bundle_add_to_cart_form_location":"","bundle_editable_in_cart":false,"bundle_sold_individually_context":"","bundle_item_grouping":"","bundle_min_size":"","bundle_max_size":"","bundle_price":[],"bundled_items":[],"bundle_sell_ids":[],"exclude_global_add_ons":[],"addons":[],"acf":[],"_links":{"self":[{"href":"https:\/\/kraftwerk-shop.cc\/cs\/wp-json\/wp\/v2\/product\/68293696","targetHints":{"allow":["GET"]}}],"collection":[{"href":"https:\/\/kraftwerk-shop.cc\/cs\/wp-json\/wp\/v2\/product"}],"about":[{"href":"https:\/\/kraftwerk-shop.cc\/cs\/wp-json\/wp\/v2\/types\/product"}],"replies":[{"embeddable":true,"href":"https:\/\/kraftwerk-shop.cc\/cs\/wp-json\/wp\/v2\/comments?post=68293696"}],"version-history":[{"count":0,"href":"https:\/\/kraftwerk-shop.cc\/cs\/wp-json\/wp\/v2\/product\/68293696\/revisions"}],"wp:featuredmedia":[{"embeddable":true,"href":"https:\/\/kraftwerk-shop.cc\/cs\/wp-json\/wp\/v2\/media\/68293702"}],"wp:attachment":[{"href":"https:\/\/kraftwerk-shop.cc\/cs\/wp-json\/wp\/v2\/media?parent=68293696"}],"wp:term":[{"taxonomy":"product_brand","embeddable":true,"href":"https:\/\/kraftwerk-shop.cc\/cs\/wp-json\/wp\/v2\/product_brand?post=68293696"},{"taxonomy":"product_cat","embeddable":true,"href":"https:\/\/kraftwerk-shop.cc\/cs\/wp-json\/wp\/v2\/product_cat?post=68293696"},{"taxonomy":"product_tag","embeddable":true,"href":"https:\/\/kraftwerk-shop.cc\/cs\/wp-json\/wp\/v2\/product_tag?post=68293696"}],"curies":[{"name":"wp","href":"https:\/\/api.w.org\/{rel}","templated":true}]}}