{"id":68294036,"date":"2023-11-11T22:02:00","date_gmt":"2023-11-11T21:02:00","guid":{"rendered":"https:\/\/kraftwerk-shop.cc\/?post_type=product&#038;p=68294036"},"modified":"2026-02-15T01:07:21","modified_gmt":"2026-02-15T00:07:21","slug":"adapter-chladice-oleje-mopar-53022323aa","status":"publish","type":"product","link":"https:\/\/kraftwerk-shop.cc\/cs\/produkt\/mopar-adapter-oelkuehler-53022323aa\/","title":{"rendered":"Adapt\u00e9r chladi\u010de oleje Mopar (53022323AA)"},"content":{"rendered":"<h1>Origin\u00e1ln\u00ed adapt\u00e9r Mopar pro olejov\u00fd chladi\u010d Chrysler 300C, Dodge Challenger, Charger, Durango a Jeep Grand Cherokee 5.7 a 6.4<\/h1>\n<p>&nbsp;<\/p>\n<p><strong>\u010c\u00edslo d\u00edlu Mopar:<\/strong> 53022323AA<br \/>\n<strong>Nahrazeno:<\/strong>\u00a0 \u2014<\/p>\n<p>&nbsp;<\/p>\n<p><strong>Vhodn\u00e9 pro:<\/strong><\/p>\n<table width=\"972\">\n<tbody>\n<tr>\n<td width=\"80\"><strong>Rok v\u00fdstavby<\/strong><\/td>\n<td width=\"80\"><strong>Zna\u010dka<\/strong><\/td>\n<td width=\"121\"><strong>Model<\/strong><\/td>\n<td width=\"493\"><strong>Verze<\/strong><\/td>\n<td width=\"198\"><strong>Motor<\/strong><\/td>\n<\/tr>\n<tr>\n<td width=\"80\">2024<\/td>\n<td width=\"80\">Dodge<\/td>\n<td width=\"121\">Durango<\/td>\n<td width=\"493\">SRT 392, SRT 392 Plus, SRT 392 Premium<\/td>\n<td width=\"198\">6.4L<\/td>\n<\/tr>\n<tr>\n<td width=\"80\">2023<\/td>\n<td width=\"80\">Chrysler<\/td>\n<td width=\"121\">300<\/td>\n<td width=\"493\">C<\/td>\n<td width=\"198\">6.4L<\/td>\n<\/tr>\n<tr>\n<td width=\"80\">2023<\/td>\n<td width=\"80\">Dodge<\/td>\n<td width=\"121\">Challenger<\/td>\n<td width=\"493\">R\/T Scat Pack, R\/T Scat Pack Widebody<\/td>\n<td width=\"198\">6.4L<\/td>\n<\/tr>\n<tr>\n<td width=\"80\">2023<\/td>\n<td width=\"80\">Dodge<\/td>\n<td width=\"121\">Charger<\/td>\n<td width=\"493\">Pursuit, R\/T, Scat Pack, Scat Pack Widebody<\/td>\n<td width=\"198\">5,7 L, 6,4 L<\/td>\n<\/tr>\n<tr>\n<td width=\"80\">2023<\/td>\n<td width=\"80\">Dodge<\/td>\n<td width=\"121\">Durango<\/td>\n<td width=\"493\">SRT 392, SRT 392 Plus, SRT 392 Premium<\/td>\n<td width=\"198\">6.4L<\/td>\n<\/tr>\n<tr>\n<td width=\"80\">2022<\/td>\n<td width=\"80\">Dodge<\/td>\n<td width=\"121\">Challenger<\/td>\n<td width=\"493\">R\/T Scat Pack, R\/T Scat Pack Widebody<\/td>\n<td width=\"198\">6.4L<\/td>\n<\/tr>\n<tr>\n<td width=\"80\">2022<\/td>\n<td width=\"80\">Dodge<\/td>\n<td width=\"121\">Charger<\/td>\n<td width=\"493\">R\/T, Scat Pack, Scat Pack Widebody<\/td>\n<td width=\"198\">5,7 L, 6,4 L<\/td>\n<\/tr>\n<tr>\n<td width=\"80\">2022<\/td>\n<td width=\"80\">Dodge<\/td>\n<td width=\"121\">Durango<\/td>\n<td width=\"493\">SRT 392<\/td>\n<td width=\"198\">6.4L<\/td>\n<\/tr>\n<tr>\n<td width=\"80\">2021<\/td>\n<td width=\"80\">Dodge<\/td>\n<td width=\"121\">Challenger<\/td>\n<td width=\"493\">R\/T Scat Pack, R\/T Scat Pack Widebody<\/td>\n<td width=\"198\">6.4L<\/td>\n<\/tr>\n<tr>\n<td width=\"80\">2021<\/td>\n<td width=\"80\">Dodge<\/td>\n<td width=\"121\">Charger<\/td>\n<td width=\"493\">R\/T, Scat Pack<\/td>\n<td width=\"198\">5,7 L, 6,4 L<\/td>\n<\/tr>\n<tr>\n<td width=\"80\">2021<\/td>\n<td width=\"80\">Dodge<\/td>\n<td width=\"121\">Durango<\/td>\n<td width=\"493\">SRT<\/td>\n<td width=\"198\">6.4L<\/td>\n<\/tr>\n<tr>\n<td width=\"80\">2021<\/td>\n<td width=\"80\">Jeep<\/td>\n<td width=\"121\">Grand Cherokee<\/td>\n<td width=\"493\">SRT<\/td>\n<td width=\"198\">6.4L<\/td>\n<\/tr>\n<tr>\n<td width=\"80\">2020<\/td>\n<td width=\"80\">Dodge<\/td>\n<td width=\"121\">Challenger<\/td>\n<td width=\"493\">R\/T Scat Pack, R\/T Scat Pack Widebody<\/td>\n<td width=\"198\">6.4L<\/td>\n<\/tr>\n<tr>\n<td width=\"80\">2020<\/td>\n<td width=\"80\">Dodge<\/td>\n<td width=\"121\">Charger<\/td>\n<td width=\"493\">Pursuit, R\/T, Scat Pack<\/td>\n<td width=\"198\">5,7 L, 6,4 L<\/td>\n<\/tr>\n<tr>\n<td width=\"80\">2020<\/td>\n<td width=\"80\">Dodge<\/td>\n<td width=\"121\">Durango<\/td>\n<td width=\"493\">SRT<\/td>\n<td width=\"198\">6.4L<\/td>\n<\/tr>\n<tr>\n<td width=\"80\">2020<\/td>\n<td width=\"80\">Jeep<\/td>\n<td width=\"121\">Grand Cherokee<\/td>\n<td width=\"493\">SRT<\/td>\n<td width=\"198\">6.4L<\/td>\n<\/tr>\n<tr>\n<td width=\"80\">2019<\/td>\n<td width=\"80\">Dodge<\/td>\n<td width=\"121\">Challenger<\/td>\n<td width=\"493\">R\/T Scat Pack, R\/T Scat Pack Widebody<\/td>\n<td width=\"198\">6.4L<\/td>\n<\/tr>\n<tr>\n<td width=\"80\">2019<\/td>\n<td width=\"80\">Dodge<\/td>\n<td width=\"121\">Charger<\/td>\n<td width=\"493\">Pursuit, R\/T, Scat Pack<\/td>\n<td width=\"198\">5,7 L, 6,4 L<\/td>\n<\/tr>\n<tr>\n<td width=\"80\">2019<\/td>\n<td width=\"80\">Dodge<\/td>\n<td width=\"121\">Durango<\/td>\n<td width=\"493\">SRT<\/td>\n<td width=\"198\">6.4L<\/td>\n<\/tr>\n<tr>\n<td width=\"80\">2019<\/td>\n<td width=\"80\">Jeep<\/td>\n<td width=\"121\">Grand Cherokee<\/td>\n<td width=\"493\">SRT<\/td>\n<td width=\"198\">6.4L<\/td>\n<\/tr>\n<tr>\n<td width=\"80\">2018<\/td>\n<td width=\"80\">Dodge<\/td>\n<td width=\"121\">Challenger<\/td>\n<td width=\"493\">R\/T Scat Pack, SRT 392, T\/A 392<\/td>\n<td width=\"198\">6.4L<\/td>\n<\/tr>\n<tr>\n<td width=\"80\">2018<\/td>\n<td width=\"80\">Dodge<\/td>\n<td width=\"121\">Charger<\/td>\n<td width=\"493\">Pursuit, R\/T, R\/T Scat Pack, SRT 392<\/td>\n<td width=\"198\">5,7 L, 6,4 L<\/td>\n<\/tr>\n<tr>\n<td width=\"80\">2018<\/td>\n<td width=\"80\">Dodge<\/td>\n<td width=\"121\">Durango<\/td>\n<td width=\"493\">SRT<\/td>\n<td width=\"198\">6.4L<\/td>\n<\/tr>\n<tr>\n<td width=\"80\">2018<\/td>\n<td width=\"80\">Jeep<\/td>\n<td width=\"121\">Grand Cherokee<\/td>\n<td width=\"493\">SRT<\/td>\n<td width=\"198\">6.4L<\/td>\n<\/tr>\n<tr>\n<td width=\"80\">2017<\/td>\n<td width=\"80\">Dodge<\/td>\n<td width=\"121\">Challenger<\/td>\n<td width=\"493\">R\/T Scat Pack, SRT 392, T\/A 392<\/td>\n<td width=\"198\">6.4L<\/td>\n<\/tr>\n<tr>\n<td width=\"80\">2017<\/td>\n<td width=\"80\">Dodge<\/td>\n<td width=\"121\">Charger<\/td>\n<td width=\"493\">Pursuit, R\/T, R\/T Scat Pack, SRT 392<\/td>\n<td width=\"198\">5,7 L, 6,4 L<\/td>\n<\/tr>\n<tr>\n<td width=\"80\">2017<\/td>\n<td width=\"80\">Jeep<\/td>\n<td width=\"121\">Grand Cherokee<\/td>\n<td width=\"493\">SRT<\/td>\n<td width=\"198\">6.4L<\/td>\n<\/tr>\n<tr>\n<td width=\"80\">2016<\/td>\n<td width=\"80\">Dodge<\/td>\n<td width=\"121\">Challenger<\/td>\n<td width=\"493\">392 Hemi Scat Pack Shaker, R\/T Scat Pack, SRT 392<\/td>\n<td width=\"198\">6.4L<\/td>\n<\/tr>\n<tr>\n<td width=\"80\">2016<\/td>\n<td width=\"80\">Dodge<\/td>\n<td width=\"121\">Charger<\/td>\n<td width=\"493\">Pursuit, R\/T, R\/T Road &amp; Track, R\/T Scat Pack, SRT 392<\/td>\n<td width=\"198\">5,7 L, 6,4 L<\/td>\n<\/tr>\n<tr>\n<td width=\"80\">2016<\/td>\n<td width=\"80\">Jeep<\/td>\n<td width=\"121\">Grand Cherokee<\/td>\n<td width=\"493\">SRT<\/td>\n<td width=\"198\">6.4L<\/td>\n<\/tr>\n<tr>\n<td width=\"80\">2015<\/td>\n<td width=\"80\">Dodge<\/td>\n<td width=\"121\">Challenger<\/td>\n<td width=\"493\">SRT 392, Scat Pack<\/td>\n<td width=\"198\">6.4L<\/td>\n<\/tr>\n<tr>\n<td width=\"80\">2015<\/td>\n<td width=\"80\">Dodge<\/td>\n<td width=\"121\">Charger<\/td>\n<td width=\"493\">Pursuit, R\/T, R\/T Road &amp; Track, R\/T Scat Pack, SRT 392<\/td>\n<td width=\"198\">5,7 L, 6,4 L<\/td>\n<\/tr>\n<tr>\n<td width=\"80\">2015<\/td>\n<td width=\"80\">Jeep<\/td>\n<td width=\"121\">Grand Cherokee<\/td>\n<td width=\"493\">SRT<\/td>\n<td width=\"198\">6.4L<\/td>\n<\/tr>\n<tr>\n<td width=\"80\">2014<\/td>\n<td width=\"80\">Chrysler<\/td>\n<td width=\"121\">300<\/td>\n<td width=\"493\">SRT8<\/td>\n<td width=\"198\">6.4L<\/td>\n<\/tr>\n<tr>\n<td width=\"80\">2014<\/td>\n<td width=\"80\">Dodge<\/td>\n<td width=\"121\">Charger<\/td>\n<td width=\"493\">Pursuit, R\/T, SRT8<\/td>\n<td width=\"198\">5,7 L, 6,4 L<\/td>\n<\/tr>\n<tr>\n<td width=\"80\">2014<\/td>\n<td width=\"80\">Jeep<\/td>\n<td width=\"121\">Grand Cherokee<\/td>\n<td width=\"493\">SRT<\/td>\n<td width=\"198\">6.4L<\/td>\n<\/tr>\n<tr>\n<td width=\"80\">2013<\/td>\n<td width=\"80\">Chrysler<\/td>\n<td width=\"121\">300<\/td>\n<td width=\"493\">SRT8, SRT8 Core<\/td>\n<td width=\"198\">6.4L<\/td>\n<\/tr>\n<tr>\n<td width=\"80\">2013<\/td>\n<td width=\"80\">Dodge<\/td>\n<td width=\"121\">Challenger<\/td>\n<td width=\"493\">SRT8<\/td>\n<td width=\"198\">6.4L<\/td>\n<\/tr>\n<tr>\n<td width=\"80\">2013<\/td>\n<td width=\"80\">Dodge<\/td>\n<td width=\"121\">Charger<\/td>\n<td width=\"493\">Pursuit, R\/T, SE, SRT8<\/td>\n<td width=\"198\">5,7 L, 6,4 L<\/td>\n<\/tr>\n<tr>\n<td width=\"80\">2013<\/td>\n<td width=\"80\">Jeep<\/td>\n<td width=\"121\">Grand Cherokee<\/td>\n<td width=\"493\">SRT8<\/td>\n<td width=\"198\">6.4L<\/td>\n<\/tr>\n<tr>\n<td width=\"80\">2012<\/td>\n<td width=\"80\">Chrysler<\/td>\n<td width=\"121\">300<\/td>\n<td width=\"493\">SRT8<\/td>\n<td width=\"198\">6.4L<\/td>\n<\/tr>\n<tr>\n<td width=\"80\">2012<\/td>\n<td width=\"80\">Dodge<\/td>\n<td width=\"121\">Challenger<\/td>\n<td width=\"493\">SRT8<\/td>\n<td width=\"198\">6.4L<\/td>\n<\/tr>\n<tr>\n<td width=\"80\">2012<\/td>\n<td width=\"80\">Dodge<\/td>\n<td width=\"121\">Charger<\/td>\n<td width=\"493\">Pursuit, R\/T, SE, SRT8<\/td>\n<td width=\"198\">5,7 L, 6,4 L<\/td>\n<\/tr>\n<tr>\n<td width=\"80\">2012<\/td>\n<td width=\"80\">Jeep<\/td>\n<td width=\"121\">Grand Cherokee<\/td>\n<td width=\"493\">SRT8<\/td>\n<td width=\"198\">6.4L<\/td>\n<\/tr>\n<tr>\n<td width=\"80\">2011<\/td>\n<td width=\"80\">Dodge<\/td>\n<td width=\"121\">Challenger<\/td>\n<td width=\"493\">SRT8<\/td>\n<td width=\"198\">6.4L<\/td>\n<\/tr>\n<tr>\n<td width=\"80\">2011<\/td>\n<td width=\"80\">Dodge<\/td>\n<td width=\"121\">Charger<\/td>\n<td width=\"493\">Pursuit, R\/T, SE<\/td>\n<td width=\"198\">5.7L<\/td>\n<\/tr>\n<tr>\n<td width=\"80\">2010<\/td>\n<td width=\"80\">Chrysler<\/td>\n<td width=\"121\">300<\/td>\n<td width=\"493\">C, S<\/td>\n<td width=\"198\">5.7L<\/td>\n<\/tr>\n<tr>\n<td width=\"80\">2010<\/td>\n<td width=\"80\">Dodge<\/td>\n<td width=\"121\">Charger<\/td>\n<td width=\"493\">Pursuit, R\/T, SE<\/td>\n<td width=\"198\">5.7L<\/td>\n<\/tr>\n<tr>\n<td width=\"80\">2009<\/td>\n<td width=\"80\">Chrysler<\/td>\n<td width=\"121\">300<\/td>\n<td width=\"493\">C<\/td>\n<td width=\"198\">5.7L<\/td>\n<\/tr>\n<tr>\n<td width=\"80\">2009<\/td>\n<td width=\"80\">Dodge<\/td>\n<td width=\"121\">Charger<\/td>\n<td width=\"493\">Pursuit, R\/T, SE<\/td>\n<td width=\"198\">5.7L<\/td>\n<\/tr>\n<\/tbody>\n<\/table>\n<p>&nbsp;<\/p>\n<h4>Pro\u010d si vybrat origin\u00e1ln\u00ed n\u00e1hradn\u00ed d\u00edly Mopar?<\/h4>\n<p><strong>Perfektn\u011b padnouc\u00ed a \u0161pi\u010dkov\u00e9 kvality:<\/strong> Origin\u00e1ln\u00ed n\u00e1hradn\u00ed d\u00edly Mopar jsou vyr\u00e1b\u011bny podle p\u0159\u00edsn\u00fdch specifikac\u00ed v\u00fdrobce, co\u017e znamen\u00e1, \u017ee do va\u0161eho vozidla dokonale pasuj\u00ed. T\u00edm je zaji\u0161t\u011bna nejen snadn\u00e1 instalace, ale tak\u00e9 optim\u00e1ln\u00ed funkce a bezpe\u010dnost.<\/p>\n<p><strong>Spolehlivost a trvanlivost:<\/strong> D\u00edky pou\u017eit\u00ed vysoce kvalitn\u00edch materi\u00e1l\u016f a p\u0159\u00edsn\u00e9 kontrole kvality zaji\u0161\u0165uj\u00ed n\u00e1hradn\u00ed d\u00edly Mopar spolehlivou funkci va\u0161eho vozidla i v extr\u00e9mn\u00edch podm\u00ednk\u00e1ch. Jsou navr\u017eeny tak, aby vydr\u017eely a maximalizovaly v\u00fdkon va\u0161eho vozidla.<\/p>\n<p>&nbsp;<\/p>","protected":false},"excerpt":{"rendered":"<p>Origin\u00e1ln\u00ed d\u00edl Mopar<\/p>","protected":false},"featured_media":68294038,"comment_status":"open","ping_status":"closed","template":"","meta":{"_acf_changed":false},"product_brand":[16270],"product_cat":[2549,4981,2546,2530,2547,2537,5160,2534,2531,2538],"product_tag":[18417,52,6458,93,122,54,53,48,49,3853,95,6459,6454,50,31,8813,9424,16271,16273,16275,16272,16274,7221,400,96,6456],"class_list":{"0":"post-68294036","1":"product","2":"type-product","3":"status-publish","4":"has-post-thumbnail","6":"product_brand-mopar","7":"product_cat-300c-57-2005-2010-kuehlung","8":"product_cat-300c-57-2011-2023-kuehlung","9":"product_cat-300c-64-kuehlung","10":"product_cat-challenger-57-kuehlung","11":"product_cat-challenger-64-kuehlung","12":"product_cat-charger-57-kuehlung","13":"product_cat-charger-57-2011-2023-kuehlung","14":"product_cat-charger-64-kuehlung","15":"product_cat-durango-64-kuehlung","16":"product_cat-grand-cherokee-64-kuehlung","17":"product_tag-053022323aa","18":"product_tag-300c","19":"product_tag-53022323aa","20":"product_tag-6-4","21":"product_tag-adapter","22":"product_tag-challenger","23":"product_tag-charger","24":"product_tag-chrysler","25":"product_tag-dodge","26":"product_tag-dodge-challenger","27":"product_tag-durango","28":"product_tag-fitting","29":"product_tag-grand-cherokee-5-7","30":"product_tag-jeep","31":"product_tag-mopar","32":"product_tag-mopar-autoteile","33":"product_tag-mopar-ersatzteile","34":"product_tag-mopar-ersatzteile-kaufen","35":"product_tag-mopar-performance-teile","36":"product_tag-mopar-teile-katalog","37":"product_tag-mopar-teile-online","38":"product_tag-mopar-tuningteile","39":"product_tag-mopar10","40":"product_tag-oelkuehler","41":"product_tag-srt","42":"product_tag-waermetauscher","44":"first","45":"instock","46":"taxable","47":"shipping-taxable","48":"purchasable","49":"product-type-simple"},"bundled_by":[],"bundle_stock_status":"instock","bundle_stock_quantity":1,"bundle_virtual":false,"bundle_layout":"","bundle_add_to_cart_form_location":"","bundle_editable_in_cart":false,"bundle_sold_individually_context":"","bundle_item_grouping":"","bundle_min_size":"","bundle_max_size":"","bundle_price":[],"bundled_items":[],"bundle_sell_ids":[],"exclude_global_add_ons":[],"addons":[],"acf":[],"_links":{"self":[{"href":"https:\/\/kraftwerk-shop.cc\/cs\/wp-json\/wp\/v2\/product\/68294036","targetHints":{"allow":["GET"]}}],"collection":[{"href":"https:\/\/kraftwerk-shop.cc\/cs\/wp-json\/wp\/v2\/product"}],"about":[{"href":"https:\/\/kraftwerk-shop.cc\/cs\/wp-json\/wp\/v2\/types\/product"}],"replies":[{"embeddable":true,"href":"https:\/\/kraftwerk-shop.cc\/cs\/wp-json\/wp\/v2\/comments?post=68294036"}],"version-history":[{"count":0,"href":"https:\/\/kraftwerk-shop.cc\/cs\/wp-json\/wp\/v2\/product\/68294036\/revisions"}],"wp:featuredmedia":[{"embeddable":true,"href":"https:\/\/kraftwerk-shop.cc\/cs\/wp-json\/wp\/v2\/media\/68294038"}],"wp:attachment":[{"href":"https:\/\/kraftwerk-shop.cc\/cs\/wp-json\/wp\/v2\/media?parent=68294036"}],"wp:term":[{"taxonomy":"product_brand","embeddable":true,"href":"https:\/\/kraftwerk-shop.cc\/cs\/wp-json\/wp\/v2\/product_brand?post=68294036"},{"taxonomy":"product_cat","embeddable":true,"href":"https:\/\/kraftwerk-shop.cc\/cs\/wp-json\/wp\/v2\/product_cat?post=68294036"},{"taxonomy":"product_tag","embeddable":true,"href":"https:\/\/kraftwerk-shop.cc\/cs\/wp-json\/wp\/v2\/product_tag?post=68294036"}],"curies":[{"name":"wp","href":"https:\/\/api.w.org\/{rel}","templated":true}]}}