{"id":68294096,"date":"2023-11-12T14:24:58","date_gmt":"2023-11-12T13:24:58","guid":{"rendered":"https:\/\/kraftwerk-shop.cc\/?post_type=product&#038;p=68294096"},"modified":"2026-02-15T01:07:30","modified_gmt":"2026-02-15T00:07:30","slug":"konverze-awe-vyfukovy-system-durango-srt-hellcat","status":"publish","type":"product","link":"https:\/\/kraftwerk-shop.cc\/cs\/produkt\/conversion-awe-abgasanlage-durango-srt-hellcat\/","title":{"rendered":"P\u0159estavbov\u00e1 sada pro v\u00fdfukov\u00fd syst\u00e9m AWE Durango SRT &amp; Hellcat"},"content":{"rendered":"<h1>P\u0159estavbov\u00e1 sada pro v\u00fdfukov\u00fd syst\u00e9m AWE \/ sportovn\u00ed v\u00fdfuk Dodge Durango SRT &amp; Hellcat<\/h1>\n<p>&nbsp;<\/p>\n<p>Pokud chcete pozd\u011bji zm\u011bnit objem v\u00fdfukov\u00e9ho syst\u00e9mu AWE pro Durango SRT \/ Hellcat, m\u016f\u017eete to snadno prov\u00e9st pomoc\u00ed konverzn\u00edch sad.<\/p>\n<p>Existuj\u00ed 2 varianty:<\/p>\n<ul>\n<li>Z dr\u00e1hy na turn\u00e9<\/li>\n<li>V\u00fdlet na tra\u0165<\/li>\n<\/ul>\n<p>&nbsp;<\/p>\n<p><strong>Vhodn\u00e9 pro:<\/strong><\/p>\n<table width=\"507\">\n<tbody>\n<tr>\n<td width=\"83\"><strong>Rok v\u00fdstavby<\/strong><\/td>\n<td width=\"76\"><strong>Zna\u010dka<\/strong><\/td>\n<td width=\"142\"><strong>Model<\/strong><\/td>\n<td width=\"123\"><strong>Varianta<\/strong><\/td>\n<td width=\"83\"><strong>Motor<\/strong><\/td>\n<\/tr>\n<tr>\n<td width=\"83\">2018\u20132024<\/td>\n<td width=\"76\">Dodge<\/td>\n<td width=\"142\">Durango<\/td>\n<td width=\"123\">SRT<\/td>\n<td width=\"83\">V8 6,4 L<\/td>\n<\/tr>\n<tr>\n<td width=\"83\">2021\u20132025<\/td>\n<td width=\"76\">Dodge<\/td>\n<td width=\"142\">Durango<\/td>\n<td width=\"123\">Hellcat<\/td>\n<td width=\"83\">V8 6,2 L<\/td>\n<\/tr>\n<\/tbody>\n<\/table>\n<p>&nbsp;<\/p>\n<p>Vhodn\u00e9 pouze pro v\u00fdfukov\u00fd syst\u00e9m AWE!<\/p>\n<p>&nbsp;<\/p>\n<p><iframe loading=\"lazy\" title=\"V\u00fdfukov\u00fd syst\u00e9m AWE Dodge Durango\" width=\"500\" height=\"281\" src=\"https:\/\/www.youtube.com\/embed\/yySbe56cj8U?feature=oembed\" frameborder=\"0\" allow=\"accelerometer; autoplay; clipboard-write; encrypted-media; gyroscope; picture-in-picture; web-share\" referrerpolicy=\"strict-origin-when-cross-origin\" allowfullscreen><\/iframe><\/p>\n<p><iframe loading=\"lazy\" title=\"V\u00fdfukov\u00fd syst\u00e9m AWE Dodge Durango SRT 392\" width=\"500\" height=\"281\" src=\"https:\/\/www.youtube.com\/embed\/oBVCD_EQhgQ?feature=oembed\" frameborder=\"0\" allow=\"accelerometer; autoplay; clipboard-write; encrypted-media; gyroscope; picture-in-picture; web-share\" referrerpolicy=\"strict-origin-when-cross-origin\" allowfullscreen><\/iframe><\/p>\n<p><iframe loading=\"lazy\" title=\"V\u00fdfukov\u00fd syst\u00e9m AWE Durango Hellcat\" width=\"500\" height=\"281\" src=\"https:\/\/www.youtube.com\/embed\/KsSiC36Hzq8?feature=oembed\" frameborder=\"0\" allow=\"accelerometer; autoplay; clipboard-write; encrypted-media; gyroscope; picture-in-picture; web-share\" referrerpolicy=\"strict-origin-when-cross-origin\" allowfullscreen><\/iframe><\/p>\n<p>&nbsp;<\/p>\n<p>&nbsp;<\/p>","protected":false},"excerpt":{"rendered":"<p>Conversion Kit f\u00fcr AWE Abgasanlage \/ Sportauspuff Dodge Durango SRT &amp; Hellcat &nbsp; Wenn Sie die Lautst\u00e4rke Ihre AWE Auspuffanlage<\/p>","protected":false},"featured_media":68289062,"comment_status":"open","ping_status":"closed","template":"","meta":{"_acf_changed":false},"product_brand":[],"product_cat":[3024,6599,6585],"product_tag":[252,419,420,2066,2373,4526,5041,5044,5042,5043,101,93,1035,1036,546,2909,3971,1047,2210,1052,49,95,2976,2342,204,100,126,20273,1040,2435,2899,547,1034,1038,96,1057,2439,5045],"class_list":{"0":"post-68294096","1":"product","2":"type-product","3":"status-publish","4":"has-post-thumbnail","6":"product_cat-nicht-nach-eu","7":"product_cat-durango-hellcat-abgasanlage-catback","8":"product_cat-durango-64-abgasanlage-catback","9":"product_tag-252","10":"product_tag-419","11":"product_tag-420","12":"product_tag-2066","13":"product_tag-2373","14":"product_tag-4526","15":"product_tag-3015-32952","16":"product_tag-3015-33952","17":"product_tag-3020-32952","18":"product_tag-3020-33952","19":"product_tag-6-2","20":"product_tag-6-4","21":"product_tag-abgasanlage","22":"product_tag-abgassystem","23":"product_tag-auspuff","24":"product_tag-awe","25":"product_tag-awe-exhaust","26":"product_tag-cat-back","27":"product_tag-catback","28":"product_tag-delete","29":"product_tag-dodge","30":"product_tag-durango","31":"product_tag-edition","32":"product_tag-entfernung","33":"product_tag-ersatz","34":"product_tag-hellcat","35":"product_tag-hemi","36":"product_tag-keintuev","37":"product_tag-laut","38":"product_tag-rohr","39":"product_tag-schalldaempfer","40":"product_tag-sportauspuff","41":"product_tag-sportauspuffanlage","42":"product_tag-sportendschalldaempfer","43":"product_tag-srt","44":"product_tag-touring","45":"product_tag-track","46":"product_tag-track-edition","47":"product_shipping_class-paketversand-xl","49":"first","50":"onbackorder","51":"taxable","52":"shipping-taxable","53":"purchasable","54":"product-type-variable"},"bundled_by":[],"bundle_stock_status":"onbackorder","bundle_stock_quantity":0,"bundle_virtual":false,"bundle_layout":"","bundle_add_to_cart_form_location":"","bundle_editable_in_cart":false,"bundle_sold_individually_context":"","bundle_item_grouping":"","bundle_min_size":"","bundle_max_size":"","bundle_price":[],"bundled_items":[],"bundle_sell_ids":[],"exclude_global_add_ons":[],"addons":[],"acf":[],"_links":{"self":[{"href":"https:\/\/kraftwerk-shop.cc\/cs\/wp-json\/wp\/v2\/product\/68294096","targetHints":{"allow":["GET"]}}],"collection":[{"href":"https:\/\/kraftwerk-shop.cc\/cs\/wp-json\/wp\/v2\/product"}],"about":[{"href":"https:\/\/kraftwerk-shop.cc\/cs\/wp-json\/wp\/v2\/types\/product"}],"replies":[{"embeddable":true,"href":"https:\/\/kraftwerk-shop.cc\/cs\/wp-json\/wp\/v2\/comments?post=68294096"}],"version-history":[{"count":0,"href":"https:\/\/kraftwerk-shop.cc\/cs\/wp-json\/wp\/v2\/product\/68294096\/revisions"}],"wp:featuredmedia":[{"embeddable":true,"href":"https:\/\/kraftwerk-shop.cc\/cs\/wp-json\/wp\/v2\/media\/68289062"}],"wp:attachment":[{"href":"https:\/\/kraftwerk-shop.cc\/cs\/wp-json\/wp\/v2\/media?parent=68294096"}],"wp:term":[{"taxonomy":"product_brand","embeddable":true,"href":"https:\/\/kraftwerk-shop.cc\/cs\/wp-json\/wp\/v2\/product_brand?post=68294096"},{"taxonomy":"product_cat","embeddable":true,"href":"https:\/\/kraftwerk-shop.cc\/cs\/wp-json\/wp\/v2\/product_cat?post=68294096"},{"taxonomy":"product_tag","embeddable":true,"href":"https:\/\/kraftwerk-shop.cc\/cs\/wp-json\/wp\/v2\/product_tag?post=68294096"}],"curies":[{"name":"wp","href":"https:\/\/api.w.org\/{rel}","templated":true}]}}