{"id":68294165,"date":"2023-11-14T15:03:31","date_gmt":"2023-11-14T14:03:31","guid":{"rendered":"https:\/\/kraftwerk-shop.cc\/?post_type=product&#038;p=68294165"},"modified":"2026-02-15T01:07:30","modified_gmt":"2026-02-15T00:07:30","slug":"roush-421837-vyfuk-mustang-v6-ecoboost","status":"publish","type":"product","link":"https:\/\/kraftwerk-shop.cc\/cs\/produkt\/roush-421837-auspuff-mustang-v6-ecoboost\/","title":{"rendered":"V\u00fdfukov\u00fd syst\u00e9m ROUSH Axle-Back Ford Mustang V6 3.7 \/ 2.3 EcoBoost"},"content":{"rendered":"<h1>ROUSH #421837 V\u00fdfukov\u00fd syst\u00e9m se zadn\u00ed n\u00e1pravou pro Ford Mustang V6 3.7 a 2.3 EcoBoost<\/h1>\n<p>&nbsp;<\/p>\n<ul>\n<li>Vhodn\u00e9 pro Mustang z let 2015-2024 s motory V6 3,7 l a I4 2,3 l EcoBoost<\/li>\n<li>Vysoce v\u00fdkonn\u00e9 tlumi\u010de hluku navr\u017een\u00e9 spole\u010dnost\u00ed ROUSH s individu\u00e1ln\u00edmi vstupy\/v\u00fdstupy<\/li>\n<li>Agresivn\u011bj\u0161\u00ed zvuk ve srovn\u00e1n\u00ed s origin\u00e1lem<\/li>\n<li>Vyrobeno z vysoce kvalitn\u00ed nerezov\u00e9 oceli 304 odoln\u00e9 proti korozi.<\/li>\n<li>Pln\u011b oh\u00fdban\u00e9 trubky pro rovnom\u011brn\u00fd pr\u016ftok<\/li>\n<li>4\u2033 chromovan\u00e9 dvojit\u00e9 koncovky s vyra\u017een\u00fdm logem ROUSH<\/li>\n<li>Pou\u017e\u00edv\u00e1 OEM dr\u017e\u00e1ky a mont\u00e1\u017en\u00ed body<\/li>\n<li>Nevy\u017eaduje sva\u0159ov\u00e1n\u00ed<\/li>\n<li>Je t\u0159eba prov\u00e9st n\u011bkolik pro\u0159ez\u00e1vek<\/li>\n<li>Lze pou\u017e\u00edt se zadn\u00ed li\u0161tou Ford z v\u00fdroby<\/li>\n<li>Obsahuje ve\u0161ker\u00e9 pot\u0159ebn\u00e9 p\u0159\u00edslu\u0161enstv\u00ed<\/li>\n<\/ul>\n<p>Zadn\u00ed tlumi\u010d v\u00fdfuku ROUSH pro Mustang 2.3L Ecoboost a V6 3.7L je skv\u011bl\u00fdm \u0159e\u0161en\u00edm pro ka\u017ed\u00e9ho, kdo hled\u00e1 mnohem agresivn\u011bj\u0161\u00ed zvuk a celkov\u011b lep\u0161\u00ed vzhled!<\/p>\n<p>V\u00fdb\u011br motor\u016f Ford pro Mustangy 2015-2024 nab\u00edz\u00ed celou \u0159adu v\u00fdkonn\u00fdch, ale z\u00e1rove\u0148 cenov\u011b dostupn\u00fdch a \u00fasporn\u00fdch mo\u017enost\u00ed, kter\u00e9 vyhov\u00ed jak\u00e9mukoli rozpo\u010dtu a sm\u00fd\u0161len\u00ed. Pat\u0159\u00ed sem motory V6 a I4, jejich\u017e v\u00fdkon zdaleka neodpov\u00edd\u00e1 po\u010dtu v\u00e1lc\u016f. Tov\u00e1rn\u00ed v\u00fdfuky Ford v\u0161ak neposkytuj\u00ed tak agresivn\u00ed zvuk nebo t\u00f3n, po jak\u00e9m majitel\u00e9 Mustang\u016f tou\u017e\u00ed; zde p\u0159ich\u00e1z\u00ed na \u0159adu ROUSH Performance!<\/p>\n<p>Spole\u010dnost ROUSH Performance navrhla tento v\u00fdfuk speci\u00e1ln\u011b pro motory V6 3,7 l a I4 2,3 l 2015-2025 Mustang. Tento v\u00fdfuk je vyroben z nerezov\u00e9 oceli T-304 a je odoln\u00fd proti korozi a skvrn\u00e1m. T\u0159menov\u00e9 ohyby pom\u00e1haj\u00ed udr\u017eovat vysok\u00fd pr\u016ftok a neust\u00e1le sni\u017euj\u00ed protitlak.<br \/>\nTento v\u00fdfuk vyu\u017e\u00edv\u00e1 mont\u00e1\u017en\u00ed body z v\u00fdroby a je vhodn\u00fd pro Mustangy V6 i I4 bez nutnosti \u00faprav nebo sva\u0159ov\u00e1n\u00ed. Tento v\u00fdfukov\u00fd syst\u00e9m tak\u00e9 v\u00fdrazn\u011b zlep\u0161uje zvuk a v\u00fdkon va\u0161eho Mustangu d\u00edky jednopr\u016ftokov\u00fdm vysoce v\u00fdkonn\u00fdm tlumi\u010d\u016fm v\u00fdfuku. Na z\u00e1v\u011br v\u00fdfuku p\u0159id\u00e1v\u00e1 spole\u010dnost ROUSH tak\u00e9 2 zcela nov\u00e9 kulat\u00e9 dvoust\u011bnn\u00e9 koncovky v\u00fdfuku, kter\u00e9 jsou pochromovan\u00e9 pro vynikaj\u00edc\u00ed odolnost proti korozi a opat\u0159en\u00e9 reli\u00e9fn\u00edm logem ROUSH.<br \/>\nSou\u010d\u00e1st\u00ed dod\u00e1vky je tak\u00e9 ve\u0161ker\u00fd hardware pot\u0159ebn\u00fd k instalaci tohoto syst\u00e9mu.<\/p>\n<p>&nbsp;<\/p>\n<p>ROUSH #421837 se hod\u00ed pro n\u00e1sleduj\u00edc\u00ed modely:<\/p>\n<table width=\"449\">\n<tbody>\n<tr>\n<td width=\"115\"><strong>Zna\u010dka<\/strong><\/td>\n<td width=\"145\"><strong>Model<\/strong><\/td>\n<td width=\"106\">Motor<\/td>\n<td width=\"83\"><strong>Rok v\u00fdstavby<\/strong><\/td>\n<\/tr>\n<tr>\n<td>Ford<\/td>\n<td>Mustang<\/td>\n<td>V6 3.7<\/td>\n<td>2015 - 2017<\/td>\n<\/tr>\n<tr>\n<td>Ford<\/td>\n<td>Mustang<\/td>\n<td>2.3 EcoBoost<\/td>\n<td>2015 - 2025<\/td>\n<\/tr>\n<\/tbody>\n<\/table>\n<p>&nbsp;<\/p>\n<p><iframe loading=\"lazy\" title=\"ROUSH #421837 V\u00fdfukov\u00fd syst\u00e9m se zadn\u00ed n\u00e1pravou pro Ford Mustang V6 3.7 a 2.3 EcoBoost\" src=\"https:\/\/www.youtube.com\/embed\/rUf_c2cbSu8\" width=\"882\" height=\"496\" frameborder=\"0\" allowfullscreen=\"allowfullscreen\"><\/iframe><\/p>","protected":false},"excerpt":{"rendered":"<p>2015 -2025<\/p>","protected":false},"featured_media":68294174,"comment_status":"open","ping_status":"closed","template":"","meta":{"_acf_changed":false},"product_brand":[],"product_cat":[4031,4032],"product_tag":[4020,249,250,251,6297,10814,508,6461,1046,1035,1036,546,1037,5034,1047,6464,3873,1039,1042,2786,917,2934,532,529,20273,1040,3872,4787,4675,6463,1041,3055,547,1034,1038,233,198],"class_list":{"0":"post-68294165","1":"product","2":"type-product","3":"status-publish","4":"has-post-thumbnail","6":"product_cat-mustang-23-ecoboost-abgasanlage","7":"product_cat-mustang-37-abgasanlage","8":"product_tag-2-3","9":"product_tag-249","10":"product_tag-250","11":"product_tag-251","12":"product_tag-6297","13":"product_tag-10814","14":"product_tag-3-7","15":"product_tag-6461","16":"product_tag-abe","17":"product_tag-abgasanlage","18":"product_tag-abgassystem","19":"product_tag-auspuff","20":"product_tag-auspuffsystem","21":"product_tag-axle-back","22":"product_tag-cat-back","23":"product_tag-db","24":"product_tag-ecoboost","25":"product_tag-endschalldaempfer","26":"product_tag-endtopf","27":"product_tag-exhaust","28":"product_tag-ford","29":"product_tag-harder","30":"product_tag-kat","31":"product_tag-katalysator","32":"product_tag-keintuev","33":"product_tag-laut","34":"product_tag-mustang","35":"product_tag-mustang-exhaust","36":"product_tag-roush","37":"product_tag-roush-421837","38":"product_tag-sport","39":"product_tag-sportabgasanlage","40":"product_tag-sportauspuff","41":"product_tag-sportauspuffanlage","42":"product_tag-sportendschalldaempfer","43":"product_tag-tuning","44":"product_tag-v6","45":"product_shipping_class-paket-l","47":"first","48":"onbackorder","49":"taxable","50":"shipping-taxable","51":"purchasable","52":"product-type-simple"},"bundled_by":[],"bundle_stock_status":"onbackorder","bundle_stock_quantity":0,"bundle_virtual":false,"bundle_layout":"","bundle_add_to_cart_form_location":"","bundle_editable_in_cart":false,"bundle_sold_individually_context":"","bundle_item_grouping":"","bundle_min_size":"","bundle_max_size":"","bundle_price":[],"bundled_items":[],"bundle_sell_ids":[],"exclude_global_add_ons":[],"addons":[],"acf":[],"_links":{"self":[{"href":"https:\/\/kraftwerk-shop.cc\/cs\/wp-json\/wp\/v2\/product\/68294165","targetHints":{"allow":["GET"]}}],"collection":[{"href":"https:\/\/kraftwerk-shop.cc\/cs\/wp-json\/wp\/v2\/product"}],"about":[{"href":"https:\/\/kraftwerk-shop.cc\/cs\/wp-json\/wp\/v2\/types\/product"}],"replies":[{"embeddable":true,"href":"https:\/\/kraftwerk-shop.cc\/cs\/wp-json\/wp\/v2\/comments?post=68294165"}],"version-history":[{"count":0,"href":"https:\/\/kraftwerk-shop.cc\/cs\/wp-json\/wp\/v2\/product\/68294165\/revisions"}],"wp:featuredmedia":[{"embeddable":true,"href":"https:\/\/kraftwerk-shop.cc\/cs\/wp-json\/wp\/v2\/media\/68294174"}],"wp:attachment":[{"href":"https:\/\/kraftwerk-shop.cc\/cs\/wp-json\/wp\/v2\/media?parent=68294165"}],"wp:term":[{"taxonomy":"product_brand","embeddable":true,"href":"https:\/\/kraftwerk-shop.cc\/cs\/wp-json\/wp\/v2\/product_brand?post=68294165"},{"taxonomy":"product_cat","embeddable":true,"href":"https:\/\/kraftwerk-shop.cc\/cs\/wp-json\/wp\/v2\/product_cat?post=68294165"},{"taxonomy":"product_tag","embeddable":true,"href":"https:\/\/kraftwerk-shop.cc\/cs\/wp-json\/wp\/v2\/product_tag?post=68294165"}],"curies":[{"name":"wp","href":"https:\/\/api.w.org\/{rel}","templated":true}]}}