{"id":68294336,"date":"2023-11-19T20:31:50","date_gmt":"2023-11-19T19:31:50","guid":{"rendered":"https:\/\/kraftwerk-shop.cc\/?post_type=product&#038;p=68294336"},"modified":"2026-02-15T01:07:34","modified_gmt":"2026-02-15T00:07:34","slug":"olejove-cerpadlo-melling-srt8-m362","status":"publish","type":"product","link":"https:\/\/kraftwerk-shop.cc\/cs\/produkt\/melling-oelpumpe-srt8-m362\/","title":{"rendered":"Olejov\u00e9 \u010derpadlo Melling 6.1 SRT8"},"content":{"rendered":"<h1>Olejov\u00e9 \u010derpadlo Melling M362 pro Chrysler 300C, Dodge Challenger, Charger, Magnum a Jeep Grand Cherokee 6.1 SRT8<\/h1>\n<p>&nbsp;<\/p>\n<p>Olejov\u00e9 \u010derpadlo Melling M362 pro motory Chrysler, Dodge a Jeep 6.1 SRT8 je vysoce kvalitn\u00ed v\u00fdrobek vyroben\u00fd s nejvy\u0161\u0161\u00ed p\u0159esnost\u00ed a kvalitou. Ka\u017ed\u00e9 olejov\u00e9 \u010derpadlo Melling je vyrobeno podle nejnov\u011bj\u0161\u00edch technick\u00fdch norem a jsou v n\u011bm pou\u017eity vysoce kvalitn\u00ed materi\u00e1ly. Pou\u017eit\u00ed nejnov\u011bj\u0161\u00ed konstrukce p\u0159evodovky a technologie rotoru zaji\u0161\u0165uje vynikaj\u00edc\u00ed v\u00fdkon a kvalitu.<\/p>\n<p>P\u0159evody jsou vyrobeny s mimo\u0159\u00e1dnou p\u0159esnost\u00ed, aby byl zaji\u0161t\u011bn spr\u00e1vn\u00fd tlak motorov\u00e9ho oleje a \u00fa\u010dinn\u00e1 funkce \u010derpadla. Koncov\u00e9 desky jsou p\u0159esn\u011b brou\u0161en\u00e9, aby byla zaji\u0161t\u011bna maxim\u00e1ln\u00ed odolnost proti opot\u0159eben\u00ed. Ka\u017ed\u00e9 olejov\u00e9 \u010derpadlo Melling je individu\u00e1ln\u011b testov\u00e1no na tlak a pr\u016ftok za podm\u00ednek, kter\u00e9 odpov\u00eddaj\u00ed skute\u010dn\u00fdm provozn\u00edm podm\u00ednk\u00e1m motoru.<\/p>\n<p>S olejov\u00fdm \u010derpadlem Melling M521 z\u00edsk\u00e1te v\u00fdrobek, kter\u00fd zaru\u010duje maxim\u00e1ln\u00ed v\u00fdkon a spolehlivost. Vsa\u010fte na spole\u010dnost Melling, renomovan\u00e9ho v\u00fdrobce s dlouholet\u00fdmi zku\u0161enostmi v automobilov\u00e9m pr\u016fmyslu.<\/p>\n<p>Olejov\u00e9 \u010derpadlo M521 je standardn\u00ed n\u00e1hradn\u00ed d\u00edl se standardn\u00edm objemem a tlakem. Je vyrobeno z hlin\u00edku a dod\u00e1v\u00e1 se s t\u011bsn\u011bn\u00edm. Ide\u00e1ln\u00ed pro \u00fadr\u017ebu a opravy vozidel.<\/p>\n<p>&nbsp;<\/p>\n<p><strong>Srovn\u00e1vac\u00ed \u010d\u00edsla:<\/strong> 05037687AA, <span class=\"list-value sku-display\">05037687AB<\/span><\/p>\n<p>&nbsp;<\/p>\n<p><strong>Vhodn\u00e9 pro:<\/strong><\/p>\n<table width=\"415\">\n<tbody>\n<tr>\n<td width=\"83\"><strong>Rok v\u00fdstavby<\/strong><\/td>\n<td width=\"83\"><strong>Zna\u010dka<\/strong><\/td>\n<td width=\"83\"><strong>Model<\/strong><\/td>\n<td width=\"83\"><strong>Verze<\/strong><\/td>\n<td width=\"83\"><strong>Motor<\/strong><\/td>\n<\/tr>\n<tr>\n<td width=\"83\">2010<\/td>\n<td width=\"83\">Chrysler<\/td>\n<td width=\"83\">300C<\/td>\n<td width=\"83\">SRT8<\/td>\n<td width=\"83\">V8 6,1 L<\/td>\n<\/tr>\n<tr>\n<td width=\"83\">2010<\/td>\n<td width=\"83\">Dodge<\/td>\n<td width=\"83\">Challenger<\/td>\n<td width=\"83\">SRT8<\/td>\n<td width=\"83\">V8 6,1 L<\/td>\n<\/tr>\n<tr>\n<td width=\"83\">2010<\/td>\n<td width=\"83\">Dodge<\/td>\n<td width=\"83\">Charger<\/td>\n<td width=\"83\">SRT8<\/td>\n<td width=\"83\">V8 6,1 L<\/td>\n<\/tr>\n<tr>\n<td width=\"83\">2010<\/td>\n<td width=\"83\">Jeep<\/td>\n<td width=\"83\">Grand Cherokee<\/td>\n<td width=\"83\">SRT8<\/td>\n<td width=\"83\">V8 6,1 L<\/td>\n<\/tr>\n<tr>\n<td width=\"83\">2009<\/td>\n<td width=\"83\">Chrysler<\/td>\n<td width=\"83\">300C<\/td>\n<td width=\"83\">SRT8<\/td>\n<td width=\"83\">V8 6,1 L<\/td>\n<\/tr>\n<tr>\n<td width=\"83\">2009<\/td>\n<td width=\"83\">Dodge<\/td>\n<td width=\"83\">Challenger<\/td>\n<td width=\"83\">SRT8<\/td>\n<td width=\"83\">V8 6,1 L<\/td>\n<\/tr>\n<tr>\n<td width=\"83\">2009<\/td>\n<td width=\"83\">Dodge<\/td>\n<td width=\"83\">Charger<\/td>\n<td width=\"83\">SRT8<\/td>\n<td width=\"83\">V8 6,1 L<\/td>\n<\/tr>\n<tr>\n<td width=\"83\">2009<\/td>\n<td width=\"83\">Jeep<\/td>\n<td width=\"83\">Grand Cherokee<\/td>\n<td width=\"83\">SRT8<\/td>\n<td width=\"83\">V8 6,1 L<\/td>\n<\/tr>\n<tr>\n<td width=\"83\">2008<\/td>\n<td width=\"83\">Chrysler<\/td>\n<td width=\"83\">300C<\/td>\n<td width=\"83\">SRT8<\/td>\n<td width=\"83\">V8 6,1 L<\/td>\n<\/tr>\n<tr>\n<td width=\"83\">2008<\/td>\n<td width=\"83\">Dodge<\/td>\n<td width=\"83\">Challenger<\/td>\n<td width=\"83\">SRT8<\/td>\n<td width=\"83\">V8 6,1 L<\/td>\n<\/tr>\n<tr>\n<td width=\"83\">2008<\/td>\n<td width=\"83\">Dodge<\/td>\n<td width=\"83\">Charger<\/td>\n<td width=\"83\">SRT8<\/td>\n<td width=\"83\">V8 6,1 L<\/td>\n<\/tr>\n<tr>\n<td width=\"83\">2008<\/td>\n<td width=\"83\">Dodge<\/td>\n<td width=\"83\">Magnum<\/td>\n<td width=\"83\">SRT8<\/td>\n<td width=\"83\">V8 6,1 L<\/td>\n<\/tr>\n<tr>\n<td width=\"83\">2008<\/td>\n<td width=\"83\">Jeep<\/td>\n<td width=\"83\">Grand Cherokee<\/td>\n<td width=\"83\">SRT8<\/td>\n<td width=\"83\">V8 6,1 L<\/td>\n<\/tr>\n<tr>\n<td width=\"83\">2007<\/td>\n<td width=\"83\">Chrysler<\/td>\n<td width=\"83\">300C<\/td>\n<td width=\"83\">SRT8<\/td>\n<td width=\"83\">V8 6,1 L<\/td>\n<\/tr>\n<tr>\n<td width=\"83\">2007<\/td>\n<td width=\"83\">Dodge<\/td>\n<td width=\"83\">Charger<\/td>\n<td width=\"83\">SRT8<\/td>\n<td width=\"83\">V8 6,1 L<\/td>\n<\/tr>\n<tr>\n<td width=\"83\">2007<\/td>\n<td width=\"83\">Dodge<\/td>\n<td width=\"83\">Magnum<\/td>\n<td width=\"83\">SRT8<\/td>\n<td width=\"83\">V8 6,1 L<\/td>\n<\/tr>\n<tr>\n<td width=\"83\">2007<\/td>\n<td width=\"83\">Jeep<\/td>\n<td width=\"83\">Grand Cherokee<\/td>\n<td width=\"83\">SRT8<\/td>\n<td width=\"83\">V8 6,1 L<\/td>\n<\/tr>\n<tr>\n<td width=\"83\">2006<\/td>\n<td width=\"83\">Dodge<\/td>\n<td width=\"83\">Charger<\/td>\n<td width=\"83\">SRT8<\/td>\n<td width=\"83\">V8 6,1 L<\/td>\n<\/tr>\n<tr>\n<td width=\"83\">2006<\/td>\n<td width=\"83\">Dodge<\/td>\n<td width=\"83\">Magnum<\/td>\n<td width=\"83\">SRT8<\/td>\n<td width=\"83\">V8 6,1 L<\/td>\n<\/tr>\n<tr>\n<td width=\"83\">2006<\/td>\n<td width=\"83\">Jeep<\/td>\n<td width=\"83\">Grand Cherokee<\/td>\n<td width=\"83\">SRT8<\/td>\n<td width=\"83\">V8 6,1 L<\/td>\n<\/tr>\n<\/tbody>\n<\/table>","protected":false},"excerpt":{"rendered":"<p>Melling \u00d6lpumpe M362 f\u00fcr Chrysler 300C, Dodge Challenger, Charger, Magnum und Jeep Grand Cherokee 6.1 SRT8 &nbsp; Die Melling M362<\/p>","protected":false},"featured_media":68294340,"comment_status":"open","ping_status":"closed","template":"","meta":{"_acf_changed":false},"product_brand":[],"product_cat":[6682,6687,6692,6696,6701],"product_tag":[4445,68,11100,11099,54,48,536,49,3853,3854,63,50,4425,6478,6440,67,64,96,1056,164,38],"class_list":{"0":"post-68294336","1":"product","2":"type-product","3":"status-publish","4":"has-post-thumbnail","6":"product_cat-300c-61-oelversorgung","7":"product_cat-challenger-61-oelversorgung","8":"product_cat-charger-61-oelversorgung","9":"product_cat-magnum-61-oelversorgung","10":"product_cat-grand-cherokee-61-oelversorgung","11":"product_tag-05037687aa","12":"product_tag-05037687ab","13":"product_tag-5037687aa","14":"product_tag-5037687ab","15":"product_tag-challenger","16":"product_tag-chrysler","17":"product_tag-chrysler-300c","18":"product_tag-dodge","19":"product_tag-dodge-challenger","20":"product_tag-dodge-charger","21":"product_tag-ersatzteile","22":"product_tag-jeep","23":"product_tag-jeep-grand-cherokee","24":"product_tag-m362","25":"product_tag-melling","26":"product_tag-oelpumpe","27":"product_tag-reparatur","28":"product_tag-srt","29":"product_tag-srt-8","30":"product_tag-srt8","31":"product_tag-teile","33":"first","34":"instock","35":"taxable","36":"shipping-taxable","37":"purchasable","38":"product-type-simple"},"bundled_by":[],"bundle_stock_status":"instock","bundle_stock_quantity":1,"bundle_virtual":false,"bundle_layout":"","bundle_add_to_cart_form_location":"","bundle_editable_in_cart":false,"bundle_sold_individually_context":"","bundle_item_grouping":"","bundle_min_size":"","bundle_max_size":"","bundle_price":[],"bundled_items":[],"bundle_sell_ids":[],"exclude_global_add_ons":[],"addons":[],"acf":[],"_links":{"self":[{"href":"https:\/\/kraftwerk-shop.cc\/cs\/wp-json\/wp\/v2\/product\/68294336","targetHints":{"allow":["GET"]}}],"collection":[{"href":"https:\/\/kraftwerk-shop.cc\/cs\/wp-json\/wp\/v2\/product"}],"about":[{"href":"https:\/\/kraftwerk-shop.cc\/cs\/wp-json\/wp\/v2\/types\/product"}],"replies":[{"embeddable":true,"href":"https:\/\/kraftwerk-shop.cc\/cs\/wp-json\/wp\/v2\/comments?post=68294336"}],"version-history":[{"count":0,"href":"https:\/\/kraftwerk-shop.cc\/cs\/wp-json\/wp\/v2\/product\/68294336\/revisions"}],"wp:featuredmedia":[{"embeddable":true,"href":"https:\/\/kraftwerk-shop.cc\/cs\/wp-json\/wp\/v2\/media\/68294340"}],"wp:attachment":[{"href":"https:\/\/kraftwerk-shop.cc\/cs\/wp-json\/wp\/v2\/media?parent=68294336"}],"wp:term":[{"taxonomy":"product_brand","embeddable":true,"href":"https:\/\/kraftwerk-shop.cc\/cs\/wp-json\/wp\/v2\/product_brand?post=68294336"},{"taxonomy":"product_cat","embeddable":true,"href":"https:\/\/kraftwerk-shop.cc\/cs\/wp-json\/wp\/v2\/product_cat?post=68294336"},{"taxonomy":"product_tag","embeddable":true,"href":"https:\/\/kraftwerk-shop.cc\/cs\/wp-json\/wp\/v2\/product_tag?post=68294336"}],"curies":[{"name":"wp","href":"https:\/\/api.w.org\/{rel}","templated":true}]}}