{"id":68294834,"date":"2023-12-02T15:31:46","date_gmt":"2023-12-02T14:31:46","guid":{"rendered":"https:\/\/kraftwerk-shop.cc\/?post_type=product&#038;p=68294834"},"modified":"2026-02-15T01:07:43","modified_gmt":"2026-02-15T00:07:43","slug":"corsa-x-pipe-corvette-c7","status":"publish","type":"product","link":"https:\/\/kraftwerk-shop.cc\/cs\/produkt\/corsa-x-pipe-corvette-c7\/","title":{"rendered":"Corsa X-Pipe Corvette C7"},"content":{"rendered":"<h1>Potrub\u00ed Corsa X-Pipe pro Chevrolet Corvette C7<\/h1>\n<p>&nbsp;<\/p>\n<p>Potrub\u00ed CORSA C7 Cat-Connect X-Pipe se montuje p\u0159\u00edmo za standardn\u00ed katalyz\u00e1tory a lze jej instalovat do origin\u00e1ln\u00edch v\u00fdfukov\u00fdch syst\u00e9m\u016f nebo v\u00fdfukov\u00fdch syst\u00e9m\u016f CORSA. Zlep\u0161uje pr\u016ftok v\u00fdfukov\u00fdch plyn\u016f, otev\u00edr\u00e1 cestu v\u00fdfuku a optimalizuje dynamiku proud\u011bn\u00ed.<br \/>\nPotrub\u00ed CORSA C7 Cat-Connect X-Pipe je vhodn\u00e9 pro v\u0161echny modely Corvette. Je v souladu s emisn\u00edmi p\u0159edpisy, nad\u00e1le vyu\u017e\u00edv\u00e1 standardn\u00ed katalyz\u00e1tory a nezvy\u0161uje hladinu hluku.<br \/>\nJe vyroben z vysoce kvalitn\u00ed nerezov\u00e9 oceli 304, zaji\u0161\u0165uje optim\u00e1ln\u00ed proud\u011bn\u00ed v\u00fdfukov\u00fdch plyn\u016f a dod\u00e1v\u00e1 vozidlu kultivovan\u00fd zvuk.<\/p>\n<p>&nbsp;<\/p>\n<p><strong>Vhodn\u00e9 pro:<\/strong><\/p>\n<table width=\"333\">\n<tbody>\n<tr>\n<td width=\"83\">2014\u20132019<\/td>\n<td width=\"250\">Chevrolet Corvette C7 6.2L V8<\/td>\n<\/tr>\n<tr>\n<td width=\"83\">2015\u20132019<\/td>\n<td width=\"250\">Chevrolet Corvette C7 Z06 6.2L V8<\/td>\n<\/tr>\n<tr>\n<td width=\"83\">2017\u20132019<\/td>\n<td width=\"250\">Chevrolet Corvette C7 Grand Sport 6.2L V8<\/td>\n<\/tr>\n<tr>\n<td width=\"83\">2019<\/td>\n<td width=\"250\">Chevrolet Corvette C7 ZR1 6.2L V8<\/td>\n<\/tr>\n<\/tbody>\n<\/table>","protected":false},"excerpt":{"rendered":"<p>Potrub\u00ed Corsa X-Pipe pro Chevrolet Corvette C7 Potrub\u00ed CORSA C7 Cat-Connect X-Pipe se montuje p\u0159\u00edmo za s\u00e9riov\u00e9 katalyz\u00e1tory a<\/p>","protected":false},"featured_media":68294750,"comment_status":"open","ping_status":"closed","template":"","meta":{"_acf_changed":false},"product_brand":[],"product_cat":[3125],"product_tag":[6518,1035,546,3087,189,3586,281,20273,547,3583,4784],"class_list":{"0":"post-68294834","1":"product","2":"type-product","3":"status-publish","4":"has-post-thumbnail","6":"product_cat-corvette-c7-abgasanlage","7":"product_tag-6518","8":"product_tag-abgasanlage","9":"product_tag-auspuff","10":"product_tag-c7","11":"product_tag-chevrolet","12":"product_tag-corsa","13":"product_tag-corvette","14":"product_tag-keintuev","15":"product_tag-sportauspuff","16":"product_tag-stingray","17":"product_tag-x-pipe","18":"product_shipping_class-paket-l","20":"first","21":"onbackorder","22":"taxable","23":"shipping-taxable","24":"purchasable","25":"product-type-simple"},"bundled_by":[],"bundle_stock_status":"onbackorder","bundle_stock_quantity":0,"bundle_virtual":false,"bundle_layout":"","bundle_add_to_cart_form_location":"","bundle_editable_in_cart":false,"bundle_sold_individually_context":"","bundle_item_grouping":"","bundle_min_size":"","bundle_max_size":"","bundle_price":[],"bundled_items":[],"bundle_sell_ids":[],"exclude_global_add_ons":[],"addons":[],"acf":[],"_links":{"self":[{"href":"https:\/\/kraftwerk-shop.cc\/cs\/wp-json\/wp\/v2\/product\/68294834","targetHints":{"allow":["GET"]}}],"collection":[{"href":"https:\/\/kraftwerk-shop.cc\/cs\/wp-json\/wp\/v2\/product"}],"about":[{"href":"https:\/\/kraftwerk-shop.cc\/cs\/wp-json\/wp\/v2\/types\/product"}],"replies":[{"embeddable":true,"href":"https:\/\/kraftwerk-shop.cc\/cs\/wp-json\/wp\/v2\/comments?post=68294834"}],"version-history":[{"count":0,"href":"https:\/\/kraftwerk-shop.cc\/cs\/wp-json\/wp\/v2\/product\/68294834\/revisions"}],"wp:featuredmedia":[{"embeddable":true,"href":"https:\/\/kraftwerk-shop.cc\/cs\/wp-json\/wp\/v2\/media\/68294750"}],"wp:attachment":[{"href":"https:\/\/kraftwerk-shop.cc\/cs\/wp-json\/wp\/v2\/media?parent=68294834"}],"wp:term":[{"taxonomy":"product_brand","embeddable":true,"href":"https:\/\/kraftwerk-shop.cc\/cs\/wp-json\/wp\/v2\/product_brand?post=68294834"},{"taxonomy":"product_cat","embeddable":true,"href":"https:\/\/kraftwerk-shop.cc\/cs\/wp-json\/wp\/v2\/product_cat?post=68294834"},{"taxonomy":"product_tag","embeddable":true,"href":"https:\/\/kraftwerk-shop.cc\/cs\/wp-json\/wp\/v2\/product_tag?post=68294834"}],"curies":[{"name":"wp","href":"https:\/\/api.w.org\/{rel}","templated":true}]}}