{"id":68294859,"date":"2023-12-02T17:29:31","date_gmt":"2023-12-02T16:29:31","guid":{"rendered":"https:\/\/kraftwerk-shop.cc\/?post_type=product&#038;p=68294859"},"modified":"2026-04-15T02:05:32","modified_gmt":"2026-04-15T00:05:32","slug":"mahle-tesneni-hlavy-valcu-61-srt8","status":"publish","type":"product","link":"https:\/\/kraftwerk-shop.cc\/cs\/produkt\/mahle-zylinderkopfdichtung-61-srt8\/","title":{"rendered":"T\u011bsn\u011bn\u00ed hlavy v\u00e1lc\u016f Mahle 6.1 SRT"},"content":{"rendered":"<h1>T\u011bsn\u011bn\u00ed hlavy v\u00e1lc\u016f Mahle pro Chrysler 300C, Dodge Challenger, Charger, Magnum a Jeep Grand Cherokee 6.1 SRT8<\/h1>\n<p>&nbsp;<\/p>\n<p><strong>Srovn\u00e1vac\u00ed \u010d\u00edsla Mopar: <\/strong>5037592AA, 5037592AB, 5037592AC<\/p>\n<p>&nbsp;<\/p>\n<p>Toto t\u011bsn\u011bn\u00ed lze pou\u017e\u00edt na lev\u00e9 i prav\u00e9 stran\u011b.<\/p>\n<p>&nbsp;<\/p>\n<p><strong>Vhodn\u00e9 pro:<\/strong><\/p>\n<table width=\"437\">\n<tbody>\n<tr>\n<td width=\"83\"><strong>Zna\u010dka<\/strong><\/td>\n<td width=\"122\"><strong>Model<\/strong><\/td>\n<td width=\"136\"><strong>Motor<\/strong><\/td>\n<td width=\"96\"><strong>Rok v\u00fdstavby<\/strong><\/td>\n<\/tr>\n<tr>\n<td>Chrysler<\/td>\n<td>300C<\/td>\n<td>6.1<\/td>\n<td>2005\u20132010<\/td>\n<\/tr>\n<tr>\n<td>Dodge<\/td>\n<td>Challenger<\/td>\n<td>6.1<\/td>\n<td>2008\u20132010<\/td>\n<\/tr>\n<tr>\n<td>Dodge<\/td>\n<td>Charger<\/td>\n<td>6.1<\/td>\n<td>2005\u20132010<\/td>\n<\/tr>\n<tr>\n<td>Dodge<\/td>\n<td>Magnum<\/td>\n<td>6.1<\/td>\n<td>2006\u20132008<\/td>\n<\/tr>\n<tr>\n<td>Jeep<\/td>\n<td>Grand Cherokee<\/td>\n<td>6.1<\/td>\n<td>2006\u20132010<\/td>\n<\/tr>\n<\/tbody>\n<\/table>","protected":false},"excerpt":{"rendered":"<p>T\u011bsn\u011bn\u00ed hlavy v\u00e1lc\u016f Mahle pro Chrysler 300C, Dodge Challenger, Charger, Magnum a Jeep Grand Cherokee 6.1 SRT8 Referen\u010dn\u00ed \u010d\u00edsla Mopar: 5037592AA, 5037592AB,<\/p>","protected":false},"featured_media":68294861,"comment_status":"open","ping_status":"closed","template":"","meta":{"_acf_changed":false},"product_brand":[19065],"product_cat":[6685,6681,6690,6686,6695,6691,6699,6705,6704,6700],"product_tag":[18162,18163,18164,52,4051,4052,2822,6523,54,53,48,536,571,49,3853,3854,692,56,50,4425,1149,55,31,34,35,2425,2793,609,610],"class_list":{"0":"post-68294859","1":"product","2":"type-product","3":"status-publish","4":"has-post-thumbnail","6":"product_brand-mahle","7":"product_cat-300c-61-dichtungen-hardware","8":"product_cat-300c-61-zylinderkopf","9":"product_cat-challenger-61-dichtungen-hardware","10":"product_cat-challenger-61-zylinderkopf","11":"product_cat-charger-61-dichtungen-hardware","12":"product_cat-charger-61-zylinderkopf","13":"product_cat-magnum-61-dichtungen-hardware","14":"product_cat-magnum-61-zylinderkopf","15":"product_cat-grand-cherokee-61-dichtungen-hardware","16":"product_cat-grand-cherokee-61-zylinderkopf","17":"product_tag-05037592aa","18":"product_tag-05037592ab","19":"product_tag-05037592ac","20":"product_tag-300c","21":"product_tag-5037592aa","22":"product_tag-5037592ab","23":"product_tag-5037592ac","24":"product_tag-6523","25":"product_tag-challenger","26":"product_tag-charger","27":"product_tag-chrysler","28":"product_tag-chrysler-300c","29":"product_tag-dichtung","30":"product_tag-dodge","31":"product_tag-dodge-challenger","32":"product_tag-dodge-charger","33":"product_tag-ersatzteil","34":"product_tag-grand-cherokee","35":"product_tag-jeep","36":"product_tag-jeep-grand-cherokee","37":"product_tag-links","38":"product_tag-magnum","39":"product_tag-mopar","40":"product_tag-original","41":"product_tag-originalersatzteil","42":"product_tag-originalteil","43":"product_tag-rechts","44":"product_tag-zylinderkopf","45":"product_tag-zylinderkopfdichtung","47":"first","48":"outofstock","49":"taxable","50":"shipping-taxable","51":"purchasable","52":"product-type-simple"},"bundled_by":[],"bundle_stock_status":"outofstock","bundle_stock_quantity":0,"bundle_virtual":false,"bundle_layout":"","bundle_add_to_cart_form_location":"","bundle_editable_in_cart":false,"bundle_sold_individually_context":"","bundle_item_grouping":"","bundle_min_size":"","bundle_max_size":"","bundle_price":[],"bundled_items":[],"bundle_sell_ids":[],"exclude_global_add_ons":[],"addons":[],"acf":[],"_links":{"self":[{"href":"https:\/\/kraftwerk-shop.cc\/cs\/wp-json\/wp\/v2\/product\/68294859","targetHints":{"allow":["GET"]}}],"collection":[{"href":"https:\/\/kraftwerk-shop.cc\/cs\/wp-json\/wp\/v2\/product"}],"about":[{"href":"https:\/\/kraftwerk-shop.cc\/cs\/wp-json\/wp\/v2\/types\/product"}],"replies":[{"embeddable":true,"href":"https:\/\/kraftwerk-shop.cc\/cs\/wp-json\/wp\/v2\/comments?post=68294859"}],"version-history":[{"count":0,"href":"https:\/\/kraftwerk-shop.cc\/cs\/wp-json\/wp\/v2\/product\/68294859\/revisions"}],"wp:featuredmedia":[{"embeddable":true,"href":"https:\/\/kraftwerk-shop.cc\/cs\/wp-json\/wp\/v2\/media\/68294861"}],"wp:attachment":[{"href":"https:\/\/kraftwerk-shop.cc\/cs\/wp-json\/wp\/v2\/media?parent=68294859"}],"wp:term":[{"taxonomy":"product_brand","embeddable":true,"href":"https:\/\/kraftwerk-shop.cc\/cs\/wp-json\/wp\/v2\/product_brand?post=68294859"},{"taxonomy":"product_cat","embeddable":true,"href":"https:\/\/kraftwerk-shop.cc\/cs\/wp-json\/wp\/v2\/product_cat?post=68294859"},{"taxonomy":"product_tag","embeddable":true,"href":"https:\/\/kraftwerk-shop.cc\/cs\/wp-json\/wp\/v2\/product_tag?post=68294859"}],"curies":[{"name":"wp","href":"https:\/\/api.w.org\/{rel}","templated":true}]}}