{"id":68294967,"date":"2023-12-04T13:56:38","date_gmt":"2023-12-04T12:56:38","guid":{"rendered":"https:\/\/kraftwerk-shop.cc\/?post_type=product&#038;p=68294967"},"modified":"2026-02-15T01:07:43","modified_gmt":"2026-02-15T00:07:43","slug":"borla-140837-vyfukovy-system-shelby-gt500","status":"publish","type":"product","link":"https:\/\/kraftwerk-shop.cc\/cs\/produkt\/borla-140837-auspuffanlage-shelby-gt500\/","title":{"rendered":"V\u00fdfukov\u00fd syst\u00e9m BORLA ATAK Ford Mustang Shelby GT500"},"content":{"rendered":"<h1>BORLA ATAK #140837 Vysoce v\u00fdkonn\u00fd v\u00fdfukov\u00fd syst\u00e9m pro Ford Mustang Shelby GT500<\/h1>\n<p>V\u00fdfukov\u00e9 syst\u00e9my BORLA\u00ae ATAK\u00ae (Acoustically Tuned Applied Kinetics) byly navr\u017eeny pro v\u00fdkonn\u00e9 puristy, kte\u0159\u00ed d\u00e1vaj\u00ed p\u0159ednost poslechu v\u00fdfuku sv\u00e9ho Mustangu p\u0159ed stereo syst\u00e9mem.<\/p>\n<p>V\u00fdfukov\u00e9 syst\u00e9my ATAK\u00ae dosahuj\u00ed nejvy\u0161\u0161\u00edch hodnot dB mezi r\u016fzn\u00fdmi syst\u00e9my Borla, ani\u017e by do\u0161lo ke sn\u00ed\u017een\u00ed kvality zvuku, jak tomu \u010dasto b\u00fdv\u00e1 u jin\u00fdch hlasit\u00fdch v\u00fdfukov\u00fdch syst\u00e9m\u016f.<\/p>\n<p>Technologie ATAK\u00ae je zalo\u017eena na speci\u00e1ln\u011b p\u0159izp\u016fsoben\u00fdch vlastnostech jader tlumi\u010d\u016f, kter\u00e9 jsou individu\u00e1ln\u011b vylad\u011bny pro ka\u017ed\u00fd typ vozidla, aby bylo dosa\u017eeno nejlep\u0161\u00edho zvuku.<\/p>\n<p><strong>Super agresivn\u00ed, siln\u00fd, hlasit\u00fd zvuk americk\u00e9ho auta. Syst\u00e9m je rozhodn\u011b p\u0159\u00edli\u0161 hlasit\u00fd na \u0159idi\u010dsk\u00fd pr\u016fkaz - ale vozidlo m\u00e1 zvuk, kter\u00fd opravdov\u00fd nad\u0161enec o\u010dek\u00e1v\u00e1.<\/strong><\/p>\n<p>Sportovn\u00ed v\u00fdfukov\u00e9 syst\u00e9my Borla jsou vyr\u00e1b\u011bny z vysoce legovan\u00e9 nerezov\u00e9 oceli \u0159ady T304 podle americk\u00e9 normy AISI.<\/p>\n<p>&nbsp;<\/p>\n<p>V\u00fdfukov\u00fd syst\u00e9m Borla ATAK #140837 Cat-back je vhodn\u00fd pro n\u00e1sleduj\u00edc\u00ed modely.<strong>:<\/strong><\/p>\n<table width=\"449\">\n<tbody>\n<tr>\n<td width=\"115\"><strong>Zna\u010dka<\/strong><\/td>\n<td width=\"145\"><strong>Model<\/strong><\/td>\n<td width=\"106\">Motor<\/td>\n<td width=\"83\"><strong>Rok v\u00fdstavby<\/strong><\/td>\n<\/tr>\n<tr>\n<td>Ford<\/td>\n<td>Mustang Shelby GT500<\/td>\n<td>5.2<\/td>\n<td>2020\u20132023<\/td>\n<\/tr>\n<\/tbody>\n<\/table>\n<p>&nbsp;<\/p>\n<p><iframe loading=\"lazy\" title=\"Borla ATAK #140837 Ford Mustag Shelby GT500\" src=\"https:\/\/www.youtube.com\/embed\/l9s7jGtLuEs\" width=\"882\" height=\"496\" frameborder=\"0\" allowfullscreen=\"allowfullscreen\"><\/iframe><\/p>","protected":false},"excerpt":{"rendered":"<p>2020\u20132023<\/p>","protected":false},"featured_media":68294973,"comment_status":"open","ping_status":"closed","template":"","meta":{"_acf_changed":false},"product_brand":[17170],"product_cat":[3024,4036],"product_tag":[6561,420,2066,2373,4526,4024,4030,1035,1036,1048,546,1037,1032,6562,2443,3954,1047,2210,662,1039,1042,2786,917,784,3962,4029,3874,2934,532,529,20273,2211,1044,3872,1033,3958,4824,1045,1041,547,1034,1038],"class_list":{"0":"post-68294967","1":"product","2":"type-product","3":"status-publish","4":"has-post-thumbnail","6":"product_brand-borla","7":"product_cat-nicht-nach-eu","8":"product_cat-shelby-gt500-abgasanlage","9":"product_tag-6561","10":"product_tag-420","11":"product_tag-2066","12":"product_tag-2373","13":"product_tag-4526","14":"product_tag-3zoll","15":"product_tag-5-0","16":"product_tag-abgasanlage","17":"product_tag-abgassystem","18":"product_tag-atak","19":"product_tag-auspuff","20":"product_tag-auspuffsystem","21":"product_tag-borla","22":"product_tag-borla-atak","23":"product_tag-borla-exhaust","24":"product_tag-bullitt","25":"product_tag-cat-back","26":"product_tag-catback","27":"product_tag-edelstahl","28":"product_tag-endschalldaempfer","29":"product_tag-endtopf","30":"product_tag-exhaust","31":"product_tag-ford","32":"product_tag-gt","33":"product_tag-gt-5-0","34":"product_tag-gt5-0","35":"product_tag-gt500","36":"product_tag-harder","37":"product_tag-kat","38":"product_tag-katalysator","39":"product_tag-keintuev","40":"product_tag-klang","41":"product_tag-mittelschalldaempfer","42":"product_tag-mustang","43":"product_tag-s-type","44":"product_tag-shelby","45":"product_tag-shelby-gt500","46":"product_tag-sound","47":"product_tag-sport","48":"product_tag-sportauspuff","49":"product_tag-sportauspuffanlage","50":"product_tag-sportendschalldaempfer","51":"product_shipping_class-spedition-1","53":"first","54":"onbackorder","55":"taxable","56":"shipping-taxable","57":"purchasable","58":"product-type-simple"},"bundled_by":[],"bundle_stock_status":"onbackorder","bundle_stock_quantity":0,"bundle_virtual":false,"bundle_layout":"","bundle_add_to_cart_form_location":"","bundle_editable_in_cart":false,"bundle_sold_individually_context":"","bundle_item_grouping":"","bundle_min_size":"","bundle_max_size":"","bundle_price":[],"bundled_items":[],"bundle_sell_ids":[],"exclude_global_add_ons":[],"addons":[],"acf":[],"_links":{"self":[{"href":"https:\/\/kraftwerk-shop.cc\/cs\/wp-json\/wp\/v2\/product\/68294967","targetHints":{"allow":["GET"]}}],"collection":[{"href":"https:\/\/kraftwerk-shop.cc\/cs\/wp-json\/wp\/v2\/product"}],"about":[{"href":"https:\/\/kraftwerk-shop.cc\/cs\/wp-json\/wp\/v2\/types\/product"}],"replies":[{"embeddable":true,"href":"https:\/\/kraftwerk-shop.cc\/cs\/wp-json\/wp\/v2\/comments?post=68294967"}],"version-history":[{"count":0,"href":"https:\/\/kraftwerk-shop.cc\/cs\/wp-json\/wp\/v2\/product\/68294967\/revisions"}],"wp:featuredmedia":[{"embeddable":true,"href":"https:\/\/kraftwerk-shop.cc\/cs\/wp-json\/wp\/v2\/media\/68294973"}],"wp:attachment":[{"href":"https:\/\/kraftwerk-shop.cc\/cs\/wp-json\/wp\/v2\/media?parent=68294967"}],"wp:term":[{"taxonomy":"product_brand","embeddable":true,"href":"https:\/\/kraftwerk-shop.cc\/cs\/wp-json\/wp\/v2\/product_brand?post=68294967"},{"taxonomy":"product_cat","embeddable":true,"href":"https:\/\/kraftwerk-shop.cc\/cs\/wp-json\/wp\/v2\/product_cat?post=68294967"},{"taxonomy":"product_tag","embeddable":true,"href":"https:\/\/kraftwerk-shop.cc\/cs\/wp-json\/wp\/v2\/product_tag?post=68294967"}],"curies":[{"name":"wp","href":"https:\/\/api.w.org\/{rel}","templated":true}]}}