{"id":68295171,"date":"2023-12-21T20:42:48","date_gmt":"2023-12-21T19:42:48","guid":{"rendered":"https:\/\/kraftwerk-shop.cc\/?post_type=product&#038;p=68295171"},"modified":"2026-03-16T14:51:12","modified_gmt":"2026-03-16T13:51:12","slug":"sberne-vyfukove-potrubi-57-64","status":"publish","type":"product","link":"https:\/\/kraftwerk-shop.cc\/cs\/produkt\/abgaskruemmer-ram-57-64\/","title":{"rendered":"V\u00fdfukov\u00e9 potrub\u00ed RAM 2500 a 3500 6.4"},"content":{"rendered":"<h1>V\u00fdfukov\u00e9 potrub\u00ed pro RAM 2500 a 3500 6.4 od roku 2014 do roku 2020<\/h1>\n<p>&nbsp;<\/p>\n<p>Tyto v\u00fdfukov\u00e9 potrub\u00ed byly p\u0159esn\u011b vyrobeny tak, aby dokonale pasovaly a fungovaly na va\u0161\u00ed pam\u011bti RAM.<br \/>\nJsou dod\u00e1v\u00e1ny se v\u0161emi pot\u0159ebn\u00fdmi t\u011bsn\u011bn\u00edmi pro opravu.<\/p>\n<p>&nbsp;<\/p>\n<ul>\n<li>Ide\u00e1ln\u00ed n\u00e1hrada - precizn\u011b navr\u017een\u00e1 a robustn\u011b vyroben\u00e1, aby byla zaji\u0161t\u011bna jej\u00ed funk\u010dnost a vhodnost.<\/li>\n<li>Spolehliv\u00e1 konstrukce - odoln\u00e9 materi\u00e1ly odol\u00e1vaj\u00ed deformac\u00edm, prasklin\u00e1m a net\u011bsnostem, co\u017e zaru\u010duje dlouhou \u017eivotnost.<\/li>\n<li>Kompletn\u00ed oprava - dod\u00e1vka v\u010detn\u011b v\u0161ech pot\u0159ebn\u00fdch t\u011bsn\u011bn\u00ed<\/li>\n<li>Osv\u011bd\u010den\u00e1 konstrukce - vyr\u00e1b\u00ed ji p\u0159edn\u00ed v\u00fdrobce rozd\u011blova\u010d\u016f pro trh s n\u00e1hradn\u00edmi d\u00edly<\/li>\n<\/ul>\n<p>&nbsp;<\/p>\n<p><strong>Z\u016fstala referen\u010dn\u00ed \u010d\u00edsla Mopar: <\/strong><span class=\"list-value\">53034137AC, 68045559AA, 68045559AB<\/span><strong>, <\/strong><span class=\"list-value sku-display\">68045559BA<br \/>\n<\/span><strong>Referen\u010dn\u00ed \u010d\u00edsla Mopar vpravo: <\/strong><span class=\"list-value sku-display\">5045486AA<\/span><strong><br \/>\n<\/strong><\/p>\n<p>&nbsp;<\/p>\n<p><strong>Vhodn\u00e9 pro:<\/strong><\/p>\n<table width=\"1327\">\n<tbody>\n<tr>\n<td width=\"83\"><strong>Rok v\u00fdstavby<\/strong><\/td>\n<td width=\"83\"><strong>Zna\u010dka<\/strong><\/td>\n<td width=\"129\"><strong>Model<\/strong><\/td>\n<td width=\"885\"><strong>Verze<\/strong><\/td>\n<td width=\"147\">Motor<\/td>\n<\/tr>\n<tr>\n<td width=\"83\">2020<\/td>\n<td width=\"83\">RAM<\/td>\n<td width=\"129\">2500<\/td>\n<td width=\"885\">Big Horn, Laramie, Laramie Longhorn, Limited, Lone Star, Power Wagon, Tradesman<\/td>\n<td width=\"147\">6.4L<\/td>\n<\/tr>\n<tr>\n<td width=\"83\">2020<\/td>\n<td width=\"83\">RAM<\/td>\n<td width=\"129\">3500<\/td>\n<td width=\"885\">Laramie Longhorn<\/td>\n<td width=\"147\">6.4L<\/td>\n<\/tr>\n<tr>\n<td width=\"83\">2019<\/td>\n<td width=\"83\">RAM<\/td>\n<td width=\"129\">2500<\/td>\n<td width=\"885\">Big Horn, Laramie, Laramie Longhorn, Limited, Lone Star, Power Wagon, Tradesman<\/td>\n<td width=\"147\">6.4L<\/td>\n<\/tr>\n<tr>\n<td width=\"83\">2019<\/td>\n<td width=\"83\">RAM<\/td>\n<td width=\"129\">3500<\/td>\n<td width=\"885\">Big Horn, Laramie, Laramie Longhorn, Limited, Lone Star, Tradesman<\/td>\n<td width=\"147\">6.4L<\/td>\n<\/tr>\n<tr>\n<td width=\"83\">2018<\/td>\n<td width=\"83\">RAM<\/td>\n<td width=\"129\">2500<\/td>\n<td width=\"885\">Big Horn, Laramie, Laramie Longhorn, Limited, Power Wagon, SLT, Tradesman<\/td>\n<td width=\"147\">6.4L<\/td>\n<\/tr>\n<tr>\n<td width=\"83\">2018<\/td>\n<td width=\"83\">RAM<\/td>\n<td width=\"129\">3500<\/td>\n<td width=\"885\">Big Horn, Laramie, Laramie Longhorn, Limited, SLT, Tradesman<\/td>\n<td width=\"147\">6.4L<\/td>\n<\/tr>\n<tr>\n<td width=\"83\">2017<\/td>\n<td width=\"83\">RAM<\/td>\n<td width=\"129\">2500<\/td>\n<td width=\"885\">Big Horn, Laramie, Laramie Longhorn, Limited, Power Wagon, SLT, Tradesman<\/td>\n<td width=\"147\">6.4L<\/td>\n<\/tr>\n<tr>\n<td width=\"83\">2017<\/td>\n<td width=\"83\">RAM<\/td>\n<td width=\"129\">3500<\/td>\n<td width=\"885\">Big Horn, Laramie, Laramie Longhorn, Limited, Lone Star, SLT, Tradesman<\/td>\n<td width=\"147\">6.4L<\/td>\n<\/tr>\n<tr>\n<td width=\"83\">2016<\/td>\n<td width=\"83\">RAM<\/td>\n<td width=\"129\">2500<\/td>\n<td width=\"885\">Big Horn, Laramie, Laramie Longhorn, Limited, Outdoorsman, Power Wagon, SLT, Tradesman<\/td>\n<td width=\"147\">6.4L<\/td>\n<\/tr>\n<tr>\n<td width=\"83\">2016<\/td>\n<td width=\"83\">RAM<\/td>\n<td width=\"129\">3500<\/td>\n<td width=\"885\">Big Horn, Laramie, Laramie Longhorn, Limited, SLT, Tradesman<\/td>\n<td width=\"147\">6.4L<\/td>\n<\/tr>\n<tr>\n<td width=\"83\">2015<\/td>\n<td width=\"83\">RAM<\/td>\n<td width=\"129\">2500<\/td>\n<td width=\"885\">Big Horn, Laramie, Laramie Limited, Laramie Longhorn, Lone Star, Outdoorsman, Power Wagon, SLT, Tradesman<\/td>\n<td width=\"147\">6.4L<\/td>\n<\/tr>\n<tr>\n<td width=\"83\">2015<\/td>\n<td width=\"83\">RAM<\/td>\n<td width=\"129\">3500<\/td>\n<td width=\"885\">Big Horn, Laramie, Laramie Limited, Laramie Longhorn, Lone Star, SLT, Tradesman<\/td>\n<td width=\"147\">6.4L<\/td>\n<\/tr>\n<tr>\n<td width=\"83\">2014<\/td>\n<td width=\"83\">RAM<\/td>\n<td width=\"129\">2500<\/td>\n<td width=\"885\">Big Horn, Laramie, Laramie Limited, Laramie Longhorn, Lone Star, Outdoorsman, Power Wagon, SLT, Tradesman<\/td>\n<td width=\"147\">6.4L<\/td>\n<\/tr>\n<tr>\n<td width=\"83\">2014<\/td>\n<td width=\"83\">RAM<\/td>\n<td width=\"129\">3500<\/td>\n<td width=\"885\">Big Horn, Laramie, Laramie Limited, Laramie Longhorn, Lone Star, SLT, Tradesman<\/td>\n<td width=\"147\">6.4L<\/td>\n<\/tr>\n<\/tbody>\n<\/table>","protected":false},"excerpt":{"rendered":"<p>2014\u20132020<\/p>","protected":false},"featured_media":68298198,"comment_status":"open","ping_status":"closed","template":"","meta":{"_acf_changed":false},"product_brand":[],"product_cat":[2917],"product_tag":[18447,18446,506,507,6575,6554,93,6555,6556,6553,605,6557,3407,477,550,2285,6826,6824,2286,4475,6827,3490,86,6825,3406],"class_list":{"0":"post-68295171","1":"product","2":"type-product","3":"status-publish","4":"has-post-thumbnail","6":"product_cat-2500-3500-64-abgasanlage","7":"product_tag-05045486aa","8":"product_tag-053034137ac","9":"product_tag-506","10":"product_tag-507","11":"product_tag-5045486aa","12":"product_tag-53034137ac","13":"product_tag-6-4","14":"product_tag-68045559aa","15":"product_tag-68045559ab","16":"product_tag-68045559ba","17":"product_tag-abgaskruemmer","18":"product_tag-auspuffkruemmer","19":"product_tag-big-horn","20":"product_tag-ds","21":"product_tag-kruemmer","22":"product_tag-laramie","23":"product_tag-laramie-limited","24":"product_tag-laramie-longhorn","25":"product_tag-limited","26":"product_tag-lone-star","27":"product_tag-outdoorsman","28":"product_tag-power-wagon","29":"product_tag-ram","30":"product_tag-slt","31":"product_tag-tradesman","33":"first","34":"instock","35":"taxable","36":"shipping-taxable","37":"purchasable","38":"product-type-variable"},"bundled_by":[],"bundle_stock_status":"instock","bundle_stock_quantity":4,"bundle_virtual":false,"bundle_layout":"","bundle_add_to_cart_form_location":"","bundle_editable_in_cart":false,"bundle_sold_individually_context":"","bundle_item_grouping":"","bundle_min_size":"","bundle_max_size":"","bundle_price":[],"bundled_items":[],"bundle_sell_ids":[],"exclude_global_add_ons":[],"addons":[],"acf":[],"_links":{"self":[{"href":"https:\/\/kraftwerk-shop.cc\/cs\/wp-json\/wp\/v2\/product\/68295171","targetHints":{"allow":["GET"]}}],"collection":[{"href":"https:\/\/kraftwerk-shop.cc\/cs\/wp-json\/wp\/v2\/product"}],"about":[{"href":"https:\/\/kraftwerk-shop.cc\/cs\/wp-json\/wp\/v2\/types\/product"}],"replies":[{"embeddable":true,"href":"https:\/\/kraftwerk-shop.cc\/cs\/wp-json\/wp\/v2\/comments?post=68295171"}],"version-history":[{"count":0,"href":"https:\/\/kraftwerk-shop.cc\/cs\/wp-json\/wp\/v2\/product\/68295171\/revisions"}],"wp:featuredmedia":[{"embeddable":true,"href":"https:\/\/kraftwerk-shop.cc\/cs\/wp-json\/wp\/v2\/media\/68298198"}],"wp:attachment":[{"href":"https:\/\/kraftwerk-shop.cc\/cs\/wp-json\/wp\/v2\/media?parent=68295171"}],"wp:term":[{"taxonomy":"product_brand","embeddable":true,"href":"https:\/\/kraftwerk-shop.cc\/cs\/wp-json\/wp\/v2\/product_brand?post=68295171"},{"taxonomy":"product_cat","embeddable":true,"href":"https:\/\/kraftwerk-shop.cc\/cs\/wp-json\/wp\/v2\/product_cat?post=68295171"},{"taxonomy":"product_tag","embeddable":true,"href":"https:\/\/kraftwerk-shop.cc\/cs\/wp-json\/wp\/v2\/product_tag?post=68295171"}],"curies":[{"name":"wp","href":"https:\/\/api.w.org\/{rel}","templated":true}]}}