{"id":68295280,"date":"2023-12-20T00:08:17","date_gmt":"2023-12-19T23:08:17","guid":{"rendered":"https:\/\/kraftwerk-shop.cc\/?post_type=product&#038;p=68295280"},"modified":"2026-02-15T00:47:08","modified_gmt":"2026-02-14T23:47:08","slug":"vzduchovy-filtr-mopar-05019002aa","status":"publish","type":"product","link":"https:\/\/kraftwerk-shop.cc\/cs\/produkt\/mopar-luftfilter-05019002aa\/","title":{"rendered":"Vzduchov\u00fd filtr Mopar (05019002AA)"},"content":{"rendered":"<h1>Origin\u00e1ln\u00ed vzduchov\u00fd filtr Mopar pro Chrysler 300C, Dodge Challenger, Charger a Magnum<\/h1>\n<p><strong>\u010c\u00edslo d\u00edlu Mopar:<\/strong> 05019002AA<br \/>\n<strong>Nahrazeno:<\/strong> <span class=\"list-value\">\u2014<\/span><\/p>\n<p><strong><br \/>\nVhodn\u00e9 pro:<\/strong><\/p>\n<table width=\"415\">\n<tbody>\n<tr>\n<td width=\"83\"><strong>Rok v\u00fdstavby<\/strong><\/td>\n<td width=\"83\"><strong>Zna\u010dka<\/strong><\/td>\n<td width=\"83\"><strong>Model<\/strong><\/td>\n<td width=\"83\"><strong>Verze<\/strong><\/td>\n<td width=\"83\"><strong>Motor<\/strong><\/td>\n<\/tr>\n<tr>\n<td width=\"83\">2010<\/td>\n<td width=\"83\">Chrysler<\/td>\n<td width=\"83\">300<\/td>\n<td width=\"83\">Limited, S, Touring<\/td>\n<td width=\"83\">2,7 L , 3,5 L<\/td>\n<\/tr>\n<tr>\n<td width=\"83\">2010<\/td>\n<td width=\"83\">Dodge<\/td>\n<td width=\"83\">Challenger<\/td>\n<td width=\"83\">SE<\/td>\n<td width=\"83\">3.5L<\/td>\n<\/tr>\n<tr>\n<td width=\"83\">2010<\/td>\n<td width=\"83\">Dodge<\/td>\n<td width=\"83\">Charger<\/td>\n<td width=\"83\">Pursuit, SE, SXT<\/td>\n<td width=\"83\">2,7 L , 3,5 L<\/td>\n<\/tr>\n<tr>\n<td width=\"83\">2009<\/td>\n<td width=\"83\">Chrysler<\/td>\n<td width=\"83\">300<\/td>\n<td width=\"83\">Limited, Signature Series, Touring<\/td>\n<td width=\"83\">3.5L<\/td>\n<\/tr>\n<tr>\n<td width=\"83\">2009<\/td>\n<td width=\"83\">Dodge<\/td>\n<td width=\"83\">Challenger<\/td>\n<td width=\"83\">SE<\/td>\n<td width=\"83\">3.5L<\/td>\n<\/tr>\n<tr>\n<td width=\"83\">2009<\/td>\n<td width=\"83\">Dodge<\/td>\n<td width=\"83\">Charger<\/td>\n<td width=\"83\">Pursuit, SE, SXT<\/td>\n<td width=\"83\">2,7 L , 3,5 L<\/td>\n<\/tr>\n<tr>\n<td width=\"83\">2008<\/td>\n<td width=\"83\">Chrysler<\/td>\n<td width=\"83\">300<\/td>\n<td width=\"83\">C, LX, Limited, Touring<\/td>\n<td width=\"83\">2,7 L , 3,5 L , 5,7 L<\/td>\n<\/tr>\n<tr>\n<td width=\"83\">2008<\/td>\n<td width=\"83\">Dodge<\/td>\n<td width=\"83\">Charger<\/td>\n<td width=\"83\">Pursuit, R\/T, SE, SXT<\/td>\n<td width=\"83\">2,7 L , 3,5 L , 5,7 L<\/td>\n<\/tr>\n<tr>\n<td width=\"83\">2008<\/td>\n<td width=\"83\">Dodge<\/td>\n<td width=\"83\">Magnum<\/td>\n<td width=\"83\">R\/T, SE, SXT<\/td>\n<td width=\"83\">2,7 L , 3,5 L , 5,7 L<\/td>\n<\/tr>\n<tr>\n<td width=\"83\">2007<\/td>\n<td width=\"83\">Chrysler<\/td>\n<td width=\"83\">300<\/td>\n<td width=\"83\">Base, C, Limited, Touring<\/td>\n<td width=\"83\">2,7 L , 3,5 L , 5,7 L<\/td>\n<\/tr>\n<tr>\n<td width=\"83\">2007<\/td>\n<td width=\"83\">Dodge<\/td>\n<td width=\"83\">Charger<\/td>\n<td width=\"83\">Pursuit, R\/T, SE, SXT<\/td>\n<td width=\"83\">2,7 L , 3,5 L , 5,7 L<\/td>\n<\/tr>\n<tr>\n<td width=\"83\">2007<\/td>\n<td width=\"83\">Dodge<\/td>\n<td width=\"83\">Magnum<\/td>\n<td width=\"83\">R\/T, SE, SXT<\/td>\n<td width=\"83\">2,7 L , 3,5 L , 5,7 L<\/td>\n<\/tr>\n<tr>\n<td width=\"83\">2006<\/td>\n<td width=\"83\">Chrysler<\/td>\n<td width=\"83\">300<\/td>\n<td width=\"83\">Base, C, Touring<\/td>\n<td width=\"83\">2,7 L , 3,5 L , 5,7 L<\/td>\n<\/tr>\n<tr>\n<td width=\"83\">2006<\/td>\n<td width=\"83\">Dodge<\/td>\n<td width=\"83\">Charger<\/td>\n<td width=\"83\">R\/T, SE<\/td>\n<td width=\"83\">3,5 L , 5,7 L<\/td>\n<\/tr>\n<tr>\n<td width=\"83\">2006<\/td>\n<td width=\"83\">Dodge<\/td>\n<td width=\"83\">Magnum<\/td>\n<td width=\"83\">R\/T, SE, SXT<\/td>\n<td width=\"83\">2,7 L , 3,5 L , 5,7 L<\/td>\n<\/tr>\n<tr>\n<td width=\"83\">2005<\/td>\n<td width=\"83\">Chrysler<\/td>\n<td width=\"83\">300<\/td>\n<td width=\"83\">Base, C, Touring<\/td>\n<td width=\"83\">2,7 L , 3,5 L , 5,7 L<\/td>\n<\/tr>\n<tr>\n<td width=\"83\">2005<\/td>\n<td width=\"83\">Dodge<\/td>\n<td width=\"83\">Magnum<\/td>\n<td width=\"83\">R\/T, SE, SXT<\/td>\n<td width=\"83\">2,7 L , 3,5 L , 5,7 L<\/td>\n<\/tr>\n<\/tbody>\n<\/table>\n<p><span lang=\"DE\">\u00a0<\/span><\/p>","protected":false},"excerpt":{"rendered":"<p>Origin\u00e1ln\u00ed d\u00edl Mopar<\/p>","protected":false},"featured_media":68295283,"comment_status":"open","ping_status":"closed","template":"","meta":{"_acf_changed":false},"product_brand":[16270],"product_cat":[10262],"product_tag":[59,708,3853,36,57,31,8813,9424,16271,16273,16275,16272,16274,7221,34,35,674,38,37,673],"class_list":{"0":"post-68295280","1":"product","2":"type-product","3":"status-publish","4":"has-post-thumbnail","6":"product_brand-mopar","7":"product_cat-alle-produkte","8":"product_tag-05019002aa","9":"product_tag-5019002aa","10":"product_tag-dodge-challenger","11":"product_tag-kraftwerk","12":"product_tag-luftfilter","13":"product_tag-mopar","14":"product_tag-mopar-autoteile","15":"product_tag-mopar-ersatzteile","16":"product_tag-mopar-ersatzteile-kaufen","17":"product_tag-mopar-performance-teile","18":"product_tag-mopar-teile-katalog","19":"product_tag-mopar-teile-online","20":"product_tag-mopar-tuningteile","21":"product_tag-mopar10","22":"product_tag-original","23":"product_tag-originalersatzteil","24":"product_tag-service","25":"product_tag-teile","26":"product_tag-wartung","27":"product_tag-zubehoer","29":"first","30":"instock","31":"taxable","32":"shipping-taxable","33":"purchasable","34":"product-type-simple"},"bundled_by":[],"bundle_stock_status":"instock","bundle_stock_quantity":2,"bundle_virtual":false,"bundle_layout":"","bundle_add_to_cart_form_location":"","bundle_editable_in_cart":false,"bundle_sold_individually_context":"","bundle_item_grouping":"","bundle_min_size":"","bundle_max_size":"","bundle_price":[],"bundled_items":[],"bundle_sell_ids":[],"exclude_global_add_ons":[],"addons":[],"acf":[],"_links":{"self":[{"href":"https:\/\/kraftwerk-shop.cc\/cs\/wp-json\/wp\/v2\/product\/68295280","targetHints":{"allow":["GET"]}}],"collection":[{"href":"https:\/\/kraftwerk-shop.cc\/cs\/wp-json\/wp\/v2\/product"}],"about":[{"href":"https:\/\/kraftwerk-shop.cc\/cs\/wp-json\/wp\/v2\/types\/product"}],"replies":[{"embeddable":true,"href":"https:\/\/kraftwerk-shop.cc\/cs\/wp-json\/wp\/v2\/comments?post=68295280"}],"version-history":[{"count":0,"href":"https:\/\/kraftwerk-shop.cc\/cs\/wp-json\/wp\/v2\/product\/68295280\/revisions"}],"wp:featuredmedia":[{"embeddable":true,"href":"https:\/\/kraftwerk-shop.cc\/cs\/wp-json\/wp\/v2\/media\/68295283"}],"wp:attachment":[{"href":"https:\/\/kraftwerk-shop.cc\/cs\/wp-json\/wp\/v2\/media?parent=68295280"}],"wp:term":[{"taxonomy":"product_brand","embeddable":true,"href":"https:\/\/kraftwerk-shop.cc\/cs\/wp-json\/wp\/v2\/product_brand?post=68295280"},{"taxonomy":"product_cat","embeddable":true,"href":"https:\/\/kraftwerk-shop.cc\/cs\/wp-json\/wp\/v2\/product_cat?post=68295280"},{"taxonomy":"product_tag","embeddable":true,"href":"https:\/\/kraftwerk-shop.cc\/cs\/wp-json\/wp\/v2\/product_tag?post=68295280"}],"curies":[{"name":"wp","href":"https:\/\/api.w.org\/{rel}","templated":true}]}}