{"id":68295357,"date":"2023-12-20T00:09:36","date_gmt":"2023-12-19T23:09:36","guid":{"rendered":"https:\/\/kraftwerk-shop.cc\/?post_type=product&#038;p=68295357"},"modified":"2026-02-15T00:04:30","modified_gmt":"2026-02-14T23:04:30","slug":"hellcat-trackhawk-trx-kompresorove-kolo-2-85","status":"publish","type":"product","link":"https:\/\/kraftwerk-shop.cc\/cs\/produkt\/hellcat-trackhawk-trx-kompressorrad-2-85\/","title":{"rendered":"Hellcat \/ Trackhawk \/ TRX kolo p\u0159epl\u0148ov\u00e1n\u00ed 2,85\u2033"},"content":{"rendered":"<h1>2,85\u2033 \u0159emenice p\u0159epl\u0148ovac\u00edho kompresoru pro vy\u0161\u0161\u00ed plnic\u00ed tlak<\/h1>\n<p>&nbsp;<\/p>\n<p>Spole\u010dnost Metco Motorsports nab\u00edz\u00ed origin\u00e1ln\u00ed p\u0159esn\u011b opracovan\u00e9 kolo p\u0159epl\u0148ov\u00e1n\u00ed pro model Hellcat. Stejn\u011b jako v\u0161echny \u0159emenice Metco Motorsports je i toto kolo p\u0159epl\u0148ov\u00e1n\u00ed vym\u011bnitelnou jednotkou, jej\u00ed\u017e z\u00e1klad tvo\u0159\u00ed precizn\u011b opracovan\u00fd nerezov\u00fd n\u00e1boj kola p\u0159epl\u0148ov\u00e1n\u00ed, vym\u011bniteln\u00fd hnac\u00ed krou\u017eek kola p\u0159epl\u0148ov\u00e1n\u00ed a s\u00e9riov\u011b vypadaj\u00edc\u00ed kryt p\u0159edn\u00ed \u0159emenice.<br \/>\nKrou\u017eek kladky a kryt jsou \u010dern\u011b eloxovan\u00e9 a v\u0161echny dod\u00e1van\u00e9 upev\u0148ovac\u00ed prvky jsou vyrobeny z nerezov\u00e9 oceli nebo jsou pozinkovan\u00e9.<br \/>\nV\u0161echny sou\u010d\u00e1sti jsou p\u0159esn\u011b obr\u00e1b\u011bny na nejmodern\u011bj\u0161\u00edm CNC soustruhu a jsou dokonale vyv\u00e1\u017eeny, aby byl zaji\u0161t\u011bn hladk\u00fd chod p\u0159i v\u0161ech ot\u00e1\u010dk\u00e1ch motoru a maximalizov\u00e1na spolehlivost.<\/p>\n<p>Tyto \u0159emenice jsou vyr\u00e1b\u011bny s velkou p\u00e9\u010d\u00ed a zvl\u00e1\u0161tn\u00ed pozornost je v\u011bnov\u00e1na tvaru, v\u00fd\u0161ce a rozte\u010di dr\u00e1\u017eek, aby byla zaji\u0161t\u011bna maxim\u00e1ln\u00ed p\u0159ilnavost \u0159emene. D\u00edky tomuto dodate\u010dn\u00e9mu \u00fasil\u00ed nen\u00ed nutn\u00e9 p\u0159id\u00e1vat na povrch krou\u017eku strukturovan\u00fd povlak.<\/p>\n<p>Kompresorov\u00e1 kola o pr\u016fm\u011bru 2,85 palce a v\u011bt\u0161\u00edm jsou ur\u010dena pro silni\u010dn\u00ed aplikace, zat\u00edmco kola o pr\u016fm\u011bru 2,75 palce a men\u0161\u00edm jsou ur\u010dena pro z\u00e1vodn\u00ed aplikace nebo aplikace s modernizac\u00ed benzinov\u00e9ho syst\u00e9mu.<br \/>\nVezm\u011bte pros\u00edm na v\u011bdom\u00ed, \u017ee uveden\u00e9 zv\u00fd\u0161en\u00ed v\u00fdkonu je vy\u0161\u0161\u00ed u aplikac\u00ed Demon a Redeye z d\u016fvodu v\u011bt\u0161\u00edho kola p\u0159epl\u0148ov\u00e1n\u00ed pou\u017eit\u00e9ho v t\u011bchto vozidlech.<\/p>\n<p>&nbsp;<\/p>\n<p><strong>Vhodn\u00e9 pro:<\/strong><\/p>\n<table width=\"449\">\n<tbody>\n<tr>\n<td width=\"115\"><strong>Zna\u010dka<\/strong><\/td>\n<td width=\"145\"><strong>Model<\/strong><\/td>\n<td width=\"106\"><strong>Motor<\/strong><\/td>\n<td width=\"83\"><strong>Rok v\u00fdstavby<\/strong><\/td>\n<\/tr>\n<tr>\n<td width=\"115\">Dodge<\/td>\n<td width=\"145\">Charger<\/td>\n<td width=\"106\">6.2 Hellcat<\/td>\n<td width=\"83\">2015\u20132023<\/td>\n<\/tr>\n<tr>\n<td width=\"115\">Dodge<\/td>\n<td width=\"145\">Challenger<\/td>\n<td width=\"106\">6.2 Hellcat<\/td>\n<td width=\"83\">2015\u20132023<\/td>\n<\/tr>\n<tr>\n<td width=\"115\">Dodge<\/td>\n<td width=\"145\">Durango<\/td>\n<td width=\"106\">6.2 Hellcat<\/td>\n<td width=\"83\">2021\u20132025<\/td>\n<\/tr>\n<tr>\n<td width=\"115\">Jeep<\/td>\n<td width=\"145\">Grand Cherokee<\/td>\n<td width=\"106\">6.2 Trackhawk<\/td>\n<td width=\"83\">2018\u20132021<\/td>\n<\/tr>\n<tr>\n<td width=\"115\">RAM<\/td>\n<td width=\"145\">1500<\/td>\n<td width=\"106\">TRX<\/td>\n<td width=\"83\">2021\u20132024<\/td>\n<\/tr>\n<\/tbody>\n<\/table>\n<p>&nbsp;<\/p>\n<p><strong>Pozn\u00e1mky:<\/strong><\/p>\n<ul>\n<li>Pro instalaci tohoto kompresorov\u00e9ho kola je ur\u010dena pouze odborn\u00e1 instalace.<\/li>\n<li>Pro vyjmut\u00ed kompresorov\u00e9ho kola je nutn\u00e9 demontovat horn\u00ed \u010d\u00e1st kompresoru.<\/li>\n<li>N\u00e1vod k instalaci nen\u00ed k dispozici<\/li>\n<li>K instalaci je zapot\u0159eb\u00ed speci\u00e1ln\u00ed n\u00e1\u0159ad\u00ed<\/li>\n<li>Je nutn\u00fd krat\u0161\u00ed \u0159emen<\/li>\n<li>\u0158\u00eddic\u00ed jednotka motoru mus\u00ed b\u00fdt p\u0159izp\u016fsobena<\/li>\n<\/ul>\n<p>&nbsp;<\/p>","protected":false},"excerpt":{"rendered":"<p>2,85\u2033 \u0159emenice turbodmychadla pro vy\u0161\u0161\u00ed plnic\u00ed tlak Spole\u010dnost Metco Motorsports nab\u00edz\u00ed origin\u00e1ln\u00ed, p\u0159esn\u011b navr\u017eenou \u0159emenici turbodmychadla pro Hellcat. Stejn\u011b jako v\u0161echny<\/p>","protected":false},"featured_media":68295361,"comment_status":"open","ping_status":"closed","template":"","meta":{"_acf_changed":false},"product_brand":[20097],"product_cat":[2585,2709,2708,2669,2701],"product_tag":[475,725,101,54,53,49,3853,3854,3415,56,2452,100,723,50,4425,4427,4426,722,242,394,36,382,157,397,86,721,246,102,2353,233],"class_list":{"0":"post-68295357","1":"product","2":"type-product","3":"status-publish","4":"has-post-thumbnail","6":"product_brand-metco","7":"product_cat-challenger-hellcat-kompressor","8":"product_cat-charger-hellcat-kompressor","9":"product_cat-durango-hellcat-kompressor","10":"product_cat-trackhawk-kompressor","11":"product_cat-trx-kompressor","12":"product_tag-475","13":"product_tag-2-85","14":"product_tag-6-2","15":"product_tag-challenger","16":"product_tag-charger","17":"product_tag-dodge","18":"product_tag-dodge-challenger","19":"product_tag-dodge-charger","20":"product_tag-erhoehen","21":"product_tag-grand-cherokee","22":"product_tag-hcsc","23":"product_tag-hellcat","24":"product_tag-hoeher","25":"product_tag-jeep","26":"product_tag-jeep-grand-cherokee","27":"product_tag-jeep-grand-cherokee-trackhawk","28":"product_tag-jeep-trackhawk","29":"product_tag-kleiner","30":"product_tag-kompressor","31":"product_tag-kompressorrad","32":"product_tag-kraftwerk","33":"product_tag-ladedruck","34":"product_tag-metco","35":"product_tag-pulley","36":"product_tag-ram","37":"product_tag-riemenscheibe","38":"product_tag-supercharger","39":"product_tag-trackhawk","40":"product_tag-trx","41":"product_tag-tuning","43":"first","44":"onbackorder","45":"taxable","46":"shipping-taxable","47":"purchasable","48":"product-type-simple"},"bundled_by":[],"bundle_stock_status":"onbackorder","bundle_stock_quantity":0,"bundle_virtual":false,"bundle_layout":"","bundle_add_to_cart_form_location":"","bundle_editable_in_cart":false,"bundle_sold_individually_context":"","bundle_item_grouping":"","bundle_min_size":"","bundle_max_size":"","bundle_price":[],"bundled_items":[],"bundle_sell_ids":[],"exclude_global_add_ons":[],"addons":[],"acf":[],"_links":{"self":[{"href":"https:\/\/kraftwerk-shop.cc\/cs\/wp-json\/wp\/v2\/product\/68295357","targetHints":{"allow":["GET"]}}],"collection":[{"href":"https:\/\/kraftwerk-shop.cc\/cs\/wp-json\/wp\/v2\/product"}],"about":[{"href":"https:\/\/kraftwerk-shop.cc\/cs\/wp-json\/wp\/v2\/types\/product"}],"replies":[{"embeddable":true,"href":"https:\/\/kraftwerk-shop.cc\/cs\/wp-json\/wp\/v2\/comments?post=68295357"}],"version-history":[{"count":0,"href":"https:\/\/kraftwerk-shop.cc\/cs\/wp-json\/wp\/v2\/product\/68295357\/revisions"}],"wp:featuredmedia":[{"embeddable":true,"href":"https:\/\/kraftwerk-shop.cc\/cs\/wp-json\/wp\/v2\/media\/68295361"}],"wp:attachment":[{"href":"https:\/\/kraftwerk-shop.cc\/cs\/wp-json\/wp\/v2\/media?parent=68295357"}],"wp:term":[{"taxonomy":"product_brand","embeddable":true,"href":"https:\/\/kraftwerk-shop.cc\/cs\/wp-json\/wp\/v2\/product_brand?post=68295357"},{"taxonomy":"product_cat","embeddable":true,"href":"https:\/\/kraftwerk-shop.cc\/cs\/wp-json\/wp\/v2\/product_cat?post=68295357"},{"taxonomy":"product_tag","embeddable":true,"href":"https:\/\/kraftwerk-shop.cc\/cs\/wp-json\/wp\/v2\/product_tag?post=68295357"}],"curies":[{"name":"wp","href":"https:\/\/api.w.org\/{rel}","templated":true}]}}