{"id":68295372,"date":"2023-12-20T00:09:45","date_gmt":"2023-12-19T23:09:45","guid":{"rendered":"https:\/\/kraftwerk-shop.cc\/?post_type=product&#038;p=68295372"},"modified":"2026-03-30T11:40:29","modified_gmt":"2026-03-30T09:40:29","slug":"neaktivni-vyfukovy-modul","status":"publish","type":"product","link":"https:\/\/kraftwerk-shop.cc\/cs\/produkt\/inactive-exhaust-modul\/","title":{"rendered":"Neaktivn\u00ed v\u00fdfukov\u00fd modul"},"content":{"rendered":"<h1>Elektronick\u00fd modul pro deaktivaci p\u016fvodn\u00edch v\u00fdfukov\u00fdch klapek<\/h1>\n<p>&nbsp;<\/p>\n<p>Pokud chcete odstranit aktivn\u00ed klapky v\u00fdfuku u sv\u00e9ho vozu Dodge nebo Chrysler, budete pot\u0159ebovat tento simul\u00e1tor, abyste se vyhnuli kontrolce motoru (obvykle se zobrazuj\u00ed chybov\u00e9 k\u00f3dy U113F a U1140).<\/p>\n<p>Jin\u00e9 mo\u017enosti na trhu jsou \u010dist\u011b mechanick\u00e9 a vy\u017eaduj\u00ed op\u011btovn\u00e9 pou\u017eit\u00ed pohon\u016f a jejich mont\u00e1\u017e na dal\u0161\u00ed desku.<\/p>\n<p>&nbsp;<\/p>\n<p><strong>Instalace:<\/strong><\/p>\n<p>1: Vlezte pod vozidlo a odpojte z\u00e1str\u010dky obou aktivn\u00edch v\u00fdfukov\u00fdch klapek.<\/p>\n<p>2: Zapojte neaktivn\u00ed v\u00fdfukov\u00fd modul. Zajist\u011bte je stahovac\u00ed p\u00e1skou.<\/p>\n<p>3: Hotovo. Pokud m\u00e1te standardn\u00ed syst\u00e9m a chcete m\u00edt klapky st\u00e1le otev\u0159en\u00e9, m\u016f\u017eete servomotory ponechat na m\u00edst\u011b. Nebo je m\u016f\u017eete zcela odstranit.<\/p>\n<p>&nbsp;<\/p>\n<p>Ide\u00e1ln\u00ed pro ty, kte\u0159\u00ed:<\/p>\n<ul>\n<li>chcete m\u00edt trvale otev\u0159en\u00e9 pouze klapky.<\/li>\n<li>cht\u011bj\u00ed odstranit nebo deaktivovat \"chrast\u00edc\u00ed klapky v\u00fdfuku\", proto\u017ee maj\u00ed \u010dasto probl\u00e9my s ru\u0161iv\u00fdmi zvuky.<\/li>\n<li>maj\u00ed vadn\u00e9 servomotory a necht\u011bj\u00ed n\u00e9st (vysok\u00e9) n\u00e1klady na jejich v\u00fdm\u011bnu.<\/li>\n<li>chcete nainstalovat dodate\u010dn\u011b upraven\u00fd v\u00fdfuk a zcela odstranit ventily.<\/li>\n<\/ul>\n<p>&nbsp;<\/p>\n<p>Tato sada obsahuje:<\/p>\n<ul>\n<li>v\u00fdfukov\u00fd modul s mikroprocesorem automobilov\u00e9 t\u0159\u00eddy, kter\u00fd komunikuje s vozidlem a namlouv\u00e1 mu, \u017ee ventily jsou namontov\u00e1ny a funguj\u00ed spr\u00e1vn\u011b.<\/li>\n<li>Vodot\u011bsn\u00e9 z\u00e1str\u010dky, kter\u00e9 chr\u00e1n\u00ed z\u00e1str\u010dky p\u0159ed koroz\u00ed<\/li>\n<\/ul>\n<p>&nbsp;<\/p>\n<p>Vhodn\u00e9 pro Chrysler 300C, Dodge Challenger a Charger od roku 2015.<\/p>\n<p>&nbsp;<\/p>\n<p><strong>Rozsah dod\u00e1vky:<\/strong><\/p>\n<ul>\n<li>1 sada pro ob\u011b \u0161ikm\u00e9 klapky<\/li>\n<\/ul>\n<p>Na jedno vozidlo je nutn\u00e1 1 sada.<\/p>\n<p>&nbsp;<\/p>","protected":false},"excerpt":{"rendered":"<p>Elektronick\u00fd modul pro deaktivaci p\u016fvodn\u00edch v\u00fdfukov\u00fdch klapek Pokud chcete na sv\u00e9m vozidle Dodge nebo Chrysler odstranit aktivn\u00ed v\u00fdfukov\u00e9 klapky, pot\u0159ebujete elektronick\u00fd modul pro deaktivaci p\u016fvodn\u00edch v\u00fdfukov\u00fdch klapek.<\/p>","protected":false},"featured_media":68295551,"comment_status":"open","ping_status":"closed","template":"","meta":{"_acf_changed":false},"product_brand":[],"product_cat":[6619,2570,6604,6595,6519,6610,6598,6560],"product_tag":[52,546,2993,54,53,48,536,331,49,3853,3854,2786,521,2992,2780,1040,472,3021,438,581,2994,713,525,120,3019,3020,2995,470,2991,440],"class_list":{"0":"post-68295372","1":"product","2":"type-product","3":"status-publish","4":"has-post-thumbnail","6":"product_cat-300c-57-2011-2023-abgasanlage-dichtungen-hardware","7":"product_cat-300c-64-abgasanlage","8":"product_cat-challenger-57-abgasanlage-dichtungen-hardware","9":"product_cat-challenger-hellcat-abgasanlage-dichtungen-hardware","10":"product_cat-challenger-64-abgasanlage-dichtungen-hardware","11":"product_cat-charger-57-2011-2023-abgasanlage-dichtungen-hardware","12":"product_cat-charger-hellcat-abgasanlage-dichtungen-hardware","13":"product_cat-charger-64-abgasanlage-dichtungen-hardware","14":"product_tag-300c","15":"product_tag-auspuff","16":"product_tag-auspuffklappen","17":"product_tag-challenger","18":"product_tag-charger","19":"product_tag-chrysler","20":"product_tag-chrysler-300c","21":"product_tag-deaktivieren","22":"product_tag-dodge","23":"product_tag-dodge-challenger","24":"product_tag-dodge-charger","25":"product_tag-exhaust","26":"product_tag-fehlercode","27":"product_tag-inactive","28":"product_tag-klappen","29":"product_tag-laut","30":"product_tag-modul","31":"product_tag-motorkontrolllampe","32":"product_tag-obd","33":"product_tag-offen","34":"product_tag-oeffnen","35":"product_tag-sensor","36":"product_tag-simulator","37":"product_tag-stilllegen","38":"product_tag-u113f","39":"product_tag-u1140","40":"product_tag-z-automotive","41":"product_tag-z-auto","42":"product_tag-zauto","43":"product_tag-zautotech","45":"first","46":"instock","47":"taxable","48":"shipping-taxable","49":"purchasable","50":"product-type-simple"},"bundled_by":[],"bundle_stock_status":"instock","bundle_stock_quantity":2,"bundle_virtual":false,"bundle_layout":"","bundle_add_to_cart_form_location":"","bundle_editable_in_cart":false,"bundle_sold_individually_context":"","bundle_item_grouping":"","bundle_min_size":"","bundle_max_size":"","bundle_price":[],"bundled_items":[],"bundle_sell_ids":[],"exclude_global_add_ons":[],"addons":[],"acf":[],"_links":{"self":[{"href":"https:\/\/kraftwerk-shop.cc\/cs\/wp-json\/wp\/v2\/product\/68295372","targetHints":{"allow":["GET"]}}],"collection":[{"href":"https:\/\/kraftwerk-shop.cc\/cs\/wp-json\/wp\/v2\/product"}],"about":[{"href":"https:\/\/kraftwerk-shop.cc\/cs\/wp-json\/wp\/v2\/types\/product"}],"replies":[{"embeddable":true,"href":"https:\/\/kraftwerk-shop.cc\/cs\/wp-json\/wp\/v2\/comments?post=68295372"}],"version-history":[{"count":0,"href":"https:\/\/kraftwerk-shop.cc\/cs\/wp-json\/wp\/v2\/product\/68295372\/revisions"}],"wp:featuredmedia":[{"embeddable":true,"href":"https:\/\/kraftwerk-shop.cc\/cs\/wp-json\/wp\/v2\/media\/68295551"}],"wp:attachment":[{"href":"https:\/\/kraftwerk-shop.cc\/cs\/wp-json\/wp\/v2\/media?parent=68295372"}],"wp:term":[{"taxonomy":"product_brand","embeddable":true,"href":"https:\/\/kraftwerk-shop.cc\/cs\/wp-json\/wp\/v2\/product_brand?post=68295372"},{"taxonomy":"product_cat","embeddable":true,"href":"https:\/\/kraftwerk-shop.cc\/cs\/wp-json\/wp\/v2\/product_cat?post=68295372"},{"taxonomy":"product_tag","embeddable":true,"href":"https:\/\/kraftwerk-shop.cc\/cs\/wp-json\/wp\/v2\/product_tag?post=68295372"}],"curies":[{"name":"wp","href":"https:\/\/api.w.org\/{rel}","templated":true}]}}