{"id":68295375,"date":"2023-12-20T00:09:45","date_gmt":"2023-12-19T23:09:45","guid":{"rendered":"https:\/\/kraftwerk-shop.cc\/?post_type=product&#038;p=68295375"},"modified":"2026-02-15T00:05:00","modified_gmt":"2026-02-14T23:05:00","slug":"kryty-rozdelovace-dodge-challenger","status":"publish","type":"product","link":"https:\/\/kraftwerk-shop.cc\/cs\/produkt\/splitter-guards-dodge-challenger\/","title":{"rendered":"Ochrann\u00e9 kryty rozd\u011blova\u010de Dodge Challenger"},"content":{"rendered":"<h1>Ochrann\u00e9 kryty rozd\u011blova\u010de pro Dodge Challenger 2015 - 2023 k ochran\u011b p\u016fvodn\u00edho p\u0159edn\u00edho rozd\u011blova\u010de p\u0159i n\u00e1razu na zem<\/h1>\n<p>&nbsp;<\/p>\n<p>Jednoduch\u00e1 instalace pomoc\u00ed samo\u0159ezn\u00fdch \u0161roub\u016f.<\/p>\n<p>Vhodn\u00e9 pro Dodge Challenger Scat Pack a dal\u0161\u00ed varianty s 1\/2\u2033 lemem.<\/p>\n<p><u>Ne<\/u> vhodn\u00e9 pro Hellcat a Widebody.<br \/>\n<u>Ne<\/u> vhodn\u00e9 pro na\u0161e n\u00e1stavce p\u0159edn\u00edho rozd\u011blova\u010de.<\/p>\n<p>&nbsp;<\/p>","protected":false},"excerpt":{"rendered":"<p>2015\u20132023<\/p>","protected":false},"featured_media":68295387,"comment_status":"open","ping_status":"closed","template":"","meta":{"_acf_changed":false},"product_brand":[],"product_cat":[2579,2581,2587],"product_tag":[763,54,49,3853,781,779,100,126,36,764,96,759],"class_list":{"0":"post-68295375","1":"product","2":"type-product","3":"status-publish","4":"has-post-thumbnail","6":"product_cat-challenger-36-body","7":"product_cat-challenger-57-body","8":"product_cat-challenger-64-body","9":"product_tag-bodykit","10":"product_tag-challenger","11":"product_tag-dodge","12":"product_tag-dodge-challenger","13":"product_tag-guard","14":"product_tag-guards","15":"product_tag-hellcat","16":"product_tag-hemi","17":"product_tag-kraftwerk","18":"product_tag-splitter","19":"product_tag-srt","20":"product_tag-zl1addons","22":"first","23":"instock","24":"sale","25":"taxable","26":"shipping-taxable","27":"purchasable","28":"product-type-simple"},"bundled_by":[],"bundle_stock_status":"instock","bundle_stock_quantity":1,"bundle_virtual":false,"bundle_layout":"","bundle_add_to_cart_form_location":"","bundle_editable_in_cart":false,"bundle_sold_individually_context":"","bundle_item_grouping":"","bundle_min_size":"","bundle_max_size":"","bundle_price":[],"bundled_items":[],"bundle_sell_ids":[],"exclude_global_add_ons":[],"addons":[],"acf":[],"_links":{"self":[{"href":"https:\/\/kraftwerk-shop.cc\/cs\/wp-json\/wp\/v2\/product\/68295375","targetHints":{"allow":["GET"]}}],"collection":[{"href":"https:\/\/kraftwerk-shop.cc\/cs\/wp-json\/wp\/v2\/product"}],"about":[{"href":"https:\/\/kraftwerk-shop.cc\/cs\/wp-json\/wp\/v2\/types\/product"}],"replies":[{"embeddable":true,"href":"https:\/\/kraftwerk-shop.cc\/cs\/wp-json\/wp\/v2\/comments?post=68295375"}],"version-history":[{"count":0,"href":"https:\/\/kraftwerk-shop.cc\/cs\/wp-json\/wp\/v2\/product\/68295375\/revisions"}],"wp:featuredmedia":[{"embeddable":true,"href":"https:\/\/kraftwerk-shop.cc\/cs\/wp-json\/wp\/v2\/media\/68295387"}],"wp:attachment":[{"href":"https:\/\/kraftwerk-shop.cc\/cs\/wp-json\/wp\/v2\/media?parent=68295375"}],"wp:term":[{"taxonomy":"product_brand","embeddable":true,"href":"https:\/\/kraftwerk-shop.cc\/cs\/wp-json\/wp\/v2\/product_brand?post=68295375"},{"taxonomy":"product_cat","embeddable":true,"href":"https:\/\/kraftwerk-shop.cc\/cs\/wp-json\/wp\/v2\/product_cat?post=68295375"},{"taxonomy":"product_tag","embeddable":true,"href":"https:\/\/kraftwerk-shop.cc\/cs\/wp-json\/wp\/v2\/product_tag?post=68295375"}],"curies":[{"name":"wp","href":"https:\/\/api.w.org\/{rel}","templated":true}]}}