{"id":68295488,"date":"2023-12-20T00:10:47","date_gmt":"2023-12-19T23:10:47","guid":{"rendered":"https:\/\/kraftwerk-shop.cc\/?post_type=product&#038;p=68295488"},"modified":"2026-03-30T11:17:19","modified_gmt":"2026-03-30T09:17:19","slug":"vzduchovy-filtr-mopar-68172459aa","status":"publish","type":"product","link":"https:\/\/kraftwerk-shop.cc\/cs\/produkt\/mopar-luftfilter-68172459aa\/","title":{"rendered":"Vzduchov\u00fd filtr Mopar (68172459AA)"},"content":{"rendered":"<h1>Origin\u00e1ln\u00ed vzduchov\u00fd filtr Mopar pro Dodge Challenger &amp; Charger Hellcat<\/h1>\n<p><strong>\u010c\u00edslo d\u00edlu Mopar:<\/strong> 68172459AA<br \/>\n<strong>Nahrazeno:<\/strong> <span class=\"list-value\">\u2014<\/span><\/p>\n<p><strong><br \/>\nVhodn\u00e9 pro:<\/strong><\/p>\n<table width=\"846\">\n<tbody>\n<tr>\n<td width=\"64\"><strong>Rok v\u00fdstavby<\/strong><\/td>\n<td width=\"83\"><strong>Zna\u010dka<\/strong><\/td>\n<td width=\"146\"><strong>Model<\/strong><\/td>\n<td width=\"438\"><strong>Verze<\/strong><\/td>\n<td width=\"115\"><strong>Motor<\/strong><\/td>\n<\/tr>\n<tr>\n<td width=\"64\">2023<\/td>\n<td width=\"83\">Dodge<\/td>\n<td width=\"146\">Charger<\/td>\n<td width=\"438\">SRT Hellcat Redeye Widebody, SRT Hellcat Widebody<\/td>\n<td width=\"115\">6.2L<\/td>\n<\/tr>\n<tr>\n<td width=\"64\">2022<\/td>\n<td width=\"83\">Dodge<\/td>\n<td width=\"146\">Charger<\/td>\n<td width=\"438\">SRT Hellcat Redeye Widebody, SRT Hellcat Widebody, SRT Jailbreak<\/td>\n<td width=\"115\">6.2L<\/td>\n<\/tr>\n<tr>\n<td width=\"64\">2021<\/td>\n<td width=\"83\">Dodge<\/td>\n<td width=\"146\">Charger<\/td>\n<td width=\"438\">SRT Hellcat Redeye Widebody, SRT Hellcat Widebody<\/td>\n<td width=\"115\">6.2L<\/td>\n<\/tr>\n<tr>\n<td width=\"64\">2020<\/td>\n<td width=\"83\">Dodge<\/td>\n<td width=\"146\">Charger<\/td>\n<td width=\"438\">SRT Hellcat Widebody<\/td>\n<td width=\"115\">6.2L<\/td>\n<\/tr>\n<tr>\n<td width=\"64\">2019<\/td>\n<td width=\"83\">Dodge<\/td>\n<td width=\"146\">Charger<\/td>\n<td width=\"438\">SRT Hellcat<\/td>\n<td width=\"115\">6.2L<\/td>\n<\/tr>\n<tr>\n<td width=\"64\">2018<\/td>\n<td width=\"83\">Dodge<\/td>\n<td width=\"146\">Challenger<\/td>\n<td width=\"438\">SRT Demon, SRT Hellcat, SRT Hellcat Widebody<\/td>\n<td width=\"115\">6.2L<\/td>\n<\/tr>\n<tr>\n<td width=\"64\">2018<\/td>\n<td width=\"83\">Dodge<\/td>\n<td width=\"146\">Charger<\/td>\n<td width=\"438\">SRT Hellcat<\/td>\n<td width=\"115\">6.2L<\/td>\n<\/tr>\n<tr>\n<td width=\"64\">2017<\/td>\n<td width=\"83\">Dodge<\/td>\n<td width=\"146\">Challenger<\/td>\n<td width=\"438\">SRT Hellcat<\/td>\n<td width=\"115\">6.2L<\/td>\n<\/tr>\n<tr>\n<td width=\"64\">2017<\/td>\n<td width=\"83\">Dodge<\/td>\n<td width=\"146\">Charger<\/td>\n<td width=\"438\">SRT Hellcat<\/td>\n<td width=\"115\">6.2L<\/td>\n<\/tr>\n<tr>\n<td width=\"64\">2016<\/td>\n<td width=\"83\">Dodge<\/td>\n<td width=\"146\">Challenger<\/td>\n<td width=\"438\">SRT Hellcat<\/td>\n<td width=\"115\">6.2L<\/td>\n<\/tr>\n<tr>\n<td width=\"64\">2016<\/td>\n<td width=\"83\">Dodge<\/td>\n<td width=\"146\">Charger<\/td>\n<td width=\"438\">SRT Hellcat<\/td>\n<td width=\"115\">6.2L<\/td>\n<\/tr>\n<tr>\n<td width=\"64\">2015<\/td>\n<td width=\"83\">Dodge<\/td>\n<td width=\"146\">Challenger<\/td>\n<td width=\"438\">SRT Hellcat<\/td>\n<td width=\"115\">6.2L<\/td>\n<\/tr>\n<tr>\n<td width=\"64\">2015<\/td>\n<td width=\"83\">Dodge<\/td>\n<td width=\"146\">Charger<\/td>\n<td width=\"438\">SRT Hellcat<\/td>\n<td width=\"115\">6.2L<\/td>\n<\/tr>\n<\/tbody>\n<\/table>","protected":false},"excerpt":{"rendered":"<p>Origin\u00e1ln\u00ed d\u00edl Mopar<\/p>","protected":false},"featured_media":68295489,"comment_status":"open","ping_status":"closed","template":"","meta":{"_acf_changed":false},"product_brand":[16270],"product_cat":[10262],"product_tag":[707,3853,36,57,31,8813,9424,16271,16273,16275,16272,16274,7221,34,35,674,38,37,673],"class_list":{"0":"post-68295488","1":"product","2":"type-product","3":"status-publish","4":"has-post-thumbnail","6":"product_brand-mopar","7":"product_cat-alle-produkte","8":"product_tag-68172459aa","9":"product_tag-dodge-challenger","10":"product_tag-kraftwerk","11":"product_tag-luftfilter","12":"product_tag-mopar","13":"product_tag-mopar-autoteile","14":"product_tag-mopar-ersatzteile","15":"product_tag-mopar-ersatzteile-kaufen","16":"product_tag-mopar-performance-teile","17":"product_tag-mopar-teile-katalog","18":"product_tag-mopar-teile-online","19":"product_tag-mopar-tuningteile","20":"product_tag-mopar10","21":"product_tag-original","22":"product_tag-originalersatzteil","23":"product_tag-service","24":"product_tag-teile","25":"product_tag-wartung","26":"product_tag-zubehoer","28":"first","29":"instock","30":"taxable","31":"shipping-taxable","32":"purchasable","33":"product-type-simple"},"bundled_by":[],"bundle_stock_status":"instock","bundle_stock_quantity":15,"bundle_virtual":false,"bundle_layout":"","bundle_add_to_cart_form_location":"","bundle_editable_in_cart":false,"bundle_sold_individually_context":"","bundle_item_grouping":"","bundle_min_size":"","bundle_max_size":"","bundle_price":[],"bundled_items":[],"bundle_sell_ids":[],"exclude_global_add_ons":[],"addons":[],"acf":[],"_links":{"self":[{"href":"https:\/\/kraftwerk-shop.cc\/cs\/wp-json\/wp\/v2\/product\/68295488","targetHints":{"allow":["GET"]}}],"collection":[{"href":"https:\/\/kraftwerk-shop.cc\/cs\/wp-json\/wp\/v2\/product"}],"about":[{"href":"https:\/\/kraftwerk-shop.cc\/cs\/wp-json\/wp\/v2\/types\/product"}],"replies":[{"embeddable":true,"href":"https:\/\/kraftwerk-shop.cc\/cs\/wp-json\/wp\/v2\/comments?post=68295488"}],"version-history":[{"count":0,"href":"https:\/\/kraftwerk-shop.cc\/cs\/wp-json\/wp\/v2\/product\/68295488\/revisions"}],"wp:featuredmedia":[{"embeddable":true,"href":"https:\/\/kraftwerk-shop.cc\/cs\/wp-json\/wp\/v2\/media\/68295489"}],"wp:attachment":[{"href":"https:\/\/kraftwerk-shop.cc\/cs\/wp-json\/wp\/v2\/media?parent=68295488"}],"wp:term":[{"taxonomy":"product_brand","embeddable":true,"href":"https:\/\/kraftwerk-shop.cc\/cs\/wp-json\/wp\/v2\/product_brand?post=68295488"},{"taxonomy":"product_cat","embeddable":true,"href":"https:\/\/kraftwerk-shop.cc\/cs\/wp-json\/wp\/v2\/product_cat?post=68295488"},{"taxonomy":"product_tag","embeddable":true,"href":"https:\/\/kraftwerk-shop.cc\/cs\/wp-json\/wp\/v2\/product_tag?post=68295488"}],"curies":[{"name":"wp","href":"https:\/\/api.w.org\/{rel}","templated":true}]}}