{"id":68295513,"date":"2023-12-20T00:11:18","date_gmt":"2023-12-19T23:11:18","guid":{"rendered":"https:\/\/kraftwerk-shop.cc\/?post_type=product&#038;p=68295513"},"modified":"2026-02-15T00:07:25","modified_gmt":"2026-02-14T23:07:25","slug":"injen-evolution-system-sani-studeneho-vzduchu-evo5101c","status":"publish","type":"product","link":"https:\/\/kraftwerk-shop.cc\/cs\/produkt\/injen-evolution-cold-air-intake-system-evo5101c\/","title":{"rendered":"Syst\u00e9m s\u00e1n\u00ed studen\u00e9ho vzduchu Injen EVOLUTION pro 300C, Challenger, Charger 6.4"},"content":{"rendered":"<h1>Syst\u00e9m s\u00e1n\u00ed studen\u00e9ho vzduchu Injen EVOLUTION pro Chrysler 300C, Dodge Challenger a Charger 6.4<\/h1>\n<p>&nbsp;<\/p>\n<p>Sac\u00ed syst\u00e9m Injen EVO5101C byl vyvinut s vyu\u017eit\u00edm nejnov\u011bj\u0161\u00edch technick\u00fdch n\u00e1stroj\u016f a technik.<br \/>\nOd jednod\u00edln\u00e9ho uzav\u0159en\u00e9ho krytu - kter\u00fd vyu\u017e\u00edv\u00e1 nov\u00fd syst\u00e9m Injen Twist-Lock k bezpe\u010dn\u00e9mu upevn\u011bn\u00ed pevn\u00e9ho 8vrstv\u00e9ho vzduchov\u00e9ho filtru z naolejovan\u00e9 bavlny - a\u017e po prvot\u0159\u00eddn\u00ed hardware - spole\u010dnost Injen p\u0159ipravila v\u0161e, aby v\u00e1m, z\u00e1kazn\u00edk\u016fm, poskytla nejlep\u0161\u00ed dostupn\u00fd syst\u00e9m s\u00e1n\u00ed.<\/p>\n<p>&nbsp;<\/p>\n<p><strong>Rota\u010dn\u011b tvarovan\u00e9 pouzdro:<\/strong><br \/>\nJednod\u00edln\u00fd ut\u011bsn\u011bn\u00fd kryt vyu\u017e\u00edv\u00e1 zcela nov\u00fd syst\u00e9m Injen Twist-Lock k bezpe\u010dn\u00e9mu upevn\u011bn\u00ed 8vrstv\u00e9ho such\u00e9ho vzduchov\u00e9ho filtru z naolejovan\u00e9 bavln\u011bn\u00e9 g\u00e1zy, co\u017e eliminuje pou\u017eit\u00ed zbyte\u010dn\u00fdch d\u00edl\u016f a umo\u017e\u0148uje snadnou instalaci.<br \/>\nKryt EVO5101C je tak\u00e9 vybaven nov\u00fdm \u0161t\u00edtkem Injen Clear View pro \u010dist\u00fd a agresivn\u00ed vzhled pod kapotou.<\/p>\n<p><strong>Rota\u010dn\u011b tvarovan\u00e9 sac\u00ed potrub\u00ed:<\/strong><br \/>\nSac\u00ed syst\u00e9m EVO5101C Evolution Air Intake System vyu\u017e\u00edv\u00e1 speci\u00e1ln\u011b navr\u017een\u00e9 a dynamicky vylad\u011bn\u00e9 sac\u00ed potrub\u00ed, kter\u00e9 zaji\u0161\u0165uje obrovsk\u00fd n\u00e1r\u016fst v\u00fdkonu p\u0159i zachov\u00e1n\u00ed kvality origin\u00e1ln\u00edho vybaven\u00ed.<\/p>\n<p><strong>Vzduchov\u00fd filtr z naolejovan\u00e9 bavln\u011bn\u00e9 g\u00e1zy:<\/strong><br \/>\nTento filtr byl speci\u00e1ln\u011b navr\u017een pro pou\u017eit\u00ed se syst\u00e9mem Injen Twist-Lock. D\u00edky pou\u017eit\u00ed syst\u00e9mu Twist-Lock mohli konstrukt\u00e9\u0159i pou\u017e\u00edt nejv\u011bt\u0161\u00ed mo\u017en\u00fd filtr pro tuto aplikaci, co\u017e zvy\u0161uje dostupn\u00fd objem vzduchu, a t\u00edm i dal\u0161\u00ed v\u00fdkon, p\u0159i\u010dem\u017e instalace je rychl\u00e1 a snadn\u00e1.<\/p>\n<p><strong>Vysoce kvalitn\u00ed hardware:<\/strong><br \/>\nOd p\u00e1sov\u00fdch svorek z nerezov\u00e9 oceli s vnit\u0159n\u00edm ochrann\u00fdm oblo\u017een\u00edm a\u017e po zes\u00edlenou silikonovou spojku pro automobilov\u00fd pr\u016fmysl - ka\u017ed\u00fd aspekt je zaji\u0161t\u011bn tak, aby bylo zaji\u0161t\u011bno dokonal\u00e9 a bezpe\u010dn\u00e9 uchycen\u00ed.<\/p>\n<p><strong>Snadn\u00e1 instalace:<\/strong><br \/>\nUsnadn\u011bte si to! S\u00e1n\u00ed vzduchu Injen Evolution vyu\u017e\u00edvaj\u00edc\u00ed syst\u00e9m Twist-Lock bylo strategicky navr\u017eeno tak, aby vy\u017eadovalo m\u00e9n\u011b d\u00edl\u016f a poskytovalo koncov\u00e9mu u\u017eivateli nejrychlej\u0161\u00ed a nejjednodu\u0161\u0161\u00ed instalaci na sou\u010dasn\u00e9m trhu.<\/p>\n<p><strong>Prov\u011b\u0159eno na zku\u0161ebn\u00ed stolici:<\/strong><br \/>\nStru\u010dn\u011b \u0159e\u010deno: \u010d\u00edsla mluv\u00ed sama za sebe. Spole\u010dnost Injen str\u00e1vila spoustu \u010dasu testov\u00e1n\u00edm a prok\u00e1zala, \u017ee vyvinula prvot\u0159\u00eddn\u00ed sadu. Po rozs\u00e1hl\u00fdch konstruk\u010dn\u00edch a dynamick\u00fdch testech m\u016f\u017ee spole\u010dnost Injen hrd\u011b prohl\u00e1sit, \u017ee syst\u00e9m s\u00e1n\u00ed vzduchu EVO5101C Evolution Air Intake System poskytuje a\u017e 13 kon\u00ed nav\u00edc a 17 NM to\u010div\u00e9ho momentu.<\/p>\n<p>&nbsp;<\/p>\n<p><strong>Vhodn\u00e9 pro:<\/strong><\/p>\n<table width=\"801\">\n<tbody>\n<tr>\n<td width=\"94\"><strong>Rok v\u00fdstavby<\/strong><\/td>\n<td width=\"110\"><strong>Zna\u010dka<\/strong><\/td>\n<td width=\"200\"><strong>Model<\/strong><\/td>\n<td width=\"282\"><strong>Varianta<\/strong><\/td>\n<td width=\"115\"><strong>Motor<\/strong><\/td>\n<\/tr>\n<tr>\n<td width=\"94\">2012-2014<\/td>\n<td width=\"110\">Chrysler<\/td>\n<td width=\"200\">300<\/td>\n<td width=\"282\">SRT-8 HEMI (nen\u00ed vhodn\u00fd pro xenonov\u00e9 sv\u011btlomety)<\/td>\n<td width=\"115\">V8 6,4 L<\/td>\n<\/tr>\n<tr>\n<td width=\"94\">2011-2023<\/td>\n<td width=\"110\">Dodge<\/td>\n<td width=\"200\">Challenger<\/td>\n<td width=\"282\">SRT-8\/392 HEMI<\/td>\n<td width=\"115\">V8 6,4 L<\/td>\n<\/tr>\n<tr>\n<td width=\"94\">2011-2023<\/td>\n<td width=\"110\">Dodge<\/td>\n<td width=\"200\">Charger<\/td>\n<td width=\"282\">SRT-8\/392 HEMI<\/td>\n<td width=\"115\">V8 6,4 L<\/td>\n<\/tr>\n<\/tbody>\n<\/table>\n<p>&nbsp;<\/p>\n<p>Pozn\u00e1mka: Tento sac\u00ed syst\u00e9m nen\u00ed vhodn\u00fd pro vozidla s kapotou motoru.<\/p>","protected":false},"excerpt":{"rendered":"<p>2011\u20132023<\/p>","protected":false},"featured_media":68295514,"comment_status":"open","ping_status":"closed","template":"","meta":{"_acf_changed":false},"product_brand":[],"product_cat":[2517,2512,2516],"product_tag":[52,217,93,2741,826,2740,54,53,48,536,2739,49,3853,3854,2738,1127,1094,50,57,500,96,424],"class_list":{"0":"post-68295513","1":"product","2":"type-product","3":"status-publish","4":"has-post-thumbnail","6":"product_cat-300c-64-ansaugung","7":"product_cat-challenger-64-ansaugung","8":"product_cat-charger-64-ansaugung","9":"product_tag-300c","10":"product_tag-217","11":"product_tag-6-4","12":"product_tag-ansaugsystem","13":"product_tag-ansaugung","14":"product_tag-cat","15":"product_tag-challenger","16":"product_tag-charger","17":"product_tag-chrysler","18":"product_tag-chrysler-300c","19":"product_tag-cold-air","20":"product_tag-dodge","21":"product_tag-dodge-challenger","22":"product_tag-dodge-charger","23":"product_tag-evo5101c","24":"product_tag-injen","25":"product_tag-intake","26":"product_tag-jeep","27":"product_tag-luftfilter","28":"product_tag-sportluftfilter","29":"product_tag-srt","30":"product_tag-system","32":"first","33":"onbackorder","34":"taxable","35":"shipping-taxable","36":"purchasable","37":"product-type-simple"},"bundled_by":[],"bundle_stock_status":"onbackorder","bundle_stock_quantity":0,"bundle_virtual":false,"bundle_layout":"","bundle_add_to_cart_form_location":"","bundle_editable_in_cart":false,"bundle_sold_individually_context":"","bundle_item_grouping":"","bundle_min_size":"","bundle_max_size":"","bundle_price":[],"bundled_items":[],"bundle_sell_ids":[],"exclude_global_add_ons":[],"addons":[],"acf":[],"_links":{"self":[{"href":"https:\/\/kraftwerk-shop.cc\/cs\/wp-json\/wp\/v2\/product\/68295513","targetHints":{"allow":["GET"]}}],"collection":[{"href":"https:\/\/kraftwerk-shop.cc\/cs\/wp-json\/wp\/v2\/product"}],"about":[{"href":"https:\/\/kraftwerk-shop.cc\/cs\/wp-json\/wp\/v2\/types\/product"}],"replies":[{"embeddable":true,"href":"https:\/\/kraftwerk-shop.cc\/cs\/wp-json\/wp\/v2\/comments?post=68295513"}],"version-history":[{"count":0,"href":"https:\/\/kraftwerk-shop.cc\/cs\/wp-json\/wp\/v2\/product\/68295513\/revisions"}],"wp:featuredmedia":[{"embeddable":true,"href":"https:\/\/kraftwerk-shop.cc\/cs\/wp-json\/wp\/v2\/media\/68295514"}],"wp:attachment":[{"href":"https:\/\/kraftwerk-shop.cc\/cs\/wp-json\/wp\/v2\/media?parent=68295513"}],"wp:term":[{"taxonomy":"product_brand","embeddable":true,"href":"https:\/\/kraftwerk-shop.cc\/cs\/wp-json\/wp\/v2\/product_brand?post=68295513"},{"taxonomy":"product_cat","embeddable":true,"href":"https:\/\/kraftwerk-shop.cc\/cs\/wp-json\/wp\/v2\/product_cat?post=68295513"},{"taxonomy":"product_tag","embeddable":true,"href":"https:\/\/kraftwerk-shop.cc\/cs\/wp-json\/wp\/v2\/product_tag?post=68295513"}],"curies":[{"name":"wp","href":"https:\/\/api.w.org\/{rel}","templated":true}]}}