{"id":68295526,"date":"2023-12-20T00:11:29","date_gmt":"2023-12-19T23:11:29","guid":{"rendered":"https:\/\/kraftwerk-shop.cc\/?post_type=product&#038;p=68295526"},"modified":"2026-03-25T11:00:28","modified_gmt":"2026-03-25T10:00:28","slug":"kabinovy-vzduchovy-filtr-mopar-ram","status":"publish","type":"product","link":"https:\/\/kraftwerk-shop.cc\/cs\/produkt\/mopar-innenraumfilter-ram\/","title":{"rendered":"Kabinov\u00fd vzduchov\u00fd filtr Mopar RAM"},"content":{"rendered":"<h1>Origin\u00e1ln\u00ed kabinov\u00fd vzduchov\u00fd filtr \/ pylov\u00fd filtr Mopar pro RAM<\/h1>\n<p>&nbsp;<\/p>\n<p><strong>\u010c\u00edslo d\u00edlu Mopar:<\/strong> 05058693AA, <span class=\"list-value sku-display\">68535623AA<\/span><br \/>\n<strong>Nahrazeno:<\/strong> 5058381AA, 68318365AA, 68406048AA<\/p>\n<p>&nbsp;<\/p>\n<p><strong>Vhodn\u00e9 pro:<\/strong><\/p>\n<table width=\"284\">\n<tbody>\n<tr>\n<td width=\"79\">RAM<\/td>\n<td width=\"122\">1500<\/td>\n<td width=\"83\">2015\u20132021<\/td>\n<\/tr>\n<tr>\n<td>RAM<\/td>\n<td>2500<\/td>\n<td>2015\u20132021<\/td>\n<\/tr>\n<tr>\n<td>RAM<\/td>\n<td>3500<\/td>\n<td>2015\u20132021<\/td>\n<\/tr>\n<tr>\n<td>RAM<\/td>\n<td>4500<\/td>\n<td>2015\u20132021<\/td>\n<\/tr>\n<tr>\n<td>RAM<\/td>\n<td>5500<\/td>\n<td>2015\u20132021<\/td>\n<\/tr>\n<\/tbody>\n<\/table>\n<p>&nbsp;<\/p>","protected":false},"excerpt":{"rendered":"<p><span lang=\"DE\" style=\"display: inline;\">Origin\u00e1ln\u00ed d\u00edl Mopar<\/span><\/p>","protected":false},"featured_media":68295527,"comment_status":"open","ping_status":"closed","template":"","meta":{"_acf_changed":false},"product_brand":[16270],"product_cat":[4761,19691,1521,5021,2706],"product_tag":[18453,4528,4529,11056,4530,2838,49,692,648,32,31,8813,9424,16271,16273,16275,16272,16274,34,691,86,694,693],"class_list":{"0":"post-68295526","1":"product","2":"type-product","3":"status-publish","4":"has-post-thumbnail","6":"product_brand-mopar","7":"product_cat-1500-36-wartung","8":"product_cat-1500-36-dt-wartung","9":"product_cat-1500-57-2009-2018-classic-wartung","10":"product_cat-1500-57-dt-wartung","11":"product_cat-trx-wartung","12":"product_tag-05058381aa","13":"product_tag-05058693aa","14":"product_tag-5058381aa","15":"product_tag-5058693aa","16":"product_tag-68318365aa","17":"product_tag-68406048aa","18":"product_tag-dodge","19":"product_tag-ersatzteil","20":"product_tag-filter","21":"product_tag-innenraumfilter","22":"product_tag-mopar","23":"product_tag-mopar-autoteile","24":"product_tag-mopar-ersatzteile","25":"product_tag-mopar-ersatzteile-kaufen","26":"product_tag-mopar-performance-teile","27":"product_tag-mopar-teile-katalog","28":"product_tag-mopar-teile-online","29":"product_tag-mopar-tuningteile","30":"product_tag-original","31":"product_tag-pollenfilter","32":"product_tag-ram","33":"product_tag-tauschen","34":"product_tag-wechseln","36":"first","37":"instock","38":"taxable","39":"shipping-taxable","40":"purchasable","41":"product-type-variable"},"bundled_by":[],"bundle_stock_status":"instock","bundle_stock_quantity":5,"bundle_virtual":false,"bundle_layout":"","bundle_add_to_cart_form_location":"","bundle_editable_in_cart":false,"bundle_sold_individually_context":"","bundle_item_grouping":"","bundle_min_size":"","bundle_max_size":"","bundle_price":[],"bundled_items":[],"bundle_sell_ids":[],"exclude_global_add_ons":[],"addons":[],"acf":[],"_links":{"self":[{"href":"https:\/\/kraftwerk-shop.cc\/cs\/wp-json\/wp\/v2\/product\/68295526","targetHints":{"allow":["GET"]}}],"collection":[{"href":"https:\/\/kraftwerk-shop.cc\/cs\/wp-json\/wp\/v2\/product"}],"about":[{"href":"https:\/\/kraftwerk-shop.cc\/cs\/wp-json\/wp\/v2\/types\/product"}],"replies":[{"embeddable":true,"href":"https:\/\/kraftwerk-shop.cc\/cs\/wp-json\/wp\/v2\/comments?post=68295526"}],"version-history":[{"count":0,"href":"https:\/\/kraftwerk-shop.cc\/cs\/wp-json\/wp\/v2\/product\/68295526\/revisions"}],"wp:featuredmedia":[{"embeddable":true,"href":"https:\/\/kraftwerk-shop.cc\/cs\/wp-json\/wp\/v2\/media\/68295527"}],"wp:attachment":[{"href":"https:\/\/kraftwerk-shop.cc\/cs\/wp-json\/wp\/v2\/media?parent=68295526"}],"wp:term":[{"taxonomy":"product_brand","embeddable":true,"href":"https:\/\/kraftwerk-shop.cc\/cs\/wp-json\/wp\/v2\/product_brand?post=68295526"},{"taxonomy":"product_cat","embeddable":true,"href":"https:\/\/kraftwerk-shop.cc\/cs\/wp-json\/wp\/v2\/product_cat?post=68295526"},{"taxonomy":"product_tag","embeddable":true,"href":"https:\/\/kraftwerk-shop.cc\/cs\/wp-json\/wp\/v2\/product_tag?post=68295526"}],"curies":[{"name":"wp","href":"https:\/\/api.w.org\/{rel}","templated":true}]}}