{"id":68295567,"date":"2023-12-20T00:11:55","date_gmt":"2023-12-19T23:11:55","guid":{"rendered":"https:\/\/kraftwerk-shop.cc\/?post_type=product&#038;p=68295567"},"modified":"2026-02-15T00:07:45","modified_gmt":"2026-02-14T23:07:45","slug":"ebc-greenstuff-brzdove-desticky-dp61745","status":"publish","type":"product","link":"https:\/\/kraftwerk-shop.cc\/cs\/produkt\/ebc-greenstuff-bremsbelaege-dp61745\/","title":{"rendered":"Brzdov\u00e9 desti\u010dky EBC Greenstuff DP61745"},"content":{"rendered":"<h1>Brzdov\u00e9 desti\u010dky EBC Greenstuff pro Jeep Commander a Jeep Grand Cherokee 3.0 CRD, 3.7, 4.7 a 5.7 Hemi z let 2005 a\u017e 2010 (zadn\u00ed n\u00e1prava)<\/h1>\n<p>&nbsp;<\/p>\n<p>Nov\u00e1 sm\u011bs desti\u010dek Greenstuff dosahuje v\u00fdrazn\u00e9ho zlep\u0161en\u00ed brzdn\u00e9ho v\u00fdkonu.<br \/>\nSportovn\u00ed brzdov\u00e9 desti\u010dky Greenstuff maj\u00ed vynikaj\u00edc\u00ed zpomalovac\u00ed\/brzdn\u00fd v\u00fdkon, i kdy\u017e je brzdov\u00fd syst\u00e9m studen\u00fd.<br \/>\n\u00da\u010dinn\u00fd pracovn\u00ed rozsah tohoto povlaku sah\u00e1 a\u017e do teploty 650 \u00b0C.<br \/>\nStejn\u011b jako v\u0161echny brzdov\u00e9 desti\u010dky EBC v automobilov\u00e9m pr\u016fmyslu maj\u00ed i v\u0161echny sportovn\u00ed brzdov\u00e9 desti\u010dky EBC Greenstuff povrchovou \u00fapravu proti zlomen\u00ed, lomen\u00e9 hrany, tepelnou dr\u00e1\u017eku a pr\u00e1\u0161kov\u00fd lak.<\/p>\n<p>&nbsp;<\/p>\n<p>Vlastnosti:<\/p>\n<p>- Sn\u00ed\u017een\u00e9 mno\u017estv\u00ed brzdov\u00e9ho prachu<br \/>\n- Pr\u016fm\u011brn\u00e1 \u017eivotnost<br \/>\n- \u0160etrn\u00e9 zach\u00e1zen\u00ed s brzdov\u00fdmi kotou\u010di<br \/>\n- N\u00e1kladov\u011b efektivn\u00ed zlep\u0161en\u00ed brzdn\u00e9ho \u00fa\u010dinku<\/p>\n<p>&nbsp;<\/p>\n<div id=\"attachment_68255968\" style=\"width: 460px\" class=\"wp-caption alignnone\"><img decoding=\"async\" aria-describedby=\"caption-attachment-68255968\" class=\"wp-image-68255968\" src=\"https:\/\/kraftwerk-shop.cc\/wp-content\/uploads\/2021\/09\/EBC_Greenstuff_Info-300x229.png\" alt=\"Vlastnosti brzdov\u00fdch desti\u010dek EBC Greenstuff pro Chrysler, Dodge a Jeep\" width=\"450\" height=\"343\" \/><p id=\"caption-attachment-68255968\" class=\"wp-caption-text\">Vlastnosti brzdov\u00fdch desti\u010dek EBC Greenstuff<\/p><\/div>\n<p>&nbsp;<\/p>\n<p>\u010c\u00edslo OE (pouze pro \u00fa\u010dely porovn\u00e1n\u00ed): 5080868AA, 5080868AB, 5080868AC, 05080868AA, 05080868AB, 05080868AC<br \/>\nSchv\u00e1len\u00ed: REG90<\/p>\n<p>M\u00edsto instalace: Zadn\u00ed n\u00e1prava<\/p>\n<p>&nbsp;<\/p>\n<p><strong>Vhodn\u00e9 pro:<\/strong><\/p>\n<table width=\"0\">\n<tbody>\n<tr>\n<td width=\"64\">Jeep<\/td>\n<td width=\"117\">Commander<\/td>\n<td width=\"147\">3.0 CRD, 3.7, 4.7, 5.7<\/td>\n<td width=\"208\">2005\u20132010<\/td>\n<\/tr>\n<tr>\n<td width=\"64\">Jeep<\/td>\n<td width=\"117\">Grand Cherokee<\/td>\n<td width=\"147\">3.0 CRD, 3.7, 4.7, 5.7<\/td>\n<td width=\"208\">2005\u20132010<\/td>\n<\/tr>\n<\/tbody>\n<\/table>\n<p>&nbsp;<\/p>\n<p><strong>Rozsah dod\u00e1vky: <\/strong><\/p>\n<p>- 1 sada brzdov\u00fdch desti\u010dek EBC Greenstuff (DP61745) pro zadn\u00ed n\u00e1pravu<\/p>\n<p>&nbsp;<\/p>","protected":false},"excerpt":{"rendered":"<p>2005\u20132010<\/p>","protected":false},"featured_media":68295571,"comment_status":"open","ping_status":"closed","template":"","meta":{"_acf_changed":false},"product_brand":[16875],"product_cat":[5186,17937,17947],"product_tag":[3198,3199,572,91,3196,3197,1046,590,795,840,94,3200,964,2442,16877,16876,16878,56,971,126,798,799,50,4425,36,2138,970,2139,673,2135,2137],"class_list":{"0":"post-68295567","1":"product","2":"type-product","3":"status-publish","4":"has-post-thumbnail","6":"product_brand-ebc-brakes","7":"product_cat-commander-bremsen-hinten","8":"product_cat-grand-cherokee-30-diesel-bremsbelaege-hinten","9":"product_cat-grand-cherokee-57-2005-2010-bremsbelaege-hinten","10":"product_tag-05080871aa","11":"product_tag-05080871ab","12":"product_tag-3-0-crd","13":"product_tag-5-7","14":"product_tag-5080871aa","15":"product_tag-5080871ab","16":"product_tag-abe","17":"product_tag-bremsbelaege","18":"product_tag-bremse","19":"product_tag-bremskloetze","20":"product_tag-commander","21":"product_tag-dp61745","22":"product_tag-ebc","23":"product_tag-ebc-brakes","24":"product_tag-ebc-bremsbelaege","25":"product_tag-ebc-bremsen","26":"product_tag-ebc-bremsscheiben","27":"product_tag-grand-cherokee","28":"product_tag-greenstuff","29":"product_tag-hemi","30":"product_tag-hinten","31":"product_tag-hinterachse","32":"product_tag-jeep","33":"product_tag-jeep-grand-cherokee","34":"product_tag-kraftwerk","35":"product_tag-reg90","36":"product_tag-sportbremsbelaege","37":"product_tag-tuev","38":"product_tag-zubehoer","39":"product_tag-zubehoerbremsbelaege","40":"product_tag-zulassung","42":"first","43":"onbackorder","44":"taxable","45":"shipping-taxable","46":"purchasable","47":"product-type-simple"},"bundled_by":[],"bundle_stock_status":"onbackorder","bundle_stock_quantity":0,"bundle_virtual":false,"bundle_layout":"","bundle_add_to_cart_form_location":"","bundle_editable_in_cart":false,"bundle_sold_individually_context":"","bundle_item_grouping":"","bundle_min_size":"","bundle_max_size":"","bundle_price":[],"bundled_items":[],"bundle_sell_ids":[],"exclude_global_add_ons":[],"addons":[],"acf":[],"_links":{"self":[{"href":"https:\/\/kraftwerk-shop.cc\/cs\/wp-json\/wp\/v2\/product\/68295567","targetHints":{"allow":["GET"]}}],"collection":[{"href":"https:\/\/kraftwerk-shop.cc\/cs\/wp-json\/wp\/v2\/product"}],"about":[{"href":"https:\/\/kraftwerk-shop.cc\/cs\/wp-json\/wp\/v2\/types\/product"}],"replies":[{"embeddable":true,"href":"https:\/\/kraftwerk-shop.cc\/cs\/wp-json\/wp\/v2\/comments?post=68295567"}],"version-history":[{"count":0,"href":"https:\/\/kraftwerk-shop.cc\/cs\/wp-json\/wp\/v2\/product\/68295567\/revisions"}],"wp:featuredmedia":[{"embeddable":true,"href":"https:\/\/kraftwerk-shop.cc\/cs\/wp-json\/wp\/v2\/media\/68295571"}],"wp:attachment":[{"href":"https:\/\/kraftwerk-shop.cc\/cs\/wp-json\/wp\/v2\/media?parent=68295567"}],"wp:term":[{"taxonomy":"product_brand","embeddable":true,"href":"https:\/\/kraftwerk-shop.cc\/cs\/wp-json\/wp\/v2\/product_brand?post=68295567"},{"taxonomy":"product_cat","embeddable":true,"href":"https:\/\/kraftwerk-shop.cc\/cs\/wp-json\/wp\/v2\/product_cat?post=68295567"},{"taxonomy":"product_tag","embeddable":true,"href":"https:\/\/kraftwerk-shop.cc\/cs\/wp-json\/wp\/v2\/product_tag?post=68295567"}],"curies":[{"name":"wp","href":"https:\/\/api.w.org\/{rel}","templated":true}]}}