{"id":68295580,"date":"2023-12-20T00:12:05","date_gmt":"2023-12-19T23:12:05","guid":{"rendered":"https:\/\/kraftwerk-shop.cc\/?post_type=product&#038;p=68295580"},"modified":"2026-03-23T12:16:27","modified_gmt":"2026-03-23T11:16:27","slug":"qtp-aggressor-klapky-vyfuku-ram-1500-dt","status":"publish","type":"product","link":"https:\/\/kraftwerk-shop.cc\/cs\/produkt\/qtp-aggressor-auspuffklappen-ram-1500-dt\/","title":{"rendered":"Sada v\u00fdfukov\u00fdch klapek QTP Aggressor pro RAM 5.7 Hemi"},"content":{"rendered":"<h1>Sada v\u00fdfukov\u00fdch klapek QTP Aggressor pro RAM 5.7 Hemi<\/h1>\n<p>&nbsp;<\/p>\n<p>Aggressor je mont\u00e1\u017en\u00ed sada s elektrick\u00fdm v\u00fd\u0159ezem p\u0159izp\u016fsoben\u00e1 pro dan\u00e9 vozidlo.<br \/>\nSpole\u010dnost Quick Time Performance (QTP) vyvinula ka\u017edou aplikaci pro optim\u00e1ln\u00ed instala\u010dn\u00ed polohu, zvuk a v\u00fdkon.<br \/>\nNemus\u00edte se starat o m\u00edsto instalace. Tento probl\u00e9m byl ji\u017e vy\u0159e\u0161en za v\u00e1s. V\u011bt\u0161ina sad nevy\u017eaduje \u017e\u00e1dn\u00e9 sv\u00e1\u0159e\u010dsk\u00e9 pr\u00e1ce.<\/p>\n<p>P\u0159ejd\u011bte od ticha v tov\u00e1rn\u011b k hluku agresora! Sta\u010d\u00ed ji na\u0161roubovat a rozpout\u00e1 se peklo.<\/p>\n<p>V\u0161echny syst\u00e9my jsou vyrobeny v USA a jsou vyrobeny z nerezov\u00e9 oceli.<\/p>\n<p>&nbsp;<\/p>\n<ul>\n<li>Vhodn\u00e9 pro 2019-2022 Ram 1500 5.7L<\/li>\n<li>Vhodn\u00e9 pro kabinu Crew Cab \/ Short Bed<\/li>\n<li>Spolupracuje s p\u0159\u00eddavn\u00fdmi v\u00fdfukov\u00fdmi syst\u00e9my<\/li>\n<li>Nehod\u00ed se k ohyb\u016fm ventil\u00e1toru s dlouh\u00fdmi trubkami<\/li>\n<li>Nen\u00ed nutn\u00e9 sva\u0159ov\u00e1n\u00ed<\/li>\n<li>Kompletn\u00ed u\u017eivatelsk\u00e1 kontrola nad v\u00fdkonem a zvukem<\/li>\n<li>Konstrukce z nerezov\u00e9 oceli 304<\/li>\n<li>Tich\u00fd a\u017e hlasit\u00fd stiskem tla\u010d\u00edtka<\/li>\n<li>Vyrobeno v USA<\/li>\n<\/ul>\n<p>&nbsp;<\/p>\n<p><strong>Rozsah dod\u00e1vky:<\/strong><\/p>\n<ul>\n<li>V\u00fdfukov\u00fd klapkov\u00fd syst\u00e9m pro RAM 1500<\/li>\n<li>Koncov\u00fd uz\u00e1v\u011br<\/li>\n<li>Kabelov\u00fd svazek<\/li>\n<li>T\u011bsn\u011bn\u00ed<\/li>\n<li>Pokyny k instalaci<\/li>\n<\/ul>\n<p>&nbsp;<\/p>\n<p><strong>Vhodn\u00e9 pro:<\/strong><\/p>\n<table width=\"437\">\n<tbody>\n<tr>\n<td width=\"83\"><strong>Zna\u010dka<\/strong><\/td>\n<td width=\"122\"><strong>Model<\/strong><\/td>\n<td width=\"136\"><strong>Motor<\/strong><\/td>\n<td width=\"96\"><strong>Rok v\u00fdstavby<\/strong><\/td>\n<\/tr>\n<tr>\n<td>RAM<\/td>\n<td>1500<\/td>\n<td>5.7<\/td>\n<td>2019\u20132024<\/td>\n<\/tr>\n<\/tbody>\n<\/table>\n<p>&nbsp;<\/p>","protected":false},"excerpt":{"rendered":"<p>2019\u20132024<\/p>","protected":false},"featured_media":68295593,"comment_status":"open","ping_status":"closed","template":"","meta":{"_acf_changed":false},"product_brand":[],"product_cat":[6623],"product_tag":[475,419,420,2066,2373,4526,6297,91,3383,1035,3381,3378,546,2993,3382,49,476,692,549,126,20273,34,186,3379,7223,3380,86,3368,3055,547],"class_list":{"0":"post-68295580","1":"product","2":"type-product","3":"status-publish","4":"has-post-thumbnail","6":"product_cat-1500-57-dt-abgasanlage-catback","7":"product_tag-475","8":"product_tag-419","9":"product_tag-420","10":"product_tag-2066","11":"product_tag-2373","12":"product_tag-4526","13":"product_tag-6297","14":"product_tag-5-7","15":"product_tag-3383","16":"product_tag-abgasanlage","17":"product_tag-abgasklappen","18":"product_tag-aggressor","19":"product_tag-auspuff","20":"product_tag-auspuffklappen","21":"product_tag-cutout","22":"product_tag-dodge","23":"product_tag-dt","24":"product_tag-ersatzteil","25":"product_tag-header","26":"product_tag-hemi","27":"product_tag-keintuev","28":"product_tag-original","29":"product_tag-performance","30":"product_tag-qtp","31":"product_tag-qtp10","32":"product_tag-quick-time-performance","33":"product_tag-ram","34":"product_tag-shorties","35":"product_tag-sportabgasanlage","36":"product_tag-sportauspuff","38":"first","39":"onbackorder","40":"taxable","41":"shipping-taxable","42":"purchasable","43":"product-type-simple"},"bundled_by":[],"bundle_stock_status":"onbackorder","bundle_stock_quantity":0,"bundle_virtual":false,"bundle_layout":"","bundle_add_to_cart_form_location":"","bundle_editable_in_cart":false,"bundle_sold_individually_context":"","bundle_item_grouping":"","bundle_min_size":"","bundle_max_size":"","bundle_price":[],"bundled_items":[],"bundle_sell_ids":[],"exclude_global_add_ons":[],"addons":[],"acf":[],"_links":{"self":[{"href":"https:\/\/kraftwerk-shop.cc\/cs\/wp-json\/wp\/v2\/product\/68295580","targetHints":{"allow":["GET"]}}],"collection":[{"href":"https:\/\/kraftwerk-shop.cc\/cs\/wp-json\/wp\/v2\/product"}],"about":[{"href":"https:\/\/kraftwerk-shop.cc\/cs\/wp-json\/wp\/v2\/types\/product"}],"replies":[{"embeddable":true,"href":"https:\/\/kraftwerk-shop.cc\/cs\/wp-json\/wp\/v2\/comments?post=68295580"}],"version-history":[{"count":0,"href":"https:\/\/kraftwerk-shop.cc\/cs\/wp-json\/wp\/v2\/product\/68295580\/revisions"}],"wp:featuredmedia":[{"embeddable":true,"href":"https:\/\/kraftwerk-shop.cc\/cs\/wp-json\/wp\/v2\/media\/68295593"}],"wp:attachment":[{"href":"https:\/\/kraftwerk-shop.cc\/cs\/wp-json\/wp\/v2\/media?parent=68295580"}],"wp:term":[{"taxonomy":"product_brand","embeddable":true,"href":"https:\/\/kraftwerk-shop.cc\/cs\/wp-json\/wp\/v2\/product_brand?post=68295580"},{"taxonomy":"product_cat","embeddable":true,"href":"https:\/\/kraftwerk-shop.cc\/cs\/wp-json\/wp\/v2\/product_cat?post=68295580"},{"taxonomy":"product_tag","embeddable":true,"href":"https:\/\/kraftwerk-shop.cc\/cs\/wp-json\/wp\/v2\/product_tag?post=68295580"}],"curies":[{"name":"wp","href":"https:\/\/api.w.org\/{rel}","templated":true}]}}