{"id":68295602,"date":"2023-12-20T00:12:18","date_gmt":"2023-12-19T23:12:18","guid":{"rendered":"https:\/\/kraftwerk-shop.cc\/?post_type=product&#038;p=68295602"},"modified":"2026-02-15T00:07:49","modified_gmt":"2026-02-14T23:07:49","slug":"afe-power-54-13047r-magnum-force-ram-2500-power-wagon","status":"publish","type":"product","link":"https:\/\/kraftwerk-shop.cc\/cs\/produkt\/afe-power-54-13047r-magnum-force-ram-2500-power-wagon\/","title":{"rendered":"aFe Magnum FORCE Stage-2 Cold Cold Air Intake \/ Sport Air Filter RAM 6.4"},"content":{"rendered":"<h1>aFe POWER 54-13047R Magnum FORCE Stage-2 Pro 5R Syst\u00e9m s\u00e1n\u00ed studen\u00e9ho vzduchu pro RAM 2500 a 3500 6.4<\/h1>\n<p>&nbsp;<\/p>\n<p><strong>Unik\u00e1tn\u00ed jednod\u00edln\u00e9 pouzdro<\/strong><br \/>\nDod\u00e1van\u00fd pevn\u00fd vzduchov\u00fd filtr je obklopen krytem z polymeru XLPE (zes\u00ed\u0165ovan\u00fd polyethylen) s otev\u0159en\u00fdmi prvky, kter\u00fd minimalizuje tepl\u00fd vzduch v motoru pro dosa\u017een\u00ed maxim\u00e1ln\u00edho v\u00fdkonu. Jeho otev\u0159en\u00e1 konstrukce umo\u017e\u0148uje snadnou viditelnost \u010disti\u010de vzduchu a zaji\u0161\u0165uje agresivn\u00ed zvuk sac\u00edho syst\u00e9mu. Vyu\u017e\u00edv\u00e1 origin\u00e1ln\u00ed s\u00e1n\u00ed vzduchu vozidla a nevy\u017eaduje \u017e\u00e1dn\u00fd dal\u0161\u00ed mont\u00e1\u017en\u00ed hardware.<\/p>\n<p><strong>Sac\u00ed potrub\u00ed<\/strong><br \/>\nTento syst\u00e9m vyu\u017e\u00edv\u00e1 sac\u00ed potrub\u00ed navr\u017een\u00e9 v syst\u00e9mu CAD, kter\u00e9 bylo vyvinuto na zku\u0161ebn\u00ed stolici a vyrobeno rota\u010dn\u00edm procesem, aby bylo zaru\u010deno co nejv\u011bt\u0161\u00ed zv\u00fd\u0161en\u00ed v\u00fdkonu a dokonal\u00e9 p\u0159izp\u016fsoben\u00ed.<\/p>\n<p><strong>Velk\u00fd 5vrstv\u00fd v\u00fdkonn\u00fd vzduchov\u00fd filtr<\/strong><br \/>\nSac\u00ed syst\u00e9m Magnum FORCE byl navr\u017een na z\u00e1klad\u011b nejv\u011bt\u0161\u00edho mo\u017en\u00e9ho vzduchov\u00e9ho filtru, aby se maximalizovala filtrace a v\u00fdkon.<br \/>\nTento 9\u2033 vysok\u00fd 360stup\u0148ov\u00fd radi\u00e1ln\u00ed \u010disti\u010d vzduchu m\u00e1 5\u2033 kulatou p\u0159\u00edrubu a p\u0159edolejovan\u00e9 m\u00e9dium Pro 5R s p\u011bti vrstvami postupn\u011b jemn\u011bj\u0161\u00ed bavln\u011bn\u00e9 g\u00e1zy pro maxim\u00e1ln\u00ed v\u00fdkon.<br \/>\nPoskytuje motoru nejv\u011bt\u0161\u00ed mno\u017estv\u00ed vzduchu s optimalizovan\u00fdm pr\u016ftokem a ve v\u011bt\u0161in\u011b p\u0159\u00edpad\u016f p\u0159in\u00e1\u0161\u00ed nejvy\u0161\u0161\u00ed n\u00e1r\u016fst v\u00fdkonu. Tato omyvateln\u00e1 filtra\u010dn\u00ed m\u00e9dia jsou ide\u00e1ln\u00ed pro pou\u017eit\u00ed na silnici a\/nebo na okruhu.<\/p>\n<p><strong>Vysoce kvalitn\u00ed instala\u010dn\u00ed materi\u00e1l<\/strong><br \/>\n\u0160nekov\u00e9 svorky z nerezov\u00e9 oceli a zes\u00edlen\u00e1 silikonov\u00e1 hadice zaji\u0161\u0165uj\u00ed stabilitu a trvanlivost a tak\u00e9 bezpe\u010dnou a snadnou instalaci. Sac\u00ed syst\u00e9my Momentum jsou navr\u017eeny s co nejmen\u0161\u00edm po\u010dtem jednotliv\u00fdch d\u00edl\u016f, aby byla zaji\u0161t\u011bna rychl\u00e1 a snadn\u00e1 instalace.<\/p>\n<p>&nbsp;<\/p>\n<p><strong>podrobnosti<\/strong><\/p>\n<p>- + 22 PS, + 34 NM maxim\u00e1ln\u00ed zv\u00fd\u0161en\u00ed v\u00fdkonu<br \/>\n- 37% v\u011bt\u0161\u00ed pr\u016ftok ne\u017e standardn\u00ed vzduchov\u00fd filtr<br \/>\n- Sac\u00ed potrub\u00ed vyvinut\u00e9 v syst\u00e9mu CAD<br \/>\n- Otev\u0159en\u00e1 konstrukce zd\u016fraz\u0148uje vzduchov\u00fd filtr a zaji\u0161\u0165uje agresivn\u00ed hluk p\u0159i s\u00e1n\u00ed.<br \/>\n- P\u0159edem promazan\u00fd, omyvateln\u00fd a opakovan\u011b pou\u017eiteln\u00fd vzduchov\u00fd filtr Pro 10R pro maxim\u00e1ln\u00ed v\u00fdkon<br \/>\n- Jedine\u010dn\u00e1 konstrukce pouzdra filtru<br \/>\n- Perfektn\u00ed uchycen\u00ed, nen\u00ed nutn\u00e9 vrt\u00e1n\u00ed ani \u0159ez\u00e1n\u00ed p\u016fvodn\u00edch d\u00edl\u016f<\/p>\n<p>&nbsp;<\/p>\n<p><strong>Vhodn\u00e9 pro:<\/strong><\/p>\n<table width=\"761\">\n<tbody>\n<tr>\n<td width=\"136\"><strong>Rok v\u00fdstavby<\/strong><\/td>\n<td width=\"230\"><strong>Zna\u010dka<\/strong><\/td>\n<td width=\"196\"><strong>Model<\/strong><\/td>\n<td width=\"84\"><strong>Varianta<\/strong><\/td>\n<td width=\"115\"><strong>Motor<\/strong><\/td>\n<\/tr>\n<tr>\n<td width=\"136\">2019-2022<\/td>\n<td width=\"230\">RAM<\/td>\n<td width=\"196\">2500<\/td>\n<td width=\"84\">HEMI<\/td>\n<td width=\"115\">V8 6,4 L<\/td>\n<\/tr>\n<tr>\n<td width=\"136\">2019-2022<\/td>\n<td width=\"230\">RAM<\/td>\n<td width=\"196\">2500 Power Wagon<\/td>\n<td width=\"84\">HEMI<\/td>\n<td width=\"115\">V8 6,4 L<\/td>\n<\/tr>\n<tr>\n<td width=\"136\">2019-2022<\/td>\n<td width=\"230\">RAM<\/td>\n<td width=\"196\">3500<\/td>\n<td width=\"84\">HEMI<\/td>\n<td width=\"115\">V8 6,4 L<\/td>\n<\/tr>\n<\/tbody>\n<\/table>\n<p>&nbsp;<\/p>","protected":false},"excerpt":{"rendered":"<p>2019\u20132021<\/p>","protected":false},"featured_media":68295609,"comment_status":"open","ping_status":"closed","template":"","meta":{"_acf_changed":false},"product_brand":[16879],"product_cat":[2916],"product_tag":[419,420,2066,2373,506,3493,93,16880,498,2441,826,824,2219,825,49,3494,126,20273,57,55,859,828,3490,86,500,230],"class_list":{"0":"post-68295602","1":"product","2":"type-product","3":"status-publish","4":"has-post-thumbnail","6":"product_brand-afe-power","7":"product_cat-2500-3500-64-ansaugung","8":"product_tag-419","9":"product_tag-420","10":"product_tag-2066","11":"product_tag-2373","12":"product_tag-506","13":"product_tag-54-13047r","14":"product_tag-6-4","15":"product_tag-advanced-flow-engineering","16":"product_tag-afe","17":"product_tag-afe-power","18":"product_tag-ansaugung","19":"product_tag-cai","20":"product_tag-classic","21":"product_tag-cold-air-intake","22":"product_tag-dodge","23":"product_tag-force","24":"product_tag-hemi","25":"product_tag-keintuev","26":"product_tag-luftfilter","27":"product_tag-magnum","28":"product_tag-magnum-force","29":"product_tag-pickup","30":"product_tag-power-wagon","31":"product_tag-ram","32":"product_tag-sportluftfilter","33":"product_tag-stage-2","35":"first","36":"onbackorder","37":"taxable","38":"shipping-taxable","39":"purchasable","40":"product-type-simple"},"bundled_by":[],"bundle_stock_status":"onbackorder","bundle_stock_quantity":0,"bundle_virtual":false,"bundle_layout":"","bundle_add_to_cart_form_location":"","bundle_editable_in_cart":false,"bundle_sold_individually_context":"","bundle_item_grouping":"","bundle_min_size":"","bundle_max_size":"","bundle_price":[],"bundled_items":[],"bundle_sell_ids":[],"exclude_global_add_ons":[],"addons":[],"acf":[],"_links":{"self":[{"href":"https:\/\/kraftwerk-shop.cc\/cs\/wp-json\/wp\/v2\/product\/68295602","targetHints":{"allow":["GET"]}}],"collection":[{"href":"https:\/\/kraftwerk-shop.cc\/cs\/wp-json\/wp\/v2\/product"}],"about":[{"href":"https:\/\/kraftwerk-shop.cc\/cs\/wp-json\/wp\/v2\/types\/product"}],"replies":[{"embeddable":true,"href":"https:\/\/kraftwerk-shop.cc\/cs\/wp-json\/wp\/v2\/comments?post=68295602"}],"version-history":[{"count":0,"href":"https:\/\/kraftwerk-shop.cc\/cs\/wp-json\/wp\/v2\/product\/68295602\/revisions"}],"wp:featuredmedia":[{"embeddable":true,"href":"https:\/\/kraftwerk-shop.cc\/cs\/wp-json\/wp\/v2\/media\/68295609"}],"wp:attachment":[{"href":"https:\/\/kraftwerk-shop.cc\/cs\/wp-json\/wp\/v2\/media?parent=68295602"}],"wp:term":[{"taxonomy":"product_brand","embeddable":true,"href":"https:\/\/kraftwerk-shop.cc\/cs\/wp-json\/wp\/v2\/product_brand?post=68295602"},{"taxonomy":"product_cat","embeddable":true,"href":"https:\/\/kraftwerk-shop.cc\/cs\/wp-json\/wp\/v2\/product_cat?post=68295602"},{"taxonomy":"product_tag","embeddable":true,"href":"https:\/\/kraftwerk-shop.cc\/cs\/wp-json\/wp\/v2\/product_tag?post=68295602"}],"curies":[{"name":"wp","href":"https:\/\/api.w.org\/{rel}","templated":true}]}}