{"id":68295619,"date":"2023-12-20T00:12:30","date_gmt":"2023-12-19T23:12:30","guid":{"rendered":"https:\/\/kraftwerk-shop.cc\/?post_type=product&#038;p=68295619"},"modified":"2026-03-30T02:20:32","modified_gmt":"2026-03-30T00:20:32","slug":"ebc-cerne-sportovni-brzdove-kotouce-usr7106","status":"publish","type":"product","link":"https:\/\/kraftwerk-shop.cc\/cs\/produkt\/ebc-black-dash-sportbremsscheiben-usr7106\/","title":{"rendered":"Sportovn\u00ed brzdov\u00e9 kotou\u010de EBC Black Dash USR7106 RAM"},"content":{"rendered":"<h1>Brzdov\u00e9 kotou\u010de EBC Black Dash pro RAM 1500 3.0 Ecodiesel, 3.6 a 5.7 z let 2003 a\u017e 2018 a RAM Classic z roku 2019 (zadn\u00ed n\u00e1prava)<\/h1>\n<p>&nbsp;<\/p>\n<p>T\u0159ec\u00ed plocha brzdov\u00e9ho kotou\u010de Black Dash je dr\u00e1\u017ekovan\u00e1.<\/p>\n<p>P\u0159\u00eddavn\u00e1 dr\u00e1\u017eka byla vynech\u00e1na, aby bylo mo\u017en\u00e9 nab\u00eddnout sportovn\u00ed brzdov\u00fd kotou\u010d s tich\u00fdm chodem.<\/p>\n<p>Vyfr\u00e9zovan\u00e9 dr\u00e1\u017eky zaji\u0161\u0165uj\u00ed t\u00e9m\u011b\u0159 \u00fapln\u00e9 odstran\u011bn\u00ed brzdn\u00fdch plyn\u016f, ot\u011bru, ne\u010distot a vody z t\u0159ec\u00ed plochy brzdov\u00fdch kotou\u010d\u016f.<\/p>\n<p>Dr\u00e1\u017eky tak\u00e9 zaji\u0161\u0165uj\u00ed rovnom\u011brn\u00e9 a soub\u011b\u017en\u00e9 opot\u0159eben\u00ed brzdov\u00fdch desti\u010dek po celou dobu jejich \u017eivotnosti.<\/p>\n<p>\u010cern\u00e1 pr\u00e1\u0161kov\u00e1 barva \u010dern\u00fdch disk\u016f poskytuje nejlep\u0161\u00ed mo\u017enou ochranu proti korozi a je vhodn\u00e1 zejm\u00e9na pro vozidla s otev\u0159en\u00fdm designem r\u00e1fk\u016f.<\/p>\n<p>&nbsp;<\/p>\n<p><strong>P\u0159ehled v\u00fdhod a nev\u00fdhod:<br \/>\n<\/strong><br \/>\n+ Velmi dobr\u00e9 chlazen\u00ed d\u00edky fr\u00e9zovan\u00fdm dr\u00e1\u017ek\u00e1m<br \/>\n+ Velmi dobr\u00e9 odstra\u0148ov\u00e1n\u00ed plyn\u016f, ne\u010distot, vody atd.<br \/>\n+ Nejlep\u0161\u00ed mo\u017en\u00e1 ochrana proti korozi d\u00edky pr\u00e1\u0161kov\u00e9mu lakov\u00e1n\u00ed<br \/>\n+ Nehroz\u00ed riziko tepeln\u00fdch trhlin, proto\u017ee nejsou vrtan\u00e9<br \/>\n+ Rovnom\u011brn\u00e9 opot\u0159eben\u00ed brzdov\u00fdch desti\u010dek po celou dobu jejich \u017eivotnosti<br \/>\n+ Ni\u017e\u0161\u00ed hladina hluku<\/p>\n<p>- Men\u0161\u00ed chlazen\u00ed ne\u017e u kotou\u010de Turbo Groove Disc, proto\u017ee nen\u00ed dr\u00e1\u017ekovan\u00fd.<\/p>\n<p>&nbsp;<\/p>\n<p><strong>Vlastnosti produktu:<\/strong><\/p>\n<p><span class=\"text1\">352x22mm \/ v\u00fd\u0161ka: 72mm \/ po\u010det otvor\u016f: 5 \/ kruh \u0161roub\u016f: 140mm \/ v\u011btran\u00e9 \/ namontov\u00e1no: vzadu<br \/>\n<\/span>Autorizace: P\u0159ipravuje se<\/p>\n<p>\u010c\u00edslo OE (pouze pro \u00fa\u010dely porovn\u00e1n\u00ed):  52009968AA, 52009968AB, 52009968AC, 52009968AD<\/p>\n<p>&nbsp;<\/p>\n<p><strong>Vhodn\u00e9 pro:<br \/>\n<\/strong><\/p>\n<table width=\"498\">\n<tbody>\n<tr>\n<td width=\"114\"><strong>Zna\u010dka<\/strong><\/td>\n<td width=\"121\"><strong>Model<\/strong><\/td>\n<td width=\"122\"><strong>Motor<\/strong><\/td>\n<td width=\"141\"><strong>Rok v\u00fdstavby<\/strong><\/td>\n<\/tr>\n<tr>\n<td width=\"114\">RAM<\/td>\n<td width=\"121\">1500<\/td>\n<td width=\"122\">3.0 EcoDiesel<\/td>\n<td width=\"141\">2014\u20132018<\/td>\n<\/tr>\n<tr>\n<td width=\"114\">RAM<\/td>\n<td>1500 Classic<\/td>\n<td width=\"122\">3.0 EcoDiesel<\/td>\n<td>2019<\/td>\n<\/tr>\n<tr>\n<td width=\"114\">RAM<\/td>\n<td width=\"121\">1500<\/td>\n<td width=\"122\">3.6<\/td>\n<td width=\"141\">2013\u20132018<\/td>\n<\/tr>\n<tr>\n<td width=\"114\">RAM<\/td>\n<td>1500 Classic<\/td>\n<td width=\"122\">3.6<\/td>\n<td>2019\u20132024<\/td>\n<\/tr>\n<tr>\n<td width=\"114\">RAM<\/td>\n<td width=\"121\">1500<\/td>\n<td width=\"122\">5.7<\/td>\n<td width=\"141\">2003\u20132018<\/td>\n<\/tr>\n<tr>\n<td width=\"114\">RAM<\/td>\n<td>1500 Classic<\/td>\n<td width=\"122\">5.7<\/td>\n<td>2019\u20132024<\/td>\n<\/tr>\n<\/tbody>\n<\/table>\n<p><strong><br \/>\n<\/strong><strong>\u00a0<\/strong><strong>\u00a0<\/strong><\/p>\n<p><strong>Rozsah dod\u00e1vky: <\/strong><\/p>\n<p>- 2 brzdov\u00e9 kotou\u010de EBC Black Dash (USR7106) pro zadn\u00ed n\u00e1pravu<\/p>\n<p>&nbsp;<\/p>\n<p>&nbsp;<\/p>","protected":false},"excerpt":{"rendered":"<div class=\"eael-product-excerpt\">\n<p>2003 - 2018 a Classic 2019 - 2024<\/p>\n<\/div>","protected":false},"featured_media":68295623,"comment_status":"open","ping_status":"closed","template":"","meta":{"_acf_changed":false},"product_brand":[16875],"product_cat":[4238,4755,7754,3516],"product_tag":[18271,18272,18273,18274,475,3525,3526,3527,3528,2125,795,840,796,2219,964,2442,16877,16876,16878,692,941,2934,798,799,36,86,3507,797,216,3530,673],"class_list":{"0":"post-68295619","1":"product","2":"type-product","3":"status-publish","4":"has-post-thumbnail","6":"product_brand-ebc-brakes","7":"product_cat-1500-ecodiesel-bremsen-hinten","8":"product_cat-1500-36-bremsen-hinten","9":"product_cat-1500-57-2003-2008-bremsen-hinten","10":"product_cat-1500-57-2009-2018-classic-bremsen-hinten","11":"product_tag-052009968aa","12":"product_tag-052009968ab","13":"product_tag-052009968ac","14":"product_tag-052009968ad","15":"product_tag-475","16":"product_tag-52009968aa","17":"product_tag-52009968ab","18":"product_tag-52009968ac","19":"product_tag-52009968ad","20":"product_tag-black-dash","21":"product_tag-bremse","22":"product_tag-bremskloetze","23":"product_tag-bremsscheibe","24":"product_tag-classic","25":"product_tag-ebc","26":"product_tag-ebc-brakes","27":"product_tag-ebc-bremsbelaege","28":"product_tag-ebc-bremsen","29":"product_tag-ebc-bremsscheiben","30":"product_tag-ersatzteil","31":"product_tag-geschlitzt","32":"product_tag-harder","33":"product_tag-hinten","34":"product_tag-hinterachse","35":"product_tag-kraftwerk","36":"product_tag-ram","37":"product_tag-ram1500","38":"product_tag-sportbremsscheibe","39":"product_tag-upgrade","40":"product_tag-usr7106","41":"product_tag-zubehoer","43":"first","44":"onbackorder","45":"taxable","46":"shipping-taxable","47":"purchasable","48":"product-type-simple"},"bundled_by":[],"bundle_stock_status":"onbackorder","bundle_stock_quantity":0,"bundle_virtual":false,"bundle_layout":"","bundle_add_to_cart_form_location":"","bundle_editable_in_cart":false,"bundle_sold_individually_context":"","bundle_item_grouping":"","bundle_min_size":"","bundle_max_size":"","bundle_price":[],"bundled_items":[],"bundle_sell_ids":[],"exclude_global_add_ons":[],"addons":[],"acf":[],"_links":{"self":[{"href":"https:\/\/kraftwerk-shop.cc\/cs\/wp-json\/wp\/v2\/product\/68295619","targetHints":{"allow":["GET"]}}],"collection":[{"href":"https:\/\/kraftwerk-shop.cc\/cs\/wp-json\/wp\/v2\/product"}],"about":[{"href":"https:\/\/kraftwerk-shop.cc\/cs\/wp-json\/wp\/v2\/types\/product"}],"replies":[{"embeddable":true,"href":"https:\/\/kraftwerk-shop.cc\/cs\/wp-json\/wp\/v2\/comments?post=68295619"}],"version-history":[{"count":0,"href":"https:\/\/kraftwerk-shop.cc\/cs\/wp-json\/wp\/v2\/product\/68295619\/revisions"}],"wp:featuredmedia":[{"embeddable":true,"href":"https:\/\/kraftwerk-shop.cc\/cs\/wp-json\/wp\/v2\/media\/68295623"}],"wp:attachment":[{"href":"https:\/\/kraftwerk-shop.cc\/cs\/wp-json\/wp\/v2\/media?parent=68295619"}],"wp:term":[{"taxonomy":"product_brand","embeddable":true,"href":"https:\/\/kraftwerk-shop.cc\/cs\/wp-json\/wp\/v2\/product_brand?post=68295619"},{"taxonomy":"product_cat","embeddable":true,"href":"https:\/\/kraftwerk-shop.cc\/cs\/wp-json\/wp\/v2\/product_cat?post=68295619"},{"taxonomy":"product_tag","embeddable":true,"href":"https:\/\/kraftwerk-shop.cc\/cs\/wp-json\/wp\/v2\/product_tag?post=68295619"}],"curies":[{"name":"wp","href":"https:\/\/api.w.org\/{rel}","templated":true}]}}