{"id":68295677,"date":"2023-12-20T00:13:08","date_gmt":"2023-12-19T23:13:08","guid":{"rendered":"https:\/\/kraftwerk-shop.cc\/?post_type=product&#038;p=68295677"},"modified":"2026-02-15T00:08:00","modified_gmt":"2026-02-14T23:08:00","slug":"vyfukovy-system-magnaflow-jeep-wrangler-392","status":"publish","type":"product","link":"https:\/\/kraftwerk-shop.cc\/cs\/produkt\/magnaflow-abgasanlage-jeep-wrangler-392\/","title":{"rendered":"V\u00fdfukov\u00fd syst\u00e9m MagnaFlow Street Series pro Jeep Wrangler 392"},"content":{"rendered":"<h1>V\u00fdfukov\u00fd syst\u00e9m MagnaFlow Street Series pro Jeep Wrangler 392<\/h1>\n<p>&nbsp;<\/p>\n<p>V\u00fdfukov\u00fd syst\u00e9m MagnaFlow Jeep Wrangler 392 Street Series Cat-Back Performance #19598 p\u0159in\u00e1\u0161\u00ed nejnov\u011bj\u0161\u00ed zvuk v\u00fdfuku a dynamicky testovan\u00fd v\u00fdkon pro v\u00e1\u0161 ji\u017e tak v\u00fdkonn\u00fd Jeep Wrangler 392. T\u0159\u00edpalcov\u00e9 hlavn\u00ed potrub\u00ed v\u00fdfukov\u00e9 sady proch\u00e1z\u00ed p\u0159es dva voln\u011b pr\u016fchoz\u00ed p\u0159\u00edm\u00e9 tlumi\u010de v\u00fdfuku a rezon\u00e1tory No Drone Technology (NDT) a pot\u00e9 je zakon\u010deno \u010dtve\u0159ic\u00ed zadn\u00edch v\u00fdvod\u016f se \u010dty\u0159palcov\u00fdmi \u010dern\u00fdmi chromovan\u00fdmi koncovkami v\u00fdfuku. Tlumi\u010d je vylad\u011bn tak, aby produkoval siln\u00fd, hrdeln\u00ed zvuk v\u00fdfuku p\u0159i zachov\u00e1n\u00ed m\u00edrn\u00e9 \u00farovn\u011b vnit\u0159n\u00edho hluku. Integrovan\u00e1 technologie NDT zaji\u0161\u0165uje, \u017ee ne\u017e\u00e1douc\u00ed dun\u011bn\u00ed p\u0159i ni\u017e\u0161\u00edch ot\u00e1\u010dk\u00e1ch motoru, nap\u0159. p\u0159i j\u00edzd\u011b po d\u00e1lnici, je omezeno na minimum.<\/p>\n<p><strong>Zvuk MagnaFlow<\/strong><\/p>\n<p>\u0158ada Street Series je navr\u017eena tak, aby poskytovala hrdeln\u00ed, rezonuj\u00edc\u00ed zvuk, kter\u00fdm je spole\u010dnost MagnaFlow zn\u00e1m\u00e1. V\u00fdfuk 19598 byl vylad\u011bn tak, aby p\u0159i mont\u00e1\u017ei do va\u0161eho vozidla vyd\u00e1val vynikaj\u00edc\u00ed zvuk v interi\u00e9ru i exteri\u00e9ru a zlep\u0161il tak z\u00e1\u017eitek z j\u00edzdy.<\/p>\n<p><img decoding=\"async\" class=\"size-medium wp-image-68266855\" src=\"https:\/\/kraftwerk-shop.cc\/wp-content\/uploads\/2022\/05\/19598_Jeep_Wrangler_392-300x132.jpg\" alt=\"MagnaFlow 19598 Jeep Wrangler 392 Sound\" width=\"300\" height=\"132\" data-wp-editing=\"1\" \/><\/p>\n<p><iframe loading=\"lazy\" title=\"P\u0159ehr\u00e1va\u010d vide\u00ed YouTube\" src=\"https:\/\/www.youtube.com\/embed\/Inh5G4hg3M0\" width=\"882\" height=\"496\" frameborder=\"0\" allowfullscreen=\"allowfullscreen\"><\/iframe><\/p>\n<p><strong>Testovan\u00fd v\u00fdkon na zku\u0161ebn\u00ed stolici<\/strong><\/p>\n<p>Rozs\u00e1hl\u00e9 testov\u00e1n\u00ed na zku\u0161ebn\u00ed stolici zaru\u010duje, \u017ee tento v\u00fdfukov\u00fd syst\u00e9m cat-back zvy\u0161uje v\u00fdkon motoru zlep\u0161en\u00edm dynamiky proud\u011bn\u00ed a pr\u016ftoku v\u00fdfukov\u00fdch plyn\u016f.<\/p>\n<p><strong>P\u0159esn\u00e1 konstrukce robot\u016f<\/strong><\/p>\n<p>Odoln\u00e1 konstrukce z nerezov\u00e9 oceli odoln\u00e9 proti korozi a p\u0159esn\u00e9 robotick\u00e9 v\u00fdrobn\u00ed postupy CNC zaji\u0161\u0165uj\u00ed spolehliv\u00fd v\u00fdkon syst\u00e9mu po celou dobu \u017eivotnosti va\u0161eho vozidla.<\/p>\n<p><strong>Perfektn\u011b sed\u00ed<\/strong><\/p>\n<p>Tento syst\u00e9m \u0159ady Street se do va\u0161eho vozidla snadno instaluje d\u00edky rozs\u00e1hl\u00e9mu vyu\u017eit\u00ed 3D skenov\u00e1n\u00ed p\u0159i v\u00fdvoji. Tato sada obsahuje ve\u0161ker\u00fd mont\u00e1\u017en\u00ed hardware pot\u0159ebn\u00fd pro instalaci sv\u00e9pomoc\u00ed.<\/p>\n<p>&nbsp;<\/p>\n<p>MagnaFlow Street Series 19598 se hod\u00ed pro n\u00e1sleduj\u00edc\u00ed modely:<\/p>\n<table style=\"height: 144px;\" width=\"407\">\n<tbody>\n<tr>\n<td width=\"20%\">2021<\/td>\n<td width=\"20%\">Jeep Wrangler<\/td>\n<td width=\"20%\">V8<\/td>\n<td width=\"20%\">6.4L<\/td>\n<\/tr>\n<tr>\n<td width=\"20%\">2022<\/td>\n<td width=\"20%\">Jeep Wrangler<\/td>\n<td width=\"20%\">V8<\/td>\n<td width=\"20%\">6.4L<\/td>\n<\/tr>\n<\/tbody>\n<\/table>\n<p>&nbsp;<\/p>","protected":false},"excerpt":{"rendered":"<p>2021 \u2013 2022<\/p>","protected":false},"featured_media":68295678,"comment_status":"open","ping_status":"closed","template":"","meta":{"_acf_changed":false},"product_brand":[18925],"product_cat":[2954,3024],"product_tag":[2066,2373,217,1046,1035,1036,546,1037,1047,2210,662,1043,1039,1042,2212,2934,50,532,529,20273,2211,1040,2062,1044,1045,1041,547,1034,1038,2215,233,2139,175,4061,2137],"class_list":{"0":"post-68295677","1":"product","2":"type-product","3":"status-publish","4":"has-post-thumbnail","6":"product_brand-magnaflow","7":"product_cat-wrangler-64-abgasanlage","8":"product_cat-nicht-nach-eu","9":"product_tag-2066","10":"product_tag-2373","11":"product_tag-217","12":"product_tag-abe","13":"product_tag-abgasanlage","14":"product_tag-abgassystem","15":"product_tag-auspuff","16":"product_tag-auspuffsystem","17":"product_tag-cat-back","18":"product_tag-catback","19":"product_tag-edelstahl","20":"product_tag-endrohr","21":"product_tag-endschalldaempfer","22":"product_tag-endtopf","23":"product_tag-gutachten","24":"product_tag-harder","25":"product_tag-jeep","26":"product_tag-kat","27":"product_tag-katalysator","28":"product_tag-keintuev","29":"product_tag-klang","30":"product_tag-laut","31":"product_tag-magnaflow","32":"product_tag-mittelschalldaempfer","33":"product_tag-sound","34":"product_tag-sport","35":"product_tag-sportauspuff","36":"product_tag-sportauspuffanlage","37":"product_tag-sportendschalldaempfer","38":"product_tag-street","39":"product_tag-tuning","40":"product_tag-tuev","41":"product_tag-wrangler","42":"product_tag-wrangler-392","43":"product_tag-zulassung","44":"product_shipping_class-spedition-1","46":"first","47":"onbackorder","48":"taxable","49":"shipping-taxable","50":"purchasable","51":"product-type-simple"},"bundled_by":[],"bundle_stock_status":"onbackorder","bundle_stock_quantity":0,"bundle_virtual":false,"bundle_layout":"","bundle_add_to_cart_form_location":"","bundle_editable_in_cart":false,"bundle_sold_individually_context":"","bundle_item_grouping":"","bundle_min_size":"","bundle_max_size":"","bundle_price":[],"bundled_items":[],"bundle_sell_ids":[],"exclude_global_add_ons":[],"addons":[],"acf":[],"_links":{"self":[{"href":"https:\/\/kraftwerk-shop.cc\/cs\/wp-json\/wp\/v2\/product\/68295677","targetHints":{"allow":["GET"]}}],"collection":[{"href":"https:\/\/kraftwerk-shop.cc\/cs\/wp-json\/wp\/v2\/product"}],"about":[{"href":"https:\/\/kraftwerk-shop.cc\/cs\/wp-json\/wp\/v2\/types\/product"}],"replies":[{"embeddable":true,"href":"https:\/\/kraftwerk-shop.cc\/cs\/wp-json\/wp\/v2\/comments?post=68295677"}],"version-history":[{"count":0,"href":"https:\/\/kraftwerk-shop.cc\/cs\/wp-json\/wp\/v2\/product\/68295677\/revisions"}],"wp:featuredmedia":[{"embeddable":true,"href":"https:\/\/kraftwerk-shop.cc\/cs\/wp-json\/wp\/v2\/media\/68295678"}],"wp:attachment":[{"href":"https:\/\/kraftwerk-shop.cc\/cs\/wp-json\/wp\/v2\/media?parent=68295677"}],"wp:term":[{"taxonomy":"product_brand","embeddable":true,"href":"https:\/\/kraftwerk-shop.cc\/cs\/wp-json\/wp\/v2\/product_brand?post=68295677"},{"taxonomy":"product_cat","embeddable":true,"href":"https:\/\/kraftwerk-shop.cc\/cs\/wp-json\/wp\/v2\/product_cat?post=68295677"},{"taxonomy":"product_tag","embeddable":true,"href":"https:\/\/kraftwerk-shop.cc\/cs\/wp-json\/wp\/v2\/product_tag?post=68295677"}],"curies":[{"name":"wp","href":"https:\/\/api.w.org\/{rel}","templated":true}]}}