{"id":68295702,"date":"2023-12-20T00:13:35","date_gmt":"2023-12-19T23:13:35","guid":{"rendered":"https:\/\/kraftwerk-shop.cc\/?post_type=product&#038;p=68295702"},"modified":"2026-02-15T00:04:23","modified_gmt":"2026-02-14T23:04:23","slug":"afe-46-34011-silver-bullet-throttle-body-spacer-camaro-corvette-c7","status":"publish","type":"product","link":"https:\/\/kraftwerk-shop.cc\/cs\/produkt\/afe-46-34011-silver-bullet-drosselklappen-spacer-camaro-corvette-c7\/","title":{"rendered":"Silver Bullet distan\u010dn\u00ed r\u00e1me\u010dek \u0161krtic\u00ed klapky Camaro &amp; Corvette C7"},"content":{"rendered":"<h1>Distan\u010dn\u00ed r\u00e1me\u010dek \u0161krtic\u00ed klapky Silver Bullet pro Chevrolet Camaro a Corvette C7<\/h1>\n<p>&nbsp;<\/p>\n<p>Distan\u010dn\u00ed krou\u017eek \u0161krtic\u00ed klapky Silver Bullet je vyroben z p\u0159esn\u011b opracovan\u00e9ho hlin\u00edkov\u00e9ho polotovaru 6061-T6 a m\u00e1 vroubkovan\u00fd\/\u0161roubovit\u00fd design, kter\u00fd vytv\u00e1\u0159\u00ed turbulence v proudu vzduchu v m\u00edst\u011b t\u011bsn\u011b p\u0159ed vstupem do motoru, \u010d\u00edm\u017e optimalizuje spalovac\u00ed cyklus.<\/p>\n<p>Tato turbulence p\u0159isp\u00edv\u00e1 k \u00fapln\u00e9mu sp\u00e1len\u00ed sm\u011bsi vzduchu a paliva a zaji\u0161\u0165uje vy\u0161\u0161\u00ed v\u00fdkon, to\u010div\u00fd moment a lep\u0161\u00ed odezvu na plyn.<br \/>\nTento distan\u010dn\u00ed r\u00e1me\u010dek funguje s origin\u00e1ln\u00edmi syst\u00e9my vzduchov\u00fdch filtr\u016f aFe POWER.<\/p>\n<p>&nbsp;<\/p>\n<p><strong>Konstrukce se zuby\/\u0161roubovic\u00ed<\/strong><\/p>\n<p>Kombinovan\u00e1 konstrukce ozuben\u00fdch kol a spir\u00e1l vytv\u00e1\u0159\u00ed ve spalovac\u00edm prostoru turbulence. Tato turbulence rozb\u00edj\u00ed palivo a vytv\u00e1\u0159\u00ed dokonalej\u0161\u00ed spalovac\u00ed cyklus, kter\u00fd zvy\u0161uje v\u00fdkon a to\u010div\u00fd moment a zlep\u0161uje reakci na plyn.<br \/>\nKombinace ozuben\u00fdch kol a \u0161roubovice tak\u00e9 omezuje p\u00edsk\u00e1n\u00ed v s\u00e1n\u00ed, kter\u00e9 se vyskytuje u jin\u00fdch konstrukc\u00ed pouze se \u0161roubovic\u00ed.<\/p>\n<p>&nbsp;<\/p>\n<p><strong>Hlin\u00edkov\u00e1 konstrukce 6061-T6<\/strong><\/p>\n<p>V\u0161echny rozp\u011brky \u0161krt\u00edc\u00ed klapky Silver Bullet jsou p\u0159esn\u011b opracov\u00e1ny z hlin\u00edkov\u00e9ho polotovaru 6061-T6, aby byla zaji\u0161t\u011bna n\u00edzk\u00e1 hmotnost, vysok\u00e1 pevnost a dokonal\u00e9 l\u00edcov\u00e1n\u00ed a povrchov\u00e1 \u00faprava.<\/p>\n<p>&nbsp;<\/p>\n<p><strong>Del\u0161\u00ed sac\u00ed trakt<\/strong><\/p>\n<p>P\u0159id\u00e1n\u00edm rozp\u011brky \u0161krtic\u00ed klapky Silver Bullet se prodlou\u017e\u00ed sac\u00ed trakt, \u010d\u00edm\u017e se zv\u00fd\u0161\u00ed rychlost nas\u00e1van\u00e9ho vzduchu, zv\u00fd\u0161\u00ed se v\u00fdkon a zlep\u0161\u00ed se odezva na plyn.<\/p>\n<p>&nbsp;<\/p>\n<p>&nbsp;<\/p>\n<p><strong>Vhodn\u00e9 pro:<\/strong><\/p>\n<table width=\"776\">\n<tbody>\n<tr>\n<td width=\"178\"><strong>Rok v\u00fdstavby<\/strong><\/td>\n<td width=\"226\"><strong>Zna\u010dka<\/strong><\/td>\n<td width=\"120\"><strong>Model<\/strong><\/td>\n<td width=\"172\"><strong>Varianta<\/strong><\/td>\n<td width=\"80\"><strong>Motor<\/strong><\/td>\n<\/tr>\n<tr>\n<td width=\"178\">2016-2022<\/td>\n<td width=\"226\">Chevrolet<\/td>\n<td width=\"120\">Camaro SS<\/td>\n<td width=\"172\"><\/td>\n<td width=\"80\">V8 6,2 L<\/td>\n<\/tr>\n<tr>\n<td width=\"178\">2014-2019<\/td>\n<td width=\"226\">Chevrolet<\/td>\n<td width=\"120\">Corvette<\/td>\n<td width=\"172\">(C7)<\/td>\n<td width=\"80\">V8 6,2 L<\/td>\n<\/tr>\n<\/tbody>\n<\/table>\n<p><strong><br \/>\nVhodn\u00e9 pouze pro origin\u00e1ln\u00ed \u0161krtic\u00ed klapky!<\/strong><\/p>\n<p>Tato polo\u017eka funguje s origin\u00e1ln\u00edm s\u00e1n\u00edm nebo aFe POWER 51\/54-74201.<\/p>","protected":false},"excerpt":{"rendered":"<p>Silver Bullet distan\u010dn\u00ed krou\u017eek \u0161krtic\u00ed klapky pro Chevrolet Camaro a Corvette C7 Distan\u010dn\u00ed krou\u017eek \u0161krtic\u00ed klapky Silver Bullet je vyroben z p\u0159esn\u011b opracovan\u00e9ho hlin\u00edkov\u00e9ho polotovaru 6061-T6 a je...<\/p>","protected":false},"featured_media":68295703,"comment_status":"open","ping_status":"closed","template":"","meta":{"_acf_changed":false},"product_brand":[16879],"product_cat":[3074,3126],"product_tag":[248,249,250,251,252,419,420,2066,2373,4381,16880,498,2441,826,3087,191,189,281,158,159,160,20273,36,898,186,741,500],"class_list":{"0":"post-68295702","1":"product","2":"type-product","3":"status-publish","4":"has-post-thumbnail","6":"product_brand-afe-power","7":"product_cat-camaro-62-2016-ansaugung","8":"product_cat-corvette-c7-ansaugung","9":"product_tag-248","10":"product_tag-249","11":"product_tag-250","12":"product_tag-251","13":"product_tag-252","14":"product_tag-419","15":"product_tag-420","16":"product_tag-2066","17":"product_tag-2373","18":"product_tag-46-34011","19":"product_tag-advanced-flow-engineering","20":"product_tag-afe","21":"product_tag-afe-power","22":"product_tag-ansaugung","23":"product_tag-c7","24":"product_tag-camaro","25":"product_tag-chevrolet","26":"product_tag-corvette","27":"product_tag-drosselklappe","28":"product_tag-gross","29":"product_tag-groesser","30":"product_tag-keintuev","31":"product_tag-kraftwerk","32":"product_tag-lt1","33":"product_tag-performance","34":"product_tag-spacer","35":"product_tag-sportluftfilter","36":"product_shipping_class-deutschlandohne","38":"first","39":"onbackorder","40":"taxable","41":"shipping-taxable","42":"purchasable","43":"product-type-simple"},"bundled_by":[],"bundle_stock_status":"onbackorder","bundle_stock_quantity":0,"bundle_virtual":false,"bundle_layout":"","bundle_add_to_cart_form_location":"","bundle_editable_in_cart":false,"bundle_sold_individually_context":"","bundle_item_grouping":"","bundle_min_size":"","bundle_max_size":"","bundle_price":[],"bundled_items":[],"bundle_sell_ids":[],"exclude_global_add_ons":[],"addons":[],"acf":[],"_links":{"self":[{"href":"https:\/\/kraftwerk-shop.cc\/cs\/wp-json\/wp\/v2\/product\/68295702","targetHints":{"allow":["GET"]}}],"collection":[{"href":"https:\/\/kraftwerk-shop.cc\/cs\/wp-json\/wp\/v2\/product"}],"about":[{"href":"https:\/\/kraftwerk-shop.cc\/cs\/wp-json\/wp\/v2\/types\/product"}],"replies":[{"embeddable":true,"href":"https:\/\/kraftwerk-shop.cc\/cs\/wp-json\/wp\/v2\/comments?post=68295702"}],"version-history":[{"count":0,"href":"https:\/\/kraftwerk-shop.cc\/cs\/wp-json\/wp\/v2\/product\/68295702\/revisions"}],"wp:featuredmedia":[{"embeddable":true,"href":"https:\/\/kraftwerk-shop.cc\/cs\/wp-json\/wp\/v2\/media\/68295703"}],"wp:attachment":[{"href":"https:\/\/kraftwerk-shop.cc\/cs\/wp-json\/wp\/v2\/media?parent=68295702"}],"wp:term":[{"taxonomy":"product_brand","embeddable":true,"href":"https:\/\/kraftwerk-shop.cc\/cs\/wp-json\/wp\/v2\/product_brand?post=68295702"},{"taxonomy":"product_cat","embeddable":true,"href":"https:\/\/kraftwerk-shop.cc\/cs\/wp-json\/wp\/v2\/product_cat?post=68295702"},{"taxonomy":"product_tag","embeddable":true,"href":"https:\/\/kraftwerk-shop.cc\/cs\/wp-json\/wp\/v2\/product_tag?post=68295702"}],"curies":[{"name":"wp","href":"https:\/\/api.w.org\/{rel}","templated":true}]}}