{"id":68295721,"date":"2023-12-20T00:13:52","date_gmt":"2023-12-19T23:13:52","guid":{"rendered":"https:\/\/kraftwerk-shop.cc\/?post_type=product&#038;p=68295721"},"modified":"2026-03-02T14:55:10","modified_gmt":"2026-03-02T13:55:10","slug":"vzduchovy-filtr-mopar-53010798ad","status":"publish","type":"product","link":"https:\/\/kraftwerk-shop.cc\/cs\/produkt\/mopar-luftfilter-53010798ad\/","title":{"rendered":"Vzduchov\u00fd filtr Mopar (53010798AD)"},"content":{"rendered":"<h1>Origin\u00e1ln\u00ed vzduchov\u00fd filtr Mopar pro Jeep Trackhawk a Dodge Durango Hellcat<\/h1>\n<p>&nbsp;<\/p>\n<p><strong>\u010c\u00edslo d\u00edlu Mopar:<\/strong> 53010798AD<br \/>\n<strong>Nahrazeno:<\/strong> 53010798AA, 53010798AB, 53010798AC<\/p>\n<p><strong><br \/>\nVhodn\u00e9 pro:<\/strong><\/p>\n<table width=\"916\">\n<tbody>\n<tr>\n<td width=\"64\"><strong>Rok v\u00fdstavby<\/strong><\/td>\n<td width=\"83\"><strong>Zna\u010dka<\/strong><\/td>\n<td width=\"146\"><strong>Model<\/strong><\/td>\n<td width=\"438\"><strong>Verze<\/strong><\/td>\n<td width=\"185\"><strong>Motor<\/strong><\/td>\n<\/tr>\n<tr>\n<td width=\"64\">2023<\/td>\n<td width=\"83\">Dodge<\/td>\n<td width=\"146\">Durango<\/td>\n<td width=\"438\">SRT Hellcat, SRT Hellcat Plus, SRT Hellcat Premium<\/td>\n<td width=\"185\">6.2L<\/td>\n<\/tr>\n<tr>\n<td width=\"64\">2021<\/td>\n<td width=\"83\">Dodge<\/td>\n<td width=\"146\">Durango<\/td>\n<td width=\"438\">SRT Hellcat<\/td>\n<td width=\"185\">6.2L<\/td>\n<\/tr>\n<tr>\n<td width=\"64\">2021<\/td>\n<td width=\"83\">Jeep<\/td>\n<td width=\"146\">Grand Cherokee<\/td>\n<td width=\"438\">Trackhawk<\/td>\n<td width=\"185\">6.2L<\/td>\n<\/tr>\n<tr>\n<td width=\"64\">2020<\/td>\n<td width=\"83\">Jeep<\/td>\n<td width=\"146\">Grand Cherokee<\/td>\n<td width=\"438\">Trackhawk<\/td>\n<td width=\"185\">6.2L<\/td>\n<\/tr>\n<tr>\n<td width=\"64\">2019<\/td>\n<td width=\"83\">Jeep<\/td>\n<td width=\"146\">Grand Cherokee<\/td>\n<td width=\"438\">Trackhawk<\/td>\n<td width=\"185\">6.2L<\/td>\n<\/tr>\n<tr>\n<td width=\"64\">2018<\/td>\n<td width=\"83\">Jeep<\/td>\n<td width=\"146\">Grand Cherokee<\/td>\n<td width=\"438\">Trackhawk<\/td>\n<td width=\"185\">6.2L<\/td>\n<\/tr>\n<\/tbody>\n<\/table>","protected":false},"excerpt":{"rendered":"<p>Origin\u00e1ln\u00ed d\u00edl Mopar<\/p>","protected":false},"featured_media":68295728,"comment_status":"open","ping_status":"closed","template":"","meta":{"_acf_changed":false},"product_brand":[16270],"product_cat":[10262],"product_tag":[18165,18166,18167,18168,4499,4500,4501,4492,49,95,4443,56,100,50,4426,36,57,31,8813,9424,16271,16273,16275,16272,16274,7221,34,35,674,38,102,37,673],"class_list":{"0":"post-68295721","1":"product","2":"type-product","3":"status-publish","4":"has-post-thumbnail","6":"product_brand-mopar","7":"product_cat-alle-produkte","8":"product_tag-053010798aa","9":"product_tag-053010798ab","10":"product_tag-053010798ac","11":"product_tag-053010798ad","12":"product_tag-53010798aa","13":"product_tag-53010798ab","14":"product_tag-53010798ac","15":"product_tag-53010798ad","16":"product_tag-dodge","17":"product_tag-durango","18":"product_tag-durango-hellcat","19":"product_tag-grand-cherokee","20":"product_tag-hellcat","21":"product_tag-jeep","22":"product_tag-jeep-trackhawk","23":"product_tag-kraftwerk","24":"product_tag-luftfilter","25":"product_tag-mopar","26":"product_tag-mopar-autoteile","27":"product_tag-mopar-ersatzteile","28":"product_tag-mopar-ersatzteile-kaufen","29":"product_tag-mopar-performance-teile","30":"product_tag-mopar-teile-katalog","31":"product_tag-mopar-teile-online","32":"product_tag-mopar-tuningteile","33":"product_tag-mopar10","34":"product_tag-original","35":"product_tag-originalersatzteil","36":"product_tag-service","37":"product_tag-teile","38":"product_tag-trackhawk","39":"product_tag-wartung","40":"product_tag-zubehoer","42":"first","43":"instock","44":"taxable","45":"shipping-taxable","46":"purchasable","47":"product-type-simple"},"bundled_by":[],"bundle_stock_status":"instock","bundle_stock_quantity":6,"bundle_virtual":false,"bundle_layout":"","bundle_add_to_cart_form_location":"","bundle_editable_in_cart":false,"bundle_sold_individually_context":"","bundle_item_grouping":"","bundle_min_size":"","bundle_max_size":"","bundle_price":[],"bundled_items":[],"bundle_sell_ids":[],"exclude_global_add_ons":[],"addons":[],"acf":[],"_links":{"self":[{"href":"https:\/\/kraftwerk-shop.cc\/cs\/wp-json\/wp\/v2\/product\/68295721","targetHints":{"allow":["GET"]}}],"collection":[{"href":"https:\/\/kraftwerk-shop.cc\/cs\/wp-json\/wp\/v2\/product"}],"about":[{"href":"https:\/\/kraftwerk-shop.cc\/cs\/wp-json\/wp\/v2\/types\/product"}],"replies":[{"embeddable":true,"href":"https:\/\/kraftwerk-shop.cc\/cs\/wp-json\/wp\/v2\/comments?post=68295721"}],"version-history":[{"count":0,"href":"https:\/\/kraftwerk-shop.cc\/cs\/wp-json\/wp\/v2\/product\/68295721\/revisions"}],"wp:featuredmedia":[{"embeddable":true,"href":"https:\/\/kraftwerk-shop.cc\/cs\/wp-json\/wp\/v2\/media\/68295728"}],"wp:attachment":[{"href":"https:\/\/kraftwerk-shop.cc\/cs\/wp-json\/wp\/v2\/media?parent=68295721"}],"wp:term":[{"taxonomy":"product_brand","embeddable":true,"href":"https:\/\/kraftwerk-shop.cc\/cs\/wp-json\/wp\/v2\/product_brand?post=68295721"},{"taxonomy":"product_cat","embeddable":true,"href":"https:\/\/kraftwerk-shop.cc\/cs\/wp-json\/wp\/v2\/product_cat?post=68295721"},{"taxonomy":"product_tag","embeddable":true,"href":"https:\/\/kraftwerk-shop.cc\/cs\/wp-json\/wp\/v2\/product_tag?post=68295721"}],"curies":[{"name":"wp","href":"https:\/\/api.w.org\/{rel}","templated":true}]}}