{"id":68295722,"date":"2023-12-20T00:13:52","date_gmt":"2023-12-19T23:13:52","guid":{"rendered":"https:\/\/kraftwerk-shop.cc\/?post_type=product&#038;p=68295722"},"modified":"2026-02-15T00:54:05","modified_gmt":"2026-02-14T23:54:05","slug":"vzduchovy-filtr-mopar-05018777ac","status":"publish","type":"product","link":"https:\/\/kraftwerk-shop.cc\/cs\/produkt\/mopar-luftfilter-05018777ac\/","title":{"rendered":"Vzduchov\u00fd filtr Mopar (05018777AC)"},"content":{"rendered":"<h1>Origin\u00e1ln\u00ed vzduchov\u00fd filtr Mopar pro Jeep Grand Cherokee a Commander 3.0 CRD, 5.7 a 6.1 SRT8<\/h1>\n<p>&nbsp;<\/p>\n<p><strong>\u010c\u00edslo d\u00edlu Mopar:<\/strong> 05018777AC<br \/>\n<strong>Nahrazeno:<\/strong> 05018777AA, 05018777AB<\/p>\n<p><strong><br \/>\nVhodn\u00e9 pro:<\/strong><\/p>\n<table width=\"933\">\n<tbody>\n<tr>\n<td width=\"83\">Rok v\u00fdstavby<\/td>\n<td width=\"83\"><strong>Zna\u010dka<\/strong><\/td>\n<td width=\"219\"><strong>Model<\/strong><\/td>\n<td width=\"220\"><strong>Verze<\/strong><\/td>\n<td width=\"328\"><strong>Motor<\/strong><\/td>\n<\/tr>\n<tr>\n<td width=\"83\">2010<\/td>\n<td width=\"83\">Jeep<\/td>\n<td width=\"219\">Commander<\/td>\n<td width=\"220\">Limited, Sport<\/td>\n<td width=\"328\">3,7 L, 5,7 L<\/td>\n<\/tr>\n<tr>\n<td width=\"83\">2010<\/td>\n<td width=\"83\">Jeep<\/td>\n<td width=\"219\">Grand Cherokee<\/td>\n<td width=\"220\">Laredo, Limited, SRT8<\/td>\n<td width=\"328\">3.7L, 5.7L, 6.1L<\/td>\n<\/tr>\n<tr>\n<td width=\"83\">2009<\/td>\n<td width=\"83\">Jeep<\/td>\n<td width=\"219\">Commander<\/td>\n<td width=\"220\">Limited, Overland, Sport<\/td>\n<td width=\"328\">3.7L, 4.7L V8 - Flex, 4.7L, 5.7L<\/td>\n<\/tr>\n<tr>\n<td width=\"83\">2009<\/td>\n<td width=\"83\">Jeep<\/td>\n<td width=\"219\">Grand Cherokee<\/td>\n<td width=\"220\">Laredo, Limited, Overland, SRT8<\/td>\n<td width=\"328\">3.0L V6 - Diesel, 3.7L, 4.7L V8 - Flex, 5.7L, 6.1L<\/td>\n<\/tr>\n<tr>\n<td width=\"83\">2008<\/td>\n<td width=\"83\">Jeep<\/td>\n<td width=\"219\">Commander<\/td>\n<td width=\"220\">Limited, Overland, Sport<\/td>\n<td width=\"328\">3.7L, 4.7L V8 - Flex, 4.7L, 5.7L<\/td>\n<\/tr>\n<tr>\n<td width=\"83\">2008<\/td>\n<td width=\"83\">Jeep<\/td>\n<td width=\"219\">Grand Cherokee<\/td>\n<td width=\"220\">Laredo, Limited, Overland, SRT8<\/td>\n<td width=\"328\">3.0L V6 - Diesel, 3.7L, 4.7L V8 - Flex, 4.7L, 5.7L, 6.1L<\/td>\n<\/tr>\n<tr>\n<td width=\"83\">2007<\/td>\n<td width=\"83\">Jeep<\/td>\n<td width=\"219\">Commander<\/td>\n<td width=\"220\">Base, Limited, Overland, Sport<\/td>\n<td width=\"328\">3.7L, 4.7L, 5.7L<\/td>\n<\/tr>\n<tr>\n<td width=\"83\">2007<\/td>\n<td width=\"83\">Jeep<\/td>\n<td width=\"219\">Grand Cherokee<\/td>\n<td width=\"220\">Laredo, Limited, Overland, SRT8<\/td>\n<td width=\"328\">3.0L V6 - Diesel, 3.7L, 4.7L, 5.7L, 6.1L<\/td>\n<\/tr>\n<tr>\n<td width=\"83\">2007<\/td>\n<td width=\"83\">Jeep<\/td>\n<td width=\"219\">Liberty<\/td>\n<td width=\"220\">Limited, Sport<\/td>\n<td width=\"328\">3.7L<\/td>\n<\/tr>\n<tr>\n<td width=\"83\">2006<\/td>\n<td width=\"83\">Jeep<\/td>\n<td width=\"219\">Commander<\/td>\n<td width=\"220\">Z\u00e1kladna, Limited<\/td>\n<td width=\"328\">3.7L, 4.7L, 5.7L<\/td>\n<\/tr>\n<tr>\n<td width=\"83\">2006<\/td>\n<td width=\"83\">Jeep<\/td>\n<td width=\"219\">Grand Cherokee<\/td>\n<td width=\"220\">Laredo, Limited, Overland, SRT8<\/td>\n<td width=\"328\">3.7L, 4.7L, 5.7L, 6.1L<\/td>\n<\/tr>\n<tr>\n<td width=\"83\">2006<\/td>\n<td width=\"83\">Jeep<\/td>\n<td width=\"219\">Liberty<\/td>\n<td width=\"220\">Limited, Renegade, Sport<\/td>\n<td width=\"328\">3.7L<\/td>\n<\/tr>\n<tr>\n<td width=\"83\">2005<\/td>\n<td width=\"83\">Jeep<\/td>\n<td width=\"219\">Grand Cherokee<\/td>\n<td width=\"220\">Laredo, Limited<\/td>\n<td width=\"328\">3.7L, 4.7L, 5.7L<\/td>\n<\/tr>\n<tr>\n<td width=\"83\">2005<\/td>\n<td width=\"83\">Jeep<\/td>\n<td width=\"219\">Liberty<\/td>\n<td width=\"220\">Limited, Renegade, Sport<\/td>\n<td width=\"328\">3.7L<\/td>\n<\/tr>\n<tr>\n<td width=\"83\">2004<\/td>\n<td width=\"83\">Jeep<\/td>\n<td width=\"219\">Liberty<\/td>\n<td width=\"220\">Limited, Renegade, Sport<\/td>\n<td width=\"328\">3.7L<\/td>\n<\/tr>\n<tr>\n<td width=\"83\">2003<\/td>\n<td width=\"83\">Jeep<\/td>\n<td width=\"219\">Liberty<\/td>\n<td width=\"220\">Limited, Renegade, Sport<\/td>\n<td width=\"328\">3.7L<\/td>\n<\/tr>\n<tr>\n<td width=\"83\">2002<\/td>\n<td width=\"83\">Jeep<\/td>\n<td width=\"219\">Liberty<\/td>\n<td width=\"220\">Limited, Renegade, Sport<\/td>\n<td width=\"328\">3.7L<\/td>\n<\/tr>\n<\/tbody>\n<\/table>\n<p>&nbsp;<\/p>","protected":false},"excerpt":{"rendered":"<p>Origin\u00e1ln\u00ed d\u00edl Mopar<\/p>","protected":false},"featured_media":68295730,"comment_status":"open","ping_status":"closed","template":"","meta":{"_acf_changed":false},"product_brand":[16270],"product_cat":[10262],"product_tag":[4495,4496,4491,572,91,18451,18243,18244,92,1027,4497,4498,94,50,4433,4425,36,57,31,8813,9424,16271,16273,16275,16272,16274,7221,34,35,674,38,37,673],"class_list":{"0":"post-68295722","1":"product","2":"type-product","3":"status-publish","4":"has-post-thumbnail","6":"product_brand-mopar","7":"product_cat-alle-produkte","8":"product_tag-05018777aa","9":"product_tag-05018777ab","10":"product_tag-05018777ac","11":"product_tag-3-0-crd","12":"product_tag-5-7","13":"product_tag-5018777aa","14":"product_tag-5018777ab","15":"product_tag-5018777ac","16":"product_tag-6-1","17":"product_tag-6-1-srt","18":"product_tag-6-1-srt-8","19":"product_tag-6-1-srt8","20":"product_tag-commander","21":"product_tag-jeep","22":"product_tag-jeep-commander","23":"product_tag-jeep-grand-cherokee","24":"product_tag-kraftwerk","25":"product_tag-luftfilter","26":"product_tag-mopar","27":"product_tag-mopar-autoteile","28":"product_tag-mopar-ersatzteile","29":"product_tag-mopar-ersatzteile-kaufen","30":"product_tag-mopar-performance-teile","31":"product_tag-mopar-teile-katalog","32":"product_tag-mopar-teile-online","33":"product_tag-mopar-tuningteile","34":"product_tag-mopar10","35":"product_tag-original","36":"product_tag-originalersatzteil","37":"product_tag-service","38":"product_tag-teile","39":"product_tag-wartung","40":"product_tag-zubehoer","42":"first","43":"instock","44":"taxable","45":"shipping-taxable","46":"purchasable","47":"product-type-simple"},"bundled_by":[],"bundle_stock_status":"instock","bundle_stock_quantity":10,"bundle_virtual":false,"bundle_layout":"","bundle_add_to_cart_form_location":"","bundle_editable_in_cart":false,"bundle_sold_individually_context":"","bundle_item_grouping":"","bundle_min_size":"","bundle_max_size":"","bundle_price":[],"bundled_items":[],"bundle_sell_ids":[],"exclude_global_add_ons":[],"addons":[],"acf":[],"_links":{"self":[{"href":"https:\/\/kraftwerk-shop.cc\/cs\/wp-json\/wp\/v2\/product\/68295722","targetHints":{"allow":["GET"]}}],"collection":[{"href":"https:\/\/kraftwerk-shop.cc\/cs\/wp-json\/wp\/v2\/product"}],"about":[{"href":"https:\/\/kraftwerk-shop.cc\/cs\/wp-json\/wp\/v2\/types\/product"}],"replies":[{"embeddable":true,"href":"https:\/\/kraftwerk-shop.cc\/cs\/wp-json\/wp\/v2\/comments?post=68295722"}],"version-history":[{"count":0,"href":"https:\/\/kraftwerk-shop.cc\/cs\/wp-json\/wp\/v2\/product\/68295722\/revisions"}],"wp:featuredmedia":[{"embeddable":true,"href":"https:\/\/kraftwerk-shop.cc\/cs\/wp-json\/wp\/v2\/media\/68295730"}],"wp:attachment":[{"href":"https:\/\/kraftwerk-shop.cc\/cs\/wp-json\/wp\/v2\/media?parent=68295722"}],"wp:term":[{"taxonomy":"product_brand","embeddable":true,"href":"https:\/\/kraftwerk-shop.cc\/cs\/wp-json\/wp\/v2\/product_brand?post=68295722"},{"taxonomy":"product_cat","embeddable":true,"href":"https:\/\/kraftwerk-shop.cc\/cs\/wp-json\/wp\/v2\/product_cat?post=68295722"},{"taxonomy":"product_tag","embeddable":true,"href":"https:\/\/kraftwerk-shop.cc\/cs\/wp-json\/wp\/v2\/product_tag?post=68295722"}],"curies":[{"name":"wp","href":"https:\/\/api.w.org\/{rel}","templated":true}]}}