{"id":68295723,"date":"2023-12-20T00:13:52","date_gmt":"2023-12-19T23:13:52","guid":{"rendered":"https:\/\/kraftwerk-shop.cc\/?post_type=product&#038;p=68295723"},"modified":"2026-04-10T14:40:57","modified_gmt":"2026-04-10T12:40:57","slug":"vzduchovy-filtr-mopar-04861756aa","status":"publish","type":"product","link":"https:\/\/kraftwerk-shop.cc\/cs\/produkt\/mopar-luftfilter-04861756aa\/","title":{"rendered":"Vzduchov\u00fd filtr Mopar (04861756AA)"},"content":{"rendered":"<h1>Origin\u00e1ln\u00ed vzduchov\u00fd filtr Mopar pro Jeep Grand Cherokee a Dodge Durango<\/h1>\n<p>&nbsp;<\/p>\n<p><strong>\u010c\u00edslo d\u00edlu Mopar:<\/strong> 04861756AA<br \/>\n<strong>Nahrazeno:<\/strong> <span class=\"list-value\">\u2014<\/span><\/p>\n<p><strong><br \/>\nVhodn\u00e9 pro:<\/strong><\/p>\n<table width=\"916\">\n<tbody>\n<tr>\n<td width=\"64\"><strong>Rok v\u00fdstavby<\/strong><\/td>\n<td width=\"83\"><strong>Zna\u010dka<\/strong><\/td>\n<td width=\"146\"><strong>Model<\/strong><\/td>\n<td width=\"438\"><strong>Verze<\/strong><\/td>\n<td width=\"185\"><strong>Motor<\/strong><\/td>\n<\/tr>\n<tr>\n<td width=\"64\">2023<\/td>\n<td width=\"83\">Dodge<\/td>\n<td width=\"146\">Durango<\/td>\n<td width=\"438\">Citadela, GT, GT Plus, R\/T, R\/T Hemi Orange, R\/T Plus, R\/T Premium, SRT 392, SRT 392 Plus, SRT 392 Premium, SXT, SXT Plus<\/td>\n<td width=\"185\">3.6L, 5.7L, 6.4L<\/td>\n<\/tr>\n<tr>\n<td width=\"64\">2022<\/td>\n<td width=\"83\">Dodge<\/td>\n<td width=\"146\">Durango<\/td>\n<td width=\"438\">Citadela, GT, GT Plus, R\/T, R\/T Plus, SRT 392, SXT<\/td>\n<td width=\"185\">3.6L, 5.7L, 6.4L<\/td>\n<\/tr>\n<tr>\n<td width=\"64\">2022<\/td>\n<td width=\"83\">Jeep<\/td>\n<td width=\"146\">Grand Cherokee WK<\/td>\n<td width=\"438\">Laredo E, Laredo X, Limited<\/td>\n<td width=\"185\">3.6L V6 - Flex<\/td>\n<\/tr>\n<tr>\n<td width=\"64\">2021<\/td>\n<td width=\"83\">Dodge<\/td>\n<td width=\"146\">Durango<\/td>\n<td width=\"438\">Citadela, GT, GT Plus, Pursuit, R\/T, SRT, SXT, SXT Plus, Special Service<\/td>\n<td width=\"185\">3.6L, 5.7L, 6.4L<\/td>\n<\/tr>\n<tr>\n<td width=\"64\">2021<\/td>\n<td width=\"83\">Jeep<\/td>\n<td width=\"146\">Grand Cherokee<\/td>\n<td width=\"438\">80. v\u00fdro\u010d\u00ed, High Altitude, Laredo E, Laredo X, Limited, Limited X, Overland, SRT, Summit, Trailhawk<\/td>\n<td width=\"185\">3.6L V6 - Flex, 5.7L, 6.4L<\/td>\n<\/tr>\n<tr>\n<td width=\"64\">2020<\/td>\n<td width=\"83\">Dodge<\/td>\n<td width=\"146\">Durango<\/td>\n<td width=\"438\">Citadela, GT, GT Plus, Pursuit, R\/T, SRT, SXT, SXT Plus, Special Service<\/td>\n<td width=\"185\">3.6L, 5.7L, 6.4L<\/td>\n<\/tr>\n<tr>\n<td width=\"64\">2020<\/td>\n<td width=\"83\">Jeep<\/td>\n<td width=\"146\">Grand Cherokee<\/td>\n<td width=\"438\">Altitude, High Altitude, Laredo, Limited, Limited X, Overland, SRT, Summit, Trailhawk, Upland<\/td>\n<td width=\"185\">3.6L V6 - Flex, 5.7L, 6.4L<\/td>\n<\/tr>\n<tr>\n<td width=\"64\">2019<\/td>\n<td width=\"83\">Dodge<\/td>\n<td width=\"146\">Durango<\/td>\n<td width=\"438\">Citadela, GT, Pursuit, R\/T, SRT, SXT, SXT Plus, Special Service<\/td>\n<td width=\"185\">3.6L, 5.7L, 6.4L<\/td>\n<\/tr>\n<tr>\n<td width=\"64\">2019<\/td>\n<td width=\"83\">Jeep<\/td>\n<td width=\"146\">Grand Cherokee<\/td>\n<td width=\"438\">Altitude, High Altitude, Laredo, Limited, Limited X, Overland, SRT, Summit, Trailhawk, Upland<\/td>\n<td width=\"185\">3.0L V6 - Diesel, 3.6L V6 - Flex, 5.7L, 6.4L<\/td>\n<\/tr>\n<tr>\n<td width=\"64\">2018<\/td>\n<td width=\"83\">Dodge<\/td>\n<td width=\"146\">Durango<\/td>\n<td width=\"438\">Citadela, GT, R\/T, SRT, SXT, SXT Plus, Special Service<\/td>\n<td width=\"185\">3.6L, 5.7L, 6.4L<\/td>\n<\/tr>\n<tr>\n<td width=\"64\">2018<\/td>\n<td width=\"83\">Jeep<\/td>\n<td width=\"146\">Grand Cherokee<\/td>\n<td width=\"438\">Altitude, High Altitude, Laredo, Limited, Overland, SRT, Summit, Trailhawk<\/td>\n<td width=\"185\">3.0L V6 - Diesel, 3.6L V6 - Flex, 5.7L, 6.4L<\/td>\n<\/tr>\n<tr>\n<td width=\"64\">2017<\/td>\n<td width=\"83\">Dodge<\/td>\n<td width=\"146\">Durango<\/td>\n<td width=\"438\">Citadela, GT, R\/T, SXT, Special Service<\/td>\n<td width=\"185\">3.6L V6 - Flex, 5.7L<\/td>\n<\/tr>\n<tr>\n<td width=\"64\">2017<\/td>\n<td width=\"83\">Jeep<\/td>\n<td width=\"146\">Grand Cherokee<\/td>\n<td width=\"438\">Laredo, Limited, Overland, SRT, Summit, Trailhawk<\/td>\n<td width=\"185\">3.0L V6 - Diesel, 3.6L V6 - Flex, 5.7L, 6.4L<\/td>\n<\/tr>\n<tr>\n<td width=\"64\">2016<\/td>\n<td width=\"83\">Dodge<\/td>\n<td width=\"146\">Durango<\/td>\n<td width=\"438\">Citadel, Limited, R\/T, SXT, Special Service<\/td>\n<td width=\"185\">3.6L V6 - Flex, 5.7L<\/td>\n<\/tr>\n<tr>\n<td width=\"64\">2016<\/td>\n<td width=\"83\">Jeep<\/td>\n<td width=\"146\">Grand Cherokee<\/td>\n<td width=\"438\">75. v\u00fdro\u010d\u00ed, Laredo, Limited, Overland, SRT, Summit<\/td>\n<td width=\"185\">3.0L V6 - Diesel, 3.6L V6 - Flex, 5.7L, 6.4L<\/td>\n<\/tr>\n<tr>\n<td width=\"64\">2015<\/td>\n<td width=\"83\">Dodge<\/td>\n<td width=\"146\">Durango<\/td>\n<td width=\"438\">Citadel, Limited, R\/T, SXT, Special Service<\/td>\n<td width=\"185\">3.6L V6 - Flex, 5.7L<\/td>\n<\/tr>\n<tr>\n<td width=\"64\">2015<\/td>\n<td width=\"83\">Jeep<\/td>\n<td width=\"146\">Grand Cherokee<\/td>\n<td width=\"438\">Laredo, Limited, Overland, SRT, Summit<\/td>\n<td width=\"185\">3.0L V6 - Diesel, 3.6L V6 - Flex, 5.7L, 6.4L<\/td>\n<\/tr>\n<tr>\n<td width=\"64\">2014<\/td>\n<td width=\"83\">Dodge<\/td>\n<td width=\"146\">Durango<\/td>\n<td width=\"438\">Citadel, Limited, R\/T, SXT, Special Service<\/td>\n<td width=\"185\">3.6L V6 - Flex, 5.7L<\/td>\n<\/tr>\n<tr>\n<td width=\"64\">2014<\/td>\n<td width=\"83\">Jeep<\/td>\n<td width=\"146\">Grand Cherokee<\/td>\n<td width=\"438\">Laredo, Limited, Overland, SRT, Summit<\/td>\n<td width=\"185\">3.0L V6 - Diesel, 3.6L V6 - Flex, 5.7L, 6.4L<\/td>\n<\/tr>\n<tr>\n<td width=\"64\">2013<\/td>\n<td width=\"83\">Dodge<\/td>\n<td width=\"146\">Durango<\/td>\n<td width=\"438\">Citadela, Crew, R\/T, SXT, Special Service<\/td>\n<td width=\"185\">3.6L V6 - Flex, 5.7L<\/td>\n<\/tr>\n<tr>\n<td width=\"64\">2013<\/td>\n<td width=\"83\">Jeep<\/td>\n<td width=\"146\">Grand Cherokee<\/td>\n<td width=\"438\">Laredo, Limited, Overland, SRT8<\/td>\n<td width=\"185\">3.6L V6 - Flex, 5.7L, 6.4L<\/td>\n<\/tr>\n<tr>\n<td width=\"64\">2012<\/td>\n<td width=\"83\">Dodge<\/td>\n<td width=\"146\">Durango<\/td>\n<td width=\"438\">Citadela, Crew, R\/T, SXT, Special Service<\/td>\n<td width=\"185\">3.6L V6 - Flex, 5.7L<\/td>\n<\/tr>\n<tr>\n<td width=\"64\">2012<\/td>\n<td width=\"83\">Jeep<\/td>\n<td width=\"146\">Grand Cherokee<\/td>\n<td width=\"438\">Laredo, Limited, Overland, Overland Summit, SRT8<\/td>\n<td width=\"185\">3.6L V6 - Flex, 5.7L, 6.4L<\/td>\n<\/tr>\n<tr>\n<td width=\"64\">2011<\/td>\n<td width=\"83\">Dodge<\/td>\n<td width=\"146\">Durango<\/td>\n<td width=\"438\">Citadela, Crew, Express, Heat, R\/T<\/td>\n<td width=\"185\">3.6L V6 - Flex, 5.7L<\/td>\n<\/tr>\n<tr>\n<td width=\"64\">2011<\/td>\n<td width=\"83\">Jeep<\/td>\n<td width=\"146\">Grand Cherokee<\/td>\n<td width=\"438\">Laredo, Limited, Overland<\/td>\n<td width=\"185\">3.6L V6 - Flex, 5.7L<\/td>\n<\/tr>\n<\/tbody>\n<\/table>\n<p>&nbsp;<\/p>","protected":false},"excerpt":{"rendered":"<p>Origin\u00e1ln\u00ed d\u00edl Mopar<\/p>","protected":false},"featured_media":68295732,"comment_status":"open","ping_status":"closed","template":"","meta":{"_acf_changed":false},"product_brand":[16270],"product_cat":[10262],"product_tag":[4490,169,18169,91,93,49,56,50,4425,36,57,31,8813,9424,16271,16273,16275,16272,16274,7221,34,35,674,96,38,37,673],"class_list":{"0":"post-68295723","1":"product","2":"type-product","3":"status-publish","4":"has-post-thumbnail","6":"product_brand-mopar","7":"product_cat-alle-produkte","8":"product_tag-04861756aa","9":"product_tag-3-6","10":"product_tag-4861756aa","11":"product_tag-5-7","12":"product_tag-6-4","13":"product_tag-dodge","14":"product_tag-grand-cherokee","15":"product_tag-jeep","16":"product_tag-jeep-grand-cherokee","17":"product_tag-kraftwerk","18":"product_tag-luftfilter","19":"product_tag-mopar","20":"product_tag-mopar-autoteile","21":"product_tag-mopar-ersatzteile","22":"product_tag-mopar-ersatzteile-kaufen","23":"product_tag-mopar-performance-teile","24":"product_tag-mopar-teile-katalog","25":"product_tag-mopar-teile-online","26":"product_tag-mopar-tuningteile","27":"product_tag-mopar10","28":"product_tag-original","29":"product_tag-originalersatzteil","30":"product_tag-service","31":"product_tag-srt","32":"product_tag-teile","33":"product_tag-wartung","34":"product_tag-zubehoer","36":"first","37":"instock","38":"taxable","39":"shipping-taxable","40":"purchasable","41":"product-type-simple"},"bundled_by":[],"bundle_stock_status":"instock","bundle_stock_quantity":13,"bundle_virtual":false,"bundle_layout":"","bundle_add_to_cart_form_location":"","bundle_editable_in_cart":false,"bundle_sold_individually_context":"","bundle_item_grouping":"","bundle_min_size":"","bundle_max_size":"","bundle_price":[],"bundled_items":[],"bundle_sell_ids":[],"exclude_global_add_ons":[],"addons":[],"acf":[],"_links":{"self":[{"href":"https:\/\/kraftwerk-shop.cc\/cs\/wp-json\/wp\/v2\/product\/68295723","targetHints":{"allow":["GET"]}}],"collection":[{"href":"https:\/\/kraftwerk-shop.cc\/cs\/wp-json\/wp\/v2\/product"}],"about":[{"href":"https:\/\/kraftwerk-shop.cc\/cs\/wp-json\/wp\/v2\/types\/product"}],"replies":[{"embeddable":true,"href":"https:\/\/kraftwerk-shop.cc\/cs\/wp-json\/wp\/v2\/comments?post=68295723"}],"version-history":[{"count":0,"href":"https:\/\/kraftwerk-shop.cc\/cs\/wp-json\/wp\/v2\/product\/68295723\/revisions"}],"wp:featuredmedia":[{"embeddable":true,"href":"https:\/\/kraftwerk-shop.cc\/cs\/wp-json\/wp\/v2\/media\/68295732"}],"wp:attachment":[{"href":"https:\/\/kraftwerk-shop.cc\/cs\/wp-json\/wp\/v2\/media?parent=68295723"}],"wp:term":[{"taxonomy":"product_brand","embeddable":true,"href":"https:\/\/kraftwerk-shop.cc\/cs\/wp-json\/wp\/v2\/product_brand?post=68295723"},{"taxonomy":"product_cat","embeddable":true,"href":"https:\/\/kraftwerk-shop.cc\/cs\/wp-json\/wp\/v2\/product_cat?post=68295723"},{"taxonomy":"product_tag","embeddable":true,"href":"https:\/\/kraftwerk-shop.cc\/cs\/wp-json\/wp\/v2\/product_tag?post=68295723"}],"curies":[{"name":"wp","href":"https:\/\/api.w.org\/{rel}","templated":true}]}}