{"id":68295767,"date":"2023-12-20T00:14:27","date_gmt":"2023-12-19T23:14:27","guid":{"rendered":"https:\/\/kraftwerk-shop.cc\/?post_type=product&#038;p=68295767"},"modified":"2026-02-15T00:04:34","modified_gmt":"2026-02-14T23:04:34","slug":"brzdovy-kotouc-mopar-68368450aa-ram","status":"publish","type":"product","link":"https:\/\/kraftwerk-shop.cc\/cs\/produkt\/mopar-bremsscheibe-68368450aa-ram\/","title":{"rendered":"Brzdov\u00fd kotou\u010d Mopar RAM (68368450AA)"},"content":{"rendered":"<h1>Origin\u00e1ln\u00ed brzdov\u00fd kotou\u010d Mopar (p\u0159edn\u00ed n\u00e1prava) pro RAM 3.0 EcoDiesel, 3.6 a 5.7<\/h1>\n<p>&nbsp;<\/p>\n<p><strong>\u010c\u00edslo d\u00edlu Mopar:<\/strong> 68368450AA<br \/>\n<strong>Nahrazeno:<\/strong> \u2014<\/p>\n<p>&nbsp;<\/p>\n<p><strong>Vhodn\u00e9 pro:<\/strong><\/p>\n<table width=\"596\">\n<tbody>\n<tr>\n<td width=\"114\"><strong>Zna\u010dka<\/strong><\/td>\n<td width=\"121\"><strong>Model<\/strong><\/td>\n<td width=\"122\"><strong>Motor<\/strong><\/td>\n<td width=\"141\"><strong>Rok v\u00fdstavby<\/strong><\/td>\n<td width=\"98\"><strong>K\u00f3d brzdy<\/strong><\/td>\n<\/tr>\n<tr>\n<td width=\"114\">RAM<\/td>\n<td width=\"121\">1500<\/td>\n<td width=\"122\">3.0 EcoDiesel<\/td>\n<td width=\"141\">2020\u20132023<\/td>\n<td>BR1<\/td>\n<\/tr>\n<tr>\n<td width=\"114\">RAM<\/td>\n<td width=\"121\">1500<\/td>\n<td width=\"122\">3.6<\/td>\n<td width=\"141\">2019\u20132024<\/td>\n<td>BR1<\/td>\n<\/tr>\n<tr>\n<td width=\"114\">RAM<\/td>\n<td width=\"121\">1500<\/td>\n<td width=\"122\">5.7<\/td>\n<td width=\"141\">2019\u20132024<\/td>\n<td>BR1<\/td>\n<\/tr>\n<\/tbody>\n<\/table>\n<p>&nbsp;<\/p>\n<p>Cena se vztahuje na 1 brzdov\u00fd kotou\u010d.<\/p>\n<p>&nbsp;<\/p>\n<p><strong>P\u0159edn\u00ed brzdov\u00fd kotou\u010d (68368450AA) od spole\u010dnosti Mopar\u00ae<br \/>\n<\/strong><\/p>\n<p>Chcete, aby v\u00e1\u0161 cenn\u00fd majetek vypadal a fungoval tak, jak byl p\u016fvodn\u011b zam\u00fd\u0161len? Pak jsou pro v\u00e1s vysoce kvalitn\u00ed autod\u00edly a p\u0159\u00edslu\u0161enstv\u00ed Mopar to prav\u00e9.<br \/>\nD\u00edly Mopar jsou vyr\u00e1b\u011bny pomoc\u00ed nejmodern\u011bj\u0161\u00edch v\u00fdrobn\u00edch technologi\u00ed a spl\u0148uj\u00ed nejvy\u0161\u0161\u00ed standardy kvality. Nab\u00edzej\u00ed vynikaj\u00edc\u00ed v\u00fdkon a trvanlivost. Poskytnou v\u00e1m spolehlivou slu\u017ebu na dlouhou dobu a ud\u011blaj\u00ed z ka\u017ed\u00e9 cesty bezpe\u010dn\u00fd a p\u0159\u00edjemn\u00fd z\u00e1\u017eitek.<\/p>\n<p>Mopar\u00ae je exkluzivn\u00edm zdrojem origin\u00e1ln\u00edch d\u00edl\u016f a p\u0159\u00edslu\u0161enstv\u00ed pro miliony voz\u016f Chrysler, Dodge, Jeep, Ram a Fiat. Ji\u017e v\u00edce ne\u017e 8 desetilet\u00ed pou\u017e\u00edvaj\u00ed profesion\u00e1ln\u00ed technici, z\u00e1vodn\u00edci a rekrea\u010dn\u00ed \u0159idi\u010di po cel\u00e9m sv\u011bt\u011b k oprav\u00e1m a \u00fadr\u017eb\u011b sv\u00fdch vozidel v\u00fdrobky Mopar. Autentick\u00e9 d\u00edly motor\u016f, hnac\u00edch a p\u0159evodov\u00fdch \u00fastroj\u00ed a komponenty chladic\u00edho syst\u00e9mu najdete v tis\u00edc\u00edch vozidel po cel\u00e9 zemi i po cel\u00e9m sv\u011bt\u011b. D\u00edly a p\u0159\u00edslu\u0161enstv\u00ed Mopar jsou v\u0161\u00edm, co pot\u0159ebujete, abyste udr\u017eeli sv\u00e9 vozidlo ve \u0161pi\u010dkov\u00e9m stavu.<\/p>","protected":false},"excerpt":{"rendered":"<p>Origin\u00e1ln\u00ed d\u00edl Mopar<br \/>\n2019\u20132024<\/p>","protected":false},"featured_media":68295782,"comment_status":"open","ping_status":"closed","template":"","meta":{"_acf_changed":false},"product_brand":[16270],"product_cat":[19406,19677,5012],"product_tag":[475,4508,169,91,101,4729,4719,795,796,476,692,31,8813,9424,16271,16273,16275,16272,16274,7221,34,794,86,3507,842,841,673],"class_list":{"0":"post-68295767","1":"product","2":"type-product","3":"status-publish","4":"has-post-thumbnail","6":"product_brand-mopar","7":"product_cat-1500-ecodiesel-2020-2023-bremsen-vorne","8":"product_cat-1500-36-dt-bremsen-vorne","9":"product_cat-1500-57-dt-bremsen-vorne","10":"product_tag-475","11":"product_tag-3-0-ecodiesel","12":"product_tag-3-6","13":"product_tag-5-7","14":"product_tag-6-2","15":"product_tag-68368450aa","16":"product_tag-br1","17":"product_tag-bremse","18":"product_tag-bremsscheibe","19":"product_tag-dt","20":"product_tag-ersatzteil","21":"product_tag-mopar","22":"product_tag-mopar-autoteile","23":"product_tag-mopar-ersatzteile","24":"product_tag-mopar-ersatzteile-kaufen","25":"product_tag-mopar-performance-teile","26":"product_tag-mopar-teile-katalog","27":"product_tag-mopar-teile-online","28":"product_tag-mopar-tuningteile","29":"product_tag-mopar10","30":"product_tag-original","31":"product_tag-premium","32":"product_tag-ram","33":"product_tag-ram1500","34":"product_tag-vorderachse","35":"product_tag-vorne","36":"product_tag-zubehoer","38":"first","39":"onbackorder","40":"taxable","41":"shipping-taxable","42":"purchasable","43":"product-type-simple"},"bundled_by":[],"bundle_stock_status":"onbackorder","bundle_stock_quantity":0,"bundle_virtual":false,"bundle_layout":"","bundle_add_to_cart_form_location":"","bundle_editable_in_cart":false,"bundle_sold_individually_context":"","bundle_item_grouping":"","bundle_min_size":"","bundle_max_size":"","bundle_price":[],"bundled_items":[],"bundle_sell_ids":[],"exclude_global_add_ons":[],"addons":[],"acf":[],"_links":{"self":[{"href":"https:\/\/kraftwerk-shop.cc\/cs\/wp-json\/wp\/v2\/product\/68295767","targetHints":{"allow":["GET"]}}],"collection":[{"href":"https:\/\/kraftwerk-shop.cc\/cs\/wp-json\/wp\/v2\/product"}],"about":[{"href":"https:\/\/kraftwerk-shop.cc\/cs\/wp-json\/wp\/v2\/types\/product"}],"replies":[{"embeddable":true,"href":"https:\/\/kraftwerk-shop.cc\/cs\/wp-json\/wp\/v2\/comments?post=68295767"}],"version-history":[{"count":0,"href":"https:\/\/kraftwerk-shop.cc\/cs\/wp-json\/wp\/v2\/product\/68295767\/revisions"}],"wp:featuredmedia":[{"embeddable":true,"href":"https:\/\/kraftwerk-shop.cc\/cs\/wp-json\/wp\/v2\/media\/68295782"}],"wp:attachment":[{"href":"https:\/\/kraftwerk-shop.cc\/cs\/wp-json\/wp\/v2\/media?parent=68295767"}],"wp:term":[{"taxonomy":"product_brand","embeddable":true,"href":"https:\/\/kraftwerk-shop.cc\/cs\/wp-json\/wp\/v2\/product_brand?post=68295767"},{"taxonomy":"product_cat","embeddable":true,"href":"https:\/\/kraftwerk-shop.cc\/cs\/wp-json\/wp\/v2\/product_cat?post=68295767"},{"taxonomy":"product_tag","embeddable":true,"href":"https:\/\/kraftwerk-shop.cc\/cs\/wp-json\/wp\/v2\/product_tag?post=68295767"}],"curies":[{"name":"wp","href":"https:\/\/api.w.org\/{rel}","templated":true}]}}