{"id":68295793,"date":"2023-12-20T00:14:43","date_gmt":"2023-12-19T23:14:43","guid":{"rendered":"https:\/\/kraftwerk-shop.cc\/?post_type=product&#038;p=68295793"},"modified":"2026-02-15T00:04:36","modified_gmt":"2026-02-14T23:04:36","slug":"mbrp-s72053cf-ford-mustang-gt","status":"publish","type":"product","link":"https:\/\/kraftwerk-shop.cc\/cs\/produkt\/mbrp-s72053cf-ford-mustang-gt\/","title":{"rendered":"MBRP Dual Cat-Back Street Profile Ford Mustang GT 5.0"},"content":{"rendered":"<h1>V\u00fdfukov\u00fd syst\u00e9m MBRP Dual Cat-Back Street pro Ford Mustang GT 5.0<\/h1>\n<p>&nbsp;<\/p>\n<p>Za\u017eijte maxim\u00e1ln\u00ed v\u00fdkon a bezkonkuren\u010dn\u00ed zvuk s v\u00fdfukov\u00fdm syst\u00e9mem MBRP Dual Cat-Back Street Profile, kter\u00fd byl vyvinut speci\u00e1ln\u011b pro Ford Mustang GT. Tento v\u00fdfukov\u00fd syst\u00e9m, vyroben\u00fd z vysoce kvalitn\u00ed nerezov\u00e9 oceli T304 a vybaven\u00fd v\u00fdfukov\u00fdmi koncovkami z uhl\u00edkov\u00fdch vl\u00e1ken, zvy\u0161uje v\u00fdkon a to\u010div\u00fd moment va\u0161eho Mustangu. Jednoduch\u00e1 instalace nevy\u017eaduje \u017e\u00e1dn\u00e9 sva\u0159ov\u00e1n\u00ed a vyu\u017e\u00edv\u00e1 st\u00e1vaj\u00edc\u00ed mont\u00e1\u017en\u00ed body.<\/p>\n<p>&nbsp;<\/p>\n<p>&nbsp;<\/p>\n<p>V\u00fdfukov\u00fd syst\u00e9m MBRP S72053CF Street Profile 3\u2033 cat-back z nerezov\u00e9 oceli T304 s v\u00fdfukov\u00fdmi koncovkami s karbonov\u00fdm lemem je vhodn\u00fd pro n\u00e1sleduj\u00edc\u00ed modely:<\/p>\n<table width=\"449\">\n<tbody>\n<tr>\n<td width=\"115\"><strong>Zna\u010dka<\/strong><\/td>\n<td width=\"145\"><strong>Model<\/strong><\/td>\n<td width=\"106\"><strong>Motor<\/strong><\/td>\n<td width=\"83\"><strong>Rok v\u00fdstavby<\/strong><\/td>\n<\/tr>\n<tr>\n<td>Ford<\/td>\n<td>Mustang GT (ne pro kabriolet)<\/td>\n<td>5.0<\/td>\n<td>2018\u20132023<\/td>\n<\/tr>\n<tr>\n<td>Ford<\/td>\n<td>Mustang GT Premium (ne pro kabriolet)<\/td>\n<td>5.0<\/td>\n<td>2018\u20132023<\/td>\n<\/tr>\n<tr>\n<td>Ford<\/td>\n<td>Mustang Bullitt (ne pro kabriolet)<\/td>\n<td>5.0<\/td>\n<td>2019\u20132020<\/td>\n<\/tr>\n<tr>\n<td>Ford<\/td>\n<td>Mustang Mach 1<\/td>\n<td>5.0<\/td>\n<td>2021 \u2013 2022<\/td>\n<\/tr>\n<\/tbody>\n<\/table>\n<p>&nbsp;<\/p>\n<p>&nbsp;<\/p>\n<p><iframe loading=\"lazy\" title=\"MBRP S7205 Street Series Sound\" src=\"https:\/\/www.youtube.com\/embed\/eafUnj_dW2g\" width=\"882\" height=\"496\" frameborder=\"0\" allowfullscreen=\"allowfullscreen\"><\/iframe><\/p>\n<p><iframe loading=\"lazy\" title=\"MBRP S7205 pro Ford Mustang GT 5.0 2018 - 2022\" src=\"https:\/\/www.youtube.com\/embed\/BrZ-zhcfWxQ\" width=\"882\" height=\"496\" frameborder=\"0\" allowfullscreen=\"allowfullscreen\"><\/iframe><\/p>\n<p>&nbsp;<\/p>\n<p>&nbsp;<\/p>","protected":false},"excerpt":{"rendered":"<p>Nerezov\u00e1 ocel T304, karbonov\u00e9 v\u00fdfukov\u00e9 potrub\u00ed<\/p>\n<p>2018\u20132023<\/p>","protected":false},"featured_media":68305248,"comment_status":"open","ping_status":"closed","template":"","meta":{"_acf_changed":false},"product_brand":[17169],"product_cat":[4033,3024],"product_tag":[252,419,420,2066,2373,4024,4023,1035,1036,546,1037,1047,2210,3873,662,1039,1042,2786,917,784,3962,2934,532,529,20273,2211,2931,6924,3872,4821,4820,547,1034,1038,2215,233],"class_list":{"0":"post-68295793","1":"product","2":"type-product","3":"status-publish","4":"has-post-thumbnail","6":"product_brand-mbrp","7":"product_cat-mustang-50-gt-abgasanlage","8":"product_cat-nicht-nach-eu","9":"product_tag-252","10":"product_tag-419","11":"product_tag-420","12":"product_tag-2066","13":"product_tag-2373","14":"product_tag-3zoll","15":"product_tag-4023","16":"product_tag-abgasanlage","17":"product_tag-abgassystem","18":"product_tag-auspuff","19":"product_tag-auspuffsystem","20":"product_tag-cat-back","21":"product_tag-catback","22":"product_tag-ecoboost","23":"product_tag-edelstahl","24":"product_tag-endschalldaempfer","25":"product_tag-endtopf","26":"product_tag-exhaust","27":"product_tag-ford","28":"product_tag-gt","29":"product_tag-gt-5-0","30":"product_tag-harder","31":"product_tag-kat","32":"product_tag-katalysator","33":"product_tag-keintuev","34":"product_tag-klang","35":"product_tag-mbrp","36":"product_tag-mbrp10","37":"product_tag-mustang","38":"product_tag-s7205","39":"product_tag-s72053cf","40":"product_tag-sportauspuff","41":"product_tag-sportauspuffanlage","42":"product_tag-sportendschalldaempfer","43":"product_tag-street","44":"product_tag-tuning","45":"product_shipping_class-spedition-1","47":"first","48":"onbackorder","49":"taxable","50":"shipping-taxable","51":"purchasable","52":"product-type-simple"},"bundled_by":[],"bundle_stock_status":"onbackorder","bundle_stock_quantity":0,"bundle_virtual":false,"bundle_layout":"","bundle_add_to_cart_form_location":"","bundle_editable_in_cart":false,"bundle_sold_individually_context":"","bundle_item_grouping":"","bundle_min_size":"","bundle_max_size":"","bundle_price":[],"bundled_items":[],"bundle_sell_ids":[],"exclude_global_add_ons":[],"addons":[],"acf":[],"_links":{"self":[{"href":"https:\/\/kraftwerk-shop.cc\/cs\/wp-json\/wp\/v2\/product\/68295793","targetHints":{"allow":["GET"]}}],"collection":[{"href":"https:\/\/kraftwerk-shop.cc\/cs\/wp-json\/wp\/v2\/product"}],"about":[{"href":"https:\/\/kraftwerk-shop.cc\/cs\/wp-json\/wp\/v2\/types\/product"}],"replies":[{"embeddable":true,"href":"https:\/\/kraftwerk-shop.cc\/cs\/wp-json\/wp\/v2\/comments?post=68295793"}],"version-history":[{"count":0,"href":"https:\/\/kraftwerk-shop.cc\/cs\/wp-json\/wp\/v2\/product\/68295793\/revisions"}],"wp:featuredmedia":[{"embeddable":true,"href":"https:\/\/kraftwerk-shop.cc\/cs\/wp-json\/wp\/v2\/media\/68305248"}],"wp:attachment":[{"href":"https:\/\/kraftwerk-shop.cc\/cs\/wp-json\/wp\/v2\/media?parent=68295793"}],"wp:term":[{"taxonomy":"product_brand","embeddable":true,"href":"https:\/\/kraftwerk-shop.cc\/cs\/wp-json\/wp\/v2\/product_brand?post=68295793"},{"taxonomy":"product_cat","embeddable":true,"href":"https:\/\/kraftwerk-shop.cc\/cs\/wp-json\/wp\/v2\/product_cat?post=68295793"},{"taxonomy":"product_tag","embeddable":true,"href":"https:\/\/kraftwerk-shop.cc\/cs\/wp-json\/wp\/v2\/product_tag?post=68295793"}],"curies":[{"name":"wp","href":"https:\/\/api.w.org\/{rel}","templated":true}]}}