{"id":68295794,"date":"2023-12-20T00:14:43","date_gmt":"2023-12-19T23:14:43","guid":{"rendered":"https:\/\/kraftwerk-shop.cc\/?post_type=product&#038;p=68295794"},"modified":"2026-02-15T00:04:59","modified_gmt":"2026-02-14T23:04:59","slug":"vyfuky-carven-ram-dt-57-lestene","status":"publish","type":"product","link":"https:\/\/kraftwerk-shop.cc\/cs\/produkt\/carven-endrohre-ram-dt-57-poliert\/","title":{"rendered":"Carven 5palcov\u00e9 koncovky v\u00fdfuku RAM DT 1500 5.7 (nerezov\u00e1 ocel, le\u0161t\u011bn\u00e9)"},"content":{"rendered":"<h1>Carven 5palcov\u00e9 koncovky v\u00fdfuku RAM DT 1500 5.7 (nerezov\u00e1 ocel, le\u0161t\u011bn\u00e9)<\/h1>\n<p>&nbsp;<\/p>\n<p>Pokud chcete d\u00e1t v\u00fdfukov\u00e9mu syst\u00e9mu sv\u00e9ho vozu RAM nov\u00fd vzhled, nemus\u00edte vym\u011b\u0148ovat cel\u00fd syst\u00e9m.<br \/>\nM\u016f\u017eete tak\u00e9 jednodu\u0161e pou\u017e\u00edt tyto le\u0161t\u011bn\u00e9 5palcov\u00e9 koncovky v\u00fdfuku Carven Exhaust z nerezov\u00e9 oceli.<\/p>\n<p>Na koncovk\u00e1ch v\u00fdfuku je laserem vyryto logo Carven Exhaust. D\u00edky tomuto stylov\u00e9mu designu v\u00fdfukov\u00fd syst\u00e9m va\u0161eho vozidla vy\u010dn\u00edv\u00e1 z davu. Velk\u00fd pr\u016fm\u011br v\u00fdfuku 5 palc\u016f nav\u00edc pom\u00e1h\u00e1 zlep\u0161it proud\u011bn\u00ed v\u00fdfukov\u00fdch plyn\u016f va\u0161eho vozidla.<\/p>\n<p>V\u00fdfukov\u00e9 koncovky jsou vyrobeny z odoln\u00e9 nerezov\u00e9 oceli 304, aby spl\u0148ovaly vysok\u00e9 n\u00e1roky va\u0161eho vozidla.<\/p>\n<p>Tyto koncovky v\u00fdfuku lze snadno na\u0161roubovat. Proto\u017ee jsou navr\u017eeny jako p\u0159\u00edm\u00fd n\u00e1hradn\u00ed d\u00edl, m\u016f\u017eete je rychle p\u0159ipevnit k tov\u00e1rn\u00edm bod\u016fm va\u0161eho vozidla pomoc\u00ed standardn\u00edch svorek. Nen\u00ed nutn\u00e9 \u017e\u00e1dn\u00e9 sva\u0159ov\u00e1n\u00ed ani \u0159ez\u00e1n\u00ed.<\/p>\n<p>&nbsp;<\/p>\n<p><strong>Vhodn\u00e9 pro:<\/strong><\/p>\n<table width=\"449\">\n<tbody>\n<tr>\n<td width=\"115\"><strong>Zna\u010dka<\/strong><\/td>\n<td width=\"145\"><strong>Model<\/strong><\/td>\n<td width=\"106\"><strong>Motor<\/strong><\/td>\n<td width=\"83\"><strong>Rok v\u00fdstavby<\/strong><\/td>\n<\/tr>\n<tr>\n<td>RAM<\/td>\n<td>1500<\/td>\n<td>5.7<\/td>\n<td>2019\u20132024<\/td>\n<\/tr>\n<\/tbody>\n<\/table>\n<p>Nevhodn\u00e9 pro Classic !<\/p>\n<p>&nbsp;<\/p>\n<p><strong>Rozsah dod\u00e1vky:<\/strong><\/p>\n<ul>\n<li>2 v\u00fdfuky<\/li>\n<\/ul>\n<p>&nbsp;<\/p>\n<p><iframe loading=\"lazy\" title=\"V\u00fdfuky Carven RAM\" width=\"500\" height=\"281\" src=\"https:\/\/www.youtube.com\/embed\/pbUR-8z0S5A?feature=oembed\" frameborder=\"0\" allow=\"accelerometer; autoplay; clipboard-write; encrypted-media; gyroscope; picture-in-picture; web-share\" referrerpolicy=\"strict-origin-when-cross-origin\" allowfullscreen><\/iframe><\/p>\n<p>&nbsp;<\/p>","protected":false},"excerpt":{"rendered":"<p>2019\u20132024<\/p>","protected":false},"featured_media":68295799,"comment_status":"open","ping_status":"closed","template":"","meta":{"_acf_changed":false},"product_brand":[],"product_cat":[6623],"product_tag":[475,419,420,2066,2373,91,1035,1036,546,3720,1037,3719,4829,429,476,662,1043,1039,3034,1042,100,126,441,1044,224,86,1045,1041,547,1034,1038,96,233],"class_list":{"0":"post-68295794","1":"product","2":"type-product","3":"status-publish","4":"has-post-thumbnail","6":"product_cat-1500-57-dt-abgasanlage-catback","7":"product_tag-475","8":"product_tag-419","9":"product_tag-420","10":"product_tag-2066","11":"product_tag-2373","12":"product_tag-5-7","13":"product_tag-abgasanlage","14":"product_tag-abgassystem","15":"product_tag-auspuff","16":"product_tag-auspuffblende","17":"product_tag-auspuffsystem","18":"product_tag-carven","19":"product_tag-cr1000","20":"product_tag-deutschland","21":"product_tag-dt","22":"product_tag-edelstahl","23":"product_tag-endrohr","24":"product_tag-endschalldaempfer","25":"product_tag-endstueck","26":"product_tag-endtopf","27":"product_tag-hellcat","28":"product_tag-hemi","29":"product_tag-kaufen","30":"product_tag-mittelschalldaempfer","31":"product_tag-poliert","32":"product_tag-ram","33":"product_tag-sound","34":"product_tag-sport","35":"product_tag-sportauspuff","36":"product_tag-sportauspuffanlage","37":"product_tag-sportendschalldaempfer","38":"product_tag-srt","39":"product_tag-tuning","41":"first","42":"instock","43":"taxable","44":"shipping-taxable","45":"purchasable","46":"product-type-simple"},"bundled_by":[],"bundle_stock_status":"instock","bundle_stock_quantity":2,"bundle_virtual":false,"bundle_layout":"","bundle_add_to_cart_form_location":"","bundle_editable_in_cart":false,"bundle_sold_individually_context":"","bundle_item_grouping":"","bundle_min_size":"","bundle_max_size":"","bundle_price":[],"bundled_items":[],"bundle_sell_ids":[],"exclude_global_add_ons":[],"addons":[],"acf":[],"_links":{"self":[{"href":"https:\/\/kraftwerk-shop.cc\/cs\/wp-json\/wp\/v2\/product\/68295794","targetHints":{"allow":["GET"]}}],"collection":[{"href":"https:\/\/kraftwerk-shop.cc\/cs\/wp-json\/wp\/v2\/product"}],"about":[{"href":"https:\/\/kraftwerk-shop.cc\/cs\/wp-json\/wp\/v2\/types\/product"}],"replies":[{"embeddable":true,"href":"https:\/\/kraftwerk-shop.cc\/cs\/wp-json\/wp\/v2\/comments?post=68295794"}],"version-history":[{"count":0,"href":"https:\/\/kraftwerk-shop.cc\/cs\/wp-json\/wp\/v2\/product\/68295794\/revisions"}],"wp:featuredmedia":[{"embeddable":true,"href":"https:\/\/kraftwerk-shop.cc\/cs\/wp-json\/wp\/v2\/media\/68295799"}],"wp:attachment":[{"href":"https:\/\/kraftwerk-shop.cc\/cs\/wp-json\/wp\/v2\/media?parent=68295794"}],"wp:term":[{"taxonomy":"product_brand","embeddable":true,"href":"https:\/\/kraftwerk-shop.cc\/cs\/wp-json\/wp\/v2\/product_brand?post=68295794"},{"taxonomy":"product_cat","embeddable":true,"href":"https:\/\/kraftwerk-shop.cc\/cs\/wp-json\/wp\/v2\/product_cat?post=68295794"},{"taxonomy":"product_tag","embeddable":true,"href":"https:\/\/kraftwerk-shop.cc\/cs\/wp-json\/wp\/v2\/product_tag?post=68295794"}],"curies":[{"name":"wp","href":"https:\/\/api.w.org\/{rel}","templated":true}]}}