{"id":68295795,"date":"2023-12-20T00:14:44","date_gmt":"2023-12-19T23:14:44","guid":{"rendered":"https:\/\/kraftwerk-shop.cc\/?post_type=product&#038;p=68295795"},"modified":"2026-03-06T06:05:26","modified_gmt":"2026-03-06T05:05:26","slug":"sroub-vyfukoveho-potrubi-mopar-6503131","status":"publish","type":"product","link":"https:\/\/kraftwerk-shop.cc\/cs\/produkt\/mopar-abgaskruemmerschraube-6503131\/","title":{"rendered":"\u0160roub v\u00fdfukov\u00e9ho potrub\u00ed Mopar (6503131)"},"content":{"rendered":"<h1>Origin\u00e1ln\u00ed kryt v\u00fdfukov\u00e9ho potrub\u00ed Mopar pro vozy Chrysler, Dodge, Jeep 6.1 SRT, 6.2 Hellcat, 6.4 SRT a jin\u00e9<\/h1>\n<p>&nbsp;<\/p>\n<p><strong>\u010c\u00edslo d\u00edlu Mopar:<\/strong> 6503131<br \/>\n<strong>Nahrazeno:<\/strong>\u00a0 \u2014<\/p>\n<p><span class=\"list-value description_body\"><strong>Velikost:<\/strong> M8X1.25X30<br \/>\n<\/span><\/p>\n<p>&nbsp;<\/p>\n<p><strong>Vhodn\u00e9 pro:<\/strong><\/p>\n<table width=\"918\">\n<tbody>\n<tr>\n<td width=\"83\"><strong>Rok v\u00fdstavby<\/strong><\/td>\n<td width=\"83\"><strong>Zna\u010dka<\/strong><\/td>\n<td width=\"132\"><strong>Model<\/strong><\/td>\n<td width=\"470\"><strong>Verze<\/strong><\/td>\n<td width=\"150\"><strong>Motor<\/strong><\/td>\n<\/tr>\n<tr>\n<td width=\"83\">2023<\/td>\n<td width=\"83\">Chrysler<\/td>\n<td width=\"132\">300<\/td>\n<td width=\"470\">C<\/td>\n<td width=\"150\">6.4L<\/td>\n<\/tr>\n<tr>\n<td width=\"83\">2023<\/td>\n<td width=\"83\">Dodge<\/td>\n<td width=\"132\">Challenger<\/td>\n<td width=\"470\">R\/T Scat Pack, R\/T Scat Pack Widebody, SRT Hellcat, SRT Hellcat Redeye, SRT Hellcat Redeye Widebody, SRT Hellcat Widebody, SRT Jailbreak, SRT Super Stock<\/td>\n<td width=\"150\">6,2 L, 6,4 L<\/td>\n<\/tr>\n<tr>\n<td width=\"83\">2023<\/td>\n<td width=\"83\">Dodge<\/td>\n<td width=\"132\">Charger<\/td>\n<td width=\"470\">SRT Hellcat Redeye Widebody, SRT Hellcat Widebody, Scat Pack<\/td>\n<td width=\"150\">6,2 L, 6,4 L<\/td>\n<\/tr>\n<tr>\n<td width=\"83\">2022<\/td>\n<td width=\"83\">Dodge<\/td>\n<td width=\"132\">Challenger<\/td>\n<td width=\"470\">R\/T Scat Pack, R\/T Scat Pack Widebody, SRT Hellcat, SRT Hellcat Redeye, SRT Hellcat Redeye Widebody, SRT Hellcat Widebody, SRT Jailbreak, SRT Super Stock<\/td>\n<td width=\"150\">6,2 L, 6,4 L<\/td>\n<\/tr>\n<tr>\n<td width=\"83\">2022<\/td>\n<td width=\"83\">Dodge<\/td>\n<td width=\"132\">Charger<\/td>\n<td width=\"470\">SRT Hellcat Redeye Widebody, SRT Hellcat Widebody, SRT Jailbreak, Scat Pack, Scat Pack Widebody<\/td>\n<td width=\"150\">6,2 L, 6,4 L<\/td>\n<\/tr>\n<tr>\n<td width=\"83\">2021<\/td>\n<td width=\"83\">Dodge<\/td>\n<td width=\"132\">Challenger<\/td>\n<td width=\"470\">R\/T Scat Pack, R\/T Scat Pack Widebody, SRT Hellcat, SRT Hellcat Redeye, SRT Hellcat Redeye Widebody, SRT Hellcat Widebody, SRT Super Stock<\/td>\n<td width=\"150\">6,2 L, 6,4 L<\/td>\n<\/tr>\n<tr>\n<td width=\"83\">2021<\/td>\n<td width=\"83\">Dodge<\/td>\n<td width=\"132\">Charger<\/td>\n<td width=\"470\">SRT Hellcat Redeye Widebody, SRT Hellcat Widebody, Scat Pack<\/td>\n<td width=\"150\">6,2 L, 6,4 L<\/td>\n<\/tr>\n<tr>\n<td width=\"83\">2020<\/td>\n<td width=\"83\">Dodge<\/td>\n<td width=\"132\">Challenger<\/td>\n<td width=\"470\">R\/T Scat Pack, R\/T Scat Pack Widebody, SRT Hellcat, SRT Hellcat Redeye, SRT Hellcat Redeye Widebody, SRT Hellcat Widebody<\/td>\n<td width=\"150\">6,2 L, 6,4 L<\/td>\n<\/tr>\n<tr>\n<td width=\"83\">2020<\/td>\n<td width=\"83\">Dodge<\/td>\n<td width=\"132\">Charger<\/td>\n<td width=\"470\">SRT Hellcat Widebody, Scat Pack<\/td>\n<td width=\"150\">6,2 L, 6,4 L<\/td>\n<\/tr>\n<tr>\n<td width=\"83\">2019<\/td>\n<td width=\"83\">Dodge<\/td>\n<td width=\"132\">Challenger<\/td>\n<td width=\"470\">R\/T Scat Pack, R\/T Scat Pack Widebody, SRT Hellcat, SRT Hellcat Redeye, SRT Hellcat Redeye Widebody, SRT Hellcat Widebody<\/td>\n<td width=\"150\">6,2 L, 6,4 L<\/td>\n<\/tr>\n<tr>\n<td width=\"83\">2019<\/td>\n<td width=\"83\">Dodge<\/td>\n<td width=\"132\">Charger<\/td>\n<td width=\"470\">SRT Hellcat<\/td>\n<td width=\"150\">6.2L<\/td>\n<\/tr>\n<tr>\n<td width=\"83\">2019<\/td>\n<td width=\"83\">Dodge<\/td>\n<td width=\"132\">Journey<\/td>\n<td width=\"470\">Crossroad, GT, SE<\/td>\n<td width=\"150\">3.6L V6 - Flex<\/td>\n<\/tr>\n<tr>\n<td width=\"83\">2018<\/td>\n<td width=\"83\">Dodge<\/td>\n<td width=\"132\">Challenger<\/td>\n<td width=\"470\">R\/T Scat Pack, SRT 392, SRT Demon, SRT Hellcat, SRT Hellcat Widebody, T\/A 392<\/td>\n<td width=\"150\">6,2 L, 6,4 L<\/td>\n<\/tr>\n<tr>\n<td width=\"83\">2018<\/td>\n<td width=\"83\">Dodge<\/td>\n<td width=\"132\">Charger<\/td>\n<td width=\"470\">Daytona 392, R\/T Scat Pack, SRT 392, SRT Hellcat<\/td>\n<td width=\"150\">6,2 L, 6,4 L<\/td>\n<\/tr>\n<tr>\n<td width=\"83\">2018<\/td>\n<td width=\"83\">Dodge<\/td>\n<td width=\"132\">Journey<\/td>\n<td width=\"470\">Crossroad, GT, SE, SXT<\/td>\n<td width=\"150\">3.6L V6 - Flex<\/td>\n<\/tr>\n<tr>\n<td width=\"83\">2017<\/td>\n<td width=\"83\">Dodge<\/td>\n<td width=\"132\">Challenger<\/td>\n<td width=\"470\">R\/T Scat Pack, SRT 392, SRT Hellcat, T\/A 392<\/td>\n<td width=\"150\">6,2 L, 6,4 L<\/td>\n<\/tr>\n<tr>\n<td width=\"83\">2017<\/td>\n<td width=\"83\">Dodge<\/td>\n<td width=\"132\">Charger<\/td>\n<td width=\"470\">Daytona 392, R\/T Scat Pack, SRT 392, SRT Hellcat<\/td>\n<td width=\"150\">6,2 L, 6,4 L<\/td>\n<\/tr>\n<tr>\n<td width=\"83\">2017<\/td>\n<td width=\"83\">Dodge<\/td>\n<td width=\"132\">Journey<\/td>\n<td width=\"470\">Crossroad, GT, SE, SXT<\/td>\n<td width=\"150\">3.6L V6 - Flex<\/td>\n<\/tr>\n<tr>\n<td width=\"83\">2016<\/td>\n<td width=\"83\">Dodge<\/td>\n<td width=\"132\">Challenger<\/td>\n<td width=\"470\">392 Hemi Scat Pack Shaker, R\/T Scat Pack, SRT 392, SRT Hellcat<\/td>\n<td width=\"150\">6,2 L, 6,4 L<\/td>\n<\/tr>\n<tr>\n<td width=\"83\">2016<\/td>\n<td width=\"83\">Dodge<\/td>\n<td width=\"132\">Charger<\/td>\n<td width=\"470\">R\/T Scat Pack, SRT 392, SRT Hellcat<\/td>\n<td width=\"150\">6,2 L, 6,4 L<\/td>\n<\/tr>\n<tr>\n<td width=\"83\">2016<\/td>\n<td width=\"83\">Dodge<\/td>\n<td width=\"132\">Journey<\/td>\n<td width=\"470\">Crossroad, R\/T, SE, SXT<\/td>\n<td width=\"150\">3.6L V6 - Flex<\/td>\n<\/tr>\n<tr>\n<td width=\"83\">2015<\/td>\n<td width=\"83\">Dodge<\/td>\n<td width=\"132\">Challenger<\/td>\n<td width=\"470\">SRT 392, SRT Hellcat<\/td>\n<td width=\"150\">6,2 L, 6,4 L<\/td>\n<\/tr>\n<tr>\n<td width=\"83\">2015<\/td>\n<td width=\"83\">Dodge<\/td>\n<td width=\"132\">Charger<\/td>\n<td width=\"470\">R\/T Scat Pack, SRT 392, SRT Hellcat<\/td>\n<td width=\"150\">6,2 L, 6,4 L<\/td>\n<\/tr>\n<tr>\n<td width=\"83\">2015<\/td>\n<td width=\"83\">Dodge<\/td>\n<td width=\"132\">Journey<\/td>\n<td width=\"470\">Crossroad, Limited, R\/T, SE, SXT<\/td>\n<td width=\"150\">3.6L V6 - Flex<\/td>\n<\/tr>\n<tr>\n<td width=\"83\">2014<\/td>\n<td width=\"83\">Chrysler<\/td>\n<td width=\"132\">300<\/td>\n<td width=\"470\">SRT8<\/td>\n<td width=\"150\">6.4L<\/td>\n<\/tr>\n<tr>\n<td width=\"83\">2014<\/td>\n<td width=\"83\">Dodge<\/td>\n<td width=\"132\">Charger<\/td>\n<td width=\"470\">SRT8<\/td>\n<td width=\"150\">6.4L<\/td>\n<\/tr>\n<tr>\n<td width=\"83\">2014<\/td>\n<td width=\"83\">Dodge<\/td>\n<td width=\"132\">Journey<\/td>\n<td width=\"470\">Crossroad, Limited, R\/T, SXT<\/td>\n<td width=\"150\">3.6L V6 - Flex<\/td>\n<\/tr>\n<tr>\n<td width=\"83\">2013<\/td>\n<td width=\"83\">Chrysler<\/td>\n<td width=\"132\">300<\/td>\n<td width=\"470\">SRT8, SRT8 Core<\/td>\n<td width=\"150\">6.4L<\/td>\n<\/tr>\n<tr>\n<td width=\"83\">2013<\/td>\n<td width=\"83\">Dodge<\/td>\n<td width=\"132\">Challenger<\/td>\n<td width=\"470\">SRT8<\/td>\n<td width=\"150\">6.4L<\/td>\n<\/tr>\n<tr>\n<td width=\"83\">2013<\/td>\n<td width=\"83\">Dodge<\/td>\n<td width=\"132\">Charger<\/td>\n<td width=\"470\">SRT8<\/td>\n<td width=\"150\">6.4L<\/td>\n<\/tr>\n<tr>\n<td width=\"83\">2013<\/td>\n<td width=\"83\">Dodge<\/td>\n<td width=\"132\">Journey<\/td>\n<td width=\"470\">Pos\u00e1dka, R\/T, SXT<\/td>\n<td width=\"150\">3.6L V6 - Flex<\/td>\n<\/tr>\n<tr>\n<td width=\"83\">2012<\/td>\n<td width=\"83\">Chrysler<\/td>\n<td width=\"132\">300<\/td>\n<td width=\"470\">SRT8<\/td>\n<td width=\"150\">6.4L<\/td>\n<\/tr>\n<tr>\n<td width=\"83\">2012<\/td>\n<td width=\"83\">Dodge<\/td>\n<td width=\"132\">Challenger<\/td>\n<td width=\"470\">SRT8<\/td>\n<td width=\"150\">6.4L<\/td>\n<\/tr>\n<tr>\n<td width=\"83\">2012<\/td>\n<td width=\"83\">Dodge<\/td>\n<td width=\"132\">Charger<\/td>\n<td width=\"470\">SRT8<\/td>\n<td width=\"150\">6.4L<\/td>\n<\/tr>\n<tr>\n<td width=\"83\">2012<\/td>\n<td width=\"83\">Dodge<\/td>\n<td width=\"132\">Journey<\/td>\n<td width=\"470\">Pos\u00e1dka, R\/T, SXT<\/td>\n<td width=\"150\">3.6L V6 - Flex<\/td>\n<\/tr>\n<tr>\n<td width=\"83\">2011<\/td>\n<td width=\"83\">Dodge<\/td>\n<td width=\"132\">Journey<\/td>\n<td width=\"470\">Crew, Lux, Mainstreet, R\/T<\/td>\n<td width=\"150\">3.6L V6 - Flex<\/td>\n<\/tr>\n<tr>\n<td width=\"83\">2010<\/td>\n<td width=\"83\">Chrysler<\/td>\n<td width=\"132\">300<\/td>\n<td width=\"470\">C SRT8<\/td>\n<td width=\"150\">6.1L<\/td>\n<\/tr>\n<tr>\n<td width=\"83\">2010<\/td>\n<td width=\"83\">Chrysler<\/td>\n<td width=\"132\">PT Cruiser<\/td>\n<td width=\"470\">Classic<\/td>\n<td width=\"150\">2.4L<\/td>\n<\/tr>\n<tr>\n<td width=\"83\">2010<\/td>\n<td width=\"83\">Dodge<\/td>\n<td width=\"132\">Challenger<\/td>\n<td width=\"470\">SRT8<\/td>\n<td width=\"150\">6.1L<\/td>\n<\/tr>\n<tr>\n<td width=\"83\">2010<\/td>\n<td width=\"83\">Dodge<\/td>\n<td width=\"132\">Charger<\/td>\n<td width=\"470\">SRT8<\/td>\n<td width=\"150\">6.1L<\/td>\n<\/tr>\n<tr>\n<td width=\"83\">2010<\/td>\n<td width=\"83\">Dodge<\/td>\n<td width=\"132\">Journey<\/td>\n<td width=\"470\">Pos\u00e1dka, R\/T, SXT<\/td>\n<td width=\"150\">3.5L<\/td>\n<\/tr>\n<tr>\n<td width=\"83\">2010<\/td>\n<td width=\"83\">Jeep<\/td>\n<td width=\"132\">Grand Cherokee<\/td>\n<td width=\"470\">SRT8<\/td>\n<td width=\"150\">6.1L<\/td>\n<\/tr>\n<tr>\n<td width=\"83\">2009<\/td>\n<td width=\"83\">Chrysler<\/td>\n<td width=\"132\">300<\/td>\n<td width=\"470\">C SRT8<\/td>\n<td width=\"150\">6.1L<\/td>\n<\/tr>\n<tr>\n<td width=\"83\">2009<\/td>\n<td width=\"83\">Chrysler<\/td>\n<td width=\"132\">PT Cruiser<\/td>\n<td width=\"470\">LX, Limited, Touring<\/td>\n<td width=\"150\">2.4L<\/td>\n<\/tr>\n<tr>\n<td width=\"83\">2009<\/td>\n<td width=\"83\">Dodge<\/td>\n<td width=\"132\">Challenger<\/td>\n<td width=\"470\">SRT8<\/td>\n<td width=\"150\">6.1L<\/td>\n<\/tr>\n<tr>\n<td width=\"83\">2009<\/td>\n<td width=\"83\">Dodge<\/td>\n<td width=\"132\">Charger<\/td>\n<td width=\"470\">SRT8<\/td>\n<td width=\"150\">6.1L<\/td>\n<\/tr>\n<tr>\n<td width=\"83\">2009<\/td>\n<td width=\"83\">Dodge<\/td>\n<td width=\"132\">Journey<\/td>\n<td width=\"470\">R\/T, SXT<\/td>\n<td width=\"150\">3.5L<\/td>\n<\/tr>\n<tr>\n<td width=\"83\">2009<\/td>\n<td width=\"83\">Jeep<\/td>\n<td width=\"132\">Grand Cherokee<\/td>\n<td width=\"470\">SRT8<\/td>\n<td width=\"150\">6.1L<\/td>\n<\/tr>\n<tr>\n<td width=\"83\">2008<\/td>\n<td width=\"83\">Chrysler<\/td>\n<td width=\"132\">300<\/td>\n<td width=\"470\">C SRT8<\/td>\n<td width=\"150\">6.1L<\/td>\n<\/tr>\n<tr>\n<td width=\"83\">2008<\/td>\n<td width=\"83\">Chrysler<\/td>\n<td width=\"132\">PT Cruiser<\/td>\n<td width=\"470\">Z\u00e1kladn\u00ed verze, LX, Limited, Touring<\/td>\n<td width=\"150\">2.4L<\/td>\n<\/tr>\n<tr>\n<td width=\"83\">2008<\/td>\n<td width=\"83\">Chrysler<\/td>\n<td width=\"132\">Pacifica<\/td>\n<td width=\"470\">LX, Limited, Touring<\/td>\n<td width=\"150\">3,8 L , 4,0 L<\/td>\n<\/tr>\n<tr>\n<td width=\"83\">2008<\/td>\n<td width=\"83\">Chrysler<\/td>\n<td width=\"132\">Sebring<\/td>\n<td width=\"470\">Limited<\/td>\n<td width=\"150\">3.5L<\/td>\n<\/tr>\n<tr>\n<td width=\"83\">2008<\/td>\n<td width=\"83\">Dodge<\/td>\n<td width=\"132\">Avenger<\/td>\n<td width=\"470\">R\/T<\/td>\n<td width=\"150\">3.5L<\/td>\n<\/tr>\n<tr>\n<td width=\"83\">2008<\/td>\n<td width=\"83\">Dodge<\/td>\n<td width=\"132\">Challenger<\/td>\n<td width=\"470\">SRT8<\/td>\n<td width=\"150\">6.1L<\/td>\n<\/tr>\n<tr>\n<td width=\"83\">2008<\/td>\n<td width=\"83\">Dodge<\/td>\n<td width=\"132\">Charger<\/td>\n<td width=\"470\">SRT8<\/td>\n<td width=\"150\">6.1L<\/td>\n<\/tr>\n<tr>\n<td width=\"83\">2008<\/td>\n<td width=\"83\">Dodge<\/td>\n<td width=\"132\">Magnum<\/td>\n<td width=\"470\">SRT8<\/td>\n<td width=\"150\">6.1L<\/td>\n<\/tr>\n<tr>\n<td width=\"83\">2008<\/td>\n<td width=\"83\">Jeep<\/td>\n<td width=\"132\">Grand Cherokee<\/td>\n<td width=\"470\">SRT8<\/td>\n<td width=\"150\">6.1L<\/td>\n<\/tr>\n<tr>\n<td width=\"83\">2007<\/td>\n<td width=\"83\">Chrysler<\/td>\n<td width=\"132\">300<\/td>\n<td width=\"470\">C SRT8<\/td>\n<td width=\"150\">6.1L<\/td>\n<\/tr>\n<tr>\n<td width=\"83\">2007<\/td>\n<td width=\"83\">Chrysler<\/td>\n<td width=\"132\">PT Cruiser<\/td>\n<td width=\"470\">Base, GT, Limited, Touring<\/td>\n<td width=\"150\">2.4L<\/td>\n<\/tr>\n<tr>\n<td width=\"83\">2007<\/td>\n<td width=\"83\">Chrysler<\/td>\n<td width=\"132\">Pacifica<\/td>\n<td width=\"470\">Z\u00e1kladn\u00ed verze, Limited, Touring<\/td>\n<td width=\"150\">3,8 L , 4,0 L<\/td>\n<\/tr>\n<tr>\n<td width=\"83\">2007<\/td>\n<td width=\"83\">Dodge<\/td>\n<td width=\"132\">Karavan<\/td>\n<td width=\"470\">SE<\/td>\n<td width=\"150\">2.4L<\/td>\n<\/tr>\n<tr>\n<td width=\"83\">2007<\/td>\n<td width=\"83\">Dodge<\/td>\n<td width=\"132\">Charger<\/td>\n<td width=\"470\">SRT8<\/td>\n<td width=\"150\">6.1L<\/td>\n<\/tr>\n<tr>\n<td width=\"83\">2007<\/td>\n<td width=\"83\">Dodge<\/td>\n<td width=\"132\">Magnum<\/td>\n<td width=\"470\">SRT8<\/td>\n<td width=\"150\">6.1L<\/td>\n<\/tr>\n<tr>\n<td width=\"83\">2007<\/td>\n<td width=\"83\">Jeep<\/td>\n<td width=\"132\">Grand Cherokee<\/td>\n<td width=\"470\">SRT8<\/td>\n<td width=\"150\">6.1L<\/td>\n<\/tr>\n<tr>\n<td width=\"83\">2006<\/td>\n<td width=\"83\">Chrysler<\/td>\n<td width=\"132\">PT Cruiser<\/td>\n<td width=\"470\">Base, GT, Limited, Touring<\/td>\n<td width=\"150\">2.4L<\/td>\n<\/tr>\n<tr>\n<td width=\"83\">2006<\/td>\n<td width=\"83\">Chrysler<\/td>\n<td width=\"132\">Pacifica<\/td>\n<td width=\"470\">Z\u00e1kladn\u00ed verze, Limited, Touring<\/td>\n<td width=\"150\">3,5 L , 3,8 L<\/td>\n<\/tr>\n<tr>\n<td width=\"83\">2006<\/td>\n<td width=\"83\">Chrysler<\/td>\n<td width=\"132\">Sebring<\/td>\n<td width=\"470\">Base<\/td>\n<td width=\"150\">2.4L<\/td>\n<\/tr>\n<tr>\n<td width=\"83\">2006<\/td>\n<td width=\"83\">Dodge<\/td>\n<td width=\"132\">Karavan<\/td>\n<td width=\"470\">SE<\/td>\n<td width=\"150\">2.4L<\/td>\n<\/tr>\n<tr>\n<td width=\"83\">2006<\/td>\n<td width=\"83\">Dodge<\/td>\n<td width=\"132\">Charger<\/td>\n<td width=\"470\">SRT8<\/td>\n<td width=\"150\">6.1L<\/td>\n<\/tr>\n<tr>\n<td width=\"83\">2006<\/td>\n<td width=\"83\">Dodge<\/td>\n<td width=\"132\">Magnum<\/td>\n<td width=\"470\">SRT8<\/td>\n<td width=\"150\">6.1L<\/td>\n<\/tr>\n<tr>\n<td width=\"83\">2006<\/td>\n<td width=\"83\">Dodge<\/td>\n<td width=\"132\">Stratus<\/td>\n<td width=\"470\">SXT<\/td>\n<td width=\"150\">2.4L<\/td>\n<\/tr>\n<tr>\n<td width=\"83\">2006<\/td>\n<td width=\"83\">Jeep<\/td>\n<td width=\"132\">Grand Cherokee<\/td>\n<td width=\"470\">SRT8<\/td>\n<td width=\"150\">6.1L<\/td>\n<\/tr>\n<tr>\n<td width=\"83\">2006<\/td>\n<td width=\"83\">Jeep<\/td>\n<td width=\"132\">Wrangler<\/td>\n<td width=\"470\">SE<\/td>\n<td width=\"150\">2.4L<\/td>\n<\/tr>\n<tr>\n<td width=\"83\">2005<\/td>\n<td width=\"83\">Chrysler<\/td>\n<td width=\"132\">PT Cruiser<\/td>\n<td width=\"470\">Base, GT, Limited, Touring<\/td>\n<td width=\"150\">2.4L<\/td>\n<\/tr>\n<tr>\n<td width=\"83\">2005<\/td>\n<td width=\"83\">Chrysler<\/td>\n<td width=\"132\">Pacifica<\/td>\n<td width=\"470\">Z\u00e1kladn\u00ed verze, Limited, Touring<\/td>\n<td width=\"150\">3,5 L , 3,8 L<\/td>\n<\/tr>\n<tr>\n<td width=\"83\">2005<\/td>\n<td width=\"83\">Chrysler<\/td>\n<td width=\"132\">Sebring<\/td>\n<td width=\"470\">Base<\/td>\n<td width=\"150\">2.4L<\/td>\n<\/tr>\n<tr>\n<td width=\"83\">2005<\/td>\n<td width=\"83\">Dodge<\/td>\n<td width=\"132\">Karavan<\/td>\n<td width=\"470\">SE<\/td>\n<td width=\"150\">2.4L<\/td>\n<\/tr>\n<tr>\n<td width=\"83\">2005<\/td>\n<td width=\"83\">Dodge<\/td>\n<td width=\"132\">Neon<\/td>\n<td width=\"470\">SE, SRT-4, SXT<\/td>\n<td width=\"150\">2,0 L, 2,4 L<\/td>\n<\/tr>\n<tr>\n<td width=\"83\">2005<\/td>\n<td width=\"83\">Dodge<\/td>\n<td width=\"132\">Stratus<\/td>\n<td width=\"470\">SXT<\/td>\n<td width=\"150\">2.4L<\/td>\n<\/tr>\n<tr>\n<td width=\"83\">2005<\/td>\n<td width=\"83\">Jeep<\/td>\n<td width=\"132\">Liberty<\/td>\n<td width=\"470\">Sport<\/td>\n<td width=\"150\">2.4L<\/td>\n<\/tr>\n<tr>\n<td width=\"83\">2005<\/td>\n<td width=\"83\">Jeep<\/td>\n<td width=\"132\">Wrangler<\/td>\n<td width=\"470\">SE<\/td>\n<td width=\"150\">2.4L<\/td>\n<\/tr>\n<tr>\n<td width=\"83\">2004<\/td>\n<td width=\"83\">Chrysler<\/td>\n<td width=\"132\">PT Cruiser<\/td>\n<td width=\"470\">Base, GT, Limited, Touring<\/td>\n<td width=\"150\">2.4L<\/td>\n<\/tr>\n<tr>\n<td width=\"83\">2004<\/td>\n<td width=\"83\">Chrysler<\/td>\n<td width=\"132\">Pacifica<\/td>\n<td width=\"470\">Base<\/td>\n<td width=\"150\">3.5L<\/td>\n<\/tr>\n<tr>\n<td width=\"83\">2004<\/td>\n<td width=\"83\">Chrysler<\/td>\n<td width=\"132\">Sebring<\/td>\n<td width=\"470\">Base<\/td>\n<td width=\"150\">2.4L<\/td>\n<\/tr>\n<tr>\n<td width=\"83\">2004<\/td>\n<td width=\"83\">Dodge<\/td>\n<td width=\"132\">Karavan<\/td>\n<td width=\"470\">SE<\/td>\n<td width=\"150\">2.4L<\/td>\n<\/tr>\n<tr>\n<td width=\"83\">2004<\/td>\n<td width=\"83\">Dodge<\/td>\n<td width=\"132\">Neon<\/td>\n<td width=\"470\">R\/T, SE, SRT-4, SXT<\/td>\n<td width=\"150\">2,0 L, 2,4 L<\/td>\n<\/tr>\n<tr>\n<td width=\"83\">2004<\/td>\n<td width=\"83\">Dodge<\/td>\n<td width=\"132\">Stratus<\/td>\n<td width=\"470\">SE, SXT<\/td>\n<td width=\"150\">2.4L<\/td>\n<\/tr>\n<tr>\n<td width=\"83\">2004<\/td>\n<td width=\"83\">Jeep<\/td>\n<td width=\"132\">Liberty<\/td>\n<td width=\"470\">Sport<\/td>\n<td width=\"150\">2.4L<\/td>\n<\/tr>\n<tr>\n<td width=\"83\">2004<\/td>\n<td width=\"83\">Jeep<\/td>\n<td width=\"132\">Wrangler<\/td>\n<td width=\"470\">SE<\/td>\n<td width=\"150\">2.4L<\/td>\n<\/tr>\n<tr>\n<td width=\"83\">2003<\/td>\n<td width=\"83\">Chrysler<\/td>\n<td width=\"132\">PT Cruiser<\/td>\n<td width=\"470\">Base, GT, Limited, Touring<\/td>\n<td width=\"150\">2.4L<\/td>\n<\/tr>\n<tr>\n<td width=\"83\">2003<\/td>\n<td width=\"83\">Chrysler<\/td>\n<td width=\"132\">Sebring<\/td>\n<td width=\"470\">LX<\/td>\n<td width=\"150\">2.4L<\/td>\n<\/tr>\n<tr>\n<td width=\"83\">2003<\/td>\n<td width=\"83\">Chrysler<\/td>\n<td width=\"132\">Voyager<\/td>\n<td width=\"470\">LX<\/td>\n<td width=\"150\">2.4L<\/td>\n<\/tr>\n<tr>\n<td width=\"83\">2003<\/td>\n<td width=\"83\">Dodge<\/td>\n<td width=\"132\">Karavan<\/td>\n<td width=\"470\">SE<\/td>\n<td width=\"150\">2.4L<\/td>\n<\/tr>\n<tr>\n<td width=\"83\">2003<\/td>\n<td width=\"83\">Dodge<\/td>\n<td width=\"132\">Neon<\/td>\n<td width=\"470\">R\/T, SE, SRT-4, SXT<\/td>\n<td width=\"150\">2,0 L, 2,4 L<\/td>\n<\/tr>\n<tr>\n<td width=\"83\">2003<\/td>\n<td width=\"83\">Dodge<\/td>\n<td width=\"132\">Stratus<\/td>\n<td width=\"470\">ES, SE, SXT<\/td>\n<td width=\"150\">2.4L<\/td>\n<\/tr>\n<tr>\n<td width=\"83\">2003<\/td>\n<td width=\"83\">Jeep<\/td>\n<td width=\"132\">Liberty<\/td>\n<td width=\"470\">Sport<\/td>\n<td width=\"150\">2.4L<\/td>\n<\/tr>\n<tr>\n<td width=\"83\">2003<\/td>\n<td width=\"83\">Jeep<\/td>\n<td width=\"132\">Wrangler<\/td>\n<td width=\"470\">SE<\/td>\n<td width=\"150\">2.4L<\/td>\n<\/tr>\n<tr>\n<td width=\"83\">2002<\/td>\n<td width=\"83\">Chrysler<\/td>\n<td width=\"132\">PT Cruiser<\/td>\n<td width=\"470\">Z\u00e1kladn\u00ed verze, Limited, Touring<\/td>\n<td width=\"150\">2.4L<\/td>\n<\/tr>\n<tr>\n<td width=\"83\">2002<\/td>\n<td width=\"83\">Chrysler<\/td>\n<td width=\"132\">Sebring<\/td>\n<td width=\"470\">LX<\/td>\n<td width=\"150\">2.4L<\/td>\n<\/tr>\n<tr>\n<td width=\"83\">2002<\/td>\n<td width=\"83\">Chrysler<\/td>\n<td width=\"132\">Voyager<\/td>\n<td width=\"470\">Z\u00e1kladn\u00ed verze, LX<\/td>\n<td width=\"150\">2.4L<\/td>\n<\/tr>\n<tr>\n<td width=\"83\">2002<\/td>\n<td width=\"83\">Dodge<\/td>\n<td width=\"132\">Karavan<\/td>\n<td width=\"470\">Ec, SE<\/td>\n<td width=\"150\">2.4L<\/td>\n<\/tr>\n<tr>\n<td width=\"83\">2002<\/td>\n<td width=\"83\">Dodge<\/td>\n<td width=\"132\">Neon<\/td>\n<td width=\"470\">ACR, Base, ES, R\/T, S, SE<\/td>\n<td width=\"150\">2.0L<\/td>\n<\/tr>\n<tr>\n<td width=\"83\">2002<\/td>\n<td width=\"83\">Dodge<\/td>\n<td width=\"132\">Stratus<\/td>\n<td width=\"470\">ES, SE, SE Plus<\/td>\n<td width=\"150\">2.4L<\/td>\n<\/tr>\n<tr>\n<td width=\"83\">2002<\/td>\n<td width=\"83\">Jeep<\/td>\n<td width=\"132\">Liberty<\/td>\n<td width=\"470\">Sport<\/td>\n<td width=\"150\">2.4L<\/td>\n<\/tr>\n<tr>\n<td width=\"83\">2001<\/td>\n<td width=\"83\">Chrysler<\/td>\n<td width=\"132\">PT Cruiser<\/td>\n<td width=\"470\">Base<\/td>\n<td width=\"150\">2.4L<\/td>\n<\/tr>\n<tr>\n<td width=\"83\">2001<\/td>\n<td width=\"83\">Chrysler<\/td>\n<td width=\"132\">Sebring<\/td>\n<td width=\"470\">LX<\/td>\n<td width=\"150\">2.4L<\/td>\n<\/tr>\n<tr>\n<td width=\"83\">2001<\/td>\n<td width=\"83\">Chrysler<\/td>\n<td width=\"132\">Voyager<\/td>\n<td width=\"470\">Base<\/td>\n<td width=\"150\">2.4L<\/td>\n<\/tr>\n<tr>\n<td width=\"83\">2001<\/td>\n<td width=\"83\">Dodge<\/td>\n<td width=\"132\">Karavan<\/td>\n<td width=\"470\">SE<\/td>\n<td width=\"150\">2.4L<\/td>\n<\/tr>\n<tr>\n<td width=\"83\">2001<\/td>\n<td width=\"83\">Dodge<\/td>\n<td width=\"132\">Neon<\/td>\n<td width=\"470\">Base<\/td>\n<td width=\"150\">2.0L<\/td>\n<\/tr>\n<\/tbody>\n<\/table>\n<p>&nbsp;<\/p>\n<p><strong>Rozsah dod\u00e1vky:<\/strong><\/p>\n<p>- 1 \u0161roub<\/p>","protected":false},"excerpt":{"rendered":"<p>Origin\u00e1ln\u00ed d\u00edl Mopar<\/p>","protected":false},"featured_media":68295803,"comment_status":"open","ping_status":"closed","template":"","meta":{"_acf_changed":false},"product_brand":[16270],"product_cat":[6640,2570,19672,1427,6643,6595,6519,6644,6598,6560,2651,6649],"product_tag":[52,92,101,93,4835,605,4837,54,53,48,49,3853,56,100,50,550,4836,7706,55,31,8813,9424,16271,16273,16275,16272,16274,7221,654],"class_list":{"0":"post-68295795","1":"product","2":"type-product","3":"status-publish","4":"has-post-thumbnail","6":"product_brand-mopar","7":"product_cat-300c-61-abgasanlage-dichtungen-hardware","8":"product_cat-300c-64-abgasanlage","9":"product_cat-pacifica-abgasanlage","10":"product_cat-pt-cruiser-motor","11":"product_cat-challenger-61-abgasanlage-dichtungen-hardware","12":"product_cat-challenger-hellcat-abgasanlage-dichtungen-hardware","13":"product_cat-challenger-64-abgasanlage-dichtungen-hardware","14":"product_cat-charger-61-abgasanlage-dichtungen-hardware","15":"product_cat-charger-hellcat-abgasanlage-dichtungen-hardware","16":"product_cat-charger-64-abgasanlage-dichtungen-hardware","17":"product_cat-dodge-journey-motor","18":"product_cat-magnum-61-abgasanlage-dichtungen-hardware","19":"product_tag-300c","20":"product_tag-6-1","21":"product_tag-6-2","22":"product_tag-6-4","23":"product_tag-4835","24":"product_tag-abgaskruemmer","25":"product_tag-abgaskruemmerschraube","26":"product_tag-challenger","27":"product_tag-charger","28":"product_tag-chrysler","29":"product_tag-dodge","30":"product_tag-dodge-challenger","31":"product_tag-grand-cherokee","32":"product_tag-hellcat","33":"product_tag-jeep","34":"product_tag-kruemmer","35":"product_tag-kruemmerschraube","36":"product_tag-m8x1-25x30","37":"product_tag-magnum","38":"product_tag-mopar","39":"product_tag-mopar-autoteile","40":"product_tag-mopar-ersatzteile","41":"product_tag-mopar-ersatzteile-kaufen","42":"product_tag-mopar-performance-teile","43":"product_tag-mopar-teile-katalog","44":"product_tag-mopar-teile-online","45":"product_tag-mopar-tuningteile","46":"product_tag-mopar10","47":"product_tag-schraube","49":"first","50":"instock","51":"taxable","52":"shipping-taxable","53":"purchasable","54":"product-type-simple"},"bundled_by":[],"bundle_stock_status":"instock","bundle_stock_quantity":72,"bundle_virtual":false,"bundle_layout":"","bundle_add_to_cart_form_location":"","bundle_editable_in_cart":false,"bundle_sold_individually_context":"","bundle_item_grouping":"","bundle_min_size":"","bundle_max_size":"","bundle_price":[],"bundled_items":[],"bundle_sell_ids":[],"exclude_global_add_ons":[],"addons":[],"acf":[],"_links":{"self":[{"href":"https:\/\/kraftwerk-shop.cc\/cs\/wp-json\/wp\/v2\/product\/68295795","targetHints":{"allow":["GET"]}}],"collection":[{"href":"https:\/\/kraftwerk-shop.cc\/cs\/wp-json\/wp\/v2\/product"}],"about":[{"href":"https:\/\/kraftwerk-shop.cc\/cs\/wp-json\/wp\/v2\/types\/product"}],"replies":[{"embeddable":true,"href":"https:\/\/kraftwerk-shop.cc\/cs\/wp-json\/wp\/v2\/comments?post=68295795"}],"version-history":[{"count":0,"href":"https:\/\/kraftwerk-shop.cc\/cs\/wp-json\/wp\/v2\/product\/68295795\/revisions"}],"wp:featuredmedia":[{"embeddable":true,"href":"https:\/\/kraftwerk-shop.cc\/cs\/wp-json\/wp\/v2\/media\/68295803"}],"wp:attachment":[{"href":"https:\/\/kraftwerk-shop.cc\/cs\/wp-json\/wp\/v2\/media?parent=68295795"}],"wp:term":[{"taxonomy":"product_brand","embeddable":true,"href":"https:\/\/kraftwerk-shop.cc\/cs\/wp-json\/wp\/v2\/product_brand?post=68295795"},{"taxonomy":"product_cat","embeddable":true,"href":"https:\/\/kraftwerk-shop.cc\/cs\/wp-json\/wp\/v2\/product_cat?post=68295795"},{"taxonomy":"product_tag","embeddable":true,"href":"https:\/\/kraftwerk-shop.cc\/cs\/wp-json\/wp\/v2\/product_tag?post=68295795"}],"curies":[{"name":"wp","href":"https:\/\/api.w.org\/{rel}","templated":true}]}}