{"id":68295877,"date":"2023-12-20T00:15:32","date_gmt":"2023-12-19T23:15:32","guid":{"rendered":"https:\/\/kraftwerk-shop.cc\/?post_type=product&#038;p=68295877"},"modified":"2026-04-10T16:43:39","modified_gmt":"2026-04-10T14:43:39","slug":"drzaky-motoru-300c-challenger-charger-64","status":"publish","type":"product","link":"https:\/\/kraftwerk-shop.cc\/cs\/produkt\/motorlager-300c-challenger-charger-64\/","title":{"rendered":"Uchycen\u00ed motoru 300C, Challenger, Charger 6.4"},"content":{"rendered":"<h1>Uchycen\u00ed motoru \/ dr\u017e\u00e1k motoru pro Chrysler 300C, Dodge Challenger a Charger 6.4<\/h1>\n<p>&nbsp;<\/p>\n<p>Dr\u017e\u00e1ky motoru, zn\u00e1m\u00e9 tak\u00e9 jako dr\u017e\u00e1ky motoru, jsou navr\u017eeny tak, aby dr\u017eely motor va\u0161eho vozu Chrysler 300C, Dodge Challenger nebo Charger na sv\u00e9m m\u00edst\u011b.<\/p>\n<p>Dr\u017e\u00e1ky motoru se skl\u00e1daj\u00ed z kovov\u00fdch nebo pry\u017eokovov\u00fdch sou\u010d\u00e1st\u00ed, kter\u00e9 jsou schopny udr\u017eet motor stabiln\u00ed a bezpe\u010dn\u00fd a z\u00e1rove\u0148 absorbovat vibrace a n\u00e1razy.<br \/>\nPokud jsou dr\u017e\u00e1ky motoru po\u0161kozen\u00e9 nebo opot\u0159ebovan\u00e9, m\u016f\u017ee to v\u00e9st k vibrac\u00edm a nep\u0159\u00edjemn\u00e9mu trh\u00e1n\u00ed motoru. To m\u016f\u017ee b\u00fdt nejen nep\u0159\u00edjemn\u00e9 pro \u0159idi\u010de, ale m\u016f\u017ee to tak\u00e9 zhor\u0161it v\u00fdkon a bezpe\u010dnost vozidla.<\/p>\n<p>&nbsp;<\/p>\n<p><strong>Srovn\u00e1vac\u00ed \u010d\u00edsla Mopar:<\/strong> <span class=\"list-value\">68062142AC, 68062142AD, 68062142AF, 68062142AG, 68062142AH, 68062143AC, 68062143AD, 68062143AF, 68062143AG, 68062143AH<\/span><\/p>\n<p><strong><br \/>\nVhodn\u00e9 pro:<\/strong><\/p>\n<table width=\"782\">\n<tbody>\n<tr>\n<td width=\"83\"><strong>Rok v\u00fdstavby<\/strong><\/td>\n<td width=\"83\"><strong>Zna\u010dka<\/strong><\/td>\n<td width=\"192\"><strong>Model<\/strong><\/td>\n<td width=\"338\"><strong>Verze<\/strong><\/td>\n<td width=\"86\"><strong>Motor<\/strong><\/td>\n<\/tr>\n<tr>\n<td width=\"83\">2023<\/td>\n<td width=\"83\">Chrysler<\/td>\n<td width=\"192\">300<\/td>\n<td width=\"338\">C<\/td>\n<td width=\"86\">6.4L<\/td>\n<\/tr>\n<tr>\n<td width=\"83\">2023<\/td>\n<td width=\"83\">Dodge<\/td>\n<td width=\"192\">Challenger<\/td>\n<td width=\"338\">R\/T Scat Pack, R\/T Scat Pack Widebody<\/td>\n<td width=\"86\">6.4L<\/td>\n<\/tr>\n<tr>\n<td width=\"83\">2023<\/td>\n<td width=\"83\">Dodge<\/td>\n<td width=\"192\">Charger<\/td>\n<td width=\"338\">Scat Pack<\/td>\n<td width=\"86\">6.4L<\/td>\n<\/tr>\n<tr>\n<td width=\"83\">2022<\/td>\n<td width=\"83\">Dodge<\/td>\n<td width=\"192\">Challenger<\/td>\n<td width=\"338\">R\/T Scat Pack, R\/T Scat Pack Widebody<\/td>\n<td width=\"86\">6.4L<\/td>\n<\/tr>\n<tr>\n<td width=\"83\">2022<\/td>\n<td width=\"83\">Dodge<\/td>\n<td width=\"192\">Charger<\/td>\n<td width=\"338\">Scat Pack, Scat Pack Widebody<\/td>\n<td width=\"86\">6.4L<\/td>\n<\/tr>\n<tr>\n<td width=\"83\">2021<\/td>\n<td width=\"83\">Dodge<\/td>\n<td width=\"192\">Challenger<\/td>\n<td width=\"338\">R\/T Scat Pack, R\/T Scat Pack Widebody<\/td>\n<td width=\"86\">6.4L<\/td>\n<\/tr>\n<tr>\n<td width=\"83\">2021<\/td>\n<td width=\"83\">Dodge<\/td>\n<td width=\"192\">Charger<\/td>\n<td width=\"338\">Scat Pack<\/td>\n<td width=\"86\">6.4L<\/td>\n<\/tr>\n<tr>\n<td width=\"83\">2020<\/td>\n<td width=\"83\">Dodge<\/td>\n<td width=\"192\">Challenger<\/td>\n<td width=\"338\">R\/T Scat Pack, R\/T Scat Pack Widebody<\/td>\n<td width=\"86\">6.4L<\/td>\n<\/tr>\n<tr>\n<td width=\"83\">2020<\/td>\n<td width=\"83\">Dodge<\/td>\n<td width=\"192\">Charger<\/td>\n<td width=\"338\">Scat Pack<\/td>\n<td width=\"86\">6.4L<\/td>\n<\/tr>\n<tr>\n<td width=\"83\">2019<\/td>\n<td width=\"83\">Dodge<\/td>\n<td width=\"192\">Challenger<\/td>\n<td width=\"338\">R\/T Scat Pack, R\/T Scat Pack Widebody<\/td>\n<td width=\"86\">6.4L<\/td>\n<\/tr>\n<tr>\n<td width=\"83\">2018<\/td>\n<td width=\"83\">Dodge<\/td>\n<td width=\"192\">Challenger<\/td>\n<td width=\"338\">R\/T Scat Pack, SRT 392, T\/A 392<\/td>\n<td width=\"86\">6.4L<\/td>\n<\/tr>\n<tr>\n<td width=\"83\">2018<\/td>\n<td width=\"83\">Dodge<\/td>\n<td width=\"192\">Charger<\/td>\n<td width=\"338\">Daytona 392, R\/T Scat Pack, SRT 392<\/td>\n<td width=\"86\">6.4L<\/td>\n<\/tr>\n<tr>\n<td width=\"83\">2017<\/td>\n<td width=\"83\">Dodge<\/td>\n<td width=\"192\">Challenger<\/td>\n<td width=\"338\">R\/T Scat Pack, SRT 392, T\/A 392<\/td>\n<td width=\"86\">6.4L<\/td>\n<\/tr>\n<tr>\n<td width=\"83\">2017<\/td>\n<td width=\"83\">Dodge<\/td>\n<td width=\"192\">Charger<\/td>\n<td width=\"338\">Daytona 392, R\/T Scat Pack, SRT 392<\/td>\n<td width=\"86\">6.4L<\/td>\n<\/tr>\n<tr>\n<td width=\"83\">2016<\/td>\n<td width=\"83\">Dodge<\/td>\n<td width=\"192\">Challenger<\/td>\n<td width=\"338\">392 Hemi Scat Pack Shaker, R\/T Scat Pack, SRT 392<\/td>\n<td width=\"86\">6.4L<\/td>\n<\/tr>\n<tr>\n<td width=\"83\">2016<\/td>\n<td width=\"83\">Dodge<\/td>\n<td width=\"192\">Charger<\/td>\n<td width=\"338\">R\/T Scat Pack, SRT 392<\/td>\n<td width=\"86\">6.4L<\/td>\n<\/tr>\n<tr>\n<td width=\"83\">2015<\/td>\n<td width=\"83\">Dodge<\/td>\n<td width=\"192\">Challenger<\/td>\n<td width=\"338\">SRT 392<\/td>\n<td width=\"86\">6.4L<\/td>\n<\/tr>\n<tr>\n<td width=\"83\">2015<\/td>\n<td width=\"83\">Dodge<\/td>\n<td width=\"192\">Charger<\/td>\n<td width=\"338\">R\/T Scat Pack, SRT 392<\/td>\n<td width=\"86\">6.4L<\/td>\n<\/tr>\n<tr>\n<td width=\"83\">2014<\/td>\n<td width=\"83\">Chrysler<\/td>\n<td width=\"192\">300<\/td>\n<td width=\"338\">SRT8<\/td>\n<td width=\"86\">6.4L<\/td>\n<\/tr>\n<tr>\n<td width=\"83\">2014<\/td>\n<td width=\"83\">Dodge<\/td>\n<td width=\"192\">Charger<\/td>\n<td width=\"338\">SRT8<\/td>\n<td width=\"86\">6.4L<\/td>\n<\/tr>\n<tr>\n<td width=\"83\">2013<\/td>\n<td width=\"83\">Chrysler<\/td>\n<td width=\"192\">300<\/td>\n<td width=\"338\">SRT8, SRT8 Core<\/td>\n<td width=\"86\">6.4L<\/td>\n<\/tr>\n<tr>\n<td width=\"83\">2013<\/td>\n<td width=\"83\">Dodge<\/td>\n<td width=\"192\">Challenger<\/td>\n<td width=\"338\">SRT8<\/td>\n<td width=\"86\">6.4L<\/td>\n<\/tr>\n<tr>\n<td width=\"83\">2013<\/td>\n<td width=\"83\">Dodge<\/td>\n<td width=\"192\">Charger<\/td>\n<td width=\"338\">SRT8<\/td>\n<td width=\"86\">6.4L<\/td>\n<\/tr>\n<tr>\n<td width=\"83\">2012<\/td>\n<td width=\"83\">Chrysler<\/td>\n<td width=\"192\">300<\/td>\n<td width=\"338\">SRT8<\/td>\n<td width=\"86\">6.4L<\/td>\n<\/tr>\n<tr>\n<td width=\"83\">2012<\/td>\n<td width=\"83\">Dodge<\/td>\n<td width=\"192\">Challenger<\/td>\n<td width=\"338\">SRT8<\/td>\n<td width=\"86\">6.4L<\/td>\n<\/tr>\n<tr>\n<td width=\"83\">2012<\/td>\n<td width=\"83\">Dodge<\/td>\n<td width=\"192\">Charger<\/td>\n<td width=\"338\">SRT8<\/td>\n<td width=\"86\">6.4L<\/td>\n<\/tr>\n<tr>\n<td width=\"83\">2011<\/td>\n<td width=\"83\">Dodge<\/td>\n<td width=\"192\">Challenger<\/td>\n<td width=\"338\">SRT8<\/td>\n<td width=\"86\">6.4L<\/td>\n<\/tr>\n<\/tbody>\n<\/table>\n<p>&nbsp;<\/p>","protected":false},"excerpt":{"rendered":"<p>Dr\u017e\u00e1k motoru \/ dr\u017e\u00e1k motoru pro Chrysler 300C, Dodge Challenger a Charger 6.4 Dr\u017e\u00e1ky motoru, zn\u00e1m\u00e9 tak\u00e9 jako dr\u017e\u00e1ky motoru, maj\u00ed n\u00e1sleduj\u00edc\u00ed \u00fakol,<\/p>","protected":false},"featured_media":68295878,"comment_status":"open","ping_status":"closed","template":"","meta":{"_acf_changed":false},"product_brand":[],"product_cat":[6492,6486,6497],"product_tag":[52,217,1069,4915,4916,4917,4918,4919,4920,4921,4922,4923,4924,54,53,48,536,49,3853,3765,3766,3764],"class_list":{"0":"post-68295877","1":"product","2":"type-product","3":"status-publish","4":"has-post-thumbnail","6":"product_cat-300c-64-dichtungen-hardware","7":"product_cat-challenger-64-dichtungen-hardware","8":"product_cat-charger-64-dichtungen-hardware","9":"product_tag-300c","10":"product_tag-217","11":"product_tag-6-4-srt","12":"product_tag-68062142ac","13":"product_tag-68062142ad","14":"product_tag-68062142af","15":"product_tag-68062142ag","16":"product_tag-68062142ah","17":"product_tag-68062143ac","18":"product_tag-68062143ad","19":"product_tag-68062143af","20":"product_tag-68062143ag","21":"product_tag-68062143ah","22":"product_tag-challenger","23":"product_tag-charger","24":"product_tag-chrysler","25":"product_tag-chrysler-300c","26":"product_tag-dodge","27":"product_tag-dodge-challenger","28":"product_tag-motorhalter","29":"product_tag-motorhalterung","30":"product_tag-motorlager","32":"first","33":"instock","34":"taxable","35":"shipping-taxable","36":"purchasable","37":"product-type-simple"},"bundled_by":[],"bundle_stock_status":"instock","bundle_stock_quantity":4,"bundle_virtual":false,"bundle_layout":"","bundle_add_to_cart_form_location":"","bundle_editable_in_cart":false,"bundle_sold_individually_context":"","bundle_item_grouping":"","bundle_min_size":"","bundle_max_size":"","bundle_price":[],"bundled_items":[],"bundle_sell_ids":[],"exclude_global_add_ons":[],"addons":[],"acf":[],"_links":{"self":[{"href":"https:\/\/kraftwerk-shop.cc\/cs\/wp-json\/wp\/v2\/product\/68295877","targetHints":{"allow":["GET"]}}],"collection":[{"href":"https:\/\/kraftwerk-shop.cc\/cs\/wp-json\/wp\/v2\/product"}],"about":[{"href":"https:\/\/kraftwerk-shop.cc\/cs\/wp-json\/wp\/v2\/types\/product"}],"replies":[{"embeddable":true,"href":"https:\/\/kraftwerk-shop.cc\/cs\/wp-json\/wp\/v2\/comments?post=68295877"}],"version-history":[{"count":0,"href":"https:\/\/kraftwerk-shop.cc\/cs\/wp-json\/wp\/v2\/product\/68295877\/revisions"}],"wp:featuredmedia":[{"embeddable":true,"href":"https:\/\/kraftwerk-shop.cc\/cs\/wp-json\/wp\/v2\/media\/68295878"}],"wp:attachment":[{"href":"https:\/\/kraftwerk-shop.cc\/cs\/wp-json\/wp\/v2\/media?parent=68295877"}],"wp:term":[{"taxonomy":"product_brand","embeddable":true,"href":"https:\/\/kraftwerk-shop.cc\/cs\/wp-json\/wp\/v2\/product_brand?post=68295877"},{"taxonomy":"product_cat","embeddable":true,"href":"https:\/\/kraftwerk-shop.cc\/cs\/wp-json\/wp\/v2\/product_cat?post=68295877"},{"taxonomy":"product_tag","embeddable":true,"href":"https:\/\/kraftwerk-shop.cc\/cs\/wp-json\/wp\/v2\/product_tag?post=68295877"}],"curies":[{"name":"wp","href":"https:\/\/api.w.org\/{rel}","templated":true}]}}