{"id":68295933,"date":"2023-12-21T16:14:21","date_gmt":"2023-12-21T15:14:21","guid":{"rendered":"https:\/\/kraftwerk-shop.cc\/?post_type=product&#038;p=68295933"},"modified":"2026-03-31T13:48:07","modified_gmt":"2026-03-31T11:48:07","slug":"kn-olejovy-filtr-dodge-viper","status":"publish","type":"product","link":"https:\/\/kraftwerk-shop.cc\/cs\/produkt\/kn-oelfilter-dodge-viper\/","title":{"rendered":"Olejov\u00fd filtr K&amp;N Dodge Viper"},"content":{"rendered":"<h1>Olejov\u00fd filtr K&amp;N Pro Series Dodge Viper<\/h1>\n<p>Olejov\u00e9 filtry K&amp;N Performance byly vyvinuty speci\u00e1ln\u011b pro profesion\u00e1ln\u00ed pou\u017eit\u00ed v d\u00edln\u00e1ch a provozech \u00fadr\u017eby.<br \/>\nJejich vysoce pr\u016fto\u010dn\u00e1 konstrukce m\u016f\u017ee pomoci zlep\u0161it v\u00fdkon motoru va\u0161eho Dodge Viper t\u00edm, \u017ee sn\u00ed\u017e\u00ed omezen\u00ed olejov\u00e9ho filtru.<br \/>\nOlejov\u00e9 filtry K&amp;N \u0159ady Pro maj\u00ed \u017eebrovan\u00fd tvar pouzdra, tak\u017ee je lze vym\u011bnit b\u011b\u017en\u00fdm kl\u00ed\u010dem na olejov\u00e9 filtry.<br \/>\nPoskytuj\u00ed vynikaj\u00edc\u00ed filtraci a ochranu motoru va\u0161eho vozu Dodge Viper po celou dobu sv\u00e9 \u017eivotnosti.<br \/>\nOlejov\u00e9 filtry K&amp;N jsou vhodn\u00e9 pro v\u0161echny syntetick\u00e9, konven\u010dn\u00ed a sm\u011bsn\u00e9 motorov\u00e9 oleje. Slo\u017een\u00e9 filtra\u010dn\u00ed prvky nab\u00edzej\u00ed vysok\u00fd filtra\u010dn\u00ed v\u00fdkon, tak\u017ee jsou vhodn\u00e9 pro prodlou\u017een\u00e9 intervaly v\u00fdm\u011bny oleje, pokud jsou pou\u017e\u00edv\u00e1ny v souladu s doporu\u010den\u00edmi v\u00fdrobce vozidla a motorov\u00e9ho oleje.<\/p>\n<p>Chra\u0148te sv\u016fj motor pomoc\u00ed vysoce kvalitn\u00edch olejov\u00fdch filtr\u016f K&amp;N\u00ae, kter\u00e9 spolehliv\u011b filtruj\u00ed ne\u010distoty z motorov\u00e9ho oleje.<br \/>\nOlejov\u00e9 filtry K&amp;N jsou vyvinuty podle stejn\u011b p\u0159\u00edsn\u00fdch kvalitativn\u00edch norem jako sv\u011btozn\u00e1m\u00e9 vzduchov\u00e9 filtry K&amp;N a vyzna\u010duj\u00ed se odolnou konstrukc\u00ed a vysoce pr\u016fto\u010dn\u00fdmi filtra\u010dn\u00edmi m\u00e9dii, kter\u00e1 zaji\u0161\u0165uj\u00ed vynikaj\u00edc\u00ed filtraci oleje.<\/p>\n<p>&nbsp;<\/p>\n<p><span lang=\"DE\">D\u00edky speci\u00e1ln\u00ed syntetick\u00e9 sm\u011bsi filtra\u010dn\u00edho materi\u00e1lu se p\u0159i vy\u0161\u0161\u00edm pr\u016ftoku odfiltruje v\u00edce ne\u010distot.<\/span><\/p>\n<ul>\n<li>Vyvinuto pro dne\u0161n\u00ed vysoce v\u00fdkonn\u00e9 syntetick\u00e9 oleje.<\/li>\n<li>Zp\u011btn\u00fd ventil zabra\u0148uje chodu filtru napr\u00e1zdno a such\u00e9mu startu.<\/li>\n<li>Obtokov\u00fd ventil<\/li>\n<li>P\u0159ekra\u010duje v\u0161echny specifikace v\u00fdrobce origin\u00e1ln\u00edho vybaven\u00ed<\/li>\n<\/ul>","protected":false},"excerpt":{"rendered":"<p>K&amp;N Pro Series \u00d6lfilter Dodge Viper K&amp;N Performance \u00d6lfilter wurden speziell f\u00fcr den professionellen Einsatz in Werkst\u00e4tten und Wartungsbetrieben entwickelt.<\/p>","protected":false},"featured_media":68295337,"comment_status":"open","ping_status":"closed","template":"","meta":{"_acf_changed":false},"product_brand":[19067],"product_cat":[8048,8049],"product_tag":[49,648,675,670,36,404,2320,406,647,2453,655,672,674,559,37,673],"class_list":{"0":"post-68295933","1":"product","2":"type-product","3":"status-publish","4":"has-post-thumbnail","6":"product_brand-kn","7":"product_cat-viper-83-wartung","8":"product_cat-viper-84-wartung","9":"product_tag-dodge","10":"product_tag-filter","11":"product_tag-inspektion","12":"product_tag-kn","13":"product_tag-kraftwerk","14":"product_tag-motoroel","15":"product_tag-motoroelfilter","16":"product_tag-oel","17":"product_tag-oelfilter","18":"product_tag-oelfilter10","19":"product_tag-oelwechsel","20":"product_tag-pro-series","21":"product_tag-service","22":"product_tag-viper","23":"product_tag-wartung","24":"product_tag-zubehoer","25":"pa_motor-8-0-2","26":"pa_motor-8-3-srt10","27":"pa_motor-8-4-srt10","29":"first","30":"instock","31":"taxable","32":"shipping-taxable","33":"purchasable","34":"product-type-variable"},"bundled_by":[],"bundle_stock_status":"instock","bundle_stock_quantity":8,"bundle_virtual":false,"bundle_layout":"","bundle_add_to_cart_form_location":"","bundle_editable_in_cart":false,"bundle_sold_individually_context":"","bundle_item_grouping":"","bundle_min_size":"","bundle_max_size":"","bundle_price":[],"bundled_items":[],"bundle_sell_ids":[],"exclude_global_add_ons":[],"addons":[],"acf":[],"_links":{"self":[{"href":"https:\/\/kraftwerk-shop.cc\/cs\/wp-json\/wp\/v2\/product\/68295933","targetHints":{"allow":["GET"]}}],"collection":[{"href":"https:\/\/kraftwerk-shop.cc\/cs\/wp-json\/wp\/v2\/product"}],"about":[{"href":"https:\/\/kraftwerk-shop.cc\/cs\/wp-json\/wp\/v2\/types\/product"}],"replies":[{"embeddable":true,"href":"https:\/\/kraftwerk-shop.cc\/cs\/wp-json\/wp\/v2\/comments?post=68295933"}],"version-history":[{"count":0,"href":"https:\/\/kraftwerk-shop.cc\/cs\/wp-json\/wp\/v2\/product\/68295933\/revisions"}],"wp:featuredmedia":[{"embeddable":true,"href":"https:\/\/kraftwerk-shop.cc\/cs\/wp-json\/wp\/v2\/media\/68295337"}],"wp:attachment":[{"href":"https:\/\/kraftwerk-shop.cc\/cs\/wp-json\/wp\/v2\/media?parent=68295933"}],"wp:term":[{"taxonomy":"product_brand","embeddable":true,"href":"https:\/\/kraftwerk-shop.cc\/cs\/wp-json\/wp\/v2\/product_brand?post=68295933"},{"taxonomy":"product_cat","embeddable":true,"href":"https:\/\/kraftwerk-shop.cc\/cs\/wp-json\/wp\/v2\/product_cat?post=68295933"},{"taxonomy":"product_tag","embeddable":true,"href":"https:\/\/kraftwerk-shop.cc\/cs\/wp-json\/wp\/v2\/product_tag?post=68295933"}],"curies":[{"name":"wp","href":"https:\/\/api.w.org\/{rel}","templated":true}]}}