{"id":68295963,"date":"2024-09-25T21:19:37","date_gmt":"2024-09-25T19:19:37","guid":{"rendered":"https:\/\/kraftwerk-shop.cc\/?post_type=product&#038;p=68295963"},"modified":"2026-02-15T01:00:34","modified_gmt":"2026-02-15T00:00:34","slug":"6-4-hemi-shortblock","status":"publish","type":"product","link":"https:\/\/kraftwerk-shop.cc\/cs\/produkt\/6-4-hemi-shortblock\/","title":{"rendered":"Kr\u00e1tk\u00fd blok 6.4 Hemi"},"content":{"rendered":"<h1>Kr\u00e1tk\u00fd blok 6.4 Hemi<\/h1>\n<p>&nbsp;<\/p>\n<p><strong>K dispozici ve 2 variant\u00e1ch:<\/strong><\/p>\n<ul>\n<li>P\u016fvodn\u00ed n\u00e1hrada<br \/>\nV\u0161echny d\u00edly odpov\u00eddaj\u00ed s\u00e9riov\u00e9mu stavu<\/li>\n<li>Zes\u00edlen\u00e9, pro motory se zv\u00fd\u0161en\u00fdm v\u00fdkonem<br \/>\nInstalovan\u00e9 d\u00edly pro upgrade: Kovan\u00e9 p\u00edsty Mahle, ojnice Molnar, pota\u017een\u00e1 lo\u017eiska.<\/li>\n<\/ul>\n<p>&nbsp;<\/p>\n<p>Tento v\u00fdrobek je prod\u00e1v\u00e1n v\u00fdhradn\u011b komer\u010dn\u00edm z\u00e1kazn\u00edk\u016fm \/ podnikatel\u016fm ve smyslu \u00a7 14 BGB.<br \/>\nZ\u00e1kaz prodeje soukrom\u00fdm osob\u00e1m.<\/p>\n<p>Na motory se vztahuj\u00ed zvl\u00e1\u0161tn\u00ed technick\u00e9 po\u017eadavky. Proto\u017ee soukrom\u00ed z\u00e1kazn\u00edci nemohou zaru\u010dit nebo ov\u011b\u0159it spr\u00e1vnou instalaci, co\u017e by mohlo v\u00e9st k riziku z\u00e1ruky, dod\u00e1v\u00e1me pouze komer\u010dn\u00edm z\u00e1kazn\u00edk\u016fm, jako jsou servisy, v\u00fdrobci motor\u016f a automobilky.<br \/>\nP\u0159i n\u00e1kupu je nutn\u00e9 p\u0159edlo\u017eit \u017eivnostensk\u00fd list.<\/p>\n<p>Ceny tohoto \u010dl\u00e1nku jsou viditeln\u00e9 pouze pro komer\u010dn\u00ed z\u00e1kazn\u00edky.<br \/>\nPro zobrazen\u00ed cen a zad\u00e1n\u00ed objedn\u00e1vky si v na\u0161em obchod\u011b zalo\u017ete z\u00e1kaznick\u00fd \u00fa\u010det a za\u0161lete n\u00e1m doklad o podnik\u00e1n\u00ed (nap\u0159. DI\u010c, v\u00fdpis z obchodn\u00edho rejst\u0159\u00edku nebo \u017eivnostensk\u00fd list).<br \/>\nPo \u00fasp\u011b\u0161n\u00e9m ov\u011b\u0159en\u00ed va\u0161eho firemn\u00edho \u00fa\u010dtu bude v\u00e1\u0161 p\u0159\u00edstup aktivov\u00e1n a ceny budou viditeln\u00e9.<\/p>\n<p>&nbsp;<\/p>\n<p>&nbsp;<\/p>\n<p><strong>Pozn\u00e1mka k provozu na LPG\/autoplyn:<\/strong><\/p>\n<p>Tento motor nen\u00ed v\u00fdrobcem schv\u00e1len pro provoz se syst\u00e9my LPG\/autoplyn.<br \/>\nPou\u017eit\u00ed s LPG m\u016f\u017ee v\u00e9st ke zv\u00fd\u0161en\u00e9mu tepeln\u00e9mu zat\u00ed\u017een\u00ed, kter\u00e9 m\u016f\u017ee v\u00e9st k po\u0161kozen\u00ed sedel ventil\u016f, p\u00edst\u016f, hlav v\u00e1lc\u016f nebo ventilov\u00e9ho rozvodu.<br \/>\nU dodate\u010dn\u011b instalovan\u00fdch plynov\u00fdch syst\u00e9m\u016f nav\u00edc nem\u016f\u017eeme ov\u011b\u0159it ani zkontrolovat odbornou instalaci, se\u0159\u00edzen\u00ed a funk\u010dn\u00ed spolehlivost, proto\u017ee tyto syst\u00e9my nejsou sou\u010d\u00e1st\u00ed tov\u00e1rn\u00ed konfigurace motoru.<br \/>\nTo pro n\u00e1s jako dodavatele p\u0159edstavuje nevy\u010d\u00edsliteln\u00e9 technick\u00e9 a pr\u00e1vn\u00ed riziko, za kter\u00e9 nem\u016f\u017eeme n\u00e9st odpov\u011bdnost.<br \/>\nZ tohoto d\u016fvodu jsou z\u00e1ruka a garance p\u0159i provozu tohoto motoru na LPG\/autoplyn zcela vylou\u010deny.<\/p>\n<p>&nbsp;<\/p>","protected":false},"excerpt":{"rendered":"<p>Prodej v\u00fdhradn\u011b pro obchod.<br \/>\nPro zobrazen\u00ed ceny pot\u0159ebujete obchodn\u00ed \u00fa\u010det.<\/p>","protected":false},"featured_media":68295508,"comment_status":"open","ping_status":"closed","template":"","meta":{"_acf_changed":false},"product_brand":[],"product_cat":[19314,19310,19315,19311,19316,19312,19317,19313],"product_tag":[2470,217,93,2468,203,1021,48,49,204,1022,50,411,1020,2463,1023,86,64,2471,407,2469,96,2473,1024],"class_list":{"0":"post-68295963","1":"product","2":"type-product","3":"status-publish","4":"has-post-thumbnail","6":"product_cat-grand-cherokee-64-shortblock-longblock-komplettmotor","7":"product_cat-300c-64-shortblock-longblock-komplettmotor","8":"product_cat-wagoneer-64-shortblock-longblock-komplettmotor","9":"product_cat-challenger-64-shortblock-longblock-komplettmotor","10":"product_cat-wrangler-64-shortblock-longblock-komplettmotor","11":"product_cat-charger-64-shortblock-longblock-komplettmotor","12":"product_cat-2500-3500-64-shortblock-longblock-komplettmotor","13":"product_cat-durango-64-shortblock-longblock-komplettmotor","14":"product_tag-2470","15":"product_tag-217","16":"product_tag-6-4","17":"product_tag-68086564ab","18":"product_tag-austausch","19":"product_tag-austauschmotor","20":"product_tag-chrysler","21":"product_tag-dodge","22":"product_tag-ersatz","23":"product_tag-ersatzmotor","24":"product_tag-jeep","25":"product_tag-mahle","26":"product_tag-motor","27":"product_tag-motorreparatur","28":"product_tag-motorschaden","29":"product_tag-ram","30":"product_tag-reparatur","31":"product_tag-rumpfmotor","32":"product_tag-schmiedekolben","33":"product_tag-shortblock","34":"product_tag-srt","35":"product_tag-tausch","36":"product_tag-tauschmotor","37":"product_shipping_class-speditionsversand-1","39":"first","40":"onbackorder","41":"taxable","42":"shipping-taxable","43":"purchasable","44":"product-type-variable"},"bundled_by":[],"bundle_stock_status":"onbackorder","bundle_stock_quantity":0,"bundle_virtual":false,"bundle_layout":"","bundle_add_to_cart_form_location":"","bundle_editable_in_cart":false,"bundle_sold_individually_context":"","bundle_item_grouping":"","bundle_min_size":"","bundle_max_size":"","bundle_price":[],"bundled_items":[],"bundle_sell_ids":[],"exclude_global_add_ons":[],"addons":[],"acf":[],"_links":{"self":[{"href":"https:\/\/kraftwerk-shop.cc\/cs\/wp-json\/wp\/v2\/product\/68295963","targetHints":{"allow":["GET"]}}],"collection":[{"href":"https:\/\/kraftwerk-shop.cc\/cs\/wp-json\/wp\/v2\/product"}],"about":[{"href":"https:\/\/kraftwerk-shop.cc\/cs\/wp-json\/wp\/v2\/types\/product"}],"replies":[{"embeddable":true,"href":"https:\/\/kraftwerk-shop.cc\/cs\/wp-json\/wp\/v2\/comments?post=68295963"}],"version-history":[{"count":0,"href":"https:\/\/kraftwerk-shop.cc\/cs\/wp-json\/wp\/v2\/product\/68295963\/revisions"}],"wp:featuredmedia":[{"embeddable":true,"href":"https:\/\/kraftwerk-shop.cc\/cs\/wp-json\/wp\/v2\/media\/68295508"}],"wp:attachment":[{"href":"https:\/\/kraftwerk-shop.cc\/cs\/wp-json\/wp\/v2\/media?parent=68295963"}],"wp:term":[{"taxonomy":"product_brand","embeddable":true,"href":"https:\/\/kraftwerk-shop.cc\/cs\/wp-json\/wp\/v2\/product_brand?post=68295963"},{"taxonomy":"product_cat","embeddable":true,"href":"https:\/\/kraftwerk-shop.cc\/cs\/wp-json\/wp\/v2\/product_cat?post=68295963"},{"taxonomy":"product_tag","embeddable":true,"href":"https:\/\/kraftwerk-shop.cc\/cs\/wp-json\/wp\/v2\/product_tag?post=68295963"}],"curies":[{"name":"wp","href":"https:\/\/api.w.org\/{rel}","templated":true}]}}