{"id":68295971,"date":"2023-12-21T16:14:55","date_gmt":"2023-12-21T15:14:55","guid":{"rendered":"https:\/\/kraftwerk-shop.cc\/?post_type=product&#038;p=68295971"},"modified":"2026-03-31T12:42:06","modified_gmt":"2026-03-31T10:42:06","slug":"tesneni-hlavy-valcu-mopar-5038280ae-5038281ae","status":"publish","type":"product","link":"https:\/\/kraftwerk-shop.cc\/cs\/produkt\/mopar-zylinderkopfdichtung-5038280ae-5038281ae\/","title":{"rendered":"T\u011bsn\u011bn\u00ed hlavy v\u00e1lc\u016f Mopar 6.4 SRT (5038280AE \/ 5038281AE)"},"content":{"rendered":"<h1>Origin\u00e1ln\u00ed t\u011bsn\u011bn\u00ed hlavy v\u00e1lc\u016f Mopar pro Chrysler 300C, Dodge Challenger, Charger, Durango, Jeep Grand Cherokee a Wrangler 6.4<\/h1>\n<p>&nbsp;<\/p>\n<p><strong>\u010c\u00edsla d\u00edl\u016f Mopar:<\/strong> 5038280AE, 5038281AE<br \/>\n<strong>Nahrazeno:<\/strong> 5038280AD, 5038281AD<\/p>\n<p>&nbsp;<\/p>\n<p><strong>Vhodn\u00e9 pro:<\/strong><\/p>\n<table width=\"880\">\n<tbody>\n<tr>\n<td width=\"81\"><strong>Rok v\u00fdstavby<\/strong><\/td>\n<td width=\"81\"><strong>Zna\u010dka<\/strong><\/td>\n<td width=\"192\"><strong>Model<\/strong><\/td>\n<td width=\"312\"><strong>Verze<\/strong><\/td>\n<td width=\"214\"><strong>Motor<\/strong><\/td>\n<\/tr>\n<tr>\n<td width=\"81\">2024<\/td>\n<td width=\"81\">Dodge<\/td>\n<td width=\"192\">Durango<\/td>\n<td width=\"312\">SRT 392, SRT 392 Plus, SRT 392 Premium<\/td>\n<td width=\"214\">6.4L<\/td>\n<\/tr>\n<tr>\n<td width=\"81\">2024<\/td>\n<td width=\"81\">Jeep<\/td>\n<td width=\"192\">Wrangler<\/td>\n<td width=\"312\">Rubikon 392<\/td>\n<td width=\"214\">6.4L<\/td>\n<\/tr>\n<tr>\n<td width=\"81\">2023<\/td>\n<td width=\"81\">Chrysler<\/td>\n<td width=\"192\">300<\/td>\n<td width=\"312\">C<\/td>\n<td width=\"214\">6.4L<\/td>\n<\/tr>\n<tr>\n<td width=\"81\">2023<\/td>\n<td width=\"81\">Dodge<\/td>\n<td width=\"192\">Challenger<\/td>\n<td width=\"312\">R\/T Scat Pack, R\/T Scat Pack Widebody<\/td>\n<td width=\"214\">6.4L<\/td>\n<\/tr>\n<tr>\n<td width=\"81\">2023<\/td>\n<td width=\"81\">Dodge<\/td>\n<td width=\"192\">Charger<\/td>\n<td width=\"312\">Scat Pack, Scat Pack Widebody<\/td>\n<td width=\"214\">6.4L<\/td>\n<\/tr>\n<tr>\n<td width=\"81\">2023<\/td>\n<td width=\"81\">Dodge<\/td>\n<td width=\"192\">Durango<\/td>\n<td width=\"312\">SRT 392, SRT 392 Plus, SRT 392 Premium<\/td>\n<td width=\"214\">6.4L<\/td>\n<\/tr>\n<tr>\n<td width=\"81\">2023<\/td>\n<td width=\"81\">Jeep<\/td>\n<td width=\"192\">Grand Wagoneer<\/td>\n<td width=\"312\">Base, Obsidian, Series II, Series III, Series III Obsidian<\/td>\n<td width=\"214\">6.4L<\/td>\n<\/tr>\n<tr>\n<td width=\"81\">2023<\/td>\n<td width=\"81\">Jeep<\/td>\n<td width=\"192\">Wrangler<\/td>\n<td width=\"312\">Rubikon 392<\/td>\n<td width=\"214\">6.4L<\/td>\n<\/tr>\n<tr>\n<td width=\"81\">2022<\/td>\n<td width=\"81\">Dodge<\/td>\n<td width=\"192\">Challenger<\/td>\n<td width=\"312\">R\/T Scat Pack, R\/T Scat Pack Widebody<\/td>\n<td width=\"214\">6.4L<\/td>\n<\/tr>\n<tr>\n<td width=\"81\">2022<\/td>\n<td width=\"81\">Dodge<\/td>\n<td width=\"192\">Charger<\/td>\n<td width=\"312\">Scat Pack, Scat Pack Widebody<\/td>\n<td width=\"214\">6.4L<\/td>\n<\/tr>\n<tr>\n<td width=\"81\">2022<\/td>\n<td width=\"81\">Dodge<\/td>\n<td width=\"192\">Durango<\/td>\n<td width=\"312\">SRT 392<\/td>\n<td width=\"214\">6.4L<\/td>\n<\/tr>\n<tr>\n<td width=\"81\">2022<\/td>\n<td width=\"81\">Jeep<\/td>\n<td width=\"192\">Grand Wagoneer<\/td>\n<td width=\"312\">Obsidian, Series I, Series II, Series III<\/td>\n<td width=\"214\">6.4L<\/td>\n<\/tr>\n<tr>\n<td width=\"81\">2022<\/td>\n<td width=\"81\">Jeep<\/td>\n<td width=\"192\">Wrangler<\/td>\n<td width=\"312\">Unlimited Rubicon 392<\/td>\n<td width=\"214\">6.4L<\/td>\n<\/tr>\n<tr>\n<td width=\"81\">2021<\/td>\n<td width=\"81\">Dodge<\/td>\n<td width=\"192\">Challenger<\/td>\n<td width=\"312\">R\/T Scat Pack, R\/T Scat Pack Widebody<\/td>\n<td width=\"214\">6.4L<\/td>\n<\/tr>\n<tr>\n<td width=\"81\">2021<\/td>\n<td width=\"81\">Dodge<\/td>\n<td width=\"192\">Charger<\/td>\n<td width=\"312\">Scat Pack<\/td>\n<td width=\"214\">6.4L<\/td>\n<\/tr>\n<tr>\n<td width=\"81\">2021<\/td>\n<td width=\"81\">Dodge<\/td>\n<td width=\"192\">Durango<\/td>\n<td width=\"312\">SRT<\/td>\n<td width=\"214\">6.4L<\/td>\n<\/tr>\n<tr>\n<td width=\"81\">2021<\/td>\n<td width=\"81\">Jeep<\/td>\n<td width=\"192\">Grand Cherokee<\/td>\n<td width=\"312\">SRT<\/td>\n<td width=\"214\">6.4L<\/td>\n<\/tr>\n<tr>\n<td width=\"81\">2021<\/td>\n<td width=\"81\">Jeep<\/td>\n<td width=\"192\">Wrangler<\/td>\n<td width=\"312\">Unlimited Rubicon 392<\/td>\n<td width=\"214\">6.4L<\/td>\n<\/tr>\n<tr>\n<td width=\"81\">2020<\/td>\n<td width=\"81\">Dodge<\/td>\n<td width=\"192\">Challenger<\/td>\n<td width=\"312\">R\/T Scat Pack, R\/T Scat Pack Widebody<\/td>\n<td width=\"214\">6.4L<\/td>\n<\/tr>\n<tr>\n<td width=\"81\">2020<\/td>\n<td width=\"81\">Dodge<\/td>\n<td width=\"192\">Charger<\/td>\n<td width=\"312\">Scat Pack<\/td>\n<td width=\"214\">6.4L<\/td>\n<\/tr>\n<tr>\n<td width=\"81\">2020<\/td>\n<td width=\"81\">Dodge<\/td>\n<td width=\"192\">Durango<\/td>\n<td width=\"312\">SRT<\/td>\n<td width=\"214\">6.4L<\/td>\n<\/tr>\n<tr>\n<td width=\"81\">2020<\/td>\n<td width=\"81\">Jeep<\/td>\n<td width=\"192\">Grand Cherokee<\/td>\n<td width=\"312\">SRT<\/td>\n<td width=\"214\">6.4L<\/td>\n<\/tr>\n<tr>\n<td width=\"81\">2019<\/td>\n<td width=\"81\">Dodge<\/td>\n<td width=\"192\">Challenger<\/td>\n<td width=\"312\">R\/T Scat Pack, R\/T Scat Pack Widebody<\/td>\n<td width=\"214\">6.4L<\/td>\n<\/tr>\n<tr>\n<td width=\"81\">2019<\/td>\n<td width=\"81\">Dodge<\/td>\n<td width=\"192\">Charger<\/td>\n<td width=\"312\">Scat Pack<\/td>\n<td width=\"214\">6.4L<\/td>\n<\/tr>\n<tr>\n<td width=\"81\">2019<\/td>\n<td width=\"81\">Dodge<\/td>\n<td width=\"192\">Durango<\/td>\n<td width=\"312\">SRT<\/td>\n<td width=\"214\">6.4L<\/td>\n<\/tr>\n<tr>\n<td width=\"81\">2019<\/td>\n<td width=\"81\">Jeep<\/td>\n<td width=\"192\">Grand Cherokee<\/td>\n<td width=\"312\">SRT<\/td>\n<td width=\"214\">6.4L<\/td>\n<\/tr>\n<tr>\n<td width=\"81\">2018<\/td>\n<td width=\"81\">Dodge<\/td>\n<td width=\"192\">Challenger<\/td>\n<td width=\"312\">R\/T Scat Pack, SRT 392, T\/A 392<\/td>\n<td width=\"214\">6.4L<\/td>\n<\/tr>\n<tr>\n<td width=\"81\">2018<\/td>\n<td width=\"81\">Dodge<\/td>\n<td width=\"192\">Charger<\/td>\n<td width=\"312\">R\/T Scat Pack, SRT 392<\/td>\n<td width=\"214\">6.4L<\/td>\n<\/tr>\n<tr>\n<td width=\"81\">2018<\/td>\n<td width=\"81\">Dodge<\/td>\n<td width=\"192\">Durango<\/td>\n<td width=\"312\">SRT<\/td>\n<td width=\"214\">6.4L<\/td>\n<\/tr>\n<tr>\n<td width=\"81\">2018<\/td>\n<td width=\"81\">Jeep<\/td>\n<td width=\"192\">Grand Cherokee<\/td>\n<td width=\"312\">SRT<\/td>\n<td width=\"214\">6.4L<\/td>\n<\/tr>\n<tr>\n<td width=\"81\">2017<\/td>\n<td width=\"81\">Dodge<\/td>\n<td width=\"192\">Challenger<\/td>\n<td width=\"312\">R\/T Scat Pack, SRT 392, T\/A 392<\/td>\n<td width=\"214\">6.4L<\/td>\n<\/tr>\n<tr>\n<td width=\"81\">2017<\/td>\n<td width=\"81\">Dodge<\/td>\n<td width=\"192\">Charger<\/td>\n<td width=\"312\">R\/T Scat Pack, SRT 392<\/td>\n<td width=\"214\">6.4L<\/td>\n<\/tr>\n<tr>\n<td width=\"81\">2017<\/td>\n<td width=\"81\">Jeep<\/td>\n<td width=\"192\">Grand Cherokee<\/td>\n<td width=\"312\">SRT<\/td>\n<td width=\"214\">6.4L<\/td>\n<\/tr>\n<tr>\n<td width=\"81\">2016<\/td>\n<td width=\"81\">Dodge<\/td>\n<td width=\"192\">Challenger<\/td>\n<td width=\"312\">392 Hemi Scat Pack Shaker, R\/T Scat Pack, SRT 392<\/td>\n<td width=\"214\">6.4L<\/td>\n<\/tr>\n<tr>\n<td width=\"81\">2016<\/td>\n<td width=\"81\">Dodge<\/td>\n<td width=\"192\">Charger<\/td>\n<td width=\"312\">R\/T Scat Pack, SRT 392<\/td>\n<td width=\"214\">6.4L<\/td>\n<\/tr>\n<tr>\n<td width=\"81\">2016<\/td>\n<td width=\"81\">Jeep<\/td>\n<td width=\"192\">Grand Cherokee<\/td>\n<td width=\"312\">SRT<\/td>\n<td width=\"214\">6.4L<\/td>\n<\/tr>\n<tr>\n<td width=\"81\">2015<\/td>\n<td width=\"81\">Dodge<\/td>\n<td width=\"192\">Challenger<\/td>\n<td width=\"312\">SRT 392, SRT Hellcat, Scat Pack<\/td>\n<td width=\"214\">6,2 L, 6,4 L<\/td>\n<\/tr>\n<tr>\n<td width=\"81\">2015<\/td>\n<td width=\"81\">Dodge<\/td>\n<td width=\"192\">Charger<\/td>\n<td width=\"312\">R\/T Scat Pack, SRT 392<\/td>\n<td width=\"214\">6.4L<\/td>\n<\/tr>\n<tr>\n<td width=\"81\">2015<\/td>\n<td width=\"81\">Jeep<\/td>\n<td width=\"192\">Grand Cherokee<\/td>\n<td width=\"312\">SRT<\/td>\n<td width=\"214\">6.4L<\/td>\n<\/tr>\n<tr>\n<td width=\"81\">2014<\/td>\n<td width=\"81\">Chrysler<\/td>\n<td width=\"192\">300<\/td>\n<td width=\"312\">SRT8<\/td>\n<td width=\"214\">6.4L<\/td>\n<\/tr>\n<tr>\n<td width=\"81\">2014<\/td>\n<td width=\"81\">Dodge<\/td>\n<td width=\"192\">Charger<\/td>\n<td width=\"312\">SRT8<\/td>\n<td width=\"214\">6.4L<\/td>\n<\/tr>\n<tr>\n<td width=\"81\">2014<\/td>\n<td width=\"81\">Jeep<\/td>\n<td width=\"192\">Grand Cherokee<\/td>\n<td width=\"312\">SRT<\/td>\n<td width=\"214\">6.4L<\/td>\n<\/tr>\n<tr>\n<td width=\"81\">2013<\/td>\n<td width=\"81\">Chrysler<\/td>\n<td width=\"192\">300<\/td>\n<td width=\"312\">SRT8, SRT8 Core<\/td>\n<td width=\"214\">6.4L<\/td>\n<\/tr>\n<tr>\n<td width=\"81\">2013<\/td>\n<td width=\"81\">Dodge<\/td>\n<td width=\"192\">Challenger<\/td>\n<td width=\"312\">SRT8<\/td>\n<td width=\"214\">6.4L<\/td>\n<\/tr>\n<tr>\n<td width=\"81\">2013<\/td>\n<td width=\"81\">Dodge<\/td>\n<td width=\"192\">Charger<\/td>\n<td width=\"312\">SRT8<\/td>\n<td width=\"214\">6.4L<\/td>\n<\/tr>\n<tr>\n<td width=\"81\">2013<\/td>\n<td width=\"81\">Jeep<\/td>\n<td width=\"192\">Grand Cherokee<\/td>\n<td width=\"312\">SRT8<\/td>\n<td width=\"214\">6.4L<\/td>\n<\/tr>\n<tr>\n<td width=\"81\">2012<\/td>\n<td width=\"81\">Chrysler<\/td>\n<td width=\"192\">300<\/td>\n<td width=\"312\">SRT8<\/td>\n<td width=\"214\">6.4L<\/td>\n<\/tr>\n<tr>\n<td width=\"81\">2012<\/td>\n<td width=\"81\">Dodge<\/td>\n<td width=\"192\">Challenger<\/td>\n<td width=\"312\">SRT8<\/td>\n<td width=\"214\">6.4L<\/td>\n<\/tr>\n<tr>\n<td width=\"81\">2012<\/td>\n<td width=\"81\">Dodge<\/td>\n<td width=\"192\">Charger<\/td>\n<td width=\"312\">SRT8<\/td>\n<td width=\"214\">6.4L<\/td>\n<\/tr>\n<tr>\n<td width=\"81\">2012<\/td>\n<td width=\"81\">Jeep<\/td>\n<td width=\"192\">Grand Cherokee<\/td>\n<td width=\"312\">SRT8<\/td>\n<td width=\"214\">6.4L<\/td>\n<\/tr>\n<tr>\n<td width=\"81\">2011<\/td>\n<td width=\"81\">Dodge<\/td>\n<td width=\"192\">Challenger<\/td>\n<td width=\"312\">SRT8<\/td>\n<td width=\"214\">6.4L<\/td>\n<\/tr>\n<\/tbody>\n<\/table>\n<p>&nbsp;<\/p>\n<h4>Pro\u010d si vybrat origin\u00e1ln\u00ed n\u00e1hradn\u00ed d\u00edly Mopar?<\/h4>\n<p><strong>Perfektn\u011b padnouc\u00ed a \u0161pi\u010dkov\u00e9 kvality:<\/strong> Origin\u00e1ln\u00ed n\u00e1hradn\u00ed d\u00edly Mopar jsou vyr\u00e1b\u011bny podle p\u0159\u00edsn\u00fdch specifikac\u00ed v\u00fdrobce, co\u017e znamen\u00e1, \u017ee do va\u0161eho vozidla dokonale pasuj\u00ed. T\u00edm je zaji\u0161t\u011bna nejen snadn\u00e1 instalace, ale tak\u00e9 optim\u00e1ln\u00ed funkce a bezpe\u010dnost.<\/p>\n<p><strong>Spolehlivost a trvanlivost:<\/strong> D\u00edky pou\u017eit\u00ed vysoce kvalitn\u00edch materi\u00e1l\u016f a p\u0159\u00edsn\u00e9 kontrole kvality zaji\u0161\u0165uj\u00ed n\u00e1hradn\u00ed d\u00edly Mopar spolehlivou funkci va\u0161eho vozidla i v extr\u00e9mn\u00edch podm\u00ednk\u00e1ch. Jsou navr\u017eeny tak, aby vydr\u017eely a maximalizovaly v\u00fdkon va\u0161eho vozidla.<\/p>\n<p>&nbsp;<\/p>","protected":false},"excerpt":{"rendered":"<p><span lang=\"DE\">Origin\u00e1ln\u00ed d\u00edl Mopar<\/span><\/p>","protected":false},"featured_media":68295524,"comment_status":"open","ping_status":"closed","template":"","meta":{"_acf_changed":false},"product_brand":[16270],"product_cat":[6492,6489,6486,6485,6497,6494,6502,6499,6507,6504,6512,6509],"product_tag":[18469,18466,18470,18467,52,18468,18465,2795,2796,2797,2798,2794,2799,2800,2801,2802,2803,54,53,48,536,571,49,3853,3854,95,692,56,50,4425,1149,31,8813,9424,16271,16273,16275,16272,16274,7221,34,35,2425,2793,609,610],"class_list":{"0":"post-68295971","1":"product","2":"type-product","3":"status-publish","4":"has-post-thumbnail","6":"product_brand-mopar","7":"product_cat-300c-64-dichtungen-hardware","8":"product_cat-300c-64-zylinderkopf","9":"product_cat-challenger-64-dichtungen-hardware","10":"product_cat-challenger-64-zylinderkopf","11":"product_cat-charger-64-dichtungen-hardware","12":"product_cat-charger-64-zylinderkopf","13":"product_cat-durango-64-dichtungen-hardware","14":"product_cat-durango-64-zylinderkopf","15":"product_cat-grand-cherokee-64-dichtungen-hardware","16":"product_cat-grand-cherokee-64-zylinderkopf","17":"product_cat-wrangler-64-dichtungen-hardware","18":"product_cat-wrangler-64-zylinderkopf","19":"product_tag-05038280ad","20":"product_tag-05038280ae","21":"product_tag-05038281ad","22":"product_tag-05038281ae","23":"product_tag-300c","24":"product_tag-5038280ad","25":"product_tag-5038280ae","26":"product_tag-5038281aa","27":"product_tag-5038281ab","28":"product_tag-5038281ac","29":"product_tag-5038281ad","30":"product_tag-5038281ae","31":"product_tag-50382880aa","32":"product_tag-50382880ab","33":"product_tag-50382880ac","34":"product_tag-50382880ad","35":"product_tag-50382880ae","36":"product_tag-challenger","37":"product_tag-charger","38":"product_tag-chrysler","39":"product_tag-chrysler-300c","40":"product_tag-dichtung","41":"product_tag-dodge","42":"product_tag-dodge-challenger","43":"product_tag-dodge-charger","44":"product_tag-durango","45":"product_tag-ersatzteil","46":"product_tag-grand-cherokee","47":"product_tag-jeep","48":"product_tag-jeep-grand-cherokee","49":"product_tag-links","50":"product_tag-mopar","51":"product_tag-mopar-autoteile","52":"product_tag-mopar-ersatzteile","53":"product_tag-mopar-ersatzteile-kaufen","54":"product_tag-mopar-performance-teile","55":"product_tag-mopar-teile-katalog","56":"product_tag-mopar-teile-online","57":"product_tag-mopar-tuningteile","58":"product_tag-mopar10","59":"product_tag-original","60":"product_tag-originalersatzteil","61":"product_tag-originalteil","62":"product_tag-rechts","63":"product_tag-zylinderkopf","64":"product_tag-zylinderkopfdichtung","66":"first","67":"instock","68":"taxable","69":"shipping-taxable","70":"purchasable","71":"product-type-variable"},"bundled_by":[],"bundle_stock_status":"instock","bundle_stock_quantity":9,"bundle_virtual":false,"bundle_layout":"","bundle_add_to_cart_form_location":"","bundle_editable_in_cart":false,"bundle_sold_individually_context":"","bundle_item_grouping":"","bundle_min_size":"","bundle_max_size":"","bundle_price":[],"bundled_items":[],"bundle_sell_ids":[],"exclude_global_add_ons":[],"addons":[],"acf":[],"_links":{"self":[{"href":"https:\/\/kraftwerk-shop.cc\/cs\/wp-json\/wp\/v2\/product\/68295971","targetHints":{"allow":["GET"]}}],"collection":[{"href":"https:\/\/kraftwerk-shop.cc\/cs\/wp-json\/wp\/v2\/product"}],"about":[{"href":"https:\/\/kraftwerk-shop.cc\/cs\/wp-json\/wp\/v2\/types\/product"}],"replies":[{"embeddable":true,"href":"https:\/\/kraftwerk-shop.cc\/cs\/wp-json\/wp\/v2\/comments?post=68295971"}],"version-history":[{"count":0,"href":"https:\/\/kraftwerk-shop.cc\/cs\/wp-json\/wp\/v2\/product\/68295971\/revisions"}],"wp:featuredmedia":[{"embeddable":true,"href":"https:\/\/kraftwerk-shop.cc\/cs\/wp-json\/wp\/v2\/media\/68295524"}],"wp:attachment":[{"href":"https:\/\/kraftwerk-shop.cc\/cs\/wp-json\/wp\/v2\/media?parent=68295971"}],"wp:term":[{"taxonomy":"product_brand","embeddable":true,"href":"https:\/\/kraftwerk-shop.cc\/cs\/wp-json\/wp\/v2\/product_brand?post=68295971"},{"taxonomy":"product_cat","embeddable":true,"href":"https:\/\/kraftwerk-shop.cc\/cs\/wp-json\/wp\/v2\/product_cat?post=68295971"},{"taxonomy":"product_tag","embeddable":true,"href":"https:\/\/kraftwerk-shop.cc\/cs\/wp-json\/wp\/v2\/product_tag?post=68295971"}],"curies":[{"name":"wp","href":"https:\/\/api.w.org\/{rel}","templated":true}]}}