{"id":68297410,"date":"2023-12-31T14:28:19","date_gmt":"2023-12-31T13:28:19","guid":{"rendered":"https:\/\/kraftwerk-shop.cc\/?post_type=product&#038;p=68297410"},"modified":"2026-02-15T01:07:57","modified_gmt":"2026-02-15T00:07:57","slug":"prestavbova-sada-awe-vyfukovy-system-dodge-challenger-srt-hellcat","status":"publish","type":"product","link":"https:\/\/kraftwerk-shop.cc\/cs\/produkt\/conversion-kit-awe-abgasanlage-dodge-challenger-srt-hellcat\/","title":{"rendered":"P\u0159estavbov\u00e1 sada pro v\u00fdfukov\u00fd syst\u00e9m AWE Dodge Challenger 6.4 &amp; 6.2 Hellcat"},"content":{"rendered":"<h1>P\u0159estavbov\u00e1 sada pro v\u00fdfukov\u00fd syst\u00e9m AWE \/ sportovn\u00ed v\u00fdfuk pro Dodge Challenger 6.4 &amp; 6.2 Hellcat<\/h1>\n<p>&nbsp;<\/p>\n<p>Pokud chcete pozd\u011bji zm\u011bnit objem v\u00fdfukov\u00e9ho syst\u00e9mu AWE pro Durango SRT \/ Hellcat, m\u016f\u017eete to snadno prov\u00e9st pomoc\u00ed konverzn\u00edch sad.<\/p>\n<p>Existuj\u00ed 4 varianty:<\/p>\n<ul>\n<li>Tra\u0165 na Touring pro origin\u00e1ln\u00ed v\u00fdfuky<\/li>\n<li>Z okruhu na Touring pro dvojit\u00e9 v\u00fdfuky<\/li>\n<li>Touring na tra\u0165 pro origin\u00e1ln\u00ed v\u00fdfuky<\/li>\n<li>V\u00fdlety na okruh pro dvojit\u00e9 v\u00fdfuky<\/li>\n<\/ul>\n<p>&nbsp;<\/p>\n<p>&nbsp;<\/p>\n<p><strong>Vhodn\u00e9 pro:<\/strong><\/p>\n<table width=\"332\">\n<tbody>\n<tr>\n<td width=\"83\"><strong>Zna\u010dka<\/strong><\/td>\n<td width=\"83\"><strong>Model<\/strong><\/td>\n<td width=\"83\"><strong>Motor<\/strong><\/td>\n<td width=\"83\"><strong>Rok v\u00fdstavby<\/strong><\/td>\n<\/tr>\n<tr>\n<td width=\"83\">Dodge<\/td>\n<td width=\"83\">Challenger<\/td>\n<td width=\"83\">6.2 Hellcat<\/td>\n<td width=\"83\">2015\u20132023<\/td>\n<\/tr>\n<tr>\n<td width=\"83\">Dodge<\/td>\n<td width=\"83\">Challenger<\/td>\n<td>6.4<\/td>\n<td width=\"83\">2015\u20132023<\/td>\n<\/tr>\n<\/tbody>\n<\/table>\n<p>Vhodn\u00e9 pouze pro v\u00fdfukov\u00fd syst\u00e9m AWE. V\u00fdfuky nejsou sou\u010d\u00e1st\u00ed dod\u00e1vky p\u0159estavbov\u00e9 sady.<\/p>\n<p>&nbsp;<\/p>\n<p><iframe loading=\"lazy\" title=\"Sportovn\u00ed v\u00fdfuk AWE Touring pro &#039;15+ Dodge Challenger Charger 6 4L, &#039;15+ 6 2L Hellcat, Redeye, Demon\" width=\"500\" height=\"281\" src=\"https:\/\/www.youtube.com\/embed\/YiY0zirsG7k?feature=oembed\" frameborder=\"0\" allow=\"accelerometer; autoplay; clipboard-write; encrypted-media; gyroscope; picture-in-picture; web-share\" referrerpolicy=\"strict-origin-when-cross-origin\" allowfullscreen><\/iframe><\/p>\n<p><iframe loading=\"lazy\" title=\"Sportovn\u00ed v\u00fdfuk AWE Track Edition pro &#039;15+ Dodge Challenger Charger 6 4L, Scat Pack &#039;15+ 6 2L Hellcat\" width=\"500\" height=\"281\" src=\"https:\/\/www.youtube.com\/embed\/yaWyCJkA_4U?feature=oembed\" frameborder=\"0\" allow=\"accelerometer; autoplay; clipboard-write; encrypted-media; gyroscope; picture-in-picture; web-share\" referrerpolicy=\"strict-origin-when-cross-origin\" allowfullscreen><\/iframe><\/p>\n<p><iframe loading=\"lazy\" title=\"Sportovn\u00ed v\u00fdfuk AWE Track Edition pro &#039;15+ Dodge Challenger Charger 6 4L 392, Scat Pack\" width=\"500\" height=\"281\" src=\"https:\/\/www.youtube.com\/embed\/QiUuNgFG2Bs?feature=oembed\" frameborder=\"0\" allow=\"accelerometer; autoplay; clipboard-write; encrypted-media; gyroscope; picture-in-picture; web-share\" referrerpolicy=\"strict-origin-when-cross-origin\" allowfullscreen><\/iframe><\/p>","protected":false},"excerpt":{"rendered":"<p>2015\u20132023<\/p>","protected":false},"featured_media":68297424,"comment_status":"open","ping_status":"closed","template":"","meta":{"_acf_changed":false},"product_brand":[],"product_cat":[3024,6593,6520],"product_tag":[249,250,251,252,419,420,2066,2373,4346,4348,4347,4349,217,101,93,1035,1036,546,2909,3971,1047,2210,54,6756,1052,152,49,3853,2976,2342,204,4387,100,126,20273,1040,151,2435,787,782,2899,547,1034,1038,96,2396,1057,2439],"class_list":{"0":"post-68297410","1":"product","2":"type-product","3":"status-publish","4":"has-post-thumbnail","6":"product_cat-nicht-nach-eu","7":"product_cat-challenger-hellcat-abgasanlage-catback","8":"product_cat-challenger-64-catback","9":"product_tag-249","10":"product_tag-250","11":"product_tag-251","12":"product_tag-252","13":"product_tag-419","14":"product_tag-420","15":"product_tag-2066","16":"product_tag-2373","17":"product_tag-3815-11050","18":"product_tag-3815-41016","19":"product_tag-3820-11042","20":"product_tag-3820-41018","21":"product_tag-217","22":"product_tag-6-2","23":"product_tag-6-4","24":"product_tag-abgasanlage","25":"product_tag-abgassystem","26":"product_tag-auspuff","27":"product_tag-awe","28":"product_tag-awe-exhaust","29":"product_tag-cat-back","30":"product_tag-catback","31":"product_tag-challenger","32":"product_tag-conversion-kit","33":"product_tag-delete","34":"product_tag-demon","35":"product_tag-dodge","36":"product_tag-dodge-challenger","37":"product_tag-edition","38":"product_tag-entfernung","39":"product_tag-ersatz","40":"product_tag-grp-exh-dgchl62401","41":"product_tag-hellcat","42":"product_tag-hemi","43":"product_tag-keintuev","44":"product_tag-laut","45":"product_tag-redeye","46":"product_tag-rohr","47":"product_tag-rt","48":"product_tag-scat-pack","49":"product_tag-schalldaempfer","50":"product_tag-sportauspuff","51":"product_tag-sportauspuffanlage","52":"product_tag-sportendschalldaempfer","53":"product_tag-srt","54":"product_tag-super-stock","55":"product_tag-touring","56":"product_tag-track","57":"product_shipping_class-spedition-1","59":"first","60":"onbackorder","61":"taxable","62":"shipping-taxable","63":"purchasable","64":"product-type-variable"},"bundled_by":[],"bundle_stock_status":"onbackorder","bundle_stock_quantity":0,"bundle_virtual":false,"bundle_layout":"","bundle_add_to_cart_form_location":"","bundle_editable_in_cart":false,"bundle_sold_individually_context":"","bundle_item_grouping":"","bundle_min_size":"","bundle_max_size":"","bundle_price":[],"bundled_items":[],"bundle_sell_ids":[],"exclude_global_add_ons":[],"addons":[],"acf":[],"_links":{"self":[{"href":"https:\/\/kraftwerk-shop.cc\/cs\/wp-json\/wp\/v2\/product\/68297410","targetHints":{"allow":["GET"]}}],"collection":[{"href":"https:\/\/kraftwerk-shop.cc\/cs\/wp-json\/wp\/v2\/product"}],"about":[{"href":"https:\/\/kraftwerk-shop.cc\/cs\/wp-json\/wp\/v2\/types\/product"}],"replies":[{"embeddable":true,"href":"https:\/\/kraftwerk-shop.cc\/cs\/wp-json\/wp\/v2\/comments?post=68297410"}],"version-history":[{"count":0,"href":"https:\/\/kraftwerk-shop.cc\/cs\/wp-json\/wp\/v2\/product\/68297410\/revisions"}],"wp:featuredmedia":[{"embeddable":true,"href":"https:\/\/kraftwerk-shop.cc\/cs\/wp-json\/wp\/v2\/media\/68297424"}],"wp:attachment":[{"href":"https:\/\/kraftwerk-shop.cc\/cs\/wp-json\/wp\/v2\/media?parent=68297410"}],"wp:term":[{"taxonomy":"product_brand","embeddable":true,"href":"https:\/\/kraftwerk-shop.cc\/cs\/wp-json\/wp\/v2\/product_brand?post=68297410"},{"taxonomy":"product_cat","embeddable":true,"href":"https:\/\/kraftwerk-shop.cc\/cs\/wp-json\/wp\/v2\/product_cat?post=68297410"},{"taxonomy":"product_tag","embeddable":true,"href":"https:\/\/kraftwerk-shop.cc\/cs\/wp-json\/wp\/v2\/product_tag?post=68297410"}],"curies":[{"name":"wp","href":"https:\/\/api.w.org\/{rel}","templated":true}]}}