{"id":68297534,"date":"2024-01-06T16:40:08","date_gmt":"2024-01-06T15:40:08","guid":{"rendered":"https:\/\/kraftwerk-shop.cc\/?post_type=product&#038;p=68297534"},"modified":"2026-04-07T17:42:30","modified_gmt":"2026-04-07T15:42:30","slug":"brzdove-desticky-powerstop-z36-ram-z36-1084","status":"publish","type":"product","link":"https:\/\/kraftwerk-shop.cc\/cs\/produkt\/powerstop-z36-bremsbelaege-ram-z36-1084\/","title":{"rendered":"Brzdov\u00e9 desti\u010dky PowerStop Z36 Extreme Street RAM"},"content":{"rendered":"<h1>Brzdov\u00e9 desti\u010dky PowerStop Z36 pro RAM 1500 3.0 Ecodiesel, 3.6 a 5.7 z let 2006 a\u017e 2018 a RAM Classic z roku 2019 (p\u0159edn\u00ed n\u00e1prava)<\/h1>\n<p>&nbsp;<\/p>\n<p>Z36 Extreme Street Performance Carbon - Keramick\u00e9 brzdov\u00e9 desti\u010dky<\/p>\n<ul>\n<li>V\u00fdrazn\u011b sn\u00ed\u017een\u00e1 tvorba brzdov\u00e9ho prachu<\/li>\n<li>Mimo\u0159\u00e1dn\u011b siln\u00fd brzdn\u00fd v\u00fdkon pro t\u011b\u017ek\u00e1 vozidla<\/li>\n<li>V\u010detn\u011b mont\u00e1\u017en\u00ed pasty a sady nerezov\u00e9ho kov\u00e1n\u00ed<\/li>\n<\/ul>\n<p>&nbsp;<\/p>\n<p><strong>Srovn\u00e1vac\u00ed \u010d\u00edslo Mopar:<\/strong> <span class=\"list-value\">5143350AB, 5143350AC, 68334862AA<\/span>, <span class=\"list-value sku-display\">68334862AB<\/span><\/p>\n<p>&nbsp;<\/p>\n<p><strong>Vhodn\u00e9 pro:<\/strong><\/p>\n<table width=\"498\">\n<tbody>\n<tr>\n<td width=\"114\"><strong>Zna\u010dka<\/strong><\/td>\n<td width=\"121\"><strong>Model<\/strong><\/td>\n<td width=\"122\"><strong>Motor<\/strong><\/td>\n<td width=\"141\"><strong>Rok v\u00fdstavby<\/strong><\/td>\n<\/tr>\n<tr>\n<td width=\"114\">RAM<\/td>\n<td width=\"121\">1500<\/td>\n<td width=\"122\">3.0 EcoDiesel<\/td>\n<td width=\"141\">2014\u20132018<\/td>\n<\/tr>\n<tr>\n<td width=\"114\">RAM<\/td>\n<td>1500 Classic<\/td>\n<td width=\"122\">3.0 EcoDiesel<\/td>\n<td>2019<\/td>\n<\/tr>\n<tr>\n<td width=\"114\">RAM<\/td>\n<td width=\"121\">1500<\/td>\n<td width=\"122\">3.6<\/td>\n<td width=\"141\">2013\u20132018<\/td>\n<\/tr>\n<tr>\n<td width=\"114\">RAM<\/td>\n<td>1500 Classic<\/td>\n<td width=\"122\">3.6<\/td>\n<td>2019\u20132024<\/td>\n<\/tr>\n<tr>\n<td width=\"114\">RAM<\/td>\n<td width=\"121\">1500<\/td>\n<td width=\"122\">5.7<\/td>\n<td width=\"141\">2006\u20132018<\/td>\n<\/tr>\n<tr>\n<td width=\"114\">RAM<\/td>\n<td>1500 Classic<\/td>\n<td width=\"122\">5.7<\/td>\n<td>2019\u20132024<\/td>\n<\/tr>\n<\/tbody>\n<\/table>\n<p>Cena se vztahuje na 1 sadu pro kompletn\u00ed p\u0159edn\u00ed n\u00e1pravu.<\/p>\n<p>&nbsp;<\/p>\n<p>Spole\u010dnost PowerStop si dala za \u00fakol nab\u00eddnout ka\u017ed\u00e9mu \u0159idi\u010di jednoduch\u00fd a cenov\u011b dostupn\u00fd zp\u016fsob, jak zlep\u0161it brzdy - bez ohledu na to, kde a jak sv\u00e9 vozidlo pou\u017e\u00edv\u00e1.<br \/>\nKarbon-keramick\u00e9 brzdov\u00e9 desti\u010dky PowerStop Z36 Truck &amp; Tow byly vyvinuty jako vylep\u0161en\u00ed standardn\u00edch brzd, aby se sn\u00ed\u017eil brzdov\u00fd prach a eliminoval hluk pro \u0159idi\u010de, kte\u0159\u00ed tahaj\u00ed a p\u0159ev\u00e1\u017eej\u00ed n\u00e1kladn\u00ed vozidla, a tak\u00e9 pro ter\u00e9nn\u00ed nad\u0161ence.<br \/>\nTyto brzdov\u00e9 desti\u010dky jsou vyrobeny z n\u00edzkopra\u0161n\u00e9ho keramick\u00e9ho slo\u017een\u00ed obohacen\u00e9ho o karbonov\u00e1 vl\u00e1kna, kter\u00e1 zesiluj\u00ed sm\u011bs a zaji\u0161\u0165uj\u00ed siln\u00fd brzdn\u00fd v\u00fdkon pro n\u00e1kladn\u00ed vozidla a SUV.<br \/>\nBrzdov\u00e9 desti\u010dky Z36 jsou dod\u00e1v\u00e1ny s vysoce kvalitn\u00edm mont\u00e1\u017en\u00edm materi\u00e1lem z nerezov\u00e9 oceli a keramick\u00fdm brzdov\u00fdm mazivem, kter\u00e9 usnad\u0148uje pr\u00e1ci s brzdami. Pou\u017eijte brzdov\u00e9 desti\u010dky Z36 Truck &amp; Tow a dodejte sv\u00e9mu pickupu nebo ter\u00e9nn\u00edmu vozidlu brzdn\u00fd v\u00fdkon, kter\u00fd si zaslou\u017e\u00ed.<\/p>","protected":false},"excerpt":{"rendered":"<p>2006 - 2018 a Classic 2019 - 2024<\/p>","protected":false},"featured_media":68297547,"comment_status":"open","ping_status":"closed","template":"","meta":{"_acf_changed":false},"product_brand":[],"product_cat":[7753,3515],"product_tag":[7803,3508,475,4508,169,91,6770,6771,3512,6772,838,590,795,839,840,773,477,692,1166,1167,36,953,954,2445,86,1168,842,841,4700,6763,673],"class_list":{"0":"post-68297534","1":"product","2":"type-product","3":"status-publish","4":"has-post-thumbnail","6":"product_cat-1500-57-2003-2008-bremsen-vorne","7":"product_cat-1500-57-2009-2018-classic-bremsen-vorne","8":"product_tag-05143350ab","9":"product_tag-05143350ac","10":"product_tag-475","11":"product_tag-3-0-ecodiesel","12":"product_tag-3-6","13":"product_tag-5-7","14":"product_tag-5143350ab","15":"product_tag-5143350ac","16":"product_tag-68334862aa","17":"product_tag-68334862ab","18":"product_tag-bremsbelag","19":"product_tag-bremsbelaege","20":"product_tag-bremse","21":"product_tag-bremsklotz","22":"product_tag-bremskloetze","23":"product_tag-carbon","24":"product_tag-ds","25":"product_tag-ersatzteil","26":"product_tag-keramik","27":"product_tag-keramisch","28":"product_tag-kraftwerk","29":"product_tag-power-stop","30":"product_tag-powerstop","31":"product_tag-powerstop-pads","32":"product_tag-ram","33":"product_tag-staubfrei","34":"product_tag-vorderachse","35":"product_tag-vorne","36":"product_tag-z36","37":"product_tag-z36-1084","38":"product_tag-zubehoer","40":"first","41":"instock","42":"taxable","43":"shipping-taxable","44":"purchasable","45":"product-type-simple"},"bundled_by":[],"bundle_stock_status":"instock","bundle_stock_quantity":2,"bundle_virtual":false,"bundle_layout":"","bundle_add_to_cart_form_location":"","bundle_editable_in_cart":false,"bundle_sold_individually_context":"","bundle_item_grouping":"","bundle_min_size":"","bundle_max_size":"","bundle_price":[],"bundled_items":[],"bundle_sell_ids":[],"exclude_global_add_ons":[],"addons":[],"acf":[],"_links":{"self":[{"href":"https:\/\/kraftwerk-shop.cc\/cs\/wp-json\/wp\/v2\/product\/68297534","targetHints":{"allow":["GET"]}}],"collection":[{"href":"https:\/\/kraftwerk-shop.cc\/cs\/wp-json\/wp\/v2\/product"}],"about":[{"href":"https:\/\/kraftwerk-shop.cc\/cs\/wp-json\/wp\/v2\/types\/product"}],"replies":[{"embeddable":true,"href":"https:\/\/kraftwerk-shop.cc\/cs\/wp-json\/wp\/v2\/comments?post=68297534"}],"version-history":[{"count":0,"href":"https:\/\/kraftwerk-shop.cc\/cs\/wp-json\/wp\/v2\/product\/68297534\/revisions"}],"wp:featuredmedia":[{"embeddable":true,"href":"https:\/\/kraftwerk-shop.cc\/cs\/wp-json\/wp\/v2\/media\/68297547"}],"wp:attachment":[{"href":"https:\/\/kraftwerk-shop.cc\/cs\/wp-json\/wp\/v2\/media?parent=68297534"}],"wp:term":[{"taxonomy":"product_brand","embeddable":true,"href":"https:\/\/kraftwerk-shop.cc\/cs\/wp-json\/wp\/v2\/product_brand?post=68297534"},{"taxonomy":"product_cat","embeddable":true,"href":"https:\/\/kraftwerk-shop.cc\/cs\/wp-json\/wp\/v2\/product_cat?post=68297534"},{"taxonomy":"product_tag","embeddable":true,"href":"https:\/\/kraftwerk-shop.cc\/cs\/wp-json\/wp\/v2\/product_tag?post=68297534"}],"curies":[{"name":"wp","href":"https:\/\/api.w.org\/{rel}","templated":true}]}}