{"id":68297559,"date":"2024-01-07T14:30:21","date_gmt":"2024-01-07T13:30:21","guid":{"rendered":"https:\/\/kraftwerk-shop.cc\/?post_type=product&#038;p=68297559"},"modified":"2026-04-16T21:50:46","modified_gmt":"2026-04-16T19:50:46","slug":"vyfuky-borla-charger-300c-cerne","status":"publish","type":"product","link":"https:\/\/kraftwerk-shop.cc\/cs\/produkt\/borla-endrohre-charger-300c-schwarz\/","title":{"rendered":"BORLA 5palcov\u00e9 koncovky v\u00fdfuku Dodge Charger &amp; Chrysler 300C (\u010dern\u00e9)"},"content":{"rendered":"<h1>5palcov\u00e9 v\u00fdfuky BORLA <span class=\"base\" data-ui-id=\"page-title-wrapper\">60729BC <\/span>pro Dodge Charger &amp; Chrysler 300C (\u010dern\u00e1)<\/h1>\n<p>&nbsp;<\/p>\n<p>Vylep\u0161ete sv\u016fj Chrysler 300C (2023) nebo Dodge Charger (2015 - 2023) t\u011bmito 5palcov\u00fdmi koncovkami v\u00fdfuku z \u010dern\u011b chromovan\u00e9 nerezov\u00e9 oceli T-304.<br \/>\nJsou ur\u010deny pro p\u016fvodn\u00ed syst\u00e9m nebo syst\u00e9my BORLA\u00ae a snadno se montuj\u00ed. P\u0159esn\u00e1 CNC v\u00fdroba zaji\u0161\u0165uje p\u0159esn\u00e9 uchycen\u00ed. V\u00fdfuky BORLA\u00ae jsou k dispozici v r\u016fzn\u00fdch materi\u00e1lech, povrchov\u00fdch \u00faprav\u00e1ch, velikostech a proveden\u00edch. P\u0159edstavuj\u00ed dokonal\u00fd zp\u016fsob, jak dodat va\u0161emu vozidlu individu\u00e1ln\u00ed vzhled.<\/p>\n<p>Tyto koncovky v\u00fdfuku lze snadno na\u0161roubovat. Proto\u017ee jsou navr\u017eeny jako p\u0159\u00edm\u00fd n\u00e1hradn\u00ed d\u00edl, m\u016f\u017eete je rychle p\u0159ipevnit k tov\u00e1rn\u00edm bod\u016fm va\u0161eho vozidla pomoc\u00ed standardn\u00edch svorek. Nen\u00ed nutn\u00e9 \u017e\u00e1dn\u00e9 sva\u0159ov\u00e1n\u00ed ani \u0159ez\u00e1n\u00ed.<\/p>\n<p>&nbsp;<\/p>\n<p><strong>Vhodn\u00e9 pro:<\/strong><\/p>\n<table width=\"530\">\n<tbody>\n<tr>\n<td width=\"80\"><strong>Zna\u010dka<\/strong><\/td>\n<td width=\"80\"><strong>Model<\/strong><\/td>\n<td width=\"156\"><strong>Motor<\/strong><\/td>\n<td width=\"214\"><strong>Rok v\u00fdstavby<\/strong><\/td>\n<\/tr>\n<tr>\n<td>Chrysler<\/td>\n<td>300C<\/td>\n<td>5.7<\/td>\n<td>2023<\/td>\n<\/tr>\n<tr>\n<td>Chrysler<\/td>\n<td>300C<\/td>\n<td>6.4<\/td>\n<td>2023<\/td>\n<\/tr>\n<tr>\n<td width=\"80\">Dodge<\/td>\n<td width=\"80\">Charger<\/td>\n<td width=\"156\">5.7<\/td>\n<td width=\"214\">2015\u20132023<\/td>\n<\/tr>\n<tr>\n<td width=\"80\">Dodge<\/td>\n<td width=\"80\">Charger<\/td>\n<td width=\"156\">6.2 Hellcat<\/td>\n<td width=\"214\">2015\u20132023<\/td>\n<\/tr>\n<tr>\n<td width=\"80\">Dodge<\/td>\n<td width=\"80\">Charger<\/td>\n<td width=\"156\">6.4<\/td>\n<td width=\"214\">2015\u20132023<\/td>\n<\/tr>\n<\/tbody>\n<\/table>\n<p>&nbsp;<\/p>\n<p><strong>Rozsah dod\u00e1vky:<\/strong><\/p>\n<ul>\n<li>2 v\u00fdfuky<\/li>\n<\/ul>","protected":false},"excerpt":{"rendered":"<p>2015\u20132023<\/p>","protected":false},"featured_media":68297564,"comment_status":"open","ping_status":"closed","template":"","meta":{"_acf_changed":false},"product_brand":[17170],"product_cat":[6617,6582,6608,6596,6558],"product_tag":[249,250,251,252,419,420,2066,2373,4526,217,91,101,93,6774,1035,1036,546,3720,1037,3045,1032,53,429,49,3854,662,1043,1039,3034,1042,100,126,441,1044,783,787,148,1045,1041,547,1034,1038,96,233],"class_list":{"0":"post-68297559","1":"product","2":"type-product","3":"status-publish","4":"has-post-thumbnail","6":"product_brand-borla","7":"product_cat-300c-57-2011-2023-abgasanlage-catback","8":"product_cat-300c-64-abgasanlage-catback","9":"product_cat-charger-57-2011-2023-abgasanlage-catback","10":"product_cat-charger-hellcat-abgasanlage-catback","11":"product_cat-charger-64-catback","12":"product_tag-249","13":"product_tag-250","14":"product_tag-251","15":"product_tag-252","16":"product_tag-419","17":"product_tag-420","18":"product_tag-2066","19":"product_tag-2373","20":"product_tag-4526","21":"product_tag-217","22":"product_tag-5-7","23":"product_tag-6-2","24":"product_tag-6-4","25":"product_tag-60729bc","26":"product_tag-abgasanlage","27":"product_tag-abgassystem","28":"product_tag-auspuff","29":"product_tag-auspuffblende","30":"product_tag-auspuffsystem","31":"product_tag-beschichtet","32":"product_tag-borla","33":"product_tag-charger","34":"product_tag-deutschland","35":"product_tag-dodge","36":"product_tag-dodge-charger","37":"product_tag-edelstahl","38":"product_tag-endrohr","39":"product_tag-endschalldaempfer","40":"product_tag-endstueck","41":"product_tag-endtopf","42":"product_tag-hellcat","43":"product_tag-hemi","44":"product_tag-kaufen","45":"product_tag-mittelschalldaempfer","46":"product_tag-r-t","47":"product_tag-rt","48":"product_tag-schwarz","49":"product_tag-sound","50":"product_tag-sport","51":"product_tag-sportauspuff","52":"product_tag-sportauspuffanlage","53":"product_tag-sportendschalldaempfer","54":"product_tag-srt","55":"product_tag-tuning","56":"product_shipping_class-deutschlandohne","58":"first","59":"onbackorder","60":"taxable","61":"shipping-taxable","62":"purchasable","63":"product-type-simple"},"bundled_by":[],"bundle_stock_status":"onbackorder","bundle_stock_quantity":0,"bundle_virtual":false,"bundle_layout":"","bundle_add_to_cart_form_location":"","bundle_editable_in_cart":false,"bundle_sold_individually_context":"","bundle_item_grouping":"","bundle_min_size":"","bundle_max_size":"","bundle_price":[],"bundled_items":[],"bundle_sell_ids":[],"exclude_global_add_ons":[],"addons":[],"acf":[],"_links":{"self":[{"href":"https:\/\/kraftwerk-shop.cc\/cs\/wp-json\/wp\/v2\/product\/68297559","targetHints":{"allow":["GET"]}}],"collection":[{"href":"https:\/\/kraftwerk-shop.cc\/cs\/wp-json\/wp\/v2\/product"}],"about":[{"href":"https:\/\/kraftwerk-shop.cc\/cs\/wp-json\/wp\/v2\/types\/product"}],"replies":[{"embeddable":true,"href":"https:\/\/kraftwerk-shop.cc\/cs\/wp-json\/wp\/v2\/comments?post=68297559"}],"version-history":[{"count":0,"href":"https:\/\/kraftwerk-shop.cc\/cs\/wp-json\/wp\/v2\/product\/68297559\/revisions"}],"wp:featuredmedia":[{"embeddable":true,"href":"https:\/\/kraftwerk-shop.cc\/cs\/wp-json\/wp\/v2\/media\/68297564"}],"wp:attachment":[{"href":"https:\/\/kraftwerk-shop.cc\/cs\/wp-json\/wp\/v2\/media?parent=68297559"}],"wp:term":[{"taxonomy":"product_brand","embeddable":true,"href":"https:\/\/kraftwerk-shop.cc\/cs\/wp-json\/wp\/v2\/product_brand?post=68297559"},{"taxonomy":"product_cat","embeddable":true,"href":"https:\/\/kraftwerk-shop.cc\/cs\/wp-json\/wp\/v2\/product_cat?post=68297559"},{"taxonomy":"product_tag","embeddable":true,"href":"https:\/\/kraftwerk-shop.cc\/cs\/wp-json\/wp\/v2\/product_tag?post=68297559"}],"curies":[{"name":"wp","href":"https:\/\/api.w.org\/{rel}","templated":true}]}}