{"id":68298262,"date":"2024-02-14T10:36:53","date_gmt":"2024-02-14T09:36:53","guid":{"rendered":"https:\/\/kraftwerk-shop.cc\/?post_type=product&#038;p=68298262"},"modified":"2026-04-10T16:27:19","modified_gmt":"2026-04-10T14:27:19","slug":"bmr-stb019-vzpera-vzpery-chevrolet-camaro","status":"publish","type":"product","link":"https:\/\/kraftwerk-shop.cc\/cs\/produkt\/bmr-stb019-domstrebe-chevrolet-camaro\/","title":{"rendered":"Vzp\u011bra BMR Chevrolet Camaro V8 (p\u0159edn\u00ed)"},"content":{"rendered":"<h1>BMR STB019 Vzp\u011bra vzp\u011br (p\u0159edn\u00ed) pro Chevrolet Camaro<\/h1>\n<p>&nbsp;<\/p>\n<p>Podvozek Chevroletu Camaro se v\u00fdrazn\u011b krout\u00ed, a to i p\u0159i n\u00edzk\u00e9m zat\u00ed\u017een\u00ed.<br \/>\nVzp\u011bry BMR jsou vyrobeny z odoln\u00fdch trubek a laserem \u0159ezan\u00fdch ocelov\u00fdch pl\u00e1t\u016f, kter\u00e9 zpev\u0148uj\u00ed r\u00e1m a podvozek.<br \/>\nTato dvoubodov\u00e1 konstrukce pevn\u011b spojuje vzp\u011bry p\u0159edn\u00edho zav\u011b\u0161en\u00ed a zaji\u0161\u0165uje v\u011bt\u0161\u00ed stabilitu cel\u00e9 p\u0159edn\u00ed \u010d\u00e1sti karoserie a zav\u011b\u0161en\u00ed.<br \/>\nVzp\u011bra vzp\u011bry BMR STB019 je p\u0159i\u0161roubov\u00e1na k modelu 100%. To znamen\u00e1, \u017ee ji lze snadno namontovat pomoc\u00ed jednoduch\u00e9ho ru\u010dn\u00edho n\u00e1\u0159ad\u00ed a nen\u00ed nutn\u00e9 \u017e\u00e1dn\u00e9 sva\u0159ov\u00e1n\u00ed.<\/p>\n<p>&nbsp;<\/p>\n<ul>\n<li>Pln\u011b sva\u0159eno metodou MIG<\/li>\n<li>V\u010detn\u011b v\u0161ech pot\u0159ebn\u00fdch dr\u017e\u00e1k\u016f a hardwaru<\/li>\n<li>Vyvinuto pro pouli\u010dn\u00ed v\u00fdkony, z\u00e1vody drag race a manipula\u010dn\u00ed aplikace<\/li>\n<li>Osv\u011bd\u010den\u00e1, vynikaj\u00edc\u00ed trvanlivost a kvalita<\/li>\n<li>Vyrobeno s d\u016frazem na nejlep\u0161\u00ed materi\u00e1ly a kvalitu<\/li>\n<li>K dispozici v \u010derven\u00e9 a \u010dern\u00e9 barv\u011b<\/li>\n<\/ul>\n<p>&nbsp;<\/p>\n<p><strong>Vhodn\u00e9 pro:<\/strong><\/p>\n<table width=\"498\">\n<tbody>\n<tr>\n<td width=\"114\"><strong>Zna\u010dka<\/strong><\/td>\n<td width=\"121\"><strong>Model<\/strong><\/td>\n<td width=\"122\"><strong>Motor<\/strong><\/td>\n<td width=\"141\"><strong>Rok v\u00fdstavby<\/strong><\/td>\n<\/tr>\n<tr>\n<td width=\"114\">Chevrolet<\/td>\n<td width=\"121\">Camaro<\/td>\n<td width=\"122\">V8<\/td>\n<td width=\"141\">2016\u20132023<\/td>\n<\/tr>\n<\/tbody>\n<\/table>\n<p>&nbsp;<\/p>\n<p><strong>Pozn\u00e1mky:<\/strong><\/p>\n<ul>\n<li>Vhodn\u00e9 pro <strong>ne<\/strong> pro vozidla ZL1, V6 a 4 v\u00e1lce s turbodmychadlem<\/li>\n<li>Vhodn\u00e9 pro <strong>ne<\/strong> pro dodate\u010dn\u011b instalovan\u00e9 kompresorov\u00e9 syst\u00e9my<\/li>\n<\/ul>","protected":false},"excerpt":{"rendered":"<p>2016\u20132023<br \/>\n\u010derven\u00e1 \/ \u010dern\u00e1<\/p>","protected":false},"featured_media":68298275,"comment_status":"open","ping_status":"closed","template":"","meta":{"_acf_changed":false},"product_brand":[],"product_cat":[3078],"product_tag":[101,3760,191,189,6366,743,2934,222,6360,767,769,3891,6830,194,3850,6361,841],"class_list":{"0":"post-68298262","1":"product","2":"type-product","3":"status-publish","4":"has-post-thumbnail","6":"product_cat-camaro-62-2016-fahrwerk","7":"product_tag-6-2","8":"product_tag-bmr","9":"product_tag-camaro","10":"product_tag-chevrolet","11":"product_tag-domstrebe","12":"product_tag-fahrwerk","13":"product_tag-harder","14":"product_tag-kit","15":"product_tag-rahmen","16":"product_tag-stabi","17":"product_tag-stabilisator","18":"product_tag-stabilisatoren","19":"product_tag-stb019","20":"product_tag-v8","21":"product_tag-versteifung","22":"product_tag-vertaerkung","23":"product_tag-vorne","24":"product_shipping_class-paket-l","26":"first","27":"onbackorder","28":"taxable","29":"shipping-taxable","30":"purchasable","31":"product-type-variable"},"bundled_by":[],"bundle_stock_status":"onbackorder","bundle_stock_quantity":0,"bundle_virtual":false,"bundle_layout":"","bundle_add_to_cart_form_location":"","bundle_editable_in_cart":false,"bundle_sold_individually_context":"","bundle_item_grouping":"","bundle_min_size":"","bundle_max_size":"","bundle_price":[],"bundled_items":[],"bundle_sell_ids":[],"exclude_global_add_ons":[],"addons":[],"acf":[],"_links":{"self":[{"href":"https:\/\/kraftwerk-shop.cc\/cs\/wp-json\/wp\/v2\/product\/68298262","targetHints":{"allow":["GET"]}}],"collection":[{"href":"https:\/\/kraftwerk-shop.cc\/cs\/wp-json\/wp\/v2\/product"}],"about":[{"href":"https:\/\/kraftwerk-shop.cc\/cs\/wp-json\/wp\/v2\/types\/product"}],"replies":[{"embeddable":true,"href":"https:\/\/kraftwerk-shop.cc\/cs\/wp-json\/wp\/v2\/comments?post=68298262"}],"version-history":[{"count":0,"href":"https:\/\/kraftwerk-shop.cc\/cs\/wp-json\/wp\/v2\/product\/68298262\/revisions"}],"wp:featuredmedia":[{"embeddable":true,"href":"https:\/\/kraftwerk-shop.cc\/cs\/wp-json\/wp\/v2\/media\/68298275"}],"wp:attachment":[{"href":"https:\/\/kraftwerk-shop.cc\/cs\/wp-json\/wp\/v2\/media?parent=68298262"}],"wp:term":[{"taxonomy":"product_brand","embeddable":true,"href":"https:\/\/kraftwerk-shop.cc\/cs\/wp-json\/wp\/v2\/product_brand?post=68298262"},{"taxonomy":"product_cat","embeddable":true,"href":"https:\/\/kraftwerk-shop.cc\/cs\/wp-json\/wp\/v2\/product_cat?post=68298262"},{"taxonomy":"product_tag","embeddable":true,"href":"https:\/\/kraftwerk-shop.cc\/cs\/wp-json\/wp\/v2\/product_tag?post=68298262"}],"curies":[{"name":"wp","href":"https:\/\/api.w.org\/{rel}","templated":true}]}}